{"id":16692,"date":"2019-09-09T16:22:57","date_gmt":"2019-09-09T19:22:57","guid":{"rendered":"http:\/\/homolog.saopaulo.sp.leg.br\/escoladoparlamento\/?page_id=16692"},"modified":"2024-04-26T14:56:01","modified_gmt":"2024-04-26T17:56:01","slug":"convenios-e-parcerias","status":"publish","type":"page","link":"https:\/\/homolog.saopaulo.sp.leg.br\/escoladoparlamento\/parcerias\/convenios-e-parcerias\/","title":{"rendered":"Conv\u00eanios e Parcerias"},"content":{"rendered":"<p style=\"text-align: justify\">De acordo com o Regimento Interno, a Escola do Parlamento tem por miss\u00e3o promover a difus\u00e3o de conhecimentos, especialmente no que diz respeito aos aspectos socioecon\u00f4micos, pol\u00edticos, ambientais, sanit\u00e1rios, educacionais e culturais da cidade de S\u00e3o Paulo. Al\u00e9m da forma\u00e7\u00e3o pol\u00edtica, a Escola do Parlamento tem por objetivo estimular a pesquisa t\u00e9cnico-acad\u00eamica em coopera\u00e7\u00e3o com outras institui\u00e7\u00f5es de ensino.<\/p>\n<p style=\"text-align: justify\">Desde 2011, ano da cria\u00e7\u00e3o da Escola do Parlamento, diversas parcerias, conv\u00eanios, termos de coopera\u00e7\u00e3o e protocolos de inten\u00e7\u00f5es foram firmados. Tais parcerias surgiram com interesses e objetivos comuns de est\u00edmulo \u00e0 coopera\u00e7\u00e3o t\u00e9cnico-cient\u00edfica voltada para o fortalecimento do legislativo.<\/p>\n<p>&nbsp;<\/p>\n<p>&nbsp;<\/p>\n<table>\n<tbody>\n<tr>\n<td><strong>COOPERA\u00c7\u00c3O<\/strong><\/td>\n<td><strong>OBJETO<\/strong><\/td>\n<td><strong>VALOR (R$)<\/strong><\/td>\n<td><strong>IN\u00cdCIO VIG\u00caNCIA<\/strong><\/td>\n<td><strong>VENCIMENTO<\/strong><\/td>\n<td><strong>PRAZO DE VIG\u00caNCIA<\/strong><\/td>\n<td><strong>ARQUIVOS<\/strong><\/td>\n<\/tr>\n<tr>\n<td><a href=\"http:\/\/www.portalabel.org.br\/\">ABEL &#8211; Associa\u00e7\u00e3o Brasileira de Escolas Legislativas<\/a><\/td>\n<td>Coopera\u00e7\u00e3o t\u00e9cnica-cient\u00edfica, cultural e interc\u00e2mbio de experi\u00eancias<\/td>\n<td>1.500,00<\/td>\n<td>15\/12\/2016<\/td>\n<td>15\/12\/2018<\/td>\n<td>12 meses<\/td>\n<td><a href=\"http:\/\/homolog.saopaulo.sp.leg.br\/wp-content\/uploads\/contratos_ativos\/2016-58--Abel%20-%20(Protocolo%20de%20Intencoes%20TC%2058-2016).pdf\">TC 58 2016<\/a><\/td>\n<\/tr>\n<tr>\n<td><a href=\"http:\/\/www.camaraitapevi.sp.gov.br\/\">C\u00e2mara Municipal de Itapevi<\/a><\/td>\n<td>Desenvolver programa de coopera\u00e7\u00e3o para forma\u00e7\u00e3o de recursos humanos.<\/td>\n<td>sem \u00f4nus<\/td>\n<td>04\/02\/2017<\/td>\n<td>04\/02\/2018<\/td>\n<td>12 meses<\/td>\n<td><a href=\"https:\/\/homolog.saopaulo.sp.leg.br\/wp-content\/uploads\/contratos_ativos\/2016-2--Camara%20Municipal%20de%20Itapevi%20(TC%202-2016).pdf\">TC 2 2016<\/a>; <a href=\"http:\/\/homolog.saopaulo.sp.leg.br\/escoladoparlamento\/wp-content\/uploads\/sites\/5\/2016\/06\/Camara-Municipal-de-Itapevi-1\u00ba-TA-AO-TC-2-2016.pdf\">1<\/a><a href=\"http:\/\/homolog.saopaulo.sp.leg.br\/escoladoparlamento\/wp-content\/uploads\/sites\/5\/2016\/06\/Camara-Municipal-de-Itapevi-1\u00ba-TA-AO-TC-2-2016.pdf\">\u00ba<\/a><a href=\"http:\/\/homolog.saopaulo.sp.leg.br\/escoladoparlamento\/wp-content\/uploads\/sites\/5\/2016\/06\/Camara-Municipal-de-Itapevi-1\u00ba-TA-AO-TC-2-2016.pdf\"> TA<\/a><\/td>\n<\/tr>\n<tr>\n<td><a href=\"http:\/\/www.defensoria.sp.gov.br\/dpesp\/\">Defensoria P\u00fablica do Estado de S\u00e3o Paulo<\/a><\/p>\n<p>[<a href=\"https:\/\/www.youtube.com\/watch?v=bN9Mgh4YbjE\">Entrevista com os presidentes da EP e da Escola da Defensoria<\/a>]<\/td>\n<td>Desenvolver estudos para integra\u00e7\u00e3o e coopera\u00e7\u00e3o t\u00e9cnica.<\/td>\n<td>sem \u00f4nus<\/td>\n<td>13\/11\/2019<\/td>\n<td>13\/11\/2020<\/td>\n<td>12 meses<\/td>\n<td><a href=\"https:\/\/homolog.saopaulo.sp.leg.br\/wp-content\/uploads\/contratos_ativos\/2012-62--Defensoria%20P\u00fablica%20SP%20%20%20(TC%2062-2012).pdf\">TC 62 2012<\/a>; <a href=\"https:\/\/homolog.saopaulo.sp.leg.br\/wp-content\/uploads\/contratos_ativos\/2012-62-1-Defensoria%20P\u00fablica%20SP%20(1\u00ba%20TA%20AO%20TC%2062-2012).pdf\">1\u00ba TA<\/a>; <a href=\"https:\/\/homolog.saopaulo.sp.leg.br\/wp-content\/uploads\/contratos_ativos\/2012-62-2-Defensoria%20P\u00fablica%20SP%20(2\u00ba%20TA%20AO%20TC%2062-2012).pdf\">2\u00ba TA<\/a>; <a href=\"https:\/\/homolog.saopaulo.sp.leg.br\/wp-content\/uploads\/contratos_ativos\/2012-62-3-Defensoria%20P\u00fablica%20SP%20(3\u00ba%20TA%20AO%20TC%2062-2012).pdf\">3\u00ba TA<\/a>; <a href=\"https:\/\/homolog.saopaulo.sp.leg.br\/escoladoparlamento\/wp-content\/uploads\/contratos_ativos\/2012-62-4-Defensoria%20Publica%20%20(4%C2%B0%20TA%2062-2012).pdf\">4\u00ba TA<\/a>;<\/p>\n<p><a href=\"https:\/\/homolog.saopaulo.sp.leg.br\/escoladoparlamento\/wp-content\/uploads\/sites\/5\/2020\/10\/2017-69-Defensoria-Publica-SP-Termo-de-Coop.-Tec.-69-2017.pdf\">TC 69_2017<\/a>; <a href=\"https:\/\/homolog.saopaulo.sp.leg.br\/escoladoparlamento\/wp-content\/uploads\/sites\/5\/2020\/10\/2017-69-1-Defensoria-Publica-SP-1o-TA-AO-TCT-69-2017.pdf\">1\u00ba TA<\/a>; <a href=\"https:\/\/homolog.saopaulo.sp.leg.br\/escoladoparlamento\/wp-content\/uploads\/sites\/5\/2020\/10\/2017-69-2-Defensoria-Publica-SP-2o-TA-AO-TCT-69-2017-ANEXO-UNICO.pdf\">2\u00baTA<\/a><\/td>\n<\/tr>\n<tr>\n<td><a href=\"http:\/\/www.prefeitura.sp.gov.br\/cidade\/secretarias\/gestao\/\">Secretaria Municipal de Gest\u00e3o &#8211; SMG<\/a><\/td>\n<td>Desenvolvimento e implanta\u00e7\u00e3o conjunta de atividades formativas para a capacita\u00e7\u00e3o dos servidores p\u00fablicos e membros da sociedade civil<\/td>\n<td>sem \u00f4nus<\/td>\n<td>09\/12\/2016<\/td>\n<td>31\/12\/2018<\/td>\n<td>&#8211;<\/td>\n<td><a href=\"http:\/\/homolog.saopaulo.sp.leg.br\/escoladoparlamento\/wp-content\/uploads\/sites\/5\/2016\/06\/TERMO-DE-COOPERACAO-TECNICA-66-2016.pdf\">TC 66 2016<\/a><\/td>\n<\/tr>\n<tr>\n<td><a href=\"https:\/\/www.imprensaoficial.com.br\/\">IMESP<\/a><\/td>\n<td>Impress\u00e3o revista Parlamento e Sociedade (vols. 7 e 8; 2 mil exemplares; 128 pg.)<\/td>\n<td>38.720,00<\/td>\n<td>25\/09\/2016<\/td>\n<td>25\/09\/2017<\/td>\n<td>12 meses<\/td>\n<td><a href=\"http:\/\/homolog.saopaulo.sp.leg.br\/wp-content\/uploads\/contratos_ativos\/2016-43--IMESP%20(TC%2043-2016).pdf\">TC 43 2016<\/a><\/td>\n<\/tr>\n<tr>\n<td><a href=\"http:\/\/www.obore.com.br\/\">Obor\u00e9<\/a><\/td>\n<td>Projeto Rep\u00f3rter do Futuro &#8211; M\u00f3dulo &#8220;Descobrir S\u00e3o Paulo, Descobrir-se Rep\u00f3rter&#8221;<\/td>\n<td>sem \u00f4nus<\/td>\n<td>09\/12\/2019<\/td>\n<td>09\/12\/2021<\/td>\n<td>24 meses<\/td>\n<td><a href=\"http:\/\/homolog.saopaulo.sp.leg.br\/escoladoparlamento\/wp-content\/uploads\/sites\/5\/2016\/06\/Obor\u00e9-TCT-67-2017.pdf\">TC 67 2016<\/a>;\u00a0 <a href=\"https:\/\/homolog.saopaulo.sp.leg.br\/escoladoparlamento\/wp-content\/uploads\/sites\/5\/2020\/10\/2016-67-1-Obore-1o-TA-AO-TCT-67-2016.pdf\">1\u00ba TA<\/a><\/td>\n<\/tr>\n<tr>\n<td><a href=\"http:\/\/br.okfn.org\/\">Open Knowledge Foundation<\/a><\/td>\n<td>Termo de Coopera\u00e7\u00e3o t\u00e9cnica<\/td>\n<td>sem \u00f4nus<\/td>\n<td>15\/12\/2015<\/td>\n<td>10\/12\/2018<\/td>\n<td>36 meses<\/td>\n<td><a href=\"https:\/\/homolog.saopaulo.sp.leg.br\/wp-content\/uploads\/contratos_ativos\/2015-50--Open%20knowledge%20(T.%20COOPE.%2050-2015).pdf\">TC 50 2015<\/a><\/td>\n<\/tr>\n<tr>\n<td><a href=\"http:\/\/portal.sme.prefeitura.sp.gov.br\/Main\/Home\/Index\/\">Secretaria Municipal de Educa\u00e7\u00e3o<\/a><\/td>\n<td>Coopera\u00e7\u00e3o t\u00e9cnica para implanta\u00e7\u00e3o do Programa de Capacita\u00e7\u00e3o para a Cidadania<\/td>\n<td>sem \u00f4nus<\/td>\n<td>07\/04\/2016<\/td>\n<td>31\/12\/2017<\/td>\n<td>12 meses<\/td>\n<td><a href=\"https:\/\/homolog.saopaulo.sp.leg.br\/wp-content\/uploads\/contratos_ativos\/2016-19--Secretaria%20Municipal%20de%20Educa\u00e7\u00e3o%20-%20(TC%20-%2019-2016).pdf\">TC 19 2016<\/a><\/td>\n<\/tr>\n<tr>\n<td><a href=\"http:\/\/www.sescsp.org.br\/\">SESC-SP<\/a><\/p>\n<p>[<a href=\"https:\/\/www.youtube.com\/watch?v=RPF8cNTmLQE\">Mat\u00e9ria<\/a>]<\/td>\n<td>Desenvolvimento e a implanta\u00e7\u00e3o conjunta de atividades formativas; divulga\u00e7\u00e3o de publica\u00e7\u00f5es no \u00e2mbito da gest\u00e3o cultural e pol\u00edticas culturais<\/td>\n<td>sem \u00f4nus<\/td>\n<td>8\/11\/2016<\/td>\n<td>31\/12\/2017<\/td>\n<td>&#8211;<\/td>\n<td><a href=\"http:\/\/homolog.saopaulo.sp.leg.br\/escoladoparlamento\/wp-content\/uploads\/sites\/5\/2016\/06\/SESC-TCT-54-2016.pdf\">TC 54 2016<\/a><\/td>\n<\/tr>\n<tr>\n<td><a href=\"http:\/\/www.unifesp.br\/\">UNIFESP<\/a><\/td>\n<td>Curso de extens\u00e3o em direitos humanos<\/td>\n<td>sem \u00f4nus<\/td>\n<td>19\/05\/2016<\/td>\n<td>19\/05\/2021<\/td>\n<td>60 meses<\/td>\n<td><a href=\"https:\/\/homolog.saopaulo.sp.leg.br\/wp-content\/uploads\/contratos_ativos\/2016-25--Unifesp%20(TCT%2025-2016).pdf\">TC 25 2016<\/a><\/td>\n<\/tr>\n<tr>\n<td><a href=\"http:\/\/www.tcm.sp.gov.br\/index.asp\">Tribunal de Contas do Munic\u00edpio (TCM)<\/a><\/td>\n<td>Desenvolver programa de coopera\u00e7\u00e3o para forma\u00e7\u00e3o de recursos humanos.<\/td>\n<td>sem \u00f4nus<\/td>\n<td>10\/12\/2015<\/td>\n<td>10\/12\/2021<\/td>\n<td>60 meses<\/td>\n<td><a href=\"https:\/\/homolog.saopaulo.sp.leg.br\/wp-content\/uploads\/contratos_ativos\/2015-49--TCM%20SP%20(TCT%2049-2015).pdf\">TC 49 2015<\/a><\/td>\n<\/tr>\n<tr>\n<td><a href=\"http:\/\/www.tre-sp.jus.br\/\">Tribunal Regional Eleitoral (TRE-SP)<\/a><\/p>\n<p>[<a href=\"https:\/\/www.youtube.com\/watch?v=rLAHl3E3Ruc\">Mat\u00e9ria<\/a>]<\/td>\n<td>Desenvolver programa de coopera\u00e7\u00e3o para forma\u00e7\u00e3o de recursos humanos.<\/td>\n<td>sem \u00f4nus<\/td>\n<td>9\/12\/2016<\/td>\n<td>31\/12\/2017<\/td>\n<td>&#8211;<\/td>\n<td><a href=\"https:\/\/homolog.saopaulo.sp.leg.br\/wp-content\/uploads\/contratos_ativos\/2015-49--TCM%20SP%20(TCT%2049-2015).pdf\">TC 65 2016<\/a><\/td>\n<\/tr>\n<tr>\n<td width=\"239\"><a href=\"https:\/\/www.unicid.edu.br\/\">SECID Sociedade Educacional Cidade de S\u00e3o Paulo &#8211; UNICID<\/a><\/td>\n<td width=\"401\">Execu\u00e7\u00e3o conjunta de programas e projetos de natureza t\u00e9cnica e acad\u00eamica\u00a0 nas \u00e1reas de pesquisa e forma\u00e7\u00e3o de recursos humanos<\/td>\n<td>Sem \u00f4nus<\/td>\n<td>17\/12\/2019<\/td>\n<td>16\/12\/2021<\/td>\n<td>24 meses<\/td>\n<td style=\"text-align: left\"><a href=\"https:\/\/homolog.saopaulo.sp.leg.br\/escoladoparlamento\/wp-content\/uploads\/sites\/5\/2020\/10\/TCT-EP-SECID.pdf\">arquivo<\/a><\/td>\n<\/tr>\n<tr>\n<td width=\"239\"><a href=\"http:\/\/www4.fe.usp.br\/\">Faculdade de Educa\u00e7\u00e3o da USP<\/a><\/td>\n<td width=\"401\">Execu\u00e7\u00e3o conjunta de programas e projetos de forma\u00e7\u00e3o de recursos humanos, interc\u00e2mbios culturais, acad\u00eamicos, profissionais e de pesquisa<\/td>\n<td>Sem \u00f4nus<\/td>\n<td>10\/10\/2019<\/td>\n<td>09\/10\/2021<\/td>\n<td>24 meses<\/td>\n<td><a href=\"https:\/\/homolog.saopaulo.sp.leg.br\/escoladoparlamento\/wp-content\/uploads\/sites\/5\/2020\/10\/TCT-EP-FEUSP.pdf\">arquivo<\/a><\/td>\n<\/tr>\n<tr>\n<td width=\"239\"><a href=\"https:\/\/www.concursosfcc.com.br\/\">Funda\u00e7\u00e3o Carlos Chagas<\/a><\/td>\n<td width=\"401\">Execua\u00e7\u00e3o conjunta de\u00a0 programas e projetos de natureza t\u00e9cnica e acad\u00eamica\u00a0 nas \u00e1reas de pesquisa e forma\u00e7\u00e3o de recursos humanos<\/td>\n<td>Sem \u00f4nus<\/td>\n<td>19\/11\/2019<\/td>\n<td>18\/11\/2021<\/td>\n<td>24 meses<\/td>\n<td><a href=\"https:\/\/homolog.saopaulo.sp.leg.br\/escoladoparlamento\/wp-content\/uploads\/sites\/5\/2020\/10\/TCT-EP-FCC.pdf\">arquivo<\/a><\/td>\n<\/tr>\n<tr>\n<td width=\"239\"><a href=\"http:\/\/www.ufabc.edu.br\/\">Universidade Federal do ABC<\/a><\/td>\n<td width=\"401\">Coopera\u00e7\u00e3o em atividades extensionistas, interc\u00e2mbio de informa\u00e7\u00f5es t\u00e9cnicas, acad\u00eamicas, alunos, docentes, realiza\u00e7\u00e3o de projetos de pesquisa conjuntos<\/td>\n<td>Sem \u00f4nus<\/td>\n<td>10\/02\/2020<\/td>\n<td>09\/02\/2025<\/td>\n<td>60 meses<\/td>\n<td><a href=\"https:\/\/homolog.saopaulo.sp.leg.br\/escoladoparlamento\/wp-content\/uploads\/sites\/5\/2020\/10\/TCT-EP-UFABC.pdf\">arquivo<\/a><\/td>\n<\/tr>\n<tr>\n<td width=\"239\"><a href=\"https:\/\/www.abracrim.adv.br\/\">Associa\u00e7\u00e3o Brasileira dos Advogados Criminalistas ABRACRIM<\/a><\/td>\n<td width=\"401\">Elabora\u00e7\u00e3o de material de alerta sobre Fake News<\/td>\n<td>Sem \u00f4nus<\/td>\n<td>04\/02\/2020<\/td>\n<td>03\/02\/2022<\/td>\n<td>24 meses<\/td>\n<td><a href=\"https:\/\/homolog.saopaulo.sp.leg.br\/escoladoparlamento\/wp-content\/uploads\/sites\/5\/2020\/10\/TCT-EP-ABRACCRIM.pdf\">arquivo<\/a><\/td>\n<\/tr>\n<tr>\n<td width=\"239\"><a href=\"http:\/\/osbrasil.org.br\/\">Observat\u00f3rio Social do Brasil<\/a><\/td>\n<td width=\"401\">Execu\u00e7\u00e3o conjunta de programas e projetos de natureza t\u00e9cnica e acad\u00eamica nas \u00e1reas de pesquisa e forma\u00e7\u00e3o de recursos humanos<\/td>\n<td>Sem \u00f4nus<\/td>\n<td>02\/03\/2020<\/td>\n<td>01\/03\/2022<\/td>\n<td>24 meses<\/td>\n<td><a href=\"https:\/\/homolog.saopaulo.sp.leg.br\/escoladoparlamento\/wp-content\/uploads\/sites\/5\/2020\/10\/TCT-EP-Observatorio-Social-do-Brasil.pdf\">arquivo<\/a><\/td>\n<\/tr>\n<tr>\n<td width=\"239\"><a href=\"https:\/\/iree.org.br\/\">Instituto para Reforma das Rela\u00e7\u00f5es entre Estado e Empresa &#8211; IREE<\/a><\/td>\n<td width=\"401\">Execu\u00e7\u00e3o conjunta de programas e projetos de natureza t\u00e9cnica e acad\u00eamica\u00a0 nas \u00e1reas de pesquisa e forma\u00e7\u00e3o de recursos humanos<\/td>\n<td>Sem \u00f4nus<\/td>\n<td>02\/06\/2020<\/td>\n<td>01\/06\/2022<\/td>\n<td>24 meses<\/td>\n<td><a href=\"https:\/\/homolog.saopaulo.sp.leg.br\/escoladoparlamento\/wp-content\/uploads\/sites\/5\/2020\/10\/TCT-EP-Observatorio-Social-do-Brasil.pdf\">arquivo<\/a><\/td>\n<\/tr>\n<tr>\n<td width=\"239\"><a href=\"https:\/\/www.cemj.org.br\/\">Centro de Estudos e Mem\u00f3ria da Juventude &#8211; CEMJ<\/a><\/td>\n<td width=\"401\">Execu\u00e7\u00e3o conjunta\u00a0 de programas e projetos de natureza t\u00e9cnica e acad\u00eamica\u00a0 nas \u00e1reas de pesquisa e forma\u00e7\u00e3o de recursos humanos<\/td>\n<td>Sem \u00f4nus<\/td>\n<td>12\/06\/2020<\/td>\n<td>11\/06\/2022<\/td>\n<td>24 meses<\/td>\n<td><a href=\"https:\/\/homolog.saopaulo.sp.leg.br\/escoladoparlamento\/wp-content\/uploads\/sites\/5\/2020\/10\/TCT-EP-CEMJ.pdf\">arquivo<\/a><\/td>\n<\/tr>\n<tr>\n<td width=\"239\"><a href=\"http:\/\/www.sindebeleza.org.br\/\">SINDIBELEZA<\/a><\/td>\n<td width=\"401\">Execu\u00e7\u00e3o conjunta de programas e projetos de natureza t\u00e9cnica e acad\u00eamica nas \u00e1reas de pesquisa e forma\u00e7\u00e3o de recursos humanos<\/td>\n<td>Sem \u00f4nus<\/td>\n<td>18\/06\/2020<\/td>\n<td>17\/06\/2022<\/td>\n<td>24 meses<\/td>\n<td><a href=\"https:\/\/homolog.saopaulo.sp.leg.br\/escoladoparlamento\/wp-content\/uploads\/sites\/5\/2020\/10\/TCT-EP-Sindibeleza.pdf\">arquivo<\/a><\/td>\n<\/tr>\n<tr>\n<td width=\"239\"><a href=\"https:\/\/www.geledes.org.br\/\">Geled\u00e9s Instituto da Mulher Negra<\/a><\/td>\n<td width=\"401\">Execu\u00e7\u00e3o conjunta de programas e projetos de natureza t\u00e9cnica e acad\u00eamica nas \u00e1reas de pesquisa e forma\u00e7\u00e3o de recursos humanos, realiza\u00e7\u00e3o de cursos e semin\u00e1rios a p\u00fablico amplo<\/td>\n<td>Sem \u00f4nus<\/td>\n<td>08\/09\/2020<\/td>\n<td>07\/09\/2022<\/td>\n<td>24 meses<\/td>\n<td><a href=\"https:\/\/homolog.saopaulo.sp.leg.br\/escoladoparlamento\/wp-content\/uploads\/sites\/5\/2020\/10\/TCT-EP-Geledes.pdf\">arquivo<\/a><\/td>\n<\/tr>\n<tr>\n<td width=\"239\"><a href=\"https:\/\/educacao.sme.prefeitura.sp.gov.br\/\">Secretaria Municipal de Educa\u00e7\u00e3o<\/a><\/td>\n<td width=\"401\">Coopera\u00e7\u00e3o t\u00e9cnica para implanta\u00e7\u00e3o do Programa de Capacita\u00e7\u00e3o para a Cidadania<\/td>\n<td>Sem \u00f4nus<\/td>\n<td>08\/02\/2021<\/td>\n<td>07\/02\/2023<\/td>\n<td>24 meses<\/td>\n<td><a href=\"https:\/\/homolog.saopaulo.sp.leg.br\/escoladoparlamento\/wp-content\/uploads\/sites\/5\/2021\/06\/TCT-N-001-2021.pdf\">arquivo<\/a><\/td>\n<\/tr>\n<tr>\n<td width=\"239\"><a href=\"http:\/\/imja.org.br\/pt-br\/\">Instituto Maria e Jo\u00e3o Aleixo<\/a><\/td>\n<td width=\"401\">Coopera\u00e7\u00e3o t\u00e9cnica para implanta\u00e7\u00e3o do Programa de Capacita\u00e7\u00e3o para a Cidadania<\/td>\n<td>Sem \u00f4nus<\/td>\n<td>26\/02\/2021<\/td>\n<td>25\/02\/2023<\/td>\n<td>24 meses<\/td>\n<td><a href=\"https:\/\/homolog.saopaulo.sp.leg.br\/escoladoparlamento\/wp-content\/uploads\/sites\/5\/2021\/06\/TCT-N-002-2021.pdf\">arquivo<\/a><\/td>\n<\/tr>\n<tr>\n<td width=\"239\"><a href=\"https:\/\/consorcioabc.sp.gov.br\/\">Cons\u00f3rcio Intermunicipal Grande ABC<\/a><\/td>\n<td width=\"401\">Coopera\u00e7\u00e3o t\u00e9cnica para implanta\u00e7\u00e3o do Programa de Capacita\u00e7\u00e3o para a Cidadania<\/td>\n<td>Sem \u00f4nus<\/td>\n<td>17\/06\/2021&lt;<\/td>\n<td>17\/06\/2023<\/td>\n<td>24 meses<\/td>\n<td><a href=\"https:\/\/homolog.saopaulo.sp.leg.br\/escoladoparlamento\/wp-content\/uploads\/sites\/5\/2021\/07\/Termo-de-Cooperacao-Tecnica.pdf\">arquivo<\/a><\/td>\n<\/tr>\n<tr>\n<td width=\"239\"><a href=\"https:\/\/globalattitude.org.br\/\">Instituto Global Attitude<\/a><\/td>\n<td width=\"401\">Coopera\u00e7\u00e3o t\u00e9cnica para implanta\u00e7\u00e3o do Programa de Capacita\u00e7\u00e3o para a Cidadania<\/td>\n<td>Sem \u00f4nus<\/td>\n<td>14\/07\/2021<\/td>\n<td>14\/07\/2023<\/td>\n<td>24 meses<\/td>\n<td><a href=\"https:\/\/homolog.saopaulo.sp.leg.br\/escoladoparlamento\/wp-content\/uploads\/sites\/5\/2021\/09\/Minuta-para-Acordo-de-Cooperac\u0327a\u0303o-Te\u0301cnica.pdf\">arquivo<\/a><\/td>\n<\/tr>\n<\/tbody>\n<\/table>\n<p>&nbsp;<\/p>\n","protected":false},"excerpt":{"rendered":"<p>De acordo com o Regimento Interno, a Escola do Parlamento tem por miss\u00e3o promover a difus\u00e3o de conhecimentos, especialmente no que diz respeito aos aspectos socioecon\u00f4micos, pol\u00edticos, ambientais, sanit\u00e1rios, educacionais e culturais da cidade de S\u00e3o Paulo. Al\u00e9m da forma\u00e7\u00e3o pol\u00edtica, a Escola do Parlamento tem por objetivo estimular a pesquisa t\u00e9cnico-acad\u00eamica em coopera\u00e7\u00e3o com [&hellip;]<\/p>\n","protected":false},"author":522,"featured_media":0,"parent":16775,"menu_order":267,"comment_status":"closed","ping_status":"closed","template":"","meta":{"_acf_changed":false,"footnotes":""},"class_list":["post-16692","page","type-page","status-publish","hentry"],"acf":[],"_links":{"self":[{"href":"https:\/\/homolog.saopaulo.sp.leg.br\/escoladoparlamento\/wp-json\/wp\/v2\/pages\/16692","targetHints":{"allow":["GET"]}}],"collection":[{"href":"https:\/\/homolog.saopaulo.sp.leg.br\/escoladoparlamento\/wp-json\/wp\/v2\/pages"}],"about":[{"href":"https:\/\/homolog.saopaulo.sp.leg.br\/escoladoparlamento\/wp-json\/wp\/v2\/types\/page"}],"author":[{"embeddable":true,"href":"https:\/\/homolog.saopaulo.sp.leg.br\/escoladoparlamento\/wp-json\/wp\/v2\/users\/522"}],"replies":[{"embeddable":true,"href":"https:\/\/homolog.saopaulo.sp.leg.br\/escoladoparlamento\/wp-json\/wp\/v2\/comments?post=16692"}],"version-history":[{"count":5,"href":"https:\/\/homolog.saopaulo.sp.leg.br\/escoladoparlamento\/wp-json\/wp\/v2\/pages\/16692\/revisions"}],"predecessor-version":[{"id":29074,"href":"https:\/\/homolog.saopaulo.sp.leg.br\/escoladoparlamento\/wp-json\/wp\/v2\/pages\/16692\/revisions\/29074"}],"up":[{"embeddable":true,"href":"https:\/\/homolog.saopaulo.sp.leg.br\/escoladoparlamento\/wp-json\/wp\/v2\/pages\/16775"}],"wp:attachment":[{"href":"https:\/\/homolog.saopaulo.sp.leg.br\/escoladoparlamento\/wp-json\/wp\/v2\/media?parent=16692"}],"curies":[{"name":"wp","href":"https:\/\/api.w.org\/{rel}","templated":true}]}}