{"id":16737,"date":"2019-09-24T16:42:24","date_gmt":"2019-09-24T19:42:24","guid":{"rendered":"http:\/\/homolog.saopaulo.sp.leg.br\/escoladoparlamento\/?page_id=16737"},"modified":"2020-07-21T20:16:45","modified_gmt":"2020-07-21T23:16:45","slug":"programas-da-escola-do-parlamento","status":"publish","type":"page","link":"https:\/\/homolog.saopaulo.sp.leg.br\/escoladoparlamento\/a-escola\/programas-da-escola-do-parlamento\/","title":{"rendered":"Programas da escola do parlamento"},"content":{"rendered":"<p>Para cumprir sua miss\u00e3o institucional, a Escola do Parlamento desenvolver\u00e1 suas atividades a partir de <strong>Programas de A\u00e7\u00e3o<\/strong>. Considera-se Programa de A\u00e7\u00e3o o conjunto org\u00e2nico de atividades diversificadas com finalidade semelhante e convergente e que direcionam as a\u00e7\u00f5es cotidianas e estrat\u00e9gicas da Escola. S\u00e3o eles:<\/p>\n<p>I \u2013 Programa de P\u00f3s-Gradua\u00e7\u00e3o \u201cPoder Legislativo: Interfaces Contempor\u00e2neas\u201d, com cursos de especializa\u00e7\u00e3o e de aperfei\u00e7oamento;<\/p>\n<p>II \u2013 Programa de Forma\u00e7\u00e3o e Desenvolvimento Profissional de Agentes do Poder Legislativo e demais Servidores P\u00fablicos, com cursos de extens\u00e3o e cursos livres de curta dura\u00e7\u00e3o;<\/p>\n<p>III \u2013 Programa de Forma\u00e7\u00e3o Cidad\u00e3 e Desenvolvimento de Lideran\u00e7as Comunit\u00e1rias e Agentes de Mobiliza\u00e7\u00e3o Social, com cursos de extens\u00e3o, cursos livres de curta dura\u00e7\u00e3o e outras atividades formativas;<\/p>\n<p>IV \u2013 Programa Escolas de Democracia: Parceria com Escolas de Educa\u00e7\u00e3o B\u00e1sica;<\/p>\n<p>V \u2013 Programa Conex\u00e3o Legislativa: Redes de Conhecimento e Tecnologia no Parlamento Paulistano, incluindo a gest\u00e3o de espa\u00e7o destinado ao desenvolvimento compartilhado de iniciativas de fomento \u00e0 inova\u00e7\u00e3o de interesse p\u00fablico no Poder Legislativo;<\/p>\n<p>VI \u2013 Programa Parlamento em Di\u00e1logo: Cultura e Sociabilidades Democr\u00e1ticas.<\/p>\n","protected":false},"excerpt":{"rendered":"<p>Para cumprir sua miss\u00e3o institucional, a Escola do Parlamento desenvolver\u00e1 suas atividades a partir de Programas de A\u00e7\u00e3o. Considera-se Programa de A\u00e7\u00e3o o conjunto org\u00e2nico de atividades diversificadas com finalidade semelhante e convergente e que direcionam as a\u00e7\u00f5es cotidianas e estrat\u00e9gicas da Escola. S\u00e3o eles: I \u2013 Programa de P\u00f3s-Gradua\u00e7\u00e3o \u201cPoder Legislativo: Interfaces Contempor\u00e2neas\u201d, com [&hellip;]<\/p>\n","protected":false},"author":544,"featured_media":0,"parent":38,"menu_order":680,"comment_status":"closed","ping_status":"closed","template":"","meta":{"_acf_changed":false,"footnotes":""},"class_list":["post-16737","page","type-page","status-publish","hentry"],"acf":[],"_links":{"self":[{"href":"https:\/\/homolog.saopaulo.sp.leg.br\/escoladoparlamento\/wp-json\/wp\/v2\/pages\/16737","targetHints":{"allow":["GET"]}}],"collection":[{"href":"https:\/\/homolog.saopaulo.sp.leg.br\/escoladoparlamento\/wp-json\/wp\/v2\/pages"}],"about":[{"href":"https:\/\/homolog.saopaulo.sp.leg.br\/escoladoparlamento\/wp-json\/wp\/v2\/types\/page"}],"author":[{"embeddable":true,"href":"https:\/\/homolog.saopaulo.sp.leg.br\/escoladoparlamento\/wp-json\/wp\/v2\/users\/544"}],"replies":[{"embeddable":true,"href":"https:\/\/homolog.saopaulo.sp.leg.br\/escoladoparlamento\/wp-json\/wp\/v2\/comments?post=16737"}],"version-history":[{"count":4,"href":"https:\/\/homolog.saopaulo.sp.leg.br\/escoladoparlamento\/wp-json\/wp\/v2\/pages\/16737\/revisions"}],"predecessor-version":[{"id":23374,"href":"https:\/\/homolog.saopaulo.sp.leg.br\/escoladoparlamento\/wp-json\/wp\/v2\/pages\/16737\/revisions\/23374"}],"up":[{"embeddable":true,"href":"https:\/\/homolog.saopaulo.sp.leg.br\/escoladoparlamento\/wp-json\/wp\/v2\/pages\/38"}],"wp:attachment":[{"href":"https:\/\/homolog.saopaulo.sp.leg.br\/escoladoparlamento\/wp-json\/wp\/v2\/media?parent=16737"}],"curies":[{"name":"wp","href":"https:\/\/api.w.org\/{rel}","templated":true}]}}