{"id":16741,"date":"2019-09-24T17:01:40","date_gmt":"2019-09-24T20:01:40","guid":{"rendered":"http:\/\/homolog.saopaulo.sp.leg.br\/escoladoparlamento\/?page_id=16741"},"modified":"2022-08-09T01:16:56","modified_gmt":"2022-08-09T04:16:56","slug":"programa-de-pos-graduacao-legislativo-democracia-e-politicas-publicas-interfaces-contemporaneas","status":"publish","type":"page","link":"https:\/\/homolog.saopaulo.sp.leg.br\/escoladoparlamento\/a-escola\/programas-da-escola-do-parlamento\/programa-de-pos-graduacao-legislativo-democracia-e-politicas-publicas-interfaces-contemporaneas\/","title":{"rendered":"Programa Conex\u00e3o Legislativa: Redes de Conhecimento e Tecnologia no Parlamento Paulistano, incluindo a gest\u00e3o de espa\u00e7o destinado ao desenvolvimento compartilhado de iniciativas de fomento \u00e0 inova\u00e7\u00e3o de interesse p\u00fablico no Poder Legislativo"},"content":{"rendered":"","protected":false},"excerpt":{"rendered":"","protected":false},"author":544,"featured_media":0,"parent":16737,"menu_order":266,"comment_status":"closed","ping_status":"closed","template":"","meta":{"_acf_changed":false,"footnotes":""},"class_list":["post-16741","page","type-page","status-publish","hentry"],"acf":[],"_links":{"self":[{"href":"https:\/\/homolog.saopaulo.sp.leg.br\/escoladoparlamento\/wp-json\/wp\/v2\/pages\/16741","targetHints":{"allow":["GET"]}}],"collection":[{"href":"https:\/\/homolog.saopaulo.sp.leg.br\/escoladoparlamento\/wp-json\/wp\/v2\/pages"}],"about":[{"href":"https:\/\/homolog.saopaulo.sp.leg.br\/escoladoparlamento\/wp-json\/wp\/v2\/types\/page"}],"author":[{"embeddable":true,"href":"https:\/\/homolog.saopaulo.sp.leg.br\/escoladoparlamento\/wp-json\/wp\/v2\/users\/544"}],"replies":[{"embeddable":true,"href":"https:\/\/homolog.saopaulo.sp.leg.br\/escoladoparlamento\/wp-json\/wp\/v2\/comments?post=16741"}],"version-history":[{"count":2,"href":"https:\/\/homolog.saopaulo.sp.leg.br\/escoladoparlamento\/wp-json\/wp\/v2\/pages\/16741\/revisions"}],"predecessor-version":[{"id":27930,"href":"https:\/\/homolog.saopaulo.sp.leg.br\/escoladoparlamento\/wp-json\/wp\/v2\/pages\/16741\/revisions\/27930"}],"up":[{"embeddable":true,"href":"https:\/\/homolog.saopaulo.sp.leg.br\/escoladoparlamento\/wp-json\/wp\/v2\/pages\/16737"}],"wp:attachment":[{"href":"https:\/\/homolog.saopaulo.sp.leg.br\/escoladoparlamento\/wp-json\/wp\/v2\/media?parent=16741"}],"curies":[{"name":"wp","href":"https:\/\/api.w.org\/{rel}","templated":true}]}}