{"id":16757,"date":"2019-09-24T17:41:52","date_gmt":"2019-09-24T20:41:52","guid":{"rendered":"http:\/\/homolog.saopaulo.sp.leg.br\/escoladoparlamento\/?page_id=16757"},"modified":"2020-02-01T11:41:26","modified_gmt":"2020-02-01T14:41:26","slug":"processo-seletivo-de-alunos-turma-2020","status":"publish","type":"page","link":"https:\/\/homolog.saopaulo.sp.leg.br\/escoladoparlamento\/pos-graduacao\/curso-de-especializacao-legislativo-territorio-e-gestao-democratica-da-cidade-ltgdc\/processo-seletivo-de-alunos-turma-2020\/","title":{"rendered":"Processo Seletivo de Alunos &#8211; Turma 2020"},"content":{"rendered":"<p><a href=\"https:\/\/homolog.saopaulo.sp.leg.br\/escoladoparlamento\/wp-content\/uploads\/sites\/5\/2020\/02\/EDITAL-DE-3\u00aa-CHAMADA-PARA-MATR\u00cdCULA.pdf\">Edital de 3\u00aa Chamada para Matr\u00edcula<\/a><\/p>\n<hr \/>\n<p><a href=\"https:\/\/homolog.saopaulo.sp.leg.br\/escoladoparlamento\/wp-content\/uploads\/sites\/5\/2020\/01\/Edital-2a-CHAMADA.pdf\">Edital de 2a Chamada para Matr\u00edcula<\/a><\/p>\n<hr \/>\n<p>Por ocasi\u00e3o da publica\u00e7\u00e3o do <span style=\"color: #ff0000\"><strong>Resultado Final<\/strong> <\/span>e <strong><span style=\"color: #ff0000\">Lista de Convocados para Matr\u00edcula em Primeira Chamada<\/span> <\/strong>em<span style=\"color: #ff0000\"><strong> 22\/01\/2020<\/strong><strong><span style=\"color: #000000\">, <\/span><\/strong><\/span>segue <em>Modelo de formul\u00e1rio de inscri\u00e7\u00e3o<\/em>, cf. Art. 38 do Edital de Processo Seletivo do Corpo Discente da Primeira Turma do <em>Curso de Especializa\u00e7\u00e3o Legislativo, Territ\u00f3rio e Gest\u00e3o Democr\u00e1tica da Cidade. <\/em>Ele dever\u00e1 ser impresso, preenchido e entregue <span style=\"text-decoration: underline\">pessoalmente,<\/span> junto aos documentos exigidos no Edital, <span style=\"text-decoration: underline\">impreterivelmente<\/span> nas datas especificadas para matr\u00edcula (<strong>23 e 24\/01<\/strong>).<\/p>\n<p><a href=\"https:\/\/homolog.saopaulo.sp.leg.br\/escoladoparlamento\/wp-content\/uploads\/sites\/5\/2020\/01\/Formul\u00e1rio-de-Matr\u00edcula.pdf\">Formul\u00e1rio de Matr\u00edcula<\/a> (n\u00fameros de inscri\u00e7\u00e3o e matr\u00edcula preenchidos pela Escola)<\/p>\n<p><strong><span style=\"color: #ff0000\">ATEN\u00c7\u00c3O:<\/span> Al\u00e9m dos documentos elencados no referido artigo, os candidatos convocados que se enquadrem na condi\u00e7\u00e3o de Servidor P\u00fablico, devem comprov\u00e1-la mediante apresenta\u00e7\u00e3o de c\u00f3pia e original de certid\u00e3o do \u00f3rg\u00e3o ou da empresa p\u00fablica empregadora.<\/strong><\/p>\n<hr \/>\n<p><a href=\"https:\/\/homolog.saopaulo.sp.leg.br\/escoladoparlamento\/wp-content\/uploads\/sites\/5\/2020\/01\/RESULTADO-FINAL.pdf\">RESULTADO FINAL DO PROCESSO SELETIVO<\/a><\/p>\n<hr \/>\n<p>Em raz\u00e3o da abertura do prazo de recursos contra o resultado preliminar da segunda etapa do processo seletivo (prova discursiva) que ser\u00e1 nos dias 15 e 16 de janeiro de 2020, segue link com o detalhamento da pontua\u00e7\u00e3o dos candidatos habilitados.<\/p>\n<p><a href=\"https:\/\/homolog.saopaulo.sp.leg.br\/escoladoparlamento\/wp-content\/uploads\/sites\/5\/2020\/01\/Detalhamento-Notas-Prova-Discursiva.pdf\">Detalhamento Notas &#8211; Prova Discursiva<\/a><\/p>\n<p>Os espelhos das reda\u00e7\u00f5es ser\u00e3o enviados por email. Caso n\u00e3o sejam recebidos, favor entrar em contato atrav\u00e9s do\u00a0 posgraduacaoep@saopaulo.sp.leg.br colocando ESPELHO PROVA DISCURSIVA no campo do assunto e informando seu nome completo e RG.<\/p>\n<p><a href=\"https:\/\/homolog.saopaulo.sp.leg.br\/escoladoparlamento\/wp-content\/uploads\/sites\/5\/2020\/01\/RESULTADO-PRELIMINAR-PROVA-DISSERTATIVA-para-publica\u00e7\u00e3o-DOC-14-01-20.pdf\">Resultado Preliminar &#8211; Segunda Etapa (inclui a nota da Prova Discursiva<\/a>)<\/p>\n<p><a href=\"https:\/\/homolog.saopaulo.sp.leg.br\/escoladoparlamento\/wp-content\/uploads\/sites\/5\/2020\/01\/Formul\u00e1rio-Recurso-Segunda-Etapa.pdf\">Formul\u00e1rio para Interposi\u00e7\u00e3o de Recurso &#8211; Prova Discursiva<\/a><\/p>\n<hr \/>\n<p><a href=\"https:\/\/homolog.saopaulo.sp.leg.br\/escoladoparlamento\/wp-content\/uploads\/sites\/5\/2019\/12\/RESULTADOS-PRIMEIRA-ETAPA.pdf\">Resultados da Primeira Etapa<\/a><\/p>\n<hr \/>\n<p><a href=\"https:\/\/homolog.saopaulo.sp.leg.br\/escoladoparlamento\/wp-content\/uploads\/sites\/5\/2019\/12\/Formulario-Recurso-prova-objetiva.pdf\">Formul\u00e1rio Interposi\u00e7\u00e3o de Recurso &#8211; Prova Objetiva<\/a><\/p>\n<hr \/>\n<p><a href=\"https:\/\/homolog.saopaulo.sp.leg.br\/escoladoparlamento\/wp-content\/uploads\/sites\/5\/2019\/12\/Resultado-Preliminar-da-Prova-Objetiva.pdf\">Resultado Preliminar da Prova Objetiva<\/a><\/p>\n<p><a href=\"https:\/\/homolog.saopaulo.sp.leg.br\/escoladoparlamento\/wp-content\/uploads\/sites\/5\/2019\/12\/RESULTADO-DOS-RECURSOS-INTERPOSTOS-\u00c0-PUBLICA\u00c7\u00c3O-DO-GABARITO-PRELIMINAR-DA-PROVA-OBJETIVA-DO-PROCESSO-SELETIVO_PARA-AMANH\u00c3-12-DE-DEZEMBRO.pdf\">Resultado dos Recursos Interpostos ao Gabarito da Prova Objetiva<\/a><\/p>\n<p>ATEN\u00c7\u00c3O: Considerando o prazo necess\u00e1rio para avalia\u00e7\u00e3o e delibera\u00e7\u00e3o quanto aos recursos apresentados contra o gabarito oficial publicado no dia 9\/12, informamos que a publica\u00e7\u00e3o do resultado preliminar da prova objetiva ser\u00e1 feita no Di\u00e1rio Oficial da Cidade do dia 12\/12. Ser\u00e3o aceitos recursos contra o resultado preliminar da prova objetiva nos dias 13\/12 e 16\/12, na forma prevista no edital.<\/p>\n<hr \/>\n<p><a href=\"https:\/\/homolog.saopaulo.sp.leg.br\/escoladoparlamento\/wp-content\/uploads\/sites\/5\/2019\/12\/GABARITOS_PROVAS-OBJETIVAS_LTGDC_07-DEZ.pdf\">Gabaritos das provas objetivas LTGDC &#8211; 7 DEZ<\/a><\/p>\n<p><a href=\"https:\/\/homolog.saopaulo.sp.leg.br\/escoladoparlamento\/wp-content\/uploads\/sites\/5\/2019\/12\/Formul\u00e1rio-para-a-interposi\u00e7\u00e3o-de-Recurso-2.pdf\">Formul\u00e1rio para Interposi\u00e7\u00e3o de Recurso<\/a><\/p>\n<p><a href=\"https:\/\/homolog.saopaulo.sp.leg.br\/escoladoparlamento\/wp-content\/uploads\/sites\/5\/2019\/12\/PROVA-TIPO-A.pdf\">Prova Tipo A<\/a><\/p>\n<p><a href=\"https:\/\/homolog.saopaulo.sp.leg.br\/escoladoparlamento\/wp-content\/uploads\/sites\/5\/2019\/12\/PROVA-TIPO-B.pdf\">Prova Tipo B<\/a><\/p>\n<p><a href=\"https:\/\/homolog.saopaulo.sp.leg.br\/escoladoparlamento\/wp-content\/uploads\/sites\/5\/2019\/12\/PROVA-TIPO-C.pdf\">Prova Tipo C<\/a><\/p>\n<p>&nbsp;<\/p>\n<p><a href=\"https:\/\/homolog.saopaulo.sp.leg.br\/escoladoparlamento\/wp-content\/uploads\/sites\/5\/2019\/11\/EDITAL-DE-CONVOCA\u00c7\u00c3O-PARA-REALIZA\u00c7\u00c3O-DAS-PROVAS.pdf\">Edital de Convoca\u00e7\u00e3o para Realiza\u00e7\u00e3o das Provas<\/a><\/p>\n<p><a href=\"https:\/\/homolog.saopaulo.sp.leg.br\/escoladoparlamento\/wp-content\/uploads\/sites\/5\/2019\/11\/EDITAL-DE-DIVULGA\u00c7\u00c3O-DE-RESULTADO.pdf\">Edital de Divulga\u00e7\u00e3o de Resultado dos Recursos<\/a><\/p>\n<hr \/>\n<p><a href=\"https:\/\/homolog.saopaulo.sp.leg.br\/escoladoparlamento\/wp-content\/uploads\/sites\/5\/2019\/11\/lista-de-inscri\u00e7\u00f5es-deferidas-e-edital-para-interposi\u00e7\u00e3o-de-recurso.pdf\">Lista de inscri\u00e7\u00f5es deferidas e edital para interposi\u00e7\u00e3o de recurso<\/a> &#8211; Publica\u00e7\u00e3o no DOC &#8211; 26\/11, pg. 97<\/p>\n<hr \/>\n<p>Informamos que, devido ao volume de inscri\u00e7\u00f5es que recebemos, o <strong>calend\u00e1rio<\/strong> de eventos do Processo Seletivo foi ajustado.<\/p>\n<p>A <strong>lista de inscri\u00e7\u00f5es deferidas<\/strong> ser\u00e1 publicada no Di\u00e1rio Oficial da Cidade de <strong>26\/11\/2019<\/strong>.<\/p>\n<p>Ser\u00e3o aceitos recursos contra eventual indeferimento, incorre\u00e7\u00e3o ou omiss\u00e3o na lista de inscri\u00e7\u00f5es deferidas nos dias 27 e 28\/11\/2019.<\/p>\n<p>A <strong>lista final de inscritos<\/strong>, bem como a convoca\u00e7\u00e3o para a realiza\u00e7\u00e3o da prova ser\u00e1 publicada no Di\u00e1rio Oficial da Cidade no dia <strong>30\/11\/2019<\/strong>, e aqui nesta p\u00e1gina, no dia<strong> 29\/11.<\/strong><\/p>\n<p>A <strong>data da prova<\/strong> est\u00e1 mantida: dia <strong>7\/12\/2019<\/strong>.<\/p>\n<hr \/>\n<p><strong>Processo de Sele\u00e7\u00e3o Discente<\/strong> para o curso de Especializa\u00e7\u00e3o <em>Legislativo, Territ\u00f3rio e Gest\u00e3o Democr\u00e1tica da Cidade. <\/em><\/p>\n<p>Desta vez a <strong>inscri\u00e7\u00e3o ser\u00e1 online<\/strong> e teremos <strong>2 avalia\u00e7\u00f5es &#8211;<\/strong>\u00a0a primeira fase ser\u00e1 uma prova objetiva com quest\u00f5es de m\u00faltipla escolha e a segunda fase ser\u00e1 uma prova discursiva de reda\u00e7\u00e3o.<\/p>\n<p><a href=\"https:\/\/homolog.saopaulo.sp.leg.br\/escoladoparlamento\/wp-content\/uploads\/sites\/5\/2019\/10\/Edital-do-Processo-Seletivo_Versao-Final-3.pdf\">Edital do Processo Seletivo Discente<\/a><\/p>\n<p><a href=\"https:\/\/homolog.saopaulo.sp.leg.br\/escoladoparlamento\/wp-content\/uploads\/sites\/5\/2019\/10\/Material-de-Estudo_Sele\u00e7\u00e3o-de-trechos-da-Constitui\u00e7\u00e3o-Federal-de-1988.pdf\">Material de Estudo para a prova de No\u00e7\u00f5es de Direito Constitucional &#8211; Apostila com artigos da Constitui\u00e7\u00e3o Federal<\/a><\/p>\n<p><a href=\"https:\/\/homolog.saopaulo.sp.leg.br\/escoladoparlamento\/wp-content\/uploads\/sites\/5\/2019\/10\/Apostila_Artigos-da-Lei-Organica-do-Municipio-de-S\u00e3o-Paulo.pdf\">Material \u00a0de Estudo para a prova de No\u00e7\u00f5es de Direito Constitucional \u2013 Apostila com artigos da Lei Org\u00e2nica do Munic\u00edpio de S\u00e3o Paulo<\/a><\/p>\n<h2><strong><span style=\"color: #ff0000\">Inscri\u00e7\u00f5es encerradas<\/span><\/strong><\/h2>\n<hr \/>\n<p><small>ATEN\u00c7\u00c3O:<br \/>\nO candidato que necessitar de qualquer tipo de condi\u00e7\u00e3o especial para a realiza\u00e7\u00e3o da prova, dever\u00e1 encaminhar sua solicita\u00e7\u00e3o \u00e0 <em>Escola do Parlamento<\/em>, atrav\u00e9s do e-mail <strong>posgradua\u00e7\u00e3oep@saopaulo.sp.leg.br<\/strong>, impreterivelmente at\u00e9 o dia<strong> 21 de novembro de 2019<\/strong>. A diretoria da Escola do Parlamento avaliar\u00e1 as solicita\u00e7\u00f5es dos candidatos quanto \u00e0s condi\u00e7\u00f5es especiais para realiza\u00e7\u00e3o da prova e emitir\u00e1 parecer em at\u00e9 3 (tr\u00eas) dias \u00fateis. Estas informa\u00e7\u00f5es se encontram no Edital de Sele\u00e7\u00e3o de Alunos<\/small><\/p>\n","protected":false},"excerpt":{"rendered":"<p>Edital de 3\u00aa Chamada para Matr\u00edcula Edital de 2a Chamada para Matr\u00edcula Por ocasi\u00e3o da publica\u00e7\u00e3o do Resultado Final e Lista de Convocados para Matr\u00edcula em Primeira Chamada em 22\/01\/2020, segue Modelo de formul\u00e1rio de inscri\u00e7\u00e3o, cf. Art. 38 do Edital de Processo Seletivo do Corpo Discente da Primeira Turma do Curso de Especializa\u00e7\u00e3o Legislativo, [&hellip;]<\/p>\n","protected":false},"author":544,"featured_media":0,"parent":16751,"menu_order":259,"comment_status":"closed","ping_status":"closed","template":"","meta":{"_acf_changed":false,"footnotes":""},"class_list":["post-16757","page","type-page","status-publish","hentry"],"acf":[],"_links":{"self":[{"href":"https:\/\/homolog.saopaulo.sp.leg.br\/escoladoparlamento\/wp-json\/wp\/v2\/pages\/16757","targetHints":{"allow":["GET"]}}],"collection":[{"href":"https:\/\/homolog.saopaulo.sp.leg.br\/escoladoparlamento\/wp-json\/wp\/v2\/pages"}],"about":[{"href":"https:\/\/homolog.saopaulo.sp.leg.br\/escoladoparlamento\/wp-json\/wp\/v2\/types\/page"}],"author":[{"embeddable":true,"href":"https:\/\/homolog.saopaulo.sp.leg.br\/escoladoparlamento\/wp-json\/wp\/v2\/users\/544"}],"replies":[{"embeddable":true,"href":"https:\/\/homolog.saopaulo.sp.leg.br\/escoladoparlamento\/wp-json\/wp\/v2\/comments?post=16757"}],"version-history":[{"count":5,"href":"https:\/\/homolog.saopaulo.sp.leg.br\/escoladoparlamento\/wp-json\/wp\/v2\/pages\/16757\/revisions"}],"predecessor-version":[{"id":17377,"href":"https:\/\/homolog.saopaulo.sp.leg.br\/escoladoparlamento\/wp-json\/wp\/v2\/pages\/16757\/revisions\/17377"}],"up":[{"embeddable":true,"href":"https:\/\/homolog.saopaulo.sp.leg.br\/escoladoparlamento\/wp-json\/wp\/v2\/pages\/16751"}],"wp:attachment":[{"href":"https:\/\/homolog.saopaulo.sp.leg.br\/escoladoparlamento\/wp-json\/wp\/v2\/media?parent=16757"}],"curies":[{"name":"wp","href":"https:\/\/api.w.org\/{rel}","templated":true}]}}