{"id":16761,"date":"2019-09-24T17:46:59","date_gmt":"2019-09-24T20:46:59","guid":{"rendered":"http:\/\/homolog.saopaulo.sp.leg.br\/escoladoparlamento\/?page_id=16761"},"modified":"2019-10-07T18:27:58","modified_gmt":"2019-10-07T21:27:58","slug":"projeto-pedagogico-do-curso","status":"publish","type":"page","link":"https:\/\/homolog.saopaulo.sp.leg.br\/escoladoparlamento\/pos-graduacao\/curso-de-especializacao-legislativo-territorio-e-gestao-democratica-da-cidade-ltgdc\/projeto-pedagogico-do-curso\/","title":{"rendered":"Projeto Pedag\u00f3gico do Curso"},"content":{"rendered":"<p style=\"margin: 0px 0px 1.5em;color: #333333;text-transform: none;text-indent: 0px;letter-spacing: normal;font-family: myriad-pro, 'Helvetica Neue', Helvetica, Arial;font-size: 16px;font-style: normal;font-weight: 400;background-color: #ffffff\">Para conhecer o\u00a0<strong>Projeto Pedag\u00f3gico<\/strong>\u00a0do Curso\u00a0<em>Legislativo, Territ\u00f3rio e Gest\u00e3o Democr\u00e1tica da Cidade<\/em>\u00a0acesse o link:<\/p>\n<p style=\"margin: 0px 0px 1.5em;color: #333333;text-transform: none;text-indent: 0px;letter-spacing: normal;font-family: myriad-pro, 'Helvetica Neue', Helvetica, Arial;font-size: 16px;font-style: normal;font-weight: 400;background-color: #ffffff\"><a href=\"https:\/\/homolog.saopaulo.sp.leg.br\/escoladoparlamento\/wp-content\/uploads\/sites\/5\/2019\/10\/VERS%C3%83O-PARA-DIVULGA%C3%87%C3%83O_-PROJETO-PEDAGOGICO-DE-CURSO_Legislativo-Territ%C3%B3rio-e-Gest%C3%A3o-Democr%C3%A1tica-da-Cidade_Vers%C3%A3o-para-o-Site-da-Escola.pdf\">PROJETO PEDAGOGICO CURSO Legislativo, Territ\u00f3rio e Gest\u00e3o Democr\u00e1tica da Cidade<\/a><\/p>\n","protected":false},"excerpt":{"rendered":"<p>Para conhecer o\u00a0Projeto Pedag\u00f3gico\u00a0do Curso\u00a0Legislativo, Territ\u00f3rio e Gest\u00e3o Democr\u00e1tica da Cidade\u00a0acesse o link: PROJETO PEDAGOGICO CURSO Legislativo, Territ\u00f3rio e Gest\u00e3o Democr\u00e1tica da Cidade<\/p>\n","protected":false},"author":544,"featured_media":0,"parent":16751,"menu_order":261,"comment_status":"closed","ping_status":"closed","template":"","meta":{"_acf_changed":false,"footnotes":""},"class_list":["post-16761","page","type-page","status-publish","hentry"],"acf":[],"_links":{"self":[{"href":"https:\/\/homolog.saopaulo.sp.leg.br\/escoladoparlamento\/wp-json\/wp\/v2\/pages\/16761","targetHints":{"allow":["GET"]}}],"collection":[{"href":"https:\/\/homolog.saopaulo.sp.leg.br\/escoladoparlamento\/wp-json\/wp\/v2\/pages"}],"about":[{"href":"https:\/\/homolog.saopaulo.sp.leg.br\/escoladoparlamento\/wp-json\/wp\/v2\/types\/page"}],"author":[{"embeddable":true,"href":"https:\/\/homolog.saopaulo.sp.leg.br\/escoladoparlamento\/wp-json\/wp\/v2\/users\/544"}],"replies":[{"embeddable":true,"href":"https:\/\/homolog.saopaulo.sp.leg.br\/escoladoparlamento\/wp-json\/wp\/v2\/comments?post=16761"}],"version-history":[{"count":2,"href":"https:\/\/homolog.saopaulo.sp.leg.br\/escoladoparlamento\/wp-json\/wp\/v2\/pages\/16761\/revisions"}],"predecessor-version":[{"id":16865,"href":"https:\/\/homolog.saopaulo.sp.leg.br\/escoladoparlamento\/wp-json\/wp\/v2\/pages\/16761\/revisions\/16865"}],"up":[{"embeddable":true,"href":"https:\/\/homolog.saopaulo.sp.leg.br\/escoladoparlamento\/wp-json\/wp\/v2\/pages\/16751"}],"wp:attachment":[{"href":"https:\/\/homolog.saopaulo.sp.leg.br\/escoladoparlamento\/wp-json\/wp\/v2\/media?parent=16761"}],"curies":[{"name":"wp","href":"https:\/\/api.w.org\/{rel}","templated":true}]}}