{"id":16775,"date":"2019-09-25T09:05:21","date_gmt":"2019-09-25T12:05:21","guid":{"rendered":"http:\/\/homolog.saopaulo.sp.leg.br\/escoladoparlamento\/?page_id=16775"},"modified":"2024-04-26T17:06:45","modified_gmt":"2024-04-26T20:06:45","slug":"parcerias","status":"publish","type":"page","link":"https:\/\/homolog.saopaulo.sp.leg.br\/escoladoparlamento\/parcerias\/","title":{"rendered":"Parcerias"},"content":{"rendered":"<p>Espa\u00e7o voltado \u00e0 educa\u00e7\u00e3o, forma\u00e7\u00e3o, promo\u00e7\u00e3o do conhecimento sobre o poder legislativo e participa\u00e7\u00e3o cidad\u00e3, a Escola do Parlamento da C\u00e2mara Municipal de S\u00e3o Paulo oferece a oportunidade de parcerias para voc\u00ea realizar conosco suas propostas de atividades que estejam alinhadas e contribuam com nossa miss\u00e3o.<\/p>\n<p>Sua sugest\u00e3o pode incluir cursos, palestras, semin\u00e1rios e atividades de pesquisa que enrique\u00e7am nosso compromisso com a democracia e a participa\u00e7\u00e3o ativa dos cidad\u00e3os.<\/p>\n<p>No menu ao lado, em <em><strong>Visitas Institucionais<\/strong><\/em>, voc\u00ea encontra o formul\u00e1rio para preencher caso queira conhecer de perto o trabalho da Escola.<\/p>\n<p>Em <strong><em>Proponha uma Atividade<\/em><\/strong>, o formul\u00e1rio disponibilizado \u00e9 para que voc\u00ea descreva atividades pontuais que deseja realizar com a EP.<\/p>\n<p>J\u00e1 em <strong><em>Termo de Coopera\u00e7\u00e3o T\u00e9cnica<\/em><\/strong>, entidades p\u00fablicas e\/ou privadas sem fins lucrativos podem estabelecer uma parceria com a Escola por um tempo determinado, e que compreenda atividades cujos termos ser\u00e3o especificados seguindo o\u00a0 Edital de Cadastramento para Celebra\u00e7\u00e3o de Conv\u00eanios e o preenchimento de uma ficha cadastral. Ambos os documentos seguem as orienta\u00e7\u00f5es de contrata\u00e7\u00e3o de atividades pela Escola do Parlamento descritas no Ato n\u00ba 1.388 de 31 de agosto de 2017.<\/p>\n<p>Em <strong><em>Conv\u00eanios e Parcerias<\/em><\/strong> voc\u00ea encontra um hist\u00f3rico das parcerias, conv\u00eanios, termos de coopera\u00e7\u00e3o que surgiram com interesses o objetivos comuns de est\u00edmulo \u00e0 coopera\u00e7\u00e3o t\u00e9cnico-cient\u00edfica voltada para o fortalecimento do legislativo.<\/p>\n<p>&nbsp;<\/p>\n","protected":false},"excerpt":{"rendered":"<p>Espa\u00e7o voltado \u00e0 educa\u00e7\u00e3o, forma\u00e7\u00e3o, promo\u00e7\u00e3o do conhecimento sobre o poder legislativo e participa\u00e7\u00e3o cidad\u00e3, a Escola do Parlamento da C\u00e2mara Municipal de S\u00e3o Paulo oferece a oportunidade de parcerias para voc\u00ea realizar conosco suas propostas de atividades que estejam alinhadas e contribuam com nossa miss\u00e3o. Sua sugest\u00e3o pode incluir cursos, palestras, semin\u00e1rios e atividades [&hellip;]<\/p>\n","protected":false},"author":544,"featured_media":0,"parent":0,"menu_order":255,"comment_status":"closed","ping_status":"closed","template":"","meta":{"_acf_changed":false,"footnotes":""},"class_list":["post-16775","page","type-page","status-publish","hentry"],"acf":[],"_links":{"self":[{"href":"https:\/\/homolog.saopaulo.sp.leg.br\/escoladoparlamento\/wp-json\/wp\/v2\/pages\/16775","targetHints":{"allow":["GET"]}}],"collection":[{"href":"https:\/\/homolog.saopaulo.sp.leg.br\/escoladoparlamento\/wp-json\/wp\/v2\/pages"}],"about":[{"href":"https:\/\/homolog.saopaulo.sp.leg.br\/escoladoparlamento\/wp-json\/wp\/v2\/types\/page"}],"author":[{"embeddable":true,"href":"https:\/\/homolog.saopaulo.sp.leg.br\/escoladoparlamento\/wp-json\/wp\/v2\/users\/544"}],"replies":[{"embeddable":true,"href":"https:\/\/homolog.saopaulo.sp.leg.br\/escoladoparlamento\/wp-json\/wp\/v2\/comments?post=16775"}],"version-history":[{"count":4,"href":"https:\/\/homolog.saopaulo.sp.leg.br\/escoladoparlamento\/wp-json\/wp\/v2\/pages\/16775\/revisions"}],"predecessor-version":[{"id":29085,"href":"https:\/\/homolog.saopaulo.sp.leg.br\/escoladoparlamento\/wp-json\/wp\/v2\/pages\/16775\/revisions\/29085"}],"wp:attachment":[{"href":"https:\/\/homolog.saopaulo.sp.leg.br\/escoladoparlamento\/wp-json\/wp\/v2\/media?parent=16775"}],"curies":[{"name":"wp","href":"https:\/\/api.w.org\/{rel}","templated":true}]}}