{"id":16957,"date":"2019-10-14T19:27:29","date_gmt":"2019-10-14T22:27:29","guid":{"rendered":"http:\/\/homolog.saopaulo.sp.leg.br\/escoladoparlamento\/?page_id=16957"},"modified":"2019-10-30T16:04:13","modified_gmt":"2019-10-30T19:04:13","slug":"biblioteca-da-camara-municipal-de-sao-paulo-um-seculo-de-servico-difusao-e-memoria","status":"publish","type":"page","link":"https:\/\/homolog.saopaulo.sp.leg.br\/escoladoparlamento\/cursos\/cursos-anteriores\/cursos-realizados-em-2019\/biblioteca-da-camara-municipal-de-sao-paulo-um-seculo-de-servico-difusao-e-memoria\/","title":{"rendered":"BIBLIOTECA DA C\u00c2MARA MUNICIPAL DE S\u00c3O PAULO:  UM S\u00c9CULO DE SERVI\u00c7O, DIFUS\u00c3O E MEM\u00d3RIA"},"content":{"rendered":"<p><strong>Coordena\u00e7\u00e3o:<\/strong> Elisabete Minaki<\/p>\n<p><strong>Diretor Respons\u00e1vel:<\/strong> Gustavo Costa Dias<\/p>\n<p>Comemora\u00e7\u00e3o realizada pela Secretaria de Documenta\u00e7\u00e3o e Escola do Parlamento com a participa\u00e7\u00e3o do CRB\/8 \u2013 Conselho Regional de Biblioteconomia e GIDJ \u2013 Grupo de Informa\u00e7\u00e3o e Documenta\u00e7\u00e3o Jur\u00eddica de S\u00e3o Paulo.<\/p>\n<p>Publico Alvo: Servidores p\u00fablicos, estudantes e cidad\u00e3os em geral.<\/p>\n<h2><span style=\"color: #ff0000\">Aten\u00e7\u00e3o: exige-se uma inscri\u00e7\u00e3o por bloco\u00a0<\/span><\/h2>\n<h3><strong>Programa\u00e7\u00e3o:<\/strong><\/h3>\n<h3><span style=\"color: #339966\"><strong>Gest\u00e3o de Documentos no Mundo Digital<\/strong><\/span><\/h3>\n<p><strong><a href=\"http:\/\/homolog.saopaulo.sp.leg.br\/transparencia\/auditorios-online\/sala-oscar-pedroso-horta-sala-b\/\">Sala Oscar Pedroso Horta<\/a> &#8211; 29 de outubro\u00a0 das 14h as 18h<\/strong><\/p>\n<p>Mesa de abertura dos trabalhos<\/p>\n<p>Palestra <strong>:<\/strong> Lei Geral de Prote\u00e7\u00e3o de Dados (LGPD) e gest\u00e3o de documentos: conformidade e seguran\u00e7a<br \/>\nPalestrante: Lenora Schwaitzer (Advogada, Arquivista, Bibliotec\u00e1ria, Docente na UFF, e ex-Coordernadora de Gest\u00e3o Documental do TRF-2-RJ<br \/>\nDebate:\u00a0 Ader\u00eancia \u00e0 Lei Geral de Prote\u00e7\u00e3o de Dados (LGPD) \u00a0por sistemas de gest\u00e3o de documentos: aspectos pr\u00e1ticos.<\/p>\n<h3><strong>inscri\u00e7\u00f5es para 29\/10 das 14 \u00e0s 18h: <span style=\"color: #ff0000\">encerradas<\/span><\/strong><\/h3>\n<hr \/>\n<h3><span style=\"color: #339966\"><strong>Documenta\u00e7\u00e3o jur\u00eddica: uma abordagem do tratamento e do uso da informa\u00e7\u00e3o<\/strong><\/span><\/h3>\n<p><strong><a href=\"http:\/\/homolog.saopaulo.sp.leg.br\/transparencia\/auditorios-online\/sala-oscar-pedroso-horta-sala-b\/\">Sala Oscar Pedroso Horta<\/a> &#8211; 29 de outubro das 18h30 \u00e0s 21h30<\/strong><\/p>\n<p>Mesa de abertura dos trabalhos:<\/p>\n<p>Regina C\u00e9li de Sousa \u2013 Presidente do CRB\/8 Conselho Regional de Biblioteconomia<br \/>\nMaria L\u00facia Rolim \u2013 Coordenadora do GIDJ &#8211; Grupo de Informa\u00e7\u00e3o e Documenta\u00e7\u00e3o Jur\u00eddica de S\u00e3o Paulo<br \/>\nElisabete Minaki \u2013 Secret\u00e1ria de Documenta\u00e7\u00e3o da CMSP<\/p>\n<p>Palestra 1: Indexa\u00e7\u00e3o versus controle do vocabul\u00e1rio: controlar ou n\u00e3o controlar? Eis a quest\u00e3o.<br \/>\nPalestrante: Andr\u00e9ia Gon\u00e7alves Silva &#8211; Bibliotec\u00e1ria da For\u00e7a A\u00e9rea Brasileira e ex-docente da FESP<\/p>\n<p>Palestra 2: A informa\u00e7\u00e3o voltada para tomada de decis\u00e3o<br \/>\nPalestrante: Marcos Rog\u00e9rio Gon\u00e7alves &#8211; Bibliotec\u00e1rio-Chefe do Centro de Documenta\u00e7\u00e3o e Refer\u00eancia do KLA \u2013\u00a0 Koury Lopes Advogados<br \/>\nParticipa\u00e7\u00e3o do GIDJ \u2013 Grupo de Informa\u00e7\u00e3o e Documenta\u00e7\u00e3o Jur\u00eddica e Conselho Regional de Biblioteconomia em parceria com a Escola do Parlamento<\/p>\n<h3><strong>inscri\u00e7\u00f5es para 29\/10 das 18h30 \u00e0s 21h30: <span style=\"color: #ff0000\">encerradas<\/span><\/strong><\/h3>\n<hr \/>\n<h3><span style=\"color: #339966\"><strong>Comemora\u00e7\u00e3o de um S\u00e9culo de Servi\u00e7o, Difus\u00e3o e Mem\u00f3ria<\/strong><\/span><\/h3>\n<p><strong><a href=\"http:\/\/homolog.saopaulo.sp.leg.br\/transparencia\/auditorios-online\/auditorio-prestes-maia\/\">Audit\u00f3rio Prestes Maia<\/a> &#8211; 30 de outubro &#8211;\u00a0 19h \u00e0s 21h<\/strong><\/p>\n<p>Mesa de abertura<\/p>\n<p>Apresenta\u00e7\u00e3o de V\u00eddeo Comemorativo<br \/>\nMesa: A Biblioteca da C\u00e2mara Municipal de S\u00e3o Paulo<br \/>\nUbirajara de Farias Prestes Filho (Historiador e Supervisor de Equipe de Arquivo Geral)<br \/>\nCec\u00edlia Andreotti Atienza (Ex-Diretora do Departamento de Documenta\u00e7\u00e3o e Inform\u00e1tica)<br \/>\nElisabete Minaki (Secret\u00e1ria de Documenta\u00e7\u00e3o)<\/p>\n<h3><strong>inscri\u00e7\u00f5es para 30\/10 das 19h \u00e0s 21h: <span style=\"color: #ff0000\">encerradas<\/span><\/strong><\/h3>\n","protected":false},"excerpt":{"rendered":"<p>Coordena\u00e7\u00e3o: Elisabete Minaki Diretor Respons\u00e1vel: Gustavo Costa Dias Comemora\u00e7\u00e3o realizada pela Secretaria de Documenta\u00e7\u00e3o e Escola do Parlamento com a participa\u00e7\u00e3o do CRB\/8 \u2013 Conselho Regional de Biblioteconomia e GIDJ \u2013 Grupo de Informa\u00e7\u00e3o e Documenta\u00e7\u00e3o Jur\u00eddica de S\u00e3o Paulo. Publico Alvo: Servidores p\u00fablicos, estudantes e cidad\u00e3os em geral. Aten\u00e7\u00e3o: exige-se uma inscri\u00e7\u00e3o por bloco\u00a0 [&hellip;]<\/p>\n","protected":false},"author":661,"featured_media":0,"parent":15928,"menu_order":241,"comment_status":"closed","ping_status":"closed","template":"","meta":{"_acf_changed":false,"footnotes":""},"class_list":["post-16957","page","type-page","status-publish","hentry"],"acf":[],"_links":{"self":[{"href":"https:\/\/homolog.saopaulo.sp.leg.br\/escoladoparlamento\/wp-json\/wp\/v2\/pages\/16957","targetHints":{"allow":["GET"]}}],"collection":[{"href":"https:\/\/homolog.saopaulo.sp.leg.br\/escoladoparlamento\/wp-json\/wp\/v2\/pages"}],"about":[{"href":"https:\/\/homolog.saopaulo.sp.leg.br\/escoladoparlamento\/wp-json\/wp\/v2\/types\/page"}],"author":[{"embeddable":true,"href":"https:\/\/homolog.saopaulo.sp.leg.br\/escoladoparlamento\/wp-json\/wp\/v2\/users\/661"}],"replies":[{"embeddable":true,"href":"https:\/\/homolog.saopaulo.sp.leg.br\/escoladoparlamento\/wp-json\/wp\/v2\/comments?post=16957"}],"version-history":[{"count":5,"href":"https:\/\/homolog.saopaulo.sp.leg.br\/escoladoparlamento\/wp-json\/wp\/v2\/pages\/16957\/revisions"}],"predecessor-version":[{"id":17063,"href":"https:\/\/homolog.saopaulo.sp.leg.br\/escoladoparlamento\/wp-json\/wp\/v2\/pages\/16957\/revisions\/17063"}],"up":[{"embeddable":true,"href":"https:\/\/homolog.saopaulo.sp.leg.br\/escoladoparlamento\/wp-json\/wp\/v2\/pages\/15928"}],"wp:attachment":[{"href":"https:\/\/homolog.saopaulo.sp.leg.br\/escoladoparlamento\/wp-json\/wp\/v2\/media?parent=16957"}],"curies":[{"name":"wp","href":"https:\/\/api.w.org\/{rel}","templated":true}]}}