{"id":17022,"date":"2019-10-23T16:18:21","date_gmt":"2019-10-23T19:18:21","guid":{"rendered":"http:\/\/homolog.saopaulo.sp.leg.br\/escoladoparlamento\/?page_id=17022"},"modified":"2019-12-18T18:54:27","modified_gmt":"2019-12-18T21:54:27","slug":"parlamento-municipal-conhecendo-o-processo-legislativo","status":"publish","type":"page","link":"https:\/\/homolog.saopaulo.sp.leg.br\/escoladoparlamento\/cursos\/cursos-anteriores\/cursos-realizados-em-2019\/parlamento-municipal-conhecendo-o-processo-legislativo\/","title":{"rendered":"Parlamento Municipal: conhecendo o processo legislativo"},"content":{"rendered":"<p><strong><a href=\"https:\/\/homolog.saopaulo.sp.leg.br\/escoladoparlamento\/wp-content\/uploads\/sites\/5\/2019\/10\/Escola-Contas.png\"><img loading=\"lazy\" decoding=\"async\" class=\"alignright wp-image-17029 size-thumbnail\" src=\"https:\/\/homolog.saopaulo.sp.leg.br\/escoladoparlamento\/wp-content\/uploads\/sites\/5\/2019\/10\/Escola-Contas-75x150.png\" alt=\"\" width=\"75\" height=\"150\" \/><\/a>Organizador:<\/strong> Maur\u00edcio Jorge Piragino<\/p>\n<p>Tendo em vista o processo eleitoral pelo que a cidade de S\u00e3o Paulo passar\u00e1 em outubro de 2020 com a elei\u00e7\u00e3o de 55 representantes dessa popula\u00e7\u00e3o de mais de 12 milh\u00f5es de habitantes e, sabendo da import\u00e2ncia do poder legislativo na din\u00e2mica da cidade e na vida dos paulistanos, a <em>Escola de Gest\u00e3o e Contas do TCM-SP<\/em> e a <em>Escola do Parlamento da C\u00e2mara Municipal de S\u00e3o Paulo<\/em> oferecem aos poss\u00edveis pr\u00e9-candidatos ao cargo de vereador uma qualifica\u00e7\u00e3o para termos melhor preparados os futuros representantes da gest\u00e3o 2021\/2024; estudantes da administra\u00e7\u00e3o publica e pessoas interessadas em conhecer o funcionamento da C\u00e2mara Municipal tamb\u00e9m podem participar.<\/p>\n<h2><span style=\"color: #23609e\">11\/11 a 16\/12\/2019<\/span><\/h2>\n<h2><span style=\"color: #23609e\">sempre \u00e0s 2\u00aa e 4\u00aa feiras, das 19h \u00e0s 22h<\/span><\/h2>\n<p><strong>Carga hor\u00e1ria:<\/strong> 30 horas<\/p>\n<h3>Local: <strong>Escola Superior de Gest\u00e3o e Contas P\u00fablicas \u2013 <\/strong><strong>TCM-SP<\/strong><\/h3>\n<p><a href=\"https:\/\/www.google.com.br\/maps\/place\/Av.+Professor+Ascendino+Reis,+1130+-+Vila+Clementino,+S%C3%A3o+Paulo+-+SP\/@-23.5996073,-46.6550672,17z\/data=!3m1!4b1!4m5!3m4!1s0x94ce5a185dc50551:0x41c50d2521470e47!8m2!3d-23.5996073!4d-46.6528785?hl=pt-BR\">Avenida Professor Ascendino Reis, 1130 <\/a>\u2013 ao lado da esta\u00e7\u00e3o de Metr\u00f4 AACD-Servidor<\/p>\n<p>&nbsp;<\/p>\n<p><strong>Programa\u00e7\u00e3o:<\/strong><\/p>\n<p>27\/11\/19 &#8211; 4\u00aa feira<\/p>\n<ul>\n<li>Lei Org\u00e2nica do Munic\u00edpio de S\u00e3o Paulo e Regimento Interno da C\u00e2mara Municipal de S\u00e3o Paulo<\/li>\n<li>Bases do or\u00e7amento p\u00fablico municipal de S\u00e3o Paulo: LDO, PPA, LOA.<\/li>\n<\/ul>\n<p>Dia 11\/11\/19 &#8211; 2\u00aa feira<\/p>\n<ul>\n<li>Hist\u00f3ria de S\u00e3o Paulo: do pequenino munic\u00edpio at\u00e9 a megal\u00f3pole da vertigem<\/li>\n<li>\u00c9tica na\/da pol\u00edtica e os valores Republicanos<\/li>\n<\/ul>\n<p>Dia 13\/11\/19 \u2013 4a feira<\/p>\n<ul>\n<li>Desenvolvimento Nacional<\/li>\n<li>O que s\u00e3o Diretos Humanos e sua import\u00e2ncia na vida p\u00fablica<\/li>\n<\/ul>\n<p>Dia 18\/11\/19 &#8211; 2\u00aa feira<\/p>\n<ul>\n<li>Democracia Representativa e Reforma Pol\u00edtica<\/li>\n<li>Funcionamento do Estado e atribui\u00e7\u00f5es dos entes federados<\/li>\n<\/ul>\n<p>Dia 25\/11 \/19 &#8211; 2\u00aa feira<\/p>\n<ul>\n<li>O que \u00e9 o Poder leg\u00edtimo?<\/li>\n<li>Democracia Direta e a import\u00e2ncia da participa\u00e7\u00e3o do Soberano<\/li>\n<\/ul>\n<p>Dia 27\/11\/19 &#8211; 4\u00aa feira<\/p>\n<ul>\n<li><span style=\"font-family: Calibri,Calibri;font-size: large\">Lei Org\u00e2nica do Munic\u00edpio de S\u00e3o Paulo e Regimento Interno da C\u00e2mara Municipal de S\u00e3o Paulo <\/span><\/li>\n<li>Bases do or\u00e7amento p\u00fablico municipal de S\u00e3o Paulo: LDO, PPA, LOA.<\/li>\n<\/ul>\n<p>Dia 2\/12\/19 &#8211; 2\u00aa feira<\/p>\n<ul>\n<li>Controle Interno, Controle Externo e Controle Social das pol\u00edticas p\u00fablicas<\/li>\n<li>Planejamento da cidade: Plano Diretor Estrat\u00e9gico e Programa de Metas, Objetivos do Desenvolvimento Sustent\u00e1vel \u2013 Agenda 2030<\/li>\n<\/ul>\n<p>Dia 4\/12\/19 &#8211; 4\u00aa feira<\/p>\n<ul>\n<li>Din\u00e2mica pol\u00edtica do legislativo municipal de S\u00e3o Paulo<\/li>\n<li>O processo legislativo municipal de S\u00e3o Paulo<\/li>\n<\/ul>\n<p>Dia 9\/12\/19 \u2013 2\u00aa feira<\/p>\n<ul>\n<li>A luta contra o mais grave problema brasileiro: a desigualdade na cidade de S\u00e3o Paulo<\/li>\n<li>Temas contempor\u00e2neos da cidade de S\u00e3o Paulo I: mobilidade, mata atl\u00e2ntica e sustentabilidade, ocupa\u00e7\u00e3o do espa\u00e7o p\u00fablico, res\u00edduos s\u00f3lidos, concess\u00e3o e privatiza\u00e7\u00e3o<\/li>\n<\/ul>\n<p>Dia 11\/12\/19 &#8211; 4\u00aa feira<\/p>\n<ul>\n<li>Gest\u00e3o da Metr\u00f3pole: S\u00e3o Paulo e os 39 munic\u00edpios<\/li>\n<li>M\u00eddias sociais e pol\u00edtica<\/li>\n<\/ul>\n<p>Dia 16\/12\/19 &#8211; 2\u00aa feira<\/p>\n<ul>\n<li>Temas contempor\u00e2neos da cidade de S\u00e3o Paulo II: habita\u00e7\u00e3o, popula\u00e7\u00e3o em situa\u00e7\u00e3o de rua, educa\u00e7\u00e3o de qualidade<\/li>\n<li>Legisla\u00e7\u00e3o eleitoral 2020<\/li>\n<\/ul>\n<h2><strong>Inscri\u00e7\u00f5es: <span style=\"color: #ff0000\">encerradas<\/span><\/strong><\/h2>\n","protected":false},"excerpt":{"rendered":"<p>Organizador: Maur\u00edcio Jorge Piragino Tendo em vista o processo eleitoral pelo que a cidade de S\u00e3o Paulo passar\u00e1 em outubro de 2020 com a elei\u00e7\u00e3o de 55 representantes dessa popula\u00e7\u00e3o de mais de 12 milh\u00f5es de habitantes e, sabendo da import\u00e2ncia do poder legislativo na din\u00e2mica da cidade e na vida dos paulistanos, a Escola [&hellip;]<\/p>\n","protected":false},"author":522,"featured_media":0,"parent":15928,"menu_order":238,"comment_status":"closed","ping_status":"closed","template":"","meta":{"_acf_changed":false,"footnotes":""},"class_list":["post-17022","page","type-page","status-publish","hentry"],"acf":[],"_links":{"self":[{"href":"https:\/\/homolog.saopaulo.sp.leg.br\/escoladoparlamento\/wp-json\/wp\/v2\/pages\/17022","targetHints":{"allow":["GET"]}}],"collection":[{"href":"https:\/\/homolog.saopaulo.sp.leg.br\/escoladoparlamento\/wp-json\/wp\/v2\/pages"}],"about":[{"href":"https:\/\/homolog.saopaulo.sp.leg.br\/escoladoparlamento\/wp-json\/wp\/v2\/types\/page"}],"author":[{"embeddable":true,"href":"https:\/\/homolog.saopaulo.sp.leg.br\/escoladoparlamento\/wp-json\/wp\/v2\/users\/522"}],"replies":[{"embeddable":true,"href":"https:\/\/homolog.saopaulo.sp.leg.br\/escoladoparlamento\/wp-json\/wp\/v2\/comments?post=17022"}],"version-history":[{"count":5,"href":"https:\/\/homolog.saopaulo.sp.leg.br\/escoladoparlamento\/wp-json\/wp\/v2\/pages\/17022\/revisions"}],"predecessor-version":[{"id":17128,"href":"https:\/\/homolog.saopaulo.sp.leg.br\/escoladoparlamento\/wp-json\/wp\/v2\/pages\/17022\/revisions\/17128"}],"up":[{"embeddable":true,"href":"https:\/\/homolog.saopaulo.sp.leg.br\/escoladoparlamento\/wp-json\/wp\/v2\/pages\/15928"}],"wp:attachment":[{"href":"https:\/\/homolog.saopaulo.sp.leg.br\/escoladoparlamento\/wp-json\/wp\/v2\/media?parent=17022"}],"curies":[{"name":"wp","href":"https:\/\/api.w.org\/{rel}","templated":true}]}}