{"id":17059,"date":"2019-10-30T15:44:29","date_gmt":"2019-10-30T18:44:29","guid":{"rendered":"http:\/\/homolog.saopaulo.sp.leg.br\/escoladoparlamento\/?page_id=17059"},"modified":"2019-11-08T13:18:36","modified_gmt":"2019-11-08T16:18:36","slug":"politica-publica-de-atendimento-aos-processos-de-aprendizagem-promocao-da-educacao-inclusiva-integral-e-cidada","status":"publish","type":"page","link":"https:\/\/homolog.saopaulo.sp.leg.br\/escoladoparlamento\/parcerias\/realizados-2\/realizados-2019\/politica-publica-de-atendimento-aos-processos-de-aprendizagem-promocao-da-educacao-inclusiva-integral-e-cidada\/","title":{"rendered":"Pol\u00edtica P\u00fablica de atendimento aos processos de aprendizagem: promo\u00e7\u00e3o da educa\u00e7\u00e3o inclusiva, integral e cidad\u00e3"},"content":{"rendered":"<p><strong>Diretor Respons\u00e1vel: <\/strong>Alexsandro do Nascimento\u00a0Santos<\/p>\n<p><strong>Coordenadora:<\/strong> Silvia Aparecida Santos de Carvalho<\/p>\n<p>Tendo em vista que o Curr\u00edculo Da Cidade se pauta pelos princ\u00edpios da Educa\u00e7\u00e3o Inclusiva, de Equidade e da Educa\u00e7\u00e3o Integral, \u00e9 desafio de cada educador da Rede Municipal de Ensino desenvolver estrat\u00e9gias que possibilitem que cada beb\u00ea , crian\u00e7a, adolescente, jovem ou adulto matriculado nas Unidades Educacionais da Rede se beneficiem de recursos e estrat\u00e9gias pedag\u00f3gicas que possibilitem que todos experimentem reais possibilidades de aprendizagem e desenvolvimento e que lhes ofere\u00e7am oportunidades de pleno desenvolvimento humano e exerc\u00edcio da cidadania.<\/p>\n<p>Assim, a escola se v\u00ea diariamente desafiada a reconhecer as diferen\u00e7as como caracter\u00edsticas da diversidade humana e, ao mesmo tempo, reconhecer as desigualdades que interferem nestes processos \u00e9 que\u00a0faz necess\u00e1rio o desenvolvimento de pol\u00edticas p\u00fablicas educacionais que equiparem as oportunidades de desenvolvimento e acesso aos conte\u00fados escolares.<\/p>\n<p>\u00c9 nesta dire\u00e7\u00e3o que se prop\u00f5e este espa\u00e7o de interlocu\u00e7\u00e3o com os educadores para que os mesmos possam conhecer possibilidades de atua\u00e7\u00e3o e acompanhamento dos profissionais da educa\u00e7\u00e3o no desenvolvimento de recursos e pr\u00e1ticas pedag\u00f3gicas.<\/p>\n<p><strong>Objetivos: <\/strong>apresentar os princ\u00edpios norteadores do Curr\u00edculo da Cidade; apresentar O NAAPA como pol\u00edtica p\u00fablica promotora dos princ\u00edpios de equidade, educa\u00e7\u00e3o inclusiva e educa\u00e7\u00e3o integral; dialogar sobre as a\u00e7\u00f5es desenvolvidas para atender as dificuldades de aprendizagem na Rede Municipal de Ensino de S\u00e3o Paulo.<\/p>\n<p><strong>Carga Hor\u00e1ria:<\/strong> 8 horas<\/p>\n<p><strong>Vagas:<\/strong> 100<\/p>\n<p><strong>P\u00fablico alvo: <\/strong>Assist. de Diretor de Escola, Coord. Pedag\u00f3gico, Diretor de Escola, POEI, POIE, POSL, Prof. de Educa\u00e7\u00e3o Infantil, Prof. E.F. II e M\u00e9dio, Prof. Ed. Infantil e Ens. Fund. I, Supervisor Escolar<\/p>\n<p><strong>Programa\u00e7\u00e3o:<\/strong><\/p>\n<h2><span style=\"color: #ff0000\">05 e 07 de novembro &#8211; das 15h \u00e0s 19h<\/span><\/h2>\n<h2>Sala S\u00e9rgio Vieira de Mello<\/h2>\n<p>&nbsp;<\/p>\n<p><strong>Palestrantes:<\/strong><\/p>\n<p><strong>Marcia Andrea Bonif\u00e1cio da Costa Oliveira<\/strong> &#8211; <em>Professora de matem\u00e1tica, especialista em educa\u00e7\u00e3o especial inclusiva, dist\u00farbios da aprendizagem, sa\u00fade mental e neuropsicopedagogia. Professora da Rede Municipal de S\u00e3o Paulo e atualmente Atua no NAAPA da Secretaria Municipal de Educa\u00e7\u00e3o<\/em><\/p>\n<p><strong>Monica de F\u00e1tima Laratta Vasconcelos<\/strong> &#8211; <em>Pedagoga, psicopedagoga Cl\u00ednica. Professora Alfabetizadora da Rede Municipal de S\u00e3o Paulo e atualmente atua no NAAPA da Secretaria Municipal de Educa\u00e7\u00e3o<\/em><\/p>\n<p><strong>Silvia Aparecida Santos de Carvalho<\/strong> \u2013 <em>Doutora em Educa\u00e7\u00e3o. Psicopedagoga. Coordenadora Pedag\u00f3gica da Rede Municipal de S\u00e3o Paulo. Atualmente coordena projetos de forma\u00e7\u00e3o para a cidadania na Escola do Parlamento da C\u00e2mara Municipal de S\u00e3o Paulo<\/em><\/p>\n<h2>Inscri\u00e7\u00f5es:<span style=\"color: #ff0000\"> encerradas<\/span><\/h2>\n<p>&nbsp;<\/p>\n<hr \/>\n<p><strong>Bibliografia:<\/strong><\/p>\n<p>S\u00e3o Paulo (SP). Secretaria Municipal de Educa\u00e7\u00e3o. Coordenadoria Pedag\u00f3gica. Curr\u00edculo da Cidade \u2013 S\u00e3o Paulo: SME\/COPED, 2019.<\/p>\n<p>S\u00e3o Paulo (SP). Secretaria Municipal de Educa\u00e7\u00e3o. Portaria n\u00ba 6.566 de 24 de novembro de 2014. Disp\u00f5e sobre a implanta\u00e7\u00e3o e implementa\u00e7\u00e3o do N\u00facleo de Apoio a Acompanhamento para a Aprendizagem \u2013 NAAPA. Di\u00e1rio Oficial da Cidade de 25 de novembro de 2015, p.12.<\/p>\n<p>S\u00e3o Paulo (SP). Secretaria Municipal de Educa\u00e7\u00e3o. Coordenadoria Pedag\u00f3gica. N\u00facleo de Apoio e Acompanhamento para Aprendizagem Caderno de debates do NAAPA : quest\u00f5es do cotidiano escolar. \u2013 S\u00e3o Paulo: SME \/ COPED, 2016.<\/p>\n<p>&nbsp;<\/p>\n","protected":false},"excerpt":{"rendered":"<p>Diretor Respons\u00e1vel: Alexsandro do Nascimento\u00a0Santos Coordenadora: Silvia Aparecida Santos de Carvalho Tendo em vista que o Curr\u00edculo Da Cidade se pauta pelos princ\u00edpios da Educa\u00e7\u00e3o Inclusiva, de Equidade e da Educa\u00e7\u00e3o Integral, \u00e9 desafio de cada educador da Rede Municipal de Ensino desenvolver estrat\u00e9gias que possibilitem que cada beb\u00ea , crian\u00e7a, adolescente, jovem ou adulto [&hellip;]<\/p>\n","protected":false},"author":522,"featured_media":0,"parent":17111,"menu_order":237,"comment_status":"closed","ping_status":"closed","template":"","meta":{"_acf_changed":false,"footnotes":""},"class_list":["post-17059","page","type-page","status-publish","hentry"],"acf":[],"_links":{"self":[{"href":"https:\/\/homolog.saopaulo.sp.leg.br\/escoladoparlamento\/wp-json\/wp\/v2\/pages\/17059","targetHints":{"allow":["GET"]}}],"collection":[{"href":"https:\/\/homolog.saopaulo.sp.leg.br\/escoladoparlamento\/wp-json\/wp\/v2\/pages"}],"about":[{"href":"https:\/\/homolog.saopaulo.sp.leg.br\/escoladoparlamento\/wp-json\/wp\/v2\/types\/page"}],"author":[{"embeddable":true,"href":"https:\/\/homolog.saopaulo.sp.leg.br\/escoladoparlamento\/wp-json\/wp\/v2\/users\/522"}],"replies":[{"embeddable":true,"href":"https:\/\/homolog.saopaulo.sp.leg.br\/escoladoparlamento\/wp-json\/wp\/v2\/comments?post=17059"}],"version-history":[{"count":5,"href":"https:\/\/homolog.saopaulo.sp.leg.br\/escoladoparlamento\/wp-json\/wp\/v2\/pages\/17059\/revisions"}],"predecessor-version":[{"id":17083,"href":"https:\/\/homolog.saopaulo.sp.leg.br\/escoladoparlamento\/wp-json\/wp\/v2\/pages\/17059\/revisions\/17083"}],"up":[{"embeddable":true,"href":"https:\/\/homolog.saopaulo.sp.leg.br\/escoladoparlamento\/wp-json\/wp\/v2\/pages\/17111"}],"wp:attachment":[{"href":"https:\/\/homolog.saopaulo.sp.leg.br\/escoladoparlamento\/wp-json\/wp\/v2\/media?parent=17059"}],"curies":[{"name":"wp","href":"https:\/\/api.w.org\/{rel}","templated":true}]}}