{"id":17070,"date":"2019-10-31T15:00:37","date_gmt":"2019-10-31T18:00:37","guid":{"rendered":"http:\/\/homolog.saopaulo.sp.leg.br\/escoladoparlamento\/?page_id=17070"},"modified":"2019-12-09T15:05:56","modified_gmt":"2019-12-09T18:05:56","slug":"boas-praticas-da-rede-municipal-de-educacao-de-sao-paulo-multiplicando-o-conhecimento","status":"publish","type":"page","link":"https:\/\/homolog.saopaulo.sp.leg.br\/escoladoparlamento\/cursos\/cursos-anteriores\/cursos-realizados-em-2019\/boas-praticas-da-rede-municipal-de-educacao-de-sao-paulo-multiplicando-o-conhecimento\/","title":{"rendered":"Boas Pr\u00e1ticas da Rede Municipal de Educa\u00e7\u00e3o de S\u00e3o Paulo: multiplicando o conhecimento"},"content":{"rendered":"<div>\n<p><a href=\"https:\/\/homolog.saopaulo.sp.leg.br\/escoladoparlamento\/wp-content\/uploads\/sites\/5\/2019\/10\/Escola-Contas.png\"><img loading=\"lazy\" decoding=\"async\" class=\"size-full wp-image-17029 alignright\" src=\"https:\/\/homolog.saopaulo.sp.leg.br\/escoladoparlamento\/wp-content\/uploads\/sites\/5\/2019\/10\/Escola-Contas.png\" alt=\"\" width=\"75\" height=\"150\" \/><\/a>Desde 2018, o TMCSP realiza o <em>Programa de Visita \u00e0s Escolas<\/em>, com o objetivo de mapear aspectos estruturais, administrativos e pedag\u00f3gicos das escolas de ensino fundamental da rede municipal.<\/p>\n<p>Nas visitas \u00e0s mais de 90 escolas ao longo desses 2 anos, foram descobertas boas pr\u00e1ticas pedag\u00f3gicas e de gest\u00e3o que podem ser compartilhadas e contribuir para elevar a qualidade da educa\u00e7\u00e3o municipal.<\/p>\n<p><strong>Objetivo:<\/strong>\u00a0Reconhecer e disseminar boas pr\u00e1ticas pedag\u00f3gicas e de gest\u00e3o das escolas de ensino fundamental da rede municipal de ensino de S\u00e3o Paulo.<\/p>\n<p><strong>Carga hor\u00e1ria:<\/strong>\u00a03h<\/p>\n<h3>27\/11\/2019 &#8211; 9h \u00e0s 12h<\/h3>\n<p>Abertura com apresenta\u00e7\u00e3o musical, relatos de pr\u00e1ticas e debates<\/p>\n<p>coment\u00e1rios do especialista Prof. Dr. Alexsandro do Nascimento Santos.<\/p>\n<h3><span style=\"color: #800000\">Local:<\/span> Escola Superior de Gest\u00e3o e Contas P\u00fablicas Conselheiro Eur\u00edpedes Sales<\/h3>\n<h3><a href=\"https:\/\/www.google.com.br\/maps\/place\/Av.+Professor+Ascendino+Reis,+1130+-+Vila+Clementino,+S%C3%A3o+Paulo+-+SP\/@-23.5996073,-46.6550672,17z\/data=!3m1!4b1!4m5!3m4!1s0x94ce5a185dc50551:0x41c50d2521470e47!8m2!3d-23.5996073!4d-46.6528785?hl=pt-BR\">Av. Prof. Ascendino Reis, 1130 <\/a>&#8211; Vila Clementino<\/h3>\n<h2><strong>Inscri\u00e7\u00f5es encerradas.<\/strong><\/h2>\n<\/div>\n","protected":false},"excerpt":{"rendered":"<p>Desde 2018, o TMCSP realiza o Programa de Visita \u00e0s Escolas, com o objetivo de mapear aspectos estruturais, administrativos e pedag\u00f3gicos das escolas de ensino fundamental da rede municipal. Nas visitas \u00e0s mais de 90 escolas ao longo desses 2 anos, foram descobertas boas pr\u00e1ticas pedag\u00f3gicas e de gest\u00e3o que podem ser compartilhadas e contribuir [&hellip;]<\/p>\n","protected":false},"author":522,"featured_media":0,"parent":15928,"menu_order":236,"comment_status":"closed","ping_status":"closed","template":"","meta":{"_acf_changed":false,"footnotes":""},"class_list":["post-17070","page","type-page","status-publish","hentry"],"acf":[],"_links":{"self":[{"href":"https:\/\/homolog.saopaulo.sp.leg.br\/escoladoparlamento\/wp-json\/wp\/v2\/pages\/17070","targetHints":{"allow":["GET"]}}],"collection":[{"href":"https:\/\/homolog.saopaulo.sp.leg.br\/escoladoparlamento\/wp-json\/wp\/v2\/pages"}],"about":[{"href":"https:\/\/homolog.saopaulo.sp.leg.br\/escoladoparlamento\/wp-json\/wp\/v2\/types\/page"}],"author":[{"embeddable":true,"href":"https:\/\/homolog.saopaulo.sp.leg.br\/escoladoparlamento\/wp-json\/wp\/v2\/users\/522"}],"replies":[{"embeddable":true,"href":"https:\/\/homolog.saopaulo.sp.leg.br\/escoladoparlamento\/wp-json\/wp\/v2\/comments?post=17070"}],"version-history":[{"count":5,"href":"https:\/\/homolog.saopaulo.sp.leg.br\/escoladoparlamento\/wp-json\/wp\/v2\/pages\/17070\/revisions"}],"predecessor-version":[{"id":17269,"href":"https:\/\/homolog.saopaulo.sp.leg.br\/escoladoparlamento\/wp-json\/wp\/v2\/pages\/17070\/revisions\/17269"}],"up":[{"embeddable":true,"href":"https:\/\/homolog.saopaulo.sp.leg.br\/escoladoparlamento\/wp-json\/wp\/v2\/pages\/15928"}],"wp:attachment":[{"href":"https:\/\/homolog.saopaulo.sp.leg.br\/escoladoparlamento\/wp-json\/wp\/v2\/media?parent=17070"}],"curies":[{"name":"wp","href":"https:\/\/api.w.org\/{rel}","templated":true}]}}