{"id":17119,"date":"2019-11-11T14:59:14","date_gmt":"2019-11-11T17:59:14","guid":{"rendered":"http:\/\/homolog.saopaulo.sp.leg.br\/escoladoparlamento\/?page_id=17119"},"modified":"2019-11-14T13:42:48","modified_gmt":"2019-11-14T16:42:48","slug":"xxv-ilu-na-mesa-ciclo-de-palestras-e-debates","status":"publish","type":"page","link":"https:\/\/homolog.saopaulo.sp.leg.br\/escoladoparlamento\/cursos\/cursos-anteriores\/cursos-realizados-em-2019\/xxv-ilu-na-mesa-ciclo-de-palestras-e-debates\/","title":{"rendered":"XXV Il\u00fa na Mesa &#8211; Ciclo de Palestras e Debates"},"content":{"rendered":"<p>O <em>Il\u00fa Ob\u00e1 De Min \u2013 Educa\u00e7\u00e3o, Cultura e Arte Negra<\/em> \u00e9 uma associa\u00e7\u00e3o paulistana, sem fins lucrativos, que tem como base o trabalho com as culturas de matriz africana, afro-brasileira e a mulher.<\/p>\n<p>Um dos trabalhos que realizam anualmente, sempre no m\u00eas de novembro, \u00e9 o <em>Il\u00fa na Mesa<\/em>, ciclo de palestras e debates entre membros da organiza\u00e7\u00e3o e da sociedade em geral, a partir das reflex\u00f5es e experi\u00eancias trazidas por convidadas especiais. A edi\u00e7\u00e3o deste ano tem como tema a <strong>Necropol\u00edtica &#8211; Opress\u00e3o e Viol\u00eancia<\/strong> e traz a discuss\u00e3o aqui para a C\u00e2mara Municipal de S\u00e3o Paulo.<\/p>\n<h2>13 de novembro &#8211; <a href=\"http:\/\/homolog.saopaulo.sp.leg.br\/transparencia\/auditorios-online\/auditorio-freitas-nobre-externo\/\">Audit\u00f3rio Freitas Nobre<\/a><\/h2>\n<h3><strong>19h \u00e0s 22h<\/strong> &#8211; Il\u00fa na Mesa<\/h3>\n<p>Convidadas:<\/p>\n<p><strong>Rosane Borges<\/strong> &#8211; <em>Jornalista, professora, pesquisadora do Colabor (ECA-USP), integrante do Core (Conselho Reinventando a Educa\u00e7\u00e3o) e do coletivo Aquilomb\u00f4, autora de diversos livros, entre eles &#8220;Espelho Infiel: O negro no jornalismo brasileiro, M\u00eddia e Racismo&#8221; e &#8220;Esbo\u00e7os de um Tempo Presente&#8221;<\/em><\/p>\n<p><strong>Melissa Cassimiro<\/strong> &#8211; <em>Advogada, Senior Consultant na empresa Accenture onde fez afirma\u00e7\u00e3o de g\u00eanero h\u00e1 2 anos e configurou-se o primeiro caso na Am\u00e9rica Latina, integrante do Pride Accenture Brasil (Comit\u00ea de Diversidade), do Coletivo Caneca na Mesa e do Il\u00fa Ob\u00e1 De Min<\/em><\/p>\n<p><strong>Francilene Gomes Fernandes<\/strong> &#8211; <em>Assistente social, base do Cress-SP, Mestre em Servi\u00e7o Social e doutoranda pela PUC-SP, professora universit\u00e1ria e militante do Movimento M\u00e3es de Maio<\/em><\/p>\n<p>Mediadora: <strong>Chris Gomes<\/strong> &#8211; <em>Jornalista, coordenadora de projetos da Funda\u00e7\u00e3o Rosa Luxemburgo e integrante da coordena\u00e7\u00e3o do naipe da dan\u00e7a do Bloco Afro Il\u00fa Ob\u00e1 De Min<\/em><\/p>\n<h3><span style=\"color: #ff6600\"><strong>N\u00e3o \u00e9 preciso inscri\u00e7\u00e3o pr\u00e9via. Compare\u00e7a!<\/strong><\/span><\/h3>\n","protected":false},"excerpt":{"rendered":"<p>O Il\u00fa Ob\u00e1 De Min \u2013 Educa\u00e7\u00e3o, Cultura e Arte Negra \u00e9 uma associa\u00e7\u00e3o paulistana, sem fins lucrativos, que tem como base o trabalho com as culturas de matriz africana, afro-brasileira e a mulher. Um dos trabalhos que realizam anualmente, sempre no m\u00eas de novembro, \u00e9 o Il\u00fa na Mesa, ciclo de palestras e debates [&hellip;]<\/p>\n","protected":false},"author":522,"featured_media":0,"parent":15928,"menu_order":234,"comment_status":"closed","ping_status":"closed","template":"","meta":{"_acf_changed":false,"footnotes":""},"class_list":["post-17119","page","type-page","status-publish","hentry"],"acf":[],"_links":{"self":[{"href":"https:\/\/homolog.saopaulo.sp.leg.br\/escoladoparlamento\/wp-json\/wp\/v2\/pages\/17119","targetHints":{"allow":["GET"]}}],"collection":[{"href":"https:\/\/homolog.saopaulo.sp.leg.br\/escoladoparlamento\/wp-json\/wp\/v2\/pages"}],"about":[{"href":"https:\/\/homolog.saopaulo.sp.leg.br\/escoladoparlamento\/wp-json\/wp\/v2\/types\/page"}],"author":[{"embeddable":true,"href":"https:\/\/homolog.saopaulo.sp.leg.br\/escoladoparlamento\/wp-json\/wp\/v2\/users\/522"}],"replies":[{"embeddable":true,"href":"https:\/\/homolog.saopaulo.sp.leg.br\/escoladoparlamento\/wp-json\/wp\/v2\/comments?post=17119"}],"version-history":[{"count":5,"href":"https:\/\/homolog.saopaulo.sp.leg.br\/escoladoparlamento\/wp-json\/wp\/v2\/pages\/17119\/revisions"}],"predecessor-version":[{"id":17129,"href":"https:\/\/homolog.saopaulo.sp.leg.br\/escoladoparlamento\/wp-json\/wp\/v2\/pages\/17119\/revisions\/17129"}],"up":[{"embeddable":true,"href":"https:\/\/homolog.saopaulo.sp.leg.br\/escoladoparlamento\/wp-json\/wp\/v2\/pages\/15928"}],"wp:attachment":[{"href":"https:\/\/homolog.saopaulo.sp.leg.br\/escoladoparlamento\/wp-json\/wp\/v2\/media?parent=17119"}],"curies":[{"name":"wp","href":"https:\/\/api.w.org\/{rel}","templated":true}]}}