{"id":17130,"date":"2019-11-13T17:16:54","date_gmt":"2019-11-13T20:16:54","guid":{"rendered":"http:\/\/homolog.saopaulo.sp.leg.br\/escoladoparlamento\/?page_id=17130"},"modified":"2019-11-25T19:06:42","modified_gmt":"2019-11-25T22:06:42","slug":"10o-encontro-de-estudos-das-origens-da-filosofia-contemporanea","status":"publish","type":"page","link":"https:\/\/homolog.saopaulo.sp.leg.br\/escoladoparlamento\/cursos\/cursos-anteriores\/cursos-realizados-em-2019\/10o-encontro-de-estudos-das-origens-da-filosofia-contemporanea\/","title":{"rendered":"10\u00ba Encontro de Estudos das Origens da Filosofia Contempor\u00e2nea"},"content":{"rendered":"<p><strong>Diretor Respons\u00e1vel: <\/strong>Alexsandro do Nascimento\u00a0Santos<\/p>\n<p><strong>Coordenador:<\/strong> Prof. Dr. Mario Ariel Gonz\u00e1lez Porta &#8211; <em>l\u00edder do grupo de Estudos CNPq Origens da Filosofia Contempor\u00e2nea<\/em><\/p>\n<p>Evento gratuito organizado pelo Grupo de Pesquisa Origens da Filosofia Contempor\u00e2nea da PUC-SP\u00a0que acontece entre os dias <strong>25 e 29 de novembro<\/strong> com confer\u00eancias e palestras de Professores e Pesquisadores brasileiros e estrangeiros.<\/p>\n<p>Desde sua terceira edi\u00e7\u00e3o, o encontro tem em sua programa\u00e7\u00e3o um <strong>MINICURSO INTRODUT\u00d3RIO<\/strong>. Neste ano, ele acontece aqui na C\u00e2mara Municipal e o tema abordado ser\u00e1 &#8220;Anal\u00edticos, Continentais e Can\u00f4nicos: revisitando a hist\u00f3ria das origens da filosofia contempor\u00e2nea&#8221;.<\/p>\n<p><strong>Objetivos:<\/strong> Ambientar os participantes nas discuss\u00f5es filos\u00f3ficas ocorridas no per\u00edodo da hist\u00f3ria da Filosofia compreendido entre o s\u00e9culo XIX e as primeiras d\u00e9cadas do s\u00e9culo XX, tendo como principal enfoque o modo como os movimentos e autores desse per\u00edodo influenciaram a filosofia contempor\u00e2nea, sobretudo, a distin\u00e7\u00e3o entre filosofia anal\u00edtica e filosofia continental.<\/p>\n<p><strong>Vagas:<\/strong> 100<\/p>\n<h2>25\/11 &#8211; <a href=\"http:\/\/homolog.saopaulo.sp.leg.br\/transparencia\/auditorios-online\/sala-sergio-vieira-de-mello-sala\/\">Sala S\u00e9rgio Vieira de Mello<\/a> &#8211; 9h \u00e0s 17h<\/h2>\n<p>Professor convidado: <strong>Gabriel Ferreira<\/strong> &#8211; <em>possui gradua\u00e7\u00e3o em Filosofia pela Faculdade de S\u00e3o Bento\/SP (2007), mestrado em Filosofia pela Pontif\u00edcia Universidade Cat\u00f3lica de S\u00e3o Paulo (2009) e doutorado em Filosofia pela Universidade do Vale do Rio dos Sinos UNISINOS (2015).<\/em><\/p>\n<h2><strong>Inscri\u00e7\u00f5es para o minicurso: <span style=\"color: #ff0000\">encerradas<\/span><\/strong><\/h2>\n<hr \/>\n<h3><span style=\"color: #ff0000\"><strong>ATEN\u00c7\u00c3O:<\/strong><\/span><\/h3>\n<p>Para as demais atividades do Encontro que acontecem no <a href=\"https:\/\/www.google.com.br\/maps\/place\/R.+Monte+Alegre,+984+-+Perdizes,+S%C3%A3o+Paulo+-+SP,+05014-001\/@-23.5380974,-46.673191,17z\/data=!3m1!4b1!4m5!3m4!1s0x94ce57f5f2707f39:0xc9e5efba3ce430ac!8m2!3d-23.5380974!4d-46.6710023?hl=pt-BR\">Campus Monte Alegre da PUC-SP<\/a>\u00a0n\u00e3o \u00e9 necess\u00e1rio inscri\u00e7\u00e3o pr\u00e9via. Os organizadores orientam apenas para os participantes chegarem com anteced\u00eancia.<\/p>\n<p><a href=\"https:\/\/www.facebook.com\/events\/719322545221985\/\">Clique aqui<\/a> para conferir a programa\u00e7\u00e3o completa das atividades ou acesse diretamente a p\u00e1gina do Evento no Facebook em <span style=\"color: #1888b8\">https:\/\/www.facebook.com\/events\/719322545221985\/<\/span><\/p>\n<p>&nbsp;<\/p>\n<p>&nbsp;<\/p>\n","protected":false},"excerpt":{"rendered":"<p>Diretor Respons\u00e1vel: Alexsandro do Nascimento\u00a0Santos Coordenador: Prof. Dr. Mario Ariel Gonz\u00e1lez Porta &#8211; l\u00edder do grupo de Estudos CNPq Origens da Filosofia Contempor\u00e2nea Evento gratuito organizado pelo Grupo de Pesquisa Origens da Filosofia Contempor\u00e2nea da PUC-SP\u00a0que acontece entre os dias 25 e 29 de novembro com confer\u00eancias e palestras de Professores e Pesquisadores brasileiros e [&hellip;]<\/p>\n","protected":false},"author":522,"featured_media":0,"parent":15928,"menu_order":233,"comment_status":"closed","ping_status":"closed","template":"","meta":{"_acf_changed":false,"footnotes":""},"class_list":["post-17130","page","type-page","status-publish","hentry"],"acf":[],"_links":{"self":[{"href":"https:\/\/homolog.saopaulo.sp.leg.br\/escoladoparlamento\/wp-json\/wp\/v2\/pages\/17130","targetHints":{"allow":["GET"]}}],"collection":[{"href":"https:\/\/homolog.saopaulo.sp.leg.br\/escoladoparlamento\/wp-json\/wp\/v2\/pages"}],"about":[{"href":"https:\/\/homolog.saopaulo.sp.leg.br\/escoladoparlamento\/wp-json\/wp\/v2\/types\/page"}],"author":[{"embeddable":true,"href":"https:\/\/homolog.saopaulo.sp.leg.br\/escoladoparlamento\/wp-json\/wp\/v2\/users\/522"}],"replies":[{"embeddable":true,"href":"https:\/\/homolog.saopaulo.sp.leg.br\/escoladoparlamento\/wp-json\/wp\/v2\/comments?post=17130"}],"version-history":[{"count":5,"href":"https:\/\/homolog.saopaulo.sp.leg.br\/escoladoparlamento\/wp-json\/wp\/v2\/pages\/17130\/revisions"}],"predecessor-version":[{"id":17189,"href":"https:\/\/homolog.saopaulo.sp.leg.br\/escoladoparlamento\/wp-json\/wp\/v2\/pages\/17130\/revisions\/17189"}],"up":[{"embeddable":true,"href":"https:\/\/homolog.saopaulo.sp.leg.br\/escoladoparlamento\/wp-json\/wp\/v2\/pages\/15928"}],"wp:attachment":[{"href":"https:\/\/homolog.saopaulo.sp.leg.br\/escoladoparlamento\/wp-json\/wp\/v2\/media?parent=17130"}],"curies":[{"name":"wp","href":"https:\/\/api.w.org\/{rel}","templated":true}]}}