{"id":17166,"date":"2019-11-21T15:55:21","date_gmt":"2019-11-21T18:55:21","guid":{"rendered":"http:\/\/homolog.saopaulo.sp.leg.br\/escoladoparlamento\/?page_id=17166"},"modified":"2019-11-25T19:08:16","modified_gmt":"2019-11-25T22:08:16","slug":"seminario-experiencias-internacionais-na-educacao-basica-e-fundamental","status":"publish","type":"page","link":"https:\/\/homolog.saopaulo.sp.leg.br\/escoladoparlamento\/cursos\/cursos-anteriores\/cursos-realizados-em-2019\/seminario-experiencias-internacionais-na-educacao-basica-e-fundamental\/","title":{"rendered":"Semin\u00e1rio Experi\u00eancias Internacionais na Educa\u00e7\u00e3o B\u00e1sica e Fundamental"},"content":{"rendered":"<figure id=\"attachment_17173\" aria-describedby=\"caption-attachment-17173\" style=\"width: 300px\" class=\"wp-caption alignright\"><a href=\"https:\/\/homolog.saopaulo.sp.leg.br\/escoladoparlamento\/wp-content\/uploads\/sites\/5\/2019\/11\/Frente-Parlamentar-e-Comiss\u00e3o.png\"><img loading=\"lazy\" decoding=\"async\" class=\"wp-image-17173 size-medium\" src=\"https:\/\/homolog.saopaulo.sp.leg.br\/escoladoparlamento\/wp-content\/uploads\/sites\/5\/2019\/11\/Frente-Parlamentar-e-Comiss\u00e3o-300x54.png\" alt=\"\" width=\"300\" height=\"54\" srcset=\"https:\/\/homolog.saopaulo.sp.leg.br\/escoladoparlamento\/wp-content\/uploads\/sites\/5\/2019\/11\/Frente-Parlamentar-e-Comiss\u00e3o-300x54.png 300w, https:\/\/homolog.saopaulo.sp.leg.br\/escoladoparlamento\/wp-content\/uploads\/sites\/5\/2019\/11\/Frente-Parlamentar-e-Comiss\u00e3o-768x138.png 768w, https:\/\/homolog.saopaulo.sp.leg.br\/escoladoparlamento\/wp-content\/uploads\/sites\/5\/2019\/11\/Frente-Parlamentar-e-Comiss\u00e3o-1024x185.png 1024w, https:\/\/homolog.saopaulo.sp.leg.br\/escoladoparlamento\/wp-content\/uploads\/sites\/5\/2019\/11\/Frente-Parlamentar-e-Comiss\u00e3o.png 1343w\" sizes=\"auto, (max-width: 300px) 100vw, 300px\" \/><\/a><figcaption id=\"caption-attachment-17173\" class=\"wp-caption-text\">Esta atividade \u00e9 uma parceria entre a Comiss\u00e3o Extraordin\u00e1ria de Rela\u00e7\u00f5es Internacionais da C\u00e2mara Municipal de S\u00e3o Paulo e a Frente Parlamentar de Coopera\u00e7\u00e3o Pol\u00edtica e Cultural Brasil, China, Cor\u00e9ia e Jap\u00e3o com o apoio da Escola do Parlamento da CMSP.<\/figcaption><\/figure>\n<p><strong>Diretor respons\u00e1vel:<\/strong> Alexsandro do Nascimento Santos<\/p>\n<p><strong>Objetivo:<\/strong> Estabelecer di\u00e1logo em torno da agenda educacional brasileira a partir de experi\u00eancias internacionais exitosas desenvolvidas por governos em diferentes contextos.<\/p>\n<h2>25\/11 das 9h &#8211; 18h<\/h2>\n<h2><strong>Inscri\u00e7\u00f5es:<\/strong> <span style=\"color: #ff0000\">encerradas<\/span><\/h2>\n<p><strong>9h<\/strong> Abertura<\/p>\n<p><strong>10h<\/strong> O Caminho da grande pot\u00eancia passa pela educa\u00e7\u00e3o &#8211; <em>Dra. Xiaoshu Zhu, Diretorado Instituto Conf\u00facio\/China<\/em><\/p>\n<p><strong>11h<\/strong> Salto para o futuro &#8211; <em>Prof. Jungmin OH, Diretor do Centro de Educa\u00e7\u00e3o Coreana em S\u00e3o Paulo e membro do minist\u00e9rio de Educa\u00e7\u00e3o da Cor\u00e9ia do Sul<\/em><\/p>\n<p><strong>12h<\/strong> O melhor dos dois mundos &#8211; <em>Profa. Mayumi Kawamura, s\u00f3cia e diretora do col\u00e9gio Oshiman\/Jap\u00e3o<\/em><\/p>\n<p><strong>13h<\/strong> Almo\u00e7o<\/p>\n<p><strong>14h<\/strong> Gamifica\u00e7\u00e3o na Educa\u00e7\u00e3o como metodologia para engajar e motivar alunos &#8211; <em>Pasi Loman, Diretor Seppo Brasil\/Finl\u00e2ndia<\/em><\/p>\n<p><strong>15h<\/strong> O modelo chileno de educa\u00e7\u00e3o: desafios e conquistas dos \u00faltimos 20 anos &#8211; <em>C\u00f4nsul do Chile em S\u00e3o Paulo (a confirmar)<\/em><\/p>\n<p><strong>16h<\/strong> Debate com participa\u00e7\u00e3o do p\u00fablico<\/p>\n<p><strong>18h<\/strong> Encerramento<\/p>\n","protected":false},"excerpt":{"rendered":"<p>Diretor respons\u00e1vel: Alexsandro do Nascimento Santos Objetivo: Estabelecer di\u00e1logo em torno da agenda educacional brasileira a partir de experi\u00eancias internacionais exitosas desenvolvidas por governos em diferentes contextos. 25\/11 das 9h &#8211; 18h Inscri\u00e7\u00f5es: encerradas 9h Abertura 10h O Caminho da grande pot\u00eancia passa pela educa\u00e7\u00e3o &#8211; Dra. Xiaoshu Zhu, Diretorado Instituto Conf\u00facio\/China 11h Salto para [&hellip;]<\/p>\n","protected":false},"author":127,"featured_media":0,"parent":15928,"menu_order":231,"comment_status":"closed","ping_status":"closed","template":"","meta":{"_acf_changed":false,"footnotes":""},"class_list":["post-17166","page","type-page","status-publish","hentry"],"acf":[],"_links":{"self":[{"href":"https:\/\/homolog.saopaulo.sp.leg.br\/escoladoparlamento\/wp-json\/wp\/v2\/pages\/17166","targetHints":{"allow":["GET"]}}],"collection":[{"href":"https:\/\/homolog.saopaulo.sp.leg.br\/escoladoparlamento\/wp-json\/wp\/v2\/pages"}],"about":[{"href":"https:\/\/homolog.saopaulo.sp.leg.br\/escoladoparlamento\/wp-json\/wp\/v2\/types\/page"}],"author":[{"embeddable":true,"href":"https:\/\/homolog.saopaulo.sp.leg.br\/escoladoparlamento\/wp-json\/wp\/v2\/users\/127"}],"replies":[{"embeddable":true,"href":"https:\/\/homolog.saopaulo.sp.leg.br\/escoladoparlamento\/wp-json\/wp\/v2\/comments?post=17166"}],"version-history":[{"count":5,"href":"https:\/\/homolog.saopaulo.sp.leg.br\/escoladoparlamento\/wp-json\/wp\/v2\/pages\/17166\/revisions"}],"predecessor-version":[{"id":17190,"href":"https:\/\/homolog.saopaulo.sp.leg.br\/escoladoparlamento\/wp-json\/wp\/v2\/pages\/17166\/revisions\/17190"}],"up":[{"embeddable":true,"href":"https:\/\/homolog.saopaulo.sp.leg.br\/escoladoparlamento\/wp-json\/wp\/v2\/pages\/15928"}],"wp:attachment":[{"href":"https:\/\/homolog.saopaulo.sp.leg.br\/escoladoparlamento\/wp-json\/wp\/v2\/media?parent=17166"}],"curies":[{"name":"wp","href":"https:\/\/api.w.org\/{rel}","templated":true}]}}