{"id":17221,"date":"2019-12-02T14:24:26","date_gmt":"2019-12-02T17:24:26","guid":{"rendered":"http:\/\/homolog.saopaulo.sp.leg.br\/escoladoparlamento\/?page_id=17221"},"modified":"2019-12-13T17:43:54","modified_gmt":"2019-12-13T20:43:54","slug":"seguranca-publica-urbana-e-metropolitana-agenda-no-poder-legislativo","status":"publish","type":"page","link":"https:\/\/homolog.saopaulo.sp.leg.br\/escoladoparlamento\/cursos\/cursos-anteriores\/cursos-realizados-em-2019\/seguranca-publica-urbana-e-metropolitana-agenda-no-poder-legislativo\/","title":{"rendered":"Seguran\u00e7a P\u00fablica, Urbana e Metropolitana: agenda no Poder Legislativo"},"content":{"rendered":"<p><a href=\"https:\/\/homolog.saopaulo.sp.leg.br\/escoladoparlamento\/wp-content\/uploads\/sites\/5\/2019\/12\/Logo-ISDP-para-p\u00e1gina.png\"><img loading=\"lazy\" decoding=\"async\" class=\"alignright wp-image-17223 size-full\" src=\"https:\/\/homolog.saopaulo.sp.leg.br\/escoladoparlamento\/wp-content\/uploads\/sites\/5\/2019\/12\/Logo-ISDP-para-p\u00e1gina-e1575305675296.png\" alt=\"\" width=\"250\" height=\"129\" \/><\/a>Semin\u00e1rio promovido pelo <em>Instituto Sou da Paz<\/em> e pela <em>Escola do Parlamento<\/em> com foco na interface entre o Poder Legislativo Federal, a agenda nacional de seguran\u00e7a p\u00fablica e a perspectiva municipal no combate \u00e0 viol\u00eancia.<\/p>\n<p><strong>Objetivos:<\/strong><\/p>\n<ul>\n<li>Disseminar e discutir as an\u00e1lises sobre a atua\u00e7\u00e3o do Congresso Nacional no campo da seguran\u00e7a p\u00fablica, produzidas pelo <em>Instituto Sou da Paz<\/em> no per\u00edodo de 2015-2018;<\/li>\n<li>Instituir um espa\u00e7o de di\u00e1logo e troca sobre as quest\u00f5es relativas \u00e0 seguran\u00e7a p\u00fablica, seguran\u00e7a urbana e seguran\u00e7a metropolitana na C\u00e2mara Municipal de S\u00e3o Paulo;<\/li>\n<li>Promover o encontro de especialistas, estudiosos, agentes p\u00fablicos e membros da sociedade civil para refletir sobre as oportunidades para a a\u00e7\u00e3o legislativa na pauta de seguran\u00e7a p\u00fablica, seguran\u00e7a urbana e seguran\u00e7a metropolitana.<\/li>\n<\/ul>\n<p><strong>P\u00fablico alvo<\/strong>: Parlamentares, jornalistas, pesquisadores, sociedade civil, demais interessados.<\/p>\n<p><strong>Vagas: <\/strong>120 vagas<\/p>\n<h2><strong>13 de dezembro &#8211; 9h30 \u00e0s 17h<br \/>\n<\/strong><a href=\"http:\/\/homolog.saopaulo.sp.leg.br\/transparencia\/auditorios-online\/auditorio-prestes-maia\/\">Audit\u00f3rio Prestes Maia<\/a><\/h2>\n<h2>Inscri\u00e7\u00f5es: <span style=\"color: #ff0000\">encerradas<\/span><\/h2>\n<p><strong>Programa\u00e7\u00e3o:<\/strong><\/p>\n<p><strong>9h30-10h<\/strong> &#8211; Mesa de Abertura e apresenta\u00e7\u00e3o da pesquisa <em>O Papel do Legislativo na Seguran\u00e7a P\u00fablica &#8211; an\u00e1lise da atua\u00e7\u00e3o do Congresso Nacional<\/em><\/p>\n<p><strong>Vereador Eduardo Tuma<\/strong><em> &#8211; Presidente da C\u00e2mara Municipal de S\u00e3o Paulo<br \/>\n<\/em><strong>Alexsandro do Nascimento Santos<\/strong> <em>&#8211; Presidente da Escola do Parlamento<br \/>\n<\/em><strong>Felippe Angeli<\/strong><em> &#8211; Gerente de Advocacy no Instituto Sou da Paz e coordenador da pesquisa<\/em><\/p>\n<hr \/>\n<p>10h30-12h &#8211; <strong>Painel I<\/strong> &#8211; Congressistas e Prefeitos: vis\u00f5es convergentes para a a Seguran\u00e7a P\u00fablica?<\/p>\n<p><strong>Samia Bonfim<\/strong><em> &#8211; Deputada Federal (PSOL\/SP)<br \/>\n<\/em><strong>Fernando Ferrari<\/strong><em> &#8211; Bancada Ativista da Assembleia Legislativa de SP<br \/>\n<\/em><strong>Kiko Celeguim<\/strong><em> &#8211; Prefeito de Franco da Rocha (PT\/SP)<br \/>\n<\/em><strong>Fernando Fernandes Filho<\/strong><em> \u2013 Prefeito de Tabo\u00e3o da Serra (PSDB\/SP)<\/em><\/p>\n<p>Mediadora: <strong>Carolina Ricardo<\/strong> &#8211; <em>diretora-executiva do Instituto Sou da Paz<\/em><\/p>\n<hr \/>\n<p>13h30-15h &#8211; <strong>Painel II<\/strong> &#8211; Sociedade Civil, Seguran\u00e7a P\u00fablica e Pol\u00edticas Municipais<\/p>\n<p><strong>Michele dos Ramos<\/strong> &#8211; <em>Instituto Igarap\u00e9<\/em><br \/>\n<strong>Igor Pantoja &#8211; <\/strong><em>Rede Nossa SP<\/em><br \/>\n<strong>Eduardo Suplicy<\/strong> \u2013 <em>Vereador (PT\/SP)<\/em><br \/>\n<strong>Adriana Ramalho<\/strong> \u2013 <em>Vereadora (PSDB\/SP)<\/em><\/p>\n<p>Mediadora:<strong> Carolina Souto &#8211; <\/strong><em>Assistente de Advocacy do Instituto Sou da Paz<\/em><\/p>\n<hr \/>\n<p>15h30-17h &#8211; <strong>Painel III<\/strong> &#8211; Seguran\u00e7a P\u00fablica, Urbana e Metropolitana: oportunidades e desafios<\/p>\n<p><strong>Coronel Jos\u00e9 Roberto<\/strong><em> &#8211; Secret\u00e1rio Municipal de Seguran\u00e7a Urbana\u00a0de S. Paulo<br \/>\n<\/em><strong>Coronel Temistocles Telmo <\/strong><em>&#8211; Pol\u00edcia Militar<br \/>\n<\/em><strong>Soninha Francine<\/strong><em> \u2013 Vereadora (Cidadania\/SP)<br \/>\n<\/em><strong>Reis<\/strong> <em>\u2013 Vereador e 1\u00ba Secret\u00e1rio da Mesa Diretora da C\u00e2mara (PT\/SP)<\/em><\/p>\n<p>Mediador: <strong>Bruno Langeani &#8211; <\/strong><em>Gerente de Sistemas de Justi\u00e7a e Seguran\u00e7a P\u00fablica do Instituto Sou da Paz<\/em><\/p>\n","protected":false},"excerpt":{"rendered":"<p>Semin\u00e1rio promovido pelo Instituto Sou da Paz e pela Escola do Parlamento com foco na interface entre o Poder Legislativo Federal, a agenda nacional de seguran\u00e7a p\u00fablica e a perspectiva municipal no combate \u00e0 viol\u00eancia. Objetivos: Disseminar e discutir as an\u00e1lises sobre a atua\u00e7\u00e3o do Congresso Nacional no campo da seguran\u00e7a p\u00fablica, produzidas pelo Instituto [&hellip;]<\/p>\n","protected":false},"author":522,"featured_media":0,"parent":15928,"menu_order":220,"comment_status":"closed","ping_status":"closed","template":"","meta":{"_acf_changed":false,"footnotes":""},"class_list":["post-17221","page","type-page","status-publish","hentry"],"acf":[],"_links":{"self":[{"href":"https:\/\/homolog.saopaulo.sp.leg.br\/escoladoparlamento\/wp-json\/wp\/v2\/pages\/17221","targetHints":{"allow":["GET"]}}],"collection":[{"href":"https:\/\/homolog.saopaulo.sp.leg.br\/escoladoparlamento\/wp-json\/wp\/v2\/pages"}],"about":[{"href":"https:\/\/homolog.saopaulo.sp.leg.br\/escoladoparlamento\/wp-json\/wp\/v2\/types\/page"}],"author":[{"embeddable":true,"href":"https:\/\/homolog.saopaulo.sp.leg.br\/escoladoparlamento\/wp-json\/wp\/v2\/users\/522"}],"replies":[{"embeddable":true,"href":"https:\/\/homolog.saopaulo.sp.leg.br\/escoladoparlamento\/wp-json\/wp\/v2\/comments?post=17221"}],"version-history":[{"count":5,"href":"https:\/\/homolog.saopaulo.sp.leg.br\/escoladoparlamento\/wp-json\/wp\/v2\/pages\/17221\/revisions"}],"predecessor-version":[{"id":17300,"href":"https:\/\/homolog.saopaulo.sp.leg.br\/escoladoparlamento\/wp-json\/wp\/v2\/pages\/17221\/revisions\/17300"}],"up":[{"embeddable":true,"href":"https:\/\/homolog.saopaulo.sp.leg.br\/escoladoparlamento\/wp-json\/wp\/v2\/pages\/15928"}],"wp:attachment":[{"href":"https:\/\/homolog.saopaulo.sp.leg.br\/escoladoparlamento\/wp-json\/wp\/v2\/media?parent=17221"}],"curies":[{"name":"wp","href":"https:\/\/api.w.org\/{rel}","templated":true}]}}