{"id":17486,"date":"2020-02-12T14:20:13","date_gmt":"2020-02-12T17:20:13","guid":{"rendered":"http:\/\/homolog.saopaulo.sp.leg.br\/escoladoparlamento\/?page_id=17486"},"modified":"2020-11-12T18:20:31","modified_gmt":"2020-11-12T21:20:31","slug":"simulador-eleitoral","status":"publish","type":"page","link":"https:\/\/homolog.saopaulo.sp.leg.br\/escoladoparlamento\/cursos\/cursos-anteriores\/cursos-realizados-em-2020\/simulador-eleitoral\/","title":{"rendered":"Simulador Eleitoral"},"content":{"rendered":"<p><strong>Diretor Respons\u00e1vel:<\/strong>\u00a0 Gustavo Dias<\/p>\n<p><strong>Coordenador:<\/strong>\u00a0 Lu\u00eds Fernando \u00c9boli Kimaid<\/p>\n<p>O Simulador Eleitoral da <em>B\u00fassola Tech<\/em> \u00e9 uma atividade que tem como objetivo trazer a concretude da experi\u00eancia de uma campanha eleitoral &#8211; as decis\u00f5es estrat\u00e9gicas que precisam ser tomadas, assim como os dilemas \u00e9ticos envolvidos. Durante o programa, os participantes estar\u00e3o imersos em din\u00e2micas de estrat\u00e9gia de campanhas eleitorais e tomadas de decis\u00f5es situacionais para resolver desafios da campanha. Para isto, os participantes precisar\u00e3o resolver dilemas \u00e9ticos e profissionais que surgir\u00e3o naturalmente dentro da simula\u00e7\u00e3o, assim como aqueles que ser\u00e3o instigados pela organiza\u00e7\u00e3o.<\/p>\n<p>Durante a simula\u00e7\u00e3o, os participantes formar\u00e3o parte de um comit\u00ea estrat\u00e9gico para assessorar uma das cinco candidaturas \u00e0 Prefeitura de uma cidade de porte m\u00e9dio.<\/p>\n<p>Os t\u00f3picos que esta atividade inclui s\u00e3o: gerenciamento de equipe de campanha e de crises, a complexidade das decis\u00f5es de uma campanha eleitoral, posicionamento em rela\u00e7\u00e3o \u00e0s regras eleitorais, resolu\u00e7\u00e3o de conflitos, negocia\u00e7\u00e3o, e enfrentamento das consequ\u00eancias da vit\u00f3ria e de uma eventual derrota.<\/p>\n<p>Os participantes v\u00e3o simular a intera\u00e7\u00e3o estrat\u00e9gica durante as cinco \u00faltimas semanas de campanha eleitoral. Para cada uma dessas semanas, cada equipe precisar\u00e1 decidir como gastar a verba de m\u00eddia e comunica\u00e7\u00e3o para o sua candidatura. Cada um pode defender suas pr\u00f3prias ideias ou atacar uma ou mais posi\u00e7\u00f5es de outros candidatos. Haver\u00e1 um tempo dispon\u00edvel para que as equipes se re\u00fanam com membros de outras campanhas e discutam sinergia de ideias e interesses.<\/p>\n<p><strong>P\u00fablico alvo:<\/strong> Profissionais que desejam atuar em campanhas eleitorais nas elei\u00e7\u00f5es municipais de 2020, estudantes de ci\u00eancia pol\u00edtica e demais interessados.<\/p>\n<p><strong>Vagas:<\/strong>\u00a0 60<\/p>\n<p><strong>Carga hor\u00e1ria total:<\/strong> 6 horas<\/p>\n<h2>Inscri\u00e7\u00f5es: <span style=\"color: #ff0000\">encerradas<\/span><\/h2>\n<p><strong>Programa\u00e7\u00e3o:<\/strong><\/p>\n<table>\n<tbody>\n<tr>\n<td style=\"text-align: center\"><strong>Data\/hor\u00e1rio\/local<\/strong><\/td>\n<td style=\"text-align: center\"><strong>Bloco<\/strong><\/td>\n<td style=\"text-align: center\"><strong>Palestrante<\/strong><\/td>\n<td style=\"text-align: center\"><strong>Tema da palestra\/aula<\/strong><\/td>\n<\/tr>\n<tr>\n<td rowspan=\"3\">\n<p style=\"text-align: center\"><strong>18\/02\/2020<\/strong><\/p>\n<p style=\"text-align: center\">19h \u00e0s 22h<\/p>\n<p style=\"text-align: center\"><a href=\"https:\/\/homolog.saopaulo.sp.leg.br\/transparencia\/auditorios-online\/sala-oscar-pedroso-horta-sala-b\/\">Sala Oscar Pedroso Horta<\/a><br \/>\nClique <a href=\"http:\/\/www.nucleomedia.com.br\/skin.asp?id_t=47704&amp;t=&amp;p=0&amp;tipo=&amp;tipom=&amp;form=&amp;tipo_apresentacao=0&amp;html5=true&amp;lang=pt-br&amp;embed=&amp;tempo=\">AQUI<\/a> para assistir ao encontro<\/p>\n<\/td>\n<td style=\"text-align: center\">1\u00ba<\/td>\n<td style=\"text-align: center\">David Meneses<\/td>\n<td style=\"text-align: center\">Estrat\u00e9gica, teoria dos jogos e negocia\u00e7\u00e3o.<\/td>\n<\/tr>\n<tr>\n<td style=\"text-align: center\">2\u00ba<\/td>\n<td style=\"text-align: center\">David Meneses\/ Lu\u00eds Kimaid<\/td>\n<td style=\"text-align: center\">Explica\u00e7\u00e3o do jogo<\/td>\n<\/tr>\n<tr>\n<td style=\"text-align: center\">3\u00ba<\/td>\n<td style=\"text-align: center\">David Meneses\/ Lu\u00eds Kimaid<\/td>\n<td style=\"text-align: center\">Simula\u00e7\u00e3o (duas primeiras semanas da campanha eleitoral)<\/td>\n<\/tr>\n<tr>\n<td rowspan=\"3\">\n<p style=\"text-align: center\"><strong>20\/02\/2020<\/strong><\/p>\n<p style=\"text-align: center\">19h \u00e0s 22h<\/p>\n<p style=\"text-align: center\"><a href=\"http:\/\/homolog.saopaulo.sp.leg.br\/transparencia\/auditorios-online\/auditorio-prestes-maia\/\">Audit\u00f3rio Prestes Maia<\/a><\/p>\n<\/td>\n<td style=\"text-align: center\">1\u00ba<\/td>\n<td style=\"text-align: center\">David Meneses\/ Lu\u00eds Kimaid<\/td>\n<td style=\"text-align: center\">Introdu\u00e7\u00e3o &#8211; mostrar resultados e not\u00edcias do dia anterior<\/td>\n<\/tr>\n<tr>\n<td style=\"text-align: center\">2\u00ba<\/td>\n<td style=\"text-align: center\">David Meneses\/ Lu\u00eds Kimaid<\/td>\n<td style=\"text-align: center\">Simula\u00e7\u00e3o (tr\u00eas \u00faltimas semanas da campanha eleitoral)<\/td>\n<\/tr>\n<tr>\n<td style=\"text-align: center\">3\u00ba<\/td>\n<td style=\"text-align: center\">David Meneses\/ Lu\u00eds Kimaid<\/td>\n<td style=\"text-align: center\">Dilemas \u00e9ticos enfrentados<\/td>\n<\/tr>\n<\/tbody>\n<\/table>\n<p><strong>Lu\u00eds Fernando \u00c9boli Kimaid<\/strong> \u00e9 <em>Internacionalista e Cientista Pol\u00edtico. Liderou a equipe de Compliance para Am\u00e9rica Latina, no Google. Atuou na Secretaria de Planejamento do Estado de SP, na unidade de financiamento de projetos estrat\u00e9gicos; e agora \u00e9 Fundador e CEO da B\u00fassola Tech. Atua em pesquisa acad\u00eamica na \u00e1rea de Democracia e tomada de decis\u00e3o a partir de uma perspectiva digital.<\/em><\/p>\n<p><strong>David Meneses<\/strong> \u00e9 j<em>unkie pol\u00edtico com experi\u00eancia demonstrada em investiga\u00e7\u00e3o da opini\u00e3o p\u00fablica, estrat\u00e9gia pol\u00edtica, comunica\u00e7\u00e3o pol\u00edtica, campanhas eleitorais e responsabilidade social corporativa.\u00a0 Com mestrados em direito (LL.M.) na George Washington University, forte \u00eanfase no desenvolvimento de projetos interinstitucionais e multinacionais, com experi\u00eancia acad\u00eamica e pr\u00e1tica em v\u00e1rios pa\u00edses da Am\u00e9rica Latina e Estados Unidos.<\/em><\/p>\n","protected":false},"excerpt":{"rendered":"<p>Diretor Respons\u00e1vel:\u00a0 Gustavo Dias Coordenador:\u00a0 Lu\u00eds Fernando \u00c9boli Kimaid O Simulador Eleitoral da B\u00fassola Tech \u00e9 uma atividade que tem como objetivo trazer a concretude da experi\u00eancia de uma campanha eleitoral &#8211; as decis\u00f5es estrat\u00e9gicas que precisam ser tomadas, assim como os dilemas \u00e9ticos envolvidos. Durante o programa, os participantes estar\u00e3o imersos em din\u00e2micas de [&hellip;]<\/p>\n","protected":false},"author":522,"featured_media":0,"parent":17641,"menu_order":226,"comment_status":"closed","ping_status":"closed","template":"","meta":{"_acf_changed":false,"footnotes":""},"class_list":["post-17486","page","type-page","status-publish","hentry"],"acf":[],"_links":{"self":[{"href":"https:\/\/homolog.saopaulo.sp.leg.br\/escoladoparlamento\/wp-json\/wp\/v2\/pages\/17486","targetHints":{"allow":["GET"]}}],"collection":[{"href":"https:\/\/homolog.saopaulo.sp.leg.br\/escoladoparlamento\/wp-json\/wp\/v2\/pages"}],"about":[{"href":"https:\/\/homolog.saopaulo.sp.leg.br\/escoladoparlamento\/wp-json\/wp\/v2\/types\/page"}],"author":[{"embeddable":true,"href":"https:\/\/homolog.saopaulo.sp.leg.br\/escoladoparlamento\/wp-json\/wp\/v2\/users\/522"}],"replies":[{"embeddable":true,"href":"https:\/\/homolog.saopaulo.sp.leg.br\/escoladoparlamento\/wp-json\/wp\/v2\/comments?post=17486"}],"version-history":[{"count":5,"href":"https:\/\/homolog.saopaulo.sp.leg.br\/escoladoparlamento\/wp-json\/wp\/v2\/pages\/17486\/revisions"}],"predecessor-version":[{"id":24758,"href":"https:\/\/homolog.saopaulo.sp.leg.br\/escoladoparlamento\/wp-json\/wp\/v2\/pages\/17486\/revisions\/24758"}],"up":[{"embeddable":true,"href":"https:\/\/homolog.saopaulo.sp.leg.br\/escoladoparlamento\/wp-json\/wp\/v2\/pages\/17641"}],"wp:attachment":[{"href":"https:\/\/homolog.saopaulo.sp.leg.br\/escoladoparlamento\/wp-json\/wp\/v2\/media?parent=17486"}],"curies":[{"name":"wp","href":"https:\/\/api.w.org\/{rel}","templated":true}]}}