{"id":17533,"date":"2020-02-20T14:14:50","date_gmt":"2020-02-20T17:14:50","guid":{"rendered":"http:\/\/homolog.saopaulo.sp.leg.br\/escoladoparlamento\/?page_id=17533"},"modified":"2025-04-05T01:18:46","modified_gmt":"2025-04-05T04:18:46","slug":"linguagem-simples-e-poder-publico-como-democratizar-o-acesso-a-informacao","status":"publish","type":"page","link":"https:\/\/homolog.saopaulo.sp.leg.br\/escoladoparlamento\/cursos\/cursos-anteriores\/cursos-realizados-em-2020\/linguagem-simples-e-poder-publico-como-democratizar-o-acesso-a-informacao\/","title":{"rendered":"Webinar | Linguagem Simples e Poder P\u00fablico: Como aumentar a efetividade da Administra\u00e7\u00e3o P\u00fablica em situa\u00e7\u00f5es de crise"},"content":{"rendered":"<p><strong>Diretor Respons\u00e1vel:<\/strong> Gustavo Costa Dias<\/p>\n<p>A linguagem simples facilita a rela\u00e7\u00e3o entre o poder p\u00fablico e a popula\u00e7\u00e3o. Torna a comunica\u00e7\u00e3o acess\u00edvel por meio do uso de termos mais amig\u00e1veis e comuns, al\u00e9m de reduzir o uso de elementos lingu\u00edsticos que dificultam a leitura, mesmo de pessoas com alta escolaridade.<\/p>\n<p>E S\u00e3o Paulo tem registrado iniciativas nesse sentido. O Executivo Municipal instituiu o Programa Municipal de Linguagem Simples, por meio do Decreto n\u00ba 59.067 de 11 de novembro de 2019, e o Legislativo Municipal aprovou a Pol\u00edtica Municipal de Linguagem Simples, Lei Municipal n\u00ba 17.316, de 06 de mar\u00e7o de 2020.<\/p>\n<p>Tais iniciativas prop\u00f5em que o setor p\u00fablico passe a elaborar textos mais f\u00e1ceis de ler, seguindo um movimento bem-sucedido em pelo menos 11 pa\u00edses &#8211; os governos internacionais seguem a t\u00e9cnica de comunica\u00e7\u00e3o Plain Language (em portugu\u00eas, Linguagem Simples), que compreende uma s\u00e9rie de diretrizes de escrita, estrutura da informa\u00e7\u00e3o e design.<\/p>\n<p>A atual crise causada pelo coronav\u00edrus (Covid-19) exige que Administra\u00e7\u00e3o P\u00fablica implemente, de forma \u00e1gil, os preceitos da Linguagem Simples n\u00e3o apenas para fornecer respostas r\u00e1pidas e orienta\u00e7\u00f5es claras, mas tamb\u00e9m para promover maior transpar\u00eancia e uma comunica\u00e7\u00e3o mais efetiva com toda a popula\u00e7\u00e3o, em especial com as pessoas em maior situa\u00e7\u00e3o de vulnerabilidade<\/p>\n<p><strong>Objetivos:<\/strong> O semin\u00e1rio ir\u00e1 propor reflex\u00f5es sobre a import\u00e2ncia de o setor p\u00fablico usar as diretrizes de Linguagem Simples para promover a igualdade, a cidadania e a resposta r\u00e1pida em situa\u00e7\u00f5es de crise.<\/p>\n<p><strong>P\u00fablico Alvo:\u00a0<\/strong>Cidad\u00e3os e Servidores P\u00fablicos com interesse no tema, estudiosos e especialistas em Linguagem Simples.<\/p>\n<p><strong>Vagas:<\/strong> 500<\/p>\n<p><strong>Carga hor\u00e1ria:<\/strong> 1h30<\/p>\n<h3>11 de maio, \u00e0s 14h &#8211; Em casa<\/h3>\n<h2>REVEJA O EVENTO CLICANDO <a href=\"https:\/\/youtu.be\/JG3kPWnfM-o\">AQUI<\/a><\/h2>\n<h2><strong>INSCRI\u00c7\u00d5ES: <span style=\"color: #ff0000\">encerradas<\/span><\/strong><\/h2>\n<p><strong>Observa\u00e7\u00f5es:<\/strong><\/p>\n<p>As inscri\u00e7\u00f5es ser\u00e3o realizadas via plataforma Sympla, para gera\u00e7\u00e3o de certificado, <strong>ap\u00f3s resposta de question\u00e1rio online<\/strong> a ser fornecido pela Escola do Parlamento.<\/p>\n<p><strong>Programa\u00e7\u00e3o:<\/strong><\/p>\n<table style=\"height: 1165px\" width=\"627\">\n<tbody>\n<tr>\n<td width=\"106\">\n<p style=\"text-align: center\"><strong>Data\/Hora<\/strong><\/p>\n<\/td>\n<td style=\"text-align: center\" width=\"130\"><\/td>\n<td style=\"text-align: center\" width=\"176\"><strong>Palestrante <\/strong><\/td>\n<td style=\"text-align: center\" width=\"199\"><strong>Tema<\/strong><\/td>\n<\/tr>\n<tr>\n<td width=\"106\">\n<p style=\"text-align: center\"><strong>11\/5<\/strong><\/p>\n<p style=\"text-align: center\"><strong>14h-15h<\/strong><\/p>\n<\/td>\n<td width=\"130\">\n<p style=\"text-align: center\">#EmCasa<\/p>\n<\/td>\n<td width=\"176\"><strong>Ver. Eduardo Tuma<\/strong> <em>Presidente da C\u00e2mara Municipal de S\u00e3o Paulo (a confirmar)<\/em><\/p>\n<p><strong>Juan Quir\u00f3s<\/strong> \u00a0<em>Secret\u00e1rio Municipal de Inova\u00e7\u00e3o e Tecnologia da Prefeitura de SP\u00a0 \u00a0 \u00a0 \u00a0 \u00a0\u00a0<\/em><\/p>\n<p><strong>Ver. Daniel Annenberg\u00a0 \u00a0 \u00a0 \u00a0 \u00a0 <\/strong>Autor do PL 226\/2019 (02\/04\/2019).<\/p>\n<p><strong>Dr\u00aa Maria Nazar\u00e9 Lins Barbosa<\/strong><br \/>\n<em>Procuradora Chefe da C\u00e2mara Municipal da S\u00e3o Paulo<\/em><\/p>\n<p><strong>Gustavo Costa Dias<\/strong> <em>Diretor Acad\u00eamico da Escola do Parlamento<\/em><\/p>\n<p><strong>Heloisa Fischer<\/strong> &#8211; E<em>specialista em aplica\u00e7\u00e3o da Linguagem Simples na Administra\u00e7\u00e3o P\u00fablica<\/em><\/p>\n<p>&nbsp;<\/td>\n<td width=\"199\">\n<p style=\"text-align: center\"><strong>Mesa de Abertura<\/strong><\/p>\n<ul>\n<li>\u00a0Contextualiza\u00e7\u00e3o geral sobre o Programa Municipal de Linguagem Simples, Decreto n\u00b0 59.067 de 11 de novembro de 2019<\/li>\n<li>\u00a0Contextualiza\u00e7\u00e3o da Pol\u00edtica Municipal de Linguagem Simples, Lei Municipal 17.316, de 06 de mar\u00e7o de 2020.<\/li>\n<li>A import\u00e2ncia da Linguagem Simples em situa\u00e7\u00f5es de crise: ferramenta de promo\u00e7\u00e3o da transpar\u00eancia e comunica\u00e7\u00e3o com setores mais vulner\u00e1veis da popula\u00e7\u00e3o<\/li>\n<\/ul>\n<\/td>\n<\/tr>\n<tr>\n<td style=\"text-align: center\" width=\"106\"><strong>11\/5<\/strong><\/p>\n<p><strong>15h &#8211; 15h30<\/strong><\/td>\n<td style=\"text-align: center\" width=\"130\">#EmCasa<\/td>\n<td style=\"text-align: center\" width=\"176\"><strong>(011) lab<\/strong> &#8211; laborat\u00f3rio da inova\u00e7\u00e3o da Prefeitura para pensar, criar e experimentar solu\u00e7\u00f5es para problemas de interesse p\u00fablico<\/p>\n<p>&nbsp;<\/td>\n<td width=\"199\">\n<p style=\"text-align: center\"><strong>Oficina aberta<\/strong> com o <em>011Lab<\/em><\/p>\n<ul>\n<li style=\"text-align: left\">Apresenta\u00e7\u00e3o das principais diretrizes do Programa Municipal de Linguagem Simples e exemplos de como reescrever textos em linguagem simples na pr\u00e1tica.<\/li>\n<\/ul>\n<\/td>\n<\/tr>\n<\/tbody>\n<\/table>\n<p>&nbsp;<\/p>\n","protected":false},"excerpt":{"rendered":"<p>Diretor Respons\u00e1vel: Gustavo Costa Dias A linguagem simples facilita a rela\u00e7\u00e3o entre o poder p\u00fablico e a popula\u00e7\u00e3o. Torna a comunica\u00e7\u00e3o acess\u00edvel por meio do uso de termos mais amig\u00e1veis e comuns, al\u00e9m de reduzir o uso de elementos lingu\u00edsticos que dificultam a leitura, mesmo de pessoas com alta escolaridade. E S\u00e3o Paulo tem registrado [&hellip;]<\/p>\n","protected":false},"author":522,"featured_media":0,"parent":17641,"menu_order":228,"comment_status":"closed","ping_status":"closed","template":"","meta":{"_acf_changed":false,"footnotes":""},"class_list":["post-17533","page","type-page","status-publish","hentry"],"acf":[],"_links":{"self":[{"href":"https:\/\/homolog.saopaulo.sp.leg.br\/escoladoparlamento\/wp-json\/wp\/v2\/pages\/17533","targetHints":{"allow":["GET"]}}],"collection":[{"href":"https:\/\/homolog.saopaulo.sp.leg.br\/escoladoparlamento\/wp-json\/wp\/v2\/pages"}],"about":[{"href":"https:\/\/homolog.saopaulo.sp.leg.br\/escoladoparlamento\/wp-json\/wp\/v2\/types\/page"}],"author":[{"embeddable":true,"href":"https:\/\/homolog.saopaulo.sp.leg.br\/escoladoparlamento\/wp-json\/wp\/v2\/users\/522"}],"replies":[{"embeddable":true,"href":"https:\/\/homolog.saopaulo.sp.leg.br\/escoladoparlamento\/wp-json\/wp\/v2\/comments?post=17533"}],"version-history":[{"count":5,"href":"https:\/\/homolog.saopaulo.sp.leg.br\/escoladoparlamento\/wp-json\/wp\/v2\/pages\/17533\/revisions"}],"predecessor-version":[{"id":29346,"href":"https:\/\/homolog.saopaulo.sp.leg.br\/escoladoparlamento\/wp-json\/wp\/v2\/pages\/17533\/revisions\/29346"}],"up":[{"embeddable":true,"href":"https:\/\/homolog.saopaulo.sp.leg.br\/escoladoparlamento\/wp-json\/wp\/v2\/pages\/17641"}],"wp:attachment":[{"href":"https:\/\/homolog.saopaulo.sp.leg.br\/escoladoparlamento\/wp-json\/wp\/v2\/media?parent=17533"}],"curies":[{"name":"wp","href":"https:\/\/api.w.org\/{rel}","templated":true}]}}