{"id":17553,"date":"2020-02-21T13:30:20","date_gmt":"2020-02-21T16:30:20","guid":{"rendered":"http:\/\/homolog.saopaulo.sp.leg.br\/escoladoparlamento\/?page_id=17553"},"modified":"2025-04-05T00:47:59","modified_gmt":"2025-04-05T03:47:59","slug":"desafios-para-o-desenvolvimento-no-seculo-xxi-sustentabilidade-democracia-e-equidade","status":"publish","type":"page","link":"https:\/\/homolog.saopaulo.sp.leg.br\/escoladoparlamento\/cursos\/cursos-anteriores\/cursos-realizados-em-2020\/desafios-para-o-desenvolvimento-no-seculo-xxi-sustentabilidade-democracia-e-equidade\/","title":{"rendered":"Desafios para o Desenvolvimento no S\u00e9culo XXI: Sustentabilidade, Democracia e Equidade"},"content":{"rendered":"<p><strong>Diretor Respons\u00e1vel:<\/strong> Alexsandro Santos<\/p>\n<p><strong>Coordenadora:<\/strong> Profa. Dra. Fernanda Graziella Cardoso<\/p>\n<p>A velocidade das transforma\u00e7\u00f5es tecnol\u00f3gicas, socioecon\u00f4micas e ambientais do s\u00e9culo XXI imp\u00f5e novos desafios ao desenvolvimento no s\u00e9culo XXI, especialmente no contexto de pa\u00edses n\u00e3o desenvolvidos, como o Brasil. Entre os desafios est\u00e3o: a sustentabilidade ambiental, a manuten\u00e7\u00e3o da democracia e o combate \u00e0s desigualdades. Esses eixos ser\u00e3o abordados no ciclo composto por tr\u00eas palestras, tendo como foco a reflex\u00e3o sobre os desafios para o desenvolvimento no s\u00e9culo XXI.<\/p>\n<p><strong>Objetivos:<\/strong> incentivar o debate p\u00fablico sobre o desenvolvimento; destacar os principais desafios que se apresentam no s\u00e9culo XXI.<\/p>\n<p><strong>Conte\u00fados:<\/strong> desenvolvimento e sustentabilidade ambiental; desenvolvimento e democracia; desenvolvimento e desigualdades.<\/p>\n<p><strong>P\u00fablico alvo:\u00a0<\/strong>estudantes de gradua\u00e7\u00e3o e p\u00f3s gradua\u00e7\u00e3o; funcion\u00e1rios p\u00fablicos; agentes p\u00fablicos; mun\u00edcipes em geral.<\/p>\n<p><strong>Programa\u00e7\u00e3o atualizada:<\/strong><\/p>\n<p>&nbsp;<\/p>\n<table>\n<tbody>\n<tr>\n<td><strong>Data<\/strong><\/td>\n<td><strong>Palestrante<\/strong><\/td>\n<td><strong>Tema<\/strong><\/td>\n<\/tr>\n<tr>\n<td>20\/mai<\/p>\n<p>19h<\/td>\n<td>Prof. Dr. Arilson Favareto (UFABC)<\/p>\n<p>Prof. Dr. Christy Pato (UFF)<\/p>\n<p><strong> Mediadora:<\/strong> Profa. Fernanda Graziella Cardoso (UFABC)<\/td>\n<td>Sustentabilidade, Democracia e suas conex\u00f5es<\/p>\n<p><a href=\"https:\/\/youtu.be\/CmC06MvlT90\">Link da grava\u00e7\u00e3o<\/a><\/td>\n<\/tr>\n<tr>\n<td>27\/mai<\/p>\n<p>19h<\/td>\n<td>Prof. Ramatis Jacino (UFABC)<br \/>\n<strong>Mediadora:<\/strong> Profa. Fernanda Graziella Cardoso (UFABC)<\/td>\n<td>Desigualdades<\/p>\n<p><a href=\"https:\/\/youtu.be\/seP3V7vkTls\">Link da grava\u00e7\u00e3o<\/a><\/td>\n<\/tr>\n<\/tbody>\n<\/table>\n<p>&nbsp;<\/p>\n<hr \/>\n<h3><strong>Curso presencial pr\u00e9-quarentena<\/strong><\/h3>\n<p><strong>Vagas:<\/strong> 100<\/p>\n<p><strong>Carga Hor\u00e1ria Total:<\/strong> 9 horas<\/p>\n<h3><strong>Inscri\u00e7\u00f5es:<\/strong>\u00a0 encerradas.<\/h3>\n<p><strong>Programa\u00e7\u00e3o:<\/strong> das 19h \u00e0s 22h na <a href=\"http:\/\/homolog.saopaulo.sp.leg.br\/transparencia\/auditorios-online\/sala-sergio-vieira-de-mello-sala\/\">Sala S\u00e9rgio Vieira de Mello<\/a><\/p>\n<table width=\"922\">\n<tbody>\n<tr>\n<td>\n<p style=\"text-align: center\"><strong>Data\/hor\u00e1rio<\/strong><\/p>\n<\/td>\n<td>\n<p style=\"text-align: center\"><strong>Palestrante \/ Mediador(a)<\/strong><\/p>\n<\/td>\n<td colspan=\"2\">\n<p style=\"text-align: center\"><strong>Tema<\/strong><\/p>\n<\/td>\n<\/tr>\n<tr>\n<td>\n<p style=\"text-align: center\"><strong>04\/03\/2020<br \/>\nAssista clicando <a href=\"http:\/\/www.nucleomedia.com.br\/skin.asp?id_t=47763&amp;t=&amp;p=0&amp;tipo=&amp;tipom=&amp;form=&amp;tipo_apresentacao=0&amp;html5=true&amp;lang=pt-br&amp;embed=&amp;tempo=\">AQUI<\/a><\/strong><\/p>\n<\/td>\n<td colspan=\"2\">Palestrante: <strong>Prof. Dr. Arilson Favareto<\/strong> (UFABC)<\/p>\n<p><strong>Mediadora:<\/strong> Profa. Fernanda Graziella Cardoso (UFABC)<\/td>\n<td><em>Desenvolvimento e Sustentabilidade<\/em><\/td>\n<\/tr>\n<tr>\n<td>\n<p style=\"text-align: center\"><strong>11\/03\/2020<br \/>\nAssista clicando <a href=\"http:\/\/www.nucleomedia.com.br\/skin.asp?id_t=47824&amp;t=&amp;p=0&amp;tipo=&amp;tipom=&amp;form=&amp;tipo_apresentacao=0&amp;html5=true&amp;lang=pt-br&amp;embed=&amp;tempo=\">AQUI<\/a><\/strong><\/p>\n<\/td>\n<td colspan=\"2\">Palestrante: <strong>Prof. Dr. Christy Pato<\/strong> (UFF)<\/p>\n<p><strong>Mediadora:<\/strong> Profa. Fernanda Graziella Cardoso (UFABC)<\/td>\n<td><em>Desenvolvimento e Democracia<\/em><\/td>\n<\/tr>\n<tr>\n<td>\n<p style=\"text-align: center\"><strong>25\/03\/2020<\/strong><\/p>\n<\/td>\n<td colspan=\"2\">Palestrante: <strong>Prof. Ramatis Jacino<\/strong> (UFABC)<\/p>\n<p>Mediadora: Profa. Fernanda Graziella Cardoso (UFABC)<\/td>\n<td><em>Desenvolvimento e enfrentamento das desigualdades<\/em><\/td>\n<\/tr>\n<\/tbody>\n<\/table>\n<p><strong>Bibliografia:<\/strong><br \/>\nCARDOSO, Fernanda Graziella. Nove Cl\u00e1ssicos do Desenvolvimento Econ\u00f4mico. Jundia\u00ed: Paco Editorial, 2018.<br \/>\nCHILIATTO LEITE, Marcos Vinicius (org). Alternativas para o desenvolvimento brasileiro \u2013 novos horizontes para a mudan\u00e7a estrutural com igualdade. Santiago: Na\u00e7\u00f5es Unidas \u2013 CEPAL, 2019. Dispon\u00edvel em: <a href=\"https:\/\/repositorio.cepal.org\/bitstream\/handle\/11362\/44616\/1\/S1900253_pt.pdf\">https:\/\/repositorio.cepal.org\/bitstream\/handle\/11362\/44616\/1\/S1900253_pt.pdf<\/a>.<br \/>\n<a href=\"http:\/\/lattes.cnpq.br\/8302799021512210\">FAVARETO,<\/a> Arilson. Transi\u00e7\u00e3o para a sustentabilidade no Brasil e o desenvolvimento territorial nos marcos da Agenda 2030 e dos Objetivos de Desenvolvimento Sustent\u00e1vel. PARCERIAS ESTRAT\u00c9GICAS, v. 24, p. 51-74, 2019.<br \/>\nJACINO, Ramatis. Desigualdade Racial no Brasil: causas e consequ\u00eancias. S\u00e3o Paulo: Im\u00f3, 2019.<br \/>\nONU \u2013 Organiza\u00e7\u00e3o das Na\u00e7\u00f5es Unidas. Objetivos de Desenvolvimento Sustent\u00e1vel \u2013 Transformando nosso mundo: a Agenda 2030 para o Desenvolvimento Sustent\u00e1vel, 2015. Dispon\u00edvel em: <a href=\"https:\/\/nacoesunidas.org\/wp-content\/uploads\/2015\/10\/agenda2030-pt-br.pdf\">https:\/\/nacoesunidas.org\/wp-content\/uploads\/2015\/10\/agenda2030-pt-br.pdf<\/a>.<\/p>\n<p>&nbsp;<\/p>\n","protected":false},"excerpt":{"rendered":"<p>Diretor Respons\u00e1vel: Alexsandro Santos Coordenadora: Profa. Dra. Fernanda Graziella Cardoso A velocidade das transforma\u00e7\u00f5es tecnol\u00f3gicas, socioecon\u00f4micas e ambientais do s\u00e9culo XXI imp\u00f5e novos desafios ao desenvolvimento no s\u00e9culo XXI, especialmente no contexto de pa\u00edses n\u00e3o desenvolvidos, como o Brasil. Entre os desafios est\u00e3o: a sustentabilidade ambiental, a manuten\u00e7\u00e3o da democracia e o combate \u00e0s desigualdades. [&hellip;]<\/p>\n","protected":false},"author":522,"featured_media":0,"parent":17641,"menu_order":229,"comment_status":"closed","ping_status":"closed","template":"","meta":{"_acf_changed":false,"footnotes":""},"class_list":["post-17553","page","type-page","status-publish","hentry"],"acf":[],"_links":{"self":[{"href":"https:\/\/homolog.saopaulo.sp.leg.br\/escoladoparlamento\/wp-json\/wp\/v2\/pages\/17553","targetHints":{"allow":["GET"]}}],"collection":[{"href":"https:\/\/homolog.saopaulo.sp.leg.br\/escoladoparlamento\/wp-json\/wp\/v2\/pages"}],"about":[{"href":"https:\/\/homolog.saopaulo.sp.leg.br\/escoladoparlamento\/wp-json\/wp\/v2\/types\/page"}],"author":[{"embeddable":true,"href":"https:\/\/homolog.saopaulo.sp.leg.br\/escoladoparlamento\/wp-json\/wp\/v2\/users\/522"}],"replies":[{"embeddable":true,"href":"https:\/\/homolog.saopaulo.sp.leg.br\/escoladoparlamento\/wp-json\/wp\/v2\/comments?post=17553"}],"version-history":[{"count":6,"href":"https:\/\/homolog.saopaulo.sp.leg.br\/escoladoparlamento\/wp-json\/wp\/v2\/pages\/17553\/revisions"}],"predecessor-version":[{"id":29344,"href":"https:\/\/homolog.saopaulo.sp.leg.br\/escoladoparlamento\/wp-json\/wp\/v2\/pages\/17553\/revisions\/29344"}],"up":[{"embeddable":true,"href":"https:\/\/homolog.saopaulo.sp.leg.br\/escoladoparlamento\/wp-json\/wp\/v2\/pages\/17641"}],"wp:attachment":[{"href":"https:\/\/homolog.saopaulo.sp.leg.br\/escoladoparlamento\/wp-json\/wp\/v2\/media?parent=17553"}],"curies":[{"name":"wp","href":"https:\/\/api.w.org\/{rel}","templated":true}]}}