{"id":17601,"date":"2020-03-03T10:44:03","date_gmt":"2020-03-03T13:44:03","guid":{"rendered":"http:\/\/homolog.saopaulo.sp.leg.br\/escoladoparlamento\/?page_id=17601"},"modified":"2025-05-28T16:54:21","modified_gmt":"2025-05-28T19:54:21","slug":"comunicacao-politica-esfera-digital-e-gabinete-parlamentar","status":"publish","type":"page","link":"https:\/\/homolog.saopaulo.sp.leg.br\/escoladoparlamento\/cursos\/cursos-anteriores\/cursos-realizados-em-2020\/comunicacao-politica-esfera-digital-e-gabinete-parlamentar\/","title":{"rendered":"Webinar Comunica\u00e7\u00e3o Pol\u00edtica, Esfera Digital e Gabinete Parlamentar &#8211; Desafios em Tempos de Covid-19"},"content":{"rendered":"<p><strong><span style=\"color: #ff0000\">Este curso est\u00e1 sendo retomado online &#8211; a<\/span><\/strong><strong><span style=\"color: #ff0000\">ten\u00e7\u00e3o \u00e0s novas datas e hor\u00e1rios.<\/span><\/strong><br \/>\n<strong><span style=\"color: #ff0000\">E se voc\u00ea j\u00e1 estava inscrito, favor fazer a inscri\u00e7\u00e3o novamente (\u00e9 s\u00f3 clicar no link indicado)<\/span><\/strong><\/p>\n<hr \/>\n<p><strong>Diretor Respons\u00e1vel:<\/strong> Alexsandro Santos<\/p>\n<p><strong>Coordenador:<\/strong> Rubem Davi Romancini<\/p>\n<p>Os processos de comunica\u00e7\u00e3o s\u00e3o elementos estruturantes da constru\u00e7\u00e3o da atividade pol\u00edtica. A hist\u00f3ria da afirma\u00e7\u00e3o e consolida\u00e7\u00e3o da democracia, tal como a conhecemos hoje, est\u00e1 fortemente imbricada com a hist\u00f3ria da evolu\u00e7\u00e3o dos meios e processos de comunica\u00e7\u00e3o p\u00fablica. Se, em tempos pregressos, a comunica\u00e7\u00e3o anal\u00f3gica e a imprensa tradicional, representada pelos jornais e pelas revistas, constitu\u00eda uma arena indispens\u00e1vel \u00e0 atividade pol\u00edtica e a constru\u00e7\u00e3o dos consensos sociais pr\u00f3prios da democracia, \u00e9 incontorn\u00e1vel reconhecermos que o advento da comunica\u00e7\u00e3o digital, em suas diferentes manifesta\u00e7\u00f5es, produziu \u2013 e continua produzindo \u2013 uma verdadeira revolu\u00e7\u00e3o permanente nos la\u00e7os sociais, nas institui\u00e7\u00f5es e, como n\u00e3o poderia deixar de ser, na configura\u00e7\u00e3o dos regimes democr\u00e1ticos e na rela\u00e7\u00e3o entre representantes pol\u00edticos e sociedade civil.<\/p>\n<p><strong>Objetivos: <\/strong>Criar um espa\u00e7o de aprendizagem destinado \u00e0 discuss\u00e3o dos conte\u00fados relativos \u00e0 constru\u00e7\u00e3o, an\u00e1lise, implementa\u00e7\u00e3o e avalia\u00e7\u00e3o de estrat\u00e9gias de comunica\u00e7\u00e3o pol\u00edtica a partir ou com participa\u00e7\u00e3o do Poder Legislativo, notadamente com \u00eanfase nas tecnologias digitais, nas perspectivas abertas pelo avan\u00e7o da Ci\u00eancia de Dados e nos debates em torno da interface entre democracia, comunica\u00e7\u00e3o digital e participa\u00e7\u00e3o pol\u00edtica, com especial aten\u00e7\u00e3o \u00e0 acelera\u00e7\u00e3o das transforma\u00e7\u00f5es ocasionadas pela crise sanit\u00e1ria da Covid-19.<\/p>\n<p><strong>Conte\u00fado: <\/strong>Comunica\u00e7\u00e3o Pol\u00edtica e Esfera Digital: Aspectos Fundamentais; Presen\u00e7a Digital, Participa\u00e7\u00e3o Pol\u00edtica e Engajamento da Sociedade Civil; Ativismos e Projetos em Comunica\u00e7\u00e3o Pol\u00edtica Digital; \u00a0Aspectos Jur\u00eddicos para a atua\u00e7\u00e3o pol\u00edtica no meio digital; Estudo de Caso: Comunica\u00e7\u00e3o Digital em A\u00e7\u00e3o no Legislativo Municipal; Gest\u00e3o e Governan\u00e7a de Redes Sociais para Comunica\u00e7\u00e3o Parlamentar.<\/p>\n<p><strong>P\u00fablico Alvo:\u00a0<\/strong>Servidores p\u00fablicos, agentes do poder legislativo, estudantes e pesquisadores.<\/p>\n<h2><strong>Inscri\u00e7\u00f5es: encerradas<\/strong><\/h2>\n<hr \/>\n<h3><strong>Programa\u00e7\u00e3o: <\/strong><\/h3>\n<p><span style=\"color: #ff0000\">Ter\u00e7as e quintas, das 13h \u00e0s 15h<\/span><\/p>\n<p><strong>19\/5<\/strong>\u00a0<em>Comunica\u00e7\u00e3o Pol\u00edtica e esfera Digital: Retomada*<br \/>\n<\/em>Clique <a href=\"https:\/\/www.facebook.com\/455071117849014\/videos\/1591446427673543\/\">AQUI<\/a> para assistir \u00e0 aula<\/p>\n<p><strong>21\/5\u00a0<\/strong><em>O cen\u00e1rio da crise da Covid-19 e os desafios para a comunica\u00e7\u00e3o pol\u00edtica<\/em><br \/>\nClique <a href=\"https:\/\/youtu.be\/smgSD_KctG8\">AQUI<\/a> para assistir \u00e0 aula<\/p>\n<p><strong>26\/5\u00a0<\/strong><em>Presen\u00e7a Digital, Participa\u00e7\u00e3o Pol\u00edtica e Engajamento da Sociedade Civil<\/em><br \/>\nClique <a href=\"https:\/\/www.facebook.com\/455071117849014\/videos\/581306202791345\/\">AQUI<\/a> para assistir \u00e0 aula<\/p>\n<p><strong>28\/5\u00a0<\/strong><em>Ativismos e Projetos em Comunica\u00e7\u00e3o Pol\u00edtica Digital<\/em><br \/>\nClique <a href=\"https:\/\/youtu.be\/d36cdBq_4Bc\">AQUI<\/a> para assistir \u00e0 aula<\/p>\n<p><strong>02\/6\u00a0<\/strong><em>Aspectos Jur\u00eddicos para a atua\u00e7\u00e3o pol\u00edtica no meio digital \/ Gest\u00e3o e Governan\u00e7a de Redes Sociais para Comunica\u00e7\u00e3o Parlamentar<\/em><br \/>\nClique <a href=\"https:\/\/youtu.be\/uQDUCd3HYyQ\">AQUI<\/a> para assistir \u00e0 aula<\/p>\n<p><strong>04\/6\u00a0<\/strong><em>Estudo de Caso: Comunica\u00e7\u00e3o Digital em A\u00e7\u00e3o no Legislativo Municipal<\/em><br \/>\nClique <a href=\"https:\/\/youtu.be\/3G5o4Y_4DwU\">AQUI<\/a> para assistir \u00e0 aula<\/p>\n<p>Docente: <strong>Kleber Nogueira Carrilho<\/strong> &#8211; <em>Doutor e mestre em Comunica\u00e7\u00e3o Social pela Universidade Metodista de S\u00e3o Paulo, especialista em Comunica\u00e7\u00e3o e Marketing pela Faculdade C\u00e1sper L\u00edbero, graduado em Ci\u00eancias Sociais pela Universidade de S\u00e3o Paulo e pesquisador em p\u00f3s-doutorado na Universit\u00e9 de Paris V &#8211; Sorbonne.<\/em><\/p>\n<hr \/>\n<h3 style=\"text-align: center\"><span style=\"color: #ff0000\"><strong>ATEN\u00c7\u00c3O<\/strong><\/span><\/h3>\n<ul>\n<li>Os encontros ser\u00e3o transmitidos via streaming na p\u00e1gina do Facebook da\u00a0<a href=\"http:\/\/facebook.com\/eparlamento\"><strong>Escola do Parlamento<\/strong><\/a><strong>.<\/strong><\/li>\n<li>A gera\u00e7\u00e3o de certificado ser\u00e1 feita\u00a0<strong>ap\u00f3s resposta a um question\u00e1rio online<\/strong>\u00a0que ser\u00e1 disponibilizado ao final do curso somente \u00e0queles que fizeram a inscri\u00e7\u00e3o via plataforma Sympla.<\/li>\n<\/ul>\n<p>*se voc\u00ea n\u00e3o assistiu \u00e0 primeira aula\u00a0<strong>presencial<\/strong> do dia 10 de mar\u00e7o, pode acessar os v\u00eddeos deste encontro atrav\u00e9s dos links abaixo. Isso ser\u00e1 importante para a sua forma\u00e7\u00e3o e tamb\u00e9m para responder ao question\u00e1rio sobre o conte\u00fado do curso.<\/p>\n<p style=\"text-align: center\">(parte 1)\u00a0<a href=\"http:\/\/www.nucleomedia.com.br\/get_webcast.asp?id=47798\">http:\/\/www.nucleomedia.com.br\/get_webcast.asp?id=47798<\/a><\/p>\n<p style=\"text-align: center\">(parte 2)\u00a0<a href=\"http:\/\/www.nucleomedia.com.br\/get_webcast.asp?id=47799\">http:\/\/www.nucleomedia.com.br\/get_webcast.asp?id=47799<\/a><\/p>\n<p style=\"text-align: center\">(parte 3)\u00a0<a href=\"http:\/\/www.nucleomedia.com.br\/get_webcast.asp?id=47800\">http:\/\/www.nucleomedia.com.br\/get_webcast.asp?id=47800<\/a><\/p>\n<p>&nbsp;<\/p>\n<p><strong>Bibliografia:<\/strong><\/p>\n<p>BRIGGS, Asa &amp; BURKE, Peter. Uma Hist\u00f3ria Social da M\u00eddia. Rio de Janeiro: Jorge Zahar Editor, 2004.<\/p>\n<p>CHAIA, Vera Lucia Michalany. Jornalismo e pol\u00edtica: esc\u00e2ndalos e rela\u00e7\u00f5es de poder na C\u00e2mara Municipal de S\u00e3o Paulo. S\u00e3o Paulo: Hacker: CAPES, 2004.<\/p>\n<p>DOWNING, John D.H. M\u00eddia Radical \u2013 Rebeldias nas comunica\u00e7\u00f5es e movimentos sociais. S\u00e3o Paulo: Editora SENAC, 2002.<\/p>\n<p>NOVAES, Adauto (Org.). Muito Al\u00e9m do Espet\u00e1culo: S\u00e3o Paulo: Editora SENAC, 2005.<\/p>\n<p>SILVEIRA, Sergio Amadeu da. Software livre : a luta pela liberdade do conhecimento. S\u00e3o Paulo: Funda\u00e7\u00e3o Perseu Abramo, 2004.<\/p>\n<p>&nbsp;<\/p>\n","protected":false},"excerpt":{"rendered":"<p>Este curso est\u00e1 sendo retomado online &#8211; aten\u00e7\u00e3o \u00e0s novas datas e hor\u00e1rios. E se voc\u00ea j\u00e1 estava inscrito, favor fazer a inscri\u00e7\u00e3o novamente (\u00e9 s\u00f3 clicar no link indicado) Diretor Respons\u00e1vel: Alexsandro Santos Coordenador: Rubem Davi Romancini Os processos de comunica\u00e7\u00e3o s\u00e3o elementos estruturantes da constru\u00e7\u00e3o da atividade pol\u00edtica. A hist\u00f3ria da afirma\u00e7\u00e3o e [&hellip;]<\/p>\n","protected":false},"author":695,"featured_media":0,"parent":17641,"menu_order":219,"comment_status":"closed","ping_status":"closed","template":"","meta":{"_acf_changed":false,"footnotes":""},"class_list":["post-17601","page","type-page","status-publish","hentry"],"acf":[],"_links":{"self":[{"href":"https:\/\/homolog.saopaulo.sp.leg.br\/escoladoparlamento\/wp-json\/wp\/v2\/pages\/17601","targetHints":{"allow":["GET"]}}],"collection":[{"href":"https:\/\/homolog.saopaulo.sp.leg.br\/escoladoparlamento\/wp-json\/wp\/v2\/pages"}],"about":[{"href":"https:\/\/homolog.saopaulo.sp.leg.br\/escoladoparlamento\/wp-json\/wp\/v2\/types\/page"}],"author":[{"embeddable":true,"href":"https:\/\/homolog.saopaulo.sp.leg.br\/escoladoparlamento\/wp-json\/wp\/v2\/users\/695"}],"replies":[{"embeddable":true,"href":"https:\/\/homolog.saopaulo.sp.leg.br\/escoladoparlamento\/wp-json\/wp\/v2\/comments?post=17601"}],"version-history":[{"count":6,"href":"https:\/\/homolog.saopaulo.sp.leg.br\/escoladoparlamento\/wp-json\/wp\/v2\/pages\/17601\/revisions"}],"predecessor-version":[{"id":29471,"href":"https:\/\/homolog.saopaulo.sp.leg.br\/escoladoparlamento\/wp-json\/wp\/v2\/pages\/17601\/revisions\/29471"}],"up":[{"embeddable":true,"href":"https:\/\/homolog.saopaulo.sp.leg.br\/escoladoparlamento\/wp-json\/wp\/v2\/pages\/17641"}],"wp:attachment":[{"href":"https:\/\/homolog.saopaulo.sp.leg.br\/escoladoparlamento\/wp-json\/wp\/v2\/media?parent=17601"}],"curies":[{"name":"wp","href":"https:\/\/api.w.org\/{rel}","templated":true}]}}