{"id":1764,"date":"2015-09-17T20:06:07","date_gmt":"2015-09-17T23:06:07","guid":{"rendered":"http:\/\/homolog.saopaulo.sp.leg.br\/escoladoparlamento\/?page_id=1764"},"modified":"2018-05-11T16:22:15","modified_gmt":"2018-05-11T19:22:15","slug":"sao-paulo-de-todos-os-imigrantes","status":"publish","type":"page","link":"https:\/\/homolog.saopaulo.sp.leg.br\/escoladoparlamento\/cursos\/cursos-anteriores\/cursos-realizados-em-2015\/sao-paulo-de-todos-os-imigrantes\/","title":{"rendered":"S\u00e3o Paulo de Todos os Imigrantes"},"content":{"rendered":"<p><iframe loading=\"lazy\" title=\"Escola do Parlamento promove curso para discutir integra\u00e7\u00e3o de imigrantes\" width=\"640\" height=\"480\" src=\"https:\/\/www.youtube.com\/embed\/L6N_v3auRPc?feature=oembed\" frameborder=\"0\" allow=\"accelerometer; autoplay; clipboard-write; encrypted-media; gyroscope; picture-in-picture; web-share\" referrerpolicy=\"strict-origin-when-cross-origin\" allowfullscreen><\/iframe><\/p>\n<figure id=\"attachment_1788\" aria-describedby=\"caption-attachment-1788\" style=\"width: 223px\" class=\"wp-caption alignright\"><img loading=\"lazy\" decoding=\"async\" class=\"wp-image-1788 size-full\" src=\"http:\/\/homolog.saopaulo.sp.leg.br\/escoladoparlamento\/wp-content\/uploads\/sites\/5\/2015\/09\/LOGO-museu-da-imigra\u00e7\u00e3o.jpg\" alt=\"LOGO museu da imigra\u00e7\u00e3o\" width=\"223\" height=\"173\" \/><figcaption id=\"caption-attachment-1788\" class=\"wp-caption-text\">Este curso \u00e9 resultado de uma parceria da Escola do Parlamento com o Museu da Imigra\u00e7\u00e3o<\/figcaption><\/figure>\n<hr \/>\n<p><strong>Objetivo:<\/strong> Abordar temas transversais \u00e0s migra\u00e7\u00f5es contempor\u00e2neas; visualizar os tipos e mudan\u00e7as dos fluxos migrat\u00f3rios; discutir mecanismos que visam garantir o acesso\u00a0pleno de direitos aos migrantes; debater fronteiras legais tendo como foco principal integra\u00e7\u00e3o social e cultural proporcionada pelo interc\u00e2mbio de experi\u00eancias e vivencias das diferentes comunidades no espa\u00e7o p\u00fablico.<\/p>\n<p><strong>P\u00fablico Alvo:<\/strong> Organiza\u00e7\u00f5es da Sociedade Civil para e de migrantes; Organiza\u00e7\u00f5es P\u00fablicas e Estudantis envolvidas com o tema; estudantes interessados em discutir migra\u00e7\u00e3o; Coletivos de Migrantes; servidores p\u00fablicos; p\u00fablico em geral<\/p>\n<p><strong>Coordena\u00e7\u00e3o Interna:<\/strong> Camila Breitenvieser<\/p>\n<p><strong>Coordena\u00e7\u00e3o Externa: <\/strong>Tatiana Waldman (Museu da Imigra\u00e7\u00e3o do Estado de S\u00e3o Paulo)<\/p>\n<p><a href=\"http:\/\/homolog.saopaulo.sp.leg.br\/escoladoparlamento\/wp-content\/uploads\/sites\/5\/2017\/12\/CARR-NATAL-01.jpg\"><img loading=\"lazy\" decoding=\"async\" class=\"alignright wp-image-8419\" src=\"http:\/\/homolog.saopaulo.sp.leg.br\/escoladoparlamento\/wp-content\/uploads\/sites\/5\/2017\/12\/CARR-NATAL-01-150x150.jpg\" alt=\"\" width=\"401\" height=\"170\" srcset=\"https:\/\/homolog.saopaulo.sp.leg.br\/escoladoparlamento\/wp-content\/uploads\/sites\/5\/2017\/12\/CARR-NATAL-01-300x127.jpg 300w, https:\/\/homolog.saopaulo.sp.leg.br\/escoladoparlamento\/wp-content\/uploads\/sites\/5\/2017\/12\/CARR-NATAL-01-768x326.jpg 768w, https:\/\/homolog.saopaulo.sp.leg.br\/escoladoparlamento\/wp-content\/uploads\/sites\/5\/2017\/12\/CARR-NATAL-01-1024x434.jpg 1024w\" sizes=\"auto, (max-width: 401px) 100vw, 401px\" \/><\/a><\/p>\n<p><strong>Diretor Respons\u00e1vel:<\/strong> Ant\u00f4nio Rodrigues de Freitas Junior<\/p>\n<p><strong>Carga Hor\u00e1ria:<\/strong> 24h<\/p>\n<p><strong>Vagas:<\/strong> 60<\/p>\n<p><strong>Inscri\u00e7\u00f5es: <\/strong>Abertas<strong>\u00a0<\/strong>at\u00e9 o preenchimento das vagas<\/p>\n<p><strong>Programa\u00e7\u00e3o:<\/strong><\/p>\n<table>\n<tbody>\n<tr>\n<td><strong>Data\/Hora<\/strong><\/td>\n<td><strong>Local<\/strong><\/td>\n<td><strong><b>Tema<\/b><\/strong><\/td>\n<td><strong><b>Palestrante<\/b><\/strong><\/td>\n<td><strong>Debatedor<\/strong><\/td>\n<\/tr>\n<tr>\n<td><strong>05\/11<\/strong><\/p>\n<p>9h30 \u00e0s 11h<\/td>\n<td rowspan=\"2\"><a href=\"http:\/\/museudaimigracao.org.br\/\">Museu da Imigra\u00e7\u00e3o<\/a><\/td>\n<td><i>Mesa de Abertura\u00a0<\/i><\/td>\n<td><strong>Presidente da CMSP*: <\/strong>Vereador Antonio Donato<\/p>\n<p><strong>Secret\u00e1rio de Estado da Cultura: <\/strong>Marcelo Mattos Ara\u00fajo<\/p>\n<p><strong>Secret\u00e1rio Municipal de Direitos Humanos e Cidadania*: <\/strong>Eduardo Suplicy<\/p>\n<p><strong>Diretor Presidente da Escola do Parlamento: <\/strong>Christy Pato<\/p>\n<p><strong>Diretor Executivo da Escola do Parlamento:\u00a0<\/strong>Antonio Freitas Jr.<\/p>\n<p><strong>Diretora Executiva Museu da Imigra\u00e7\u00e3o*: <\/strong>Mar\u00edlia\u00a0Bonas Conte<\/td>\n<td rowspan=\"2\">Adama Konate<\/td>\n<\/tr>\n<tr>\n<td>11h30 \u00e0s 13h<\/td>\n<td><em>A trag\u00e9dia do imigrante para al\u00e9m do Norte Global \u2013 Fluxos migrat\u00f3rios em contextos do Sul<i>\u00a0<\/i><\/em><\/td>\n<td><b>Deisy Ventura: <\/b>Instituto de Rela\u00e7\u00f5es Internacionais \u2013 USP<\/td>\n<\/tr>\n<tr>\n<td><strong>12\/11<\/strong><\/p>\n<p>9h30 \u00e0s 11h<\/td>\n<td rowspan=\"2\"><a href=\"http:\/\/homolog.saopaulo.sp.leg.br\/transparencia\/auditorios-online\/sala-sergio-vieira-de-mello-sala\/\">Sala S\u00e9rgio Vieira de Mello<\/a><\/td>\n<td><em>Pode um ser humano ser menos humano que outro? \u2013 Reflex\u00f5es sobre xenofobia.<i>\u00a0<\/i><\/em><\/td>\n<td><b>Helion P\u00f3voa Neto: <\/b>Instituto de Planejamento Urbano e Regional da Universidade Federal do Rio de Janeiro (IPPUR-UFRJ)<\/td>\n<td rowspan=\"2\">Ahmad Almazloum<\/td>\n<\/tr>\n<tr>\n<td><strong>\u00a011h30 \u00e0s 13h<\/strong><\/td>\n<td><em>M\u00eddias e migra\u00e7\u00f5es transnacionais: produzindo visibilidades, imagin\u00e1rios e resist\u00eancias.<i>\u00a0<\/i><\/em><\/td>\n<td><strong>Denise Maria Cogo:<\/strong> Escola Superior de Propaganda e Marketing, Programa de P\u00f3s-Gradua\u00e7\u00e3o em Comunica\u00e7\u00e3o e Pr\u00e1ticas de Consumo.<\/td>\n<\/tr>\n<tr>\n<td><strong>19\/11<\/strong><\/p>\n<p>9h30 \u00e0s 11h<\/td>\n<td rowspan=\"2\"><a href=\"http:\/\/homolog.saopaulo.sp.leg.br\/transparencia\/auditorios-online\/sala-sergio-vieira-de-mello-sala\/\">Sala S\u00e9rgio Vieira de Mello<\/a><\/td>\n<td><em>Reconhecimento de Direitos atrav\u00e9s de um novo Marco Legal da Migra\u00e7\u00e3o no Brasil<i>\u00a0<\/i><\/em><\/td>\n<td><strong>Daniel Chiaretti: <\/strong>Defensor P\u00fablico Federal: 1\u00ba Of\u00edcio de Direitos Humanos, Tutela Coletiva e Migra\u00e7\u00f5es<\/p>\n<p><strong>Paulo Illes: <\/strong>Coordenador de Pol\u00edticas para Imigrantes da Secretaria Municipal de Direitos Humanos<\/td>\n<td rowspan=\"2\">Nadia Ferreira<\/td>\n<\/tr>\n<tr>\n<td>11h30 \u00e0s 13h<\/td>\n<td><em>Prote\u00e7\u00e3o de Refugiados no Brasil \u2013 efetividade de direitos reconhecidos<\/em><\/p>\n<p><em>Haitianos no Brasil<i>\u00a0<\/i><\/em><\/td>\n<td><strong>Vivian Holzhacker: <\/strong>Mestre em Direito Internacional dos Direitos Humanos pela University of Connecticut. Ex-coordenadora de Prote\u00e7\u00e3o da C\u00e1ritas\/SP<\/p>\n<p><strong>Sidney Antonio da Silva: <\/strong>Departamento de Antropologia e do Programa de P\u00f3s-Gradua\u00e7\u00e3o em Antropologia Social da Universidade Federal do Amazonas \u2013 UFAM<\/td>\n<\/tr>\n<tr>\n<td><strong>26\/11<\/strong><\/p>\n<p>9h30 \u00e0s 11h<\/td>\n<td rowspan=\"2\"><a href=\"http:\/\/homolog.saopaulo.sp.leg.br\/transparencia\/auditorios-online\/auditorio-prestes-maia\/\">Audit\u00f3rio Prestes Maia<\/a><\/td>\n<td><em>Perfil dos migrantes no Brasil \u2013 um olhar demogr\u00e1fico da Migra\u00e7\u00e3o Contempor\u00e2nea<i>\u00a0<\/i><\/em><\/td>\n<td>\u00a0<b>Rosana\u00a0Baeninger: <\/b>Departamento de Demografia do IFCH- Universidade Estadual de Campinas<\/td>\n<td rowspan=\"2\">Claudia Inaba<\/td>\n<\/tr>\n<tr>\n<td>\u00a011h30 \u00e0s 13h<\/td>\n<td><em>O retorno de brasileiros \u2013 dificuldades de reinser\u00e7\u00e3o e desafios de adapta\u00e7\u00e3o<i>\u00a0<\/i><\/em><\/td>\n<td><b>Adriana Capuano: <\/b>Programa de P\u00f3s-Gradua\u00e7\u00e3o em Ci\u00eancias Humanas e Sociais da UFABC (PCHS)<\/td>\n<\/tr>\n<tr>\n<td><strong>03\/12<\/strong><br \/>\n9h30 \u00e0s 11h<\/td>\n<td rowspan=\"2\"><a href=\"http:\/\/homolog.saopaulo.sp.leg.br\/transparencia\/auditorios-online\/sala-sergio-vieira-de-mello-sala\/\">Sala S\u00e9rgio Vieira de Mello<\/a><\/td>\n<td><em>Prote\u00e7\u00e3o Social \u2013 o migrante como sujeito de direitos<i>\u00a0<\/i><\/em><\/td>\n<td><b>Antonio Freitas Jr.: <\/b>Professor Associado da Faculdade de Direito Universidade de S\u00e3o Paulo\/ Diretor Executivo da Escola do Parlamento da C\u00e2mara Municipal de S\u00e3o Paulo<\/td>\n<td rowspan=\"2\">Veronica Quispe Yujra<\/td>\n<\/tr>\n<tr>\n<td><strong>\u00a0<\/strong>11h30 \u00e0s 13h<\/td>\n<td><em>Trabalhadores Migrantes Indocumentados \u2013 Precariza\u00e7\u00e3o e Informalidade<i>\u00a0<\/i><\/em><\/td>\n<td><b>Lu\u00eds Alexandre de Faria: <\/b>Auditor-Fiscal do Trabalho; Programa de Erradica\u00e7\u00e3o do Trabalho Escravo<\/td>\n<\/tr>\n<tr>\n<td><strong>10\/12<\/strong><\/p>\n<p>9h30 \u00e0s 13h<\/p>\n<p>&nbsp;<\/td>\n<td><a href=\"http:\/\/homolog.saopaulo.sp.leg.br\/transparencia\/auditorios-online\/sala-sergio-vieira-de-mello-sala\/\">Sala S\u00e9rgio Vieira de Mello<\/a><\/td>\n<td>\u00a0<em>Dia Internacional dos Direitos Humanos<i>\u00a0<\/i><\/em><\/td>\n<td>Miss\u00e3o Paz \u2013 Maristela Schmidt<\/p>\n<p>Caritas \u2013 Larissa Leite<\/p>\n<p>Visto Permanente \u2013 Cristina de Branco<\/p>\n<p>MigraMundo \u2013 Rodrigo Borges Delfim<\/td>\n<td>Luambo Pitchou<strong><br \/>\n<\/strong><\/td>\n<\/tr>\n<\/tbody>\n<\/table>\n<p>&nbsp;<\/p>\n","protected":false},"excerpt":{"rendered":"<p>Objetivo: Abordar temas transversais \u00e0s migra\u00e7\u00f5es contempor\u00e2neas; visualizar os tipos e mudan\u00e7as dos fluxos migrat\u00f3rios; discutir mecanismos que visam garantir o acesso\u00a0pleno de direitos aos migrantes; debater fronteiras legais tendo como foco principal integra\u00e7\u00e3o social e cultural proporcionada pelo interc\u00e2mbio de experi\u00eancias e vivencias das diferentes comunidades no espa\u00e7o p\u00fablico. P\u00fablico Alvo: Organiza\u00e7\u00f5es da Sociedade [&hellip;]<\/p>\n","protected":false},"author":79,"featured_media":0,"parent":1331,"menu_order":649,"comment_status":"closed","ping_status":"closed","template":"","meta":{"_acf_changed":false,"footnotes":""},"class_list":["post-1764","page","type-page","status-publish","hentry"],"acf":[],"_links":{"self":[{"href":"https:\/\/homolog.saopaulo.sp.leg.br\/escoladoparlamento\/wp-json\/wp\/v2\/pages\/1764","targetHints":{"allow":["GET"]}}],"collection":[{"href":"https:\/\/homolog.saopaulo.sp.leg.br\/escoladoparlamento\/wp-json\/wp\/v2\/pages"}],"about":[{"href":"https:\/\/homolog.saopaulo.sp.leg.br\/escoladoparlamento\/wp-json\/wp\/v2\/types\/page"}],"author":[{"embeddable":true,"href":"https:\/\/homolog.saopaulo.sp.leg.br\/escoladoparlamento\/wp-json\/wp\/v2\/users\/79"}],"replies":[{"embeddable":true,"href":"https:\/\/homolog.saopaulo.sp.leg.br\/escoladoparlamento\/wp-json\/wp\/v2\/comments?post=1764"}],"version-history":[{"count":5,"href":"https:\/\/homolog.saopaulo.sp.leg.br\/escoladoparlamento\/wp-json\/wp\/v2\/pages\/1764\/revisions"}],"predecessor-version":[{"id":9468,"href":"https:\/\/homolog.saopaulo.sp.leg.br\/escoladoparlamento\/wp-json\/wp\/v2\/pages\/1764\/revisions\/9468"}],"up":[{"embeddable":true,"href":"https:\/\/homolog.saopaulo.sp.leg.br\/escoladoparlamento\/wp-json\/wp\/v2\/pages\/1331"}],"wp:attachment":[{"href":"https:\/\/homolog.saopaulo.sp.leg.br\/escoladoparlamento\/wp-json\/wp\/v2\/media?parent=1764"}],"curies":[{"name":"wp","href":"https:\/\/api.w.org\/{rel}","templated":true}]}}