{"id":17819,"date":"2020-05-15T17:12:39","date_gmt":"2020-05-15T20:12:39","guid":{"rendered":"http:\/\/homolog.saopaulo.sp.leg.br\/escoladoparlamento\/?page_id=17819"},"modified":"2025-05-20T15:00:20","modified_gmt":"2025-05-20T18:00:20","slug":"webinar-introducao-a-historia-da-filosofia-curso-de-extensao-universitaria","status":"publish","type":"page","link":"https:\/\/homolog.saopaulo.sp.leg.br\/escoladoparlamento\/cursos\/cursos-anteriores\/cursos-realizados-em-2020\/webinar-introducao-a-historia-da-filosofia-curso-de-extensao-universitaria\/","title":{"rendered":"Webinar Introdu\u00e7\u00e3o \u00e0 Hist\u00f3ria da Filosofia &#8211; Curso de Extens\u00e3o Universit\u00e1ria"},"content":{"rendered":"<p>Antes de propor uma apresenta\u00e7\u00e3o na forma de unidades modulares, nossa proposta de curso objetiva oferecer uma introdu\u00e7\u00e3o \u00e0 Filosofia. \u00c0s nossas pretens\u00f5es, por sua vez, vem somar-se o ensejo de ir ao encontro do interesse crescente \u2013 e difuso \u2013 pela filosofia por parte de profissionais das mais diversas \u00e1reas.<br \/>\nN\u00e3o se pode prescindir tamb\u00e9m da justa \u00eanfase \u00e0s contribui\u00e7\u00f5es que decorrem da rela\u00e7\u00e3o \u00edntima e longeva (e nem sempre amistosa) que a filosofia e a democracia mant\u00eam. Oriundas da Gr\u00e9cia antiga, ambas exerceram grande influ\u00eancia na conforma\u00e7\u00e3o do papel do cidad\u00e3o na pol\u00edtica. C\u00edcero, numa passagem que faria hist\u00f3ria, disse que S\u00f3crates \u201cfez a filosofia descer dos c\u00e9us e colocou-a nas cidades dos homens e trouxe-a tamb\u00e9m para as suas casas e for\u00e7ou-a a falar da vida e da moral\u201d.<br \/>\nConduzir os interessados no campo da Hist\u00f3ria da Filosofia, de modo a proporciona-lhes os instrumentos para divisar, no percurso do pensamento ocidental, as marcas de seu confronto com o tempo;<br \/>\nAinda que o curso aqui proposto n\u00e3o se detenha expressamente na face pol\u00edtica da filosofia, conhecer a Hist\u00f3ria da Filosofia oferece elementos b\u00e1sicos para a compreens\u00e3o de forma mais clara acerca dos problemas que a racionalidade afim nos coloca desde os socr\u00e1ticos at\u00e9 hoje. Visto que o homem permanece, como disse Arist\u00f3teles, \u201canimal pol\u00edtico\u201d.<\/p>\n<p><strong>OBJETIVOS:\u00a0 <\/strong><\/p>\n<p><strong>Geral: <\/strong>Conduzir os interessados no campo da Hist\u00f3ria da Filosofia, de modo a proporciona-lhes os instrumentos para divisar, no percurso do pensamento ocidental, as marcas de seu confronto com o tempo;\u00a0Fornecer uma vis\u00e3o ampla da Filosofia enquanto express\u00e3o cultural do ocidente, percorrendo o arco de suas balizas hist\u00f3ricas: filosofia antiga, medieval, moderna e contempor\u00e2nea.<\/p>\n<p><strong>Espec\u00edfico: <\/strong>Levar o participante a identificar os temas espec\u00edficos &#8211; ainda que n\u00e3o exclusivos- dos diversos momentos da filosofia, bem como identific\u00e1-los em suas articula\u00e7\u00f5es com contexto hist\u00f3ricos de suas formula\u00e7\u00f5es.<\/p>\n<h3><strong>Inscri\u00e7\u00f5es: encerradas<span style=\"color: #800000\">.<\/span><\/strong><\/h3>\n<p><strong>PROGRAMA\u00c7\u00c3O:<\/strong> \u00c0s sextas-feiras, a partir de 22 de maio, das 19h \u00e0s 20h30.<\/p>\n<p><strong>22\/5<\/strong> &#8211; Prof. Dr. Pedro Monticelli (Plat\u00e3o\/Arist\u00f3teles\/Agostinho\/Tom\u00e1s de Aquino) [<a href=\"https:\/\/youtu.be\/NhJSuPPg5cw\">Link<\/a>]<\/p>\n<p><strong>29\/5<\/strong> &#8211; Prof. Dr. Mario Porta (Descartes\/ Locke\/Hume\/Kant) [<a href=\"https:\/\/youtu.be\/GbJ-ZZnrnCg\">Link<\/a>]<\/p>\n<p><strong>05\/6<\/strong> &#8211; Prof. Dr. Gabriel Ferreira (Hegel e suas rea\u00e7\u00f5es) [<a href=\"https:\/\/youtu.be\/ktOd6suj_WE\">Link<\/a>]<\/p>\n<p><strong>12\/6<\/strong> &#8211; Prof. Me. Ernesto Giusti (Filosofia fenomenol\u00f3gica-hermen\u00eautica x Filosofia anal\u00edtica) [<a href=\"https:\/\/youtu.be\/sZcOPkG-nxs\">Link<\/a>]<\/p>\n<p><strong>19\/6<\/strong> &#8211; Prof. Me. Ricardo Melani (Filosofia e seus desdobramentos nos \u00faltimos 30 anos) [<a href=\"https:\/\/youtu.be\/yL_rBop3bl4\">Link<\/a>]<\/p>\n<h3 style=\"text-align: center\"><span style=\"color: #ff0000\"><strong>ATEN\u00c7\u00c3O<\/strong><\/span><\/h3>\n<ul>\n<li>Os encontros ser\u00e3o transmitidos via streaming na p\u00e1gina do Facebook da\u00a0<a href=\"http:\/\/facebook.com\/eparlamento\"><strong>Escola do Parlamento<\/strong><\/a><strong>.<\/strong><\/li>\n<li>A gera\u00e7\u00e3o de certificado ser\u00e1 feita <b>ap\u00f3s resposta a um question\u00e1rio online<\/b>\u00a0que ser\u00e1 disponibilizado ao final do curso <strong>somente \u00e0queles que fizeram a inscri\u00e7\u00e3o via plataforma Sympla<\/strong>.<\/li>\n<\/ul>\n<p><strong>BIBLIOGRAFIA:<\/strong><br \/>\n<small>ABBAGNANO, Nicola. Dicion\u00e1rio de Filosofia. 4. ed. S\u00e3o Paulo: Martins Fontes, 2003.<br \/>\nBR\u00c9HIER, \u00c9mile. Histoire de la philosophie. \u2013 L\u2019Antiquit\u00e9 et le Moyen age. Paris: Librairie F\u00e9lix Alcan, 1928.<br \/>\nREALE, Giovanni, ANTISERI, Dario. Hist\u00f3ria da Filosofia: Antig\u00fcidade e Idade M\u00e9dia,S\u00e3oPaulo: ed.Paulus,1990.[v.1]. Hist\u00f3ria da Filosofia: Do humanismo \u00e0 Kant, S\u00e3o Paulo: Ed. Paulus, 1990.[v.2].\u00a0 Hist\u00f3ria da Filosofia: Do Romantismo aos nossos dias. S\u00e3o Paulo: Ed. Paulus, 1991. [v.3].<\/small><\/p>\n","protected":false},"excerpt":{"rendered":"<p>Antes de propor uma apresenta\u00e7\u00e3o na forma de unidades modulares, nossa proposta de curso objetiva oferecer uma introdu\u00e7\u00e3o \u00e0 Filosofia. \u00c0s nossas pretens\u00f5es, por sua vez, vem somar-se o ensejo de ir ao encontro do interesse crescente \u2013 e difuso \u2013 pela filosofia por parte de profissionais das mais diversas \u00e1reas. N\u00e3o se pode prescindir [&hellip;]<\/p>\n","protected":false},"author":661,"featured_media":0,"parent":17641,"menu_order":213,"comment_status":"closed","ping_status":"closed","template":"","meta":{"_acf_changed":false,"footnotes":""},"class_list":["post-17819","page","type-page","status-publish","hentry"],"acf":[],"_links":{"self":[{"href":"https:\/\/homolog.saopaulo.sp.leg.br\/escoladoparlamento\/wp-json\/wp\/v2\/pages\/17819","targetHints":{"allow":["GET"]}}],"collection":[{"href":"https:\/\/homolog.saopaulo.sp.leg.br\/escoladoparlamento\/wp-json\/wp\/v2\/pages"}],"about":[{"href":"https:\/\/homolog.saopaulo.sp.leg.br\/escoladoparlamento\/wp-json\/wp\/v2\/types\/page"}],"author":[{"embeddable":true,"href":"https:\/\/homolog.saopaulo.sp.leg.br\/escoladoparlamento\/wp-json\/wp\/v2\/users\/661"}],"replies":[{"embeddable":true,"href":"https:\/\/homolog.saopaulo.sp.leg.br\/escoladoparlamento\/wp-json\/wp\/v2\/comments?post=17819"}],"version-history":[{"count":4,"href":"https:\/\/homolog.saopaulo.sp.leg.br\/escoladoparlamento\/wp-json\/wp\/v2\/pages\/17819\/revisions"}],"predecessor-version":[{"id":29437,"href":"https:\/\/homolog.saopaulo.sp.leg.br\/escoladoparlamento\/wp-json\/wp\/v2\/pages\/17819\/revisions\/29437"}],"up":[{"embeddable":true,"href":"https:\/\/homolog.saopaulo.sp.leg.br\/escoladoparlamento\/wp-json\/wp\/v2\/pages\/17641"}],"wp:attachment":[{"href":"https:\/\/homolog.saopaulo.sp.leg.br\/escoladoparlamento\/wp-json\/wp\/v2\/media?parent=17819"}],"curies":[{"name":"wp","href":"https:\/\/api.w.org\/{rel}","templated":true}]}}