{"id":17914,"date":"2020-06-08T13:20:30","date_gmt":"2020-06-08T16:20:30","guid":{"rendered":"http:\/\/homolog.saopaulo.sp.leg.br\/escoladoparlamento\/?page_id=17914"},"modified":"2020-06-26T16:48:13","modified_gmt":"2020-06-26T19:48:13","slug":"o-que-e-politica-e-por-que-a-politica-importa-webinario-com-mario-sergio-cortella","status":"publish","type":"page","link":"https:\/\/homolog.saopaulo.sp.leg.br\/escoladoparlamento\/cursos\/cursos-anteriores\/cursos-realizados-em-2020\/o-que-e-politica-e-por-que-a-politica-importa-webinario-com-mario-sergio-cortella\/","title":{"rendered":"O que \u00e9 pol\u00edtica e por que a pol\u00edtica importa? &#8211; Webin\u00e1rio com Mario Sergio Cortella"},"content":{"rendered":"<p>Em pesquisa de 2019 sobre o estado da democracia no mundo, a ag\u00eancia de intelig\u00eancia do jornal The Economist apontou que vivemos um momento de recess\u00e3o democr\u00e1tica mundial. A queda da qualidade da democracia global &#8211; observada pela queda da m\u00e9dia mundial do \u00edndice de democracia &#8211; \u00e9 causada por processos de recess\u00e3o democr\u00e1tica em andamento em diversos pa\u00edses, inclusive no Brasil. A democracia brasileira \u00e9 apontada como uma democracia falha &#8211; apesar de existirem elei\u00e7\u00f5es justas e livres e as liberdades civis b\u00e1sicas serem respeitadas, problemas como viola\u00e7\u00e3o da liberdade de m\u00eddia e tentativas de supress\u00e3o da oposi\u00e7\u00e3o e cr\u00edticos pol\u00edticos s\u00e3o observadas.<br \/>\nDe acordo com dados do Bar\u00f4metro das Am\u00e9ricas, em 2018, 90% dos entrevistados brasileiros acreditavam que o pa\u00eds \u00e9 governado por grupos poderosos em benef\u00edcio pr\u00f3prio em detrimento do bem do povo. O Poder Legislativo nacional tamb\u00e9m n\u00e3o \u00e9 considerado uma institui\u00e7\u00e3o confi\u00e1vel: 47% dos entrevistados pela ag\u00eancia apontaram n\u00e3o ter nenhuma confian\u00e7a no Congresso Nacional.<br \/>\n<strong>A pol\u00edtica e os pol\u00edticos passam por momento de descr\u00e9dito no Brasil. Como podemos <\/strong><strong>aproximar os cidad\u00e3os e cidad\u00e3s brasileiras e o Poder P\u00fablico? Mais do que isso, como recuperar a <\/strong><strong>confian\u00e7a da popula\u00e7\u00e3o nas institui\u00e7\u00f5es democr\u00e1ticas?<\/strong> As respostas n\u00e3o s\u00e3o claras, mas debater e relembrar o que a pol\u00edtica significa, qual \u00e9 seu lugar em nossas vidas e porque \u00e9 importante para todos n\u00f3s, certamente \u00e9 o primeiro passo para constru\u00ed-las coletivamente e de forma leg\u00edtima.<\/p>\n<p><strong>Objetivos:<\/strong> debater o significado de pol\u00edtica, o lugar que ocupa em nossas vidas e na sociedade, e construir respostas para as quest\u00f5es levantadas de forma leg\u00edtima e coletivamente.<\/p>\n<h2>Dia 23 de junho, a partir das 18h<\/h2>\n<h3><b>com transmiss\u00e3o pela TV C\u00e2mara (canal 61.4 digital) e via streaming pelo Facebook<\/b><\/h3>\n<h3><b> na p\u00e1gina da <\/b><b><a href=\"http:\/\/www.facebook.com\/eparlamento\" target=\"_blank\" rel=\"nofollow noopener noreferrer\">Escola do Parlamento<\/a><\/b><\/h3>\n<h3><b>e tamb\u00e9m na da <a href=\"http:\/\/www.facebook.com\/camarasaopaulo\">C\u00e2mara Municipal de S\u00e3o Paulo<\/a><\/b><\/h3>\n<h3><a href=\"https:\/\/www.facebook.com\/watch\/live\/?v=693232544586537\"><span style=\"color: #ff0000\">Assista ao v\u00eddeo da transmiss\u00e3o<\/span><\/a><\/h3>\n<p>&nbsp;<\/p>\n<h3 style=\"text-align: left\">Participa\u00e7\u00e3o de:<\/h3>\n<h3><strong>Mario Sergio Cortella<\/strong> &#8211; <em>fil\u00f3sofo, escritor, educador, palestrante e professor universit\u00e1rio brasileiro<\/em><\/h3>\n<h3><strong>Daniel Annemberg<\/strong> &#8211; <em>Vereador<\/em><\/h3>\n<h3><strong>Alexsandro Santos<\/strong> &#8211; <em>Diretor-Presidente da Escola do Parlamento<\/em><\/h3>\n<p>&nbsp;<\/p>\n<h3 style=\"text-align: center\"><span style=\"color: #ff0000\">ATEN\u00c7\u00c3O<\/span><\/h3>\n<ul>\n<li>A gera\u00e7\u00e3o de certificado ser\u00e1 feita <b>ap\u00f3s resposta a um question\u00e1rio online<\/b>\u00a0que ser\u00e1 disponibilizado ao final do curso <strong>somente \u00e0queles que fizeram a inscri\u00e7\u00e3o via plataforma Sympla<\/strong>. Leia aqui a\u00a0<a href=\"https:\/\/homolog.saopaulo.sp.leg.br\/escoladoparlamento\/wp-content\/uploads\/sites\/5\/2020\/05\/Pol%C3%ADtica-de-Certifica%C3%A7%C3%A3o-para-Cursos-%C3%A0-Dist%C3%A2ncia-da-EP.pdf\" target=\"_blank\" rel=\"nofollow noopener noreferrer\"><strong>Pol\u00edtica de Certifica\u00e7\u00e3o para Cursos \u00e0 Dist\u00e2ncia da EP<\/strong><\/a><strong>.<\/strong><\/li>\n<\/ul>\n<p>&nbsp;<\/p>\n","protected":false},"excerpt":{"rendered":"<p>Em pesquisa de 2019 sobre o estado da democracia no mundo, a ag\u00eancia de intelig\u00eancia do jornal The Economist apontou que vivemos um momento de recess\u00e3o democr\u00e1tica mundial. A queda da qualidade da democracia global &#8211; observada pela queda da m\u00e9dia mundial do \u00edndice de democracia &#8211; \u00e9 causada por processos de recess\u00e3o democr\u00e1tica em [&hellip;]<\/p>\n","protected":false},"author":522,"featured_media":0,"parent":17641,"menu_order":210,"comment_status":"closed","ping_status":"closed","template":"","meta":{"_acf_changed":false,"footnotes":""},"class_list":["post-17914","page","type-page","status-publish","hentry"],"acf":[],"_links":{"self":[{"href":"https:\/\/homolog.saopaulo.sp.leg.br\/escoladoparlamento\/wp-json\/wp\/v2\/pages\/17914","targetHints":{"allow":["GET"]}}],"collection":[{"href":"https:\/\/homolog.saopaulo.sp.leg.br\/escoladoparlamento\/wp-json\/wp\/v2\/pages"}],"about":[{"href":"https:\/\/homolog.saopaulo.sp.leg.br\/escoladoparlamento\/wp-json\/wp\/v2\/types\/page"}],"author":[{"embeddable":true,"href":"https:\/\/homolog.saopaulo.sp.leg.br\/escoladoparlamento\/wp-json\/wp\/v2\/users\/522"}],"replies":[{"embeddable":true,"href":"https:\/\/homolog.saopaulo.sp.leg.br\/escoladoparlamento\/wp-json\/wp\/v2\/comments?post=17914"}],"version-history":[{"count":5,"href":"https:\/\/homolog.saopaulo.sp.leg.br\/escoladoparlamento\/wp-json\/wp\/v2\/pages\/17914\/revisions"}],"predecessor-version":[{"id":18186,"href":"https:\/\/homolog.saopaulo.sp.leg.br\/escoladoparlamento\/wp-json\/wp\/v2\/pages\/17914\/revisions\/18186"}],"up":[{"embeddable":true,"href":"https:\/\/homolog.saopaulo.sp.leg.br\/escoladoparlamento\/wp-json\/wp\/v2\/pages\/17641"}],"wp:attachment":[{"href":"https:\/\/homolog.saopaulo.sp.leg.br\/escoladoparlamento\/wp-json\/wp\/v2\/media?parent=17914"}],"curies":[{"name":"wp","href":"https:\/\/api.w.org\/{rel}","templated":true}]}}