{"id":18078,"date":"2020-06-19T16:47:20","date_gmt":"2020-06-19T19:47:20","guid":{"rendered":"http:\/\/homolog.saopaulo.sp.leg.br\/escoladoparlamento\/?page_id=18078"},"modified":"2025-04-07T14:56:33","modified_gmt":"2025-04-07T17:56:33","slug":"a-pandemia-de-covid-19-e-a-implementacao-das-politicas-educacionais-no-brasil","status":"publish","type":"page","link":"https:\/\/homolog.saopaulo.sp.leg.br\/escoladoparlamento\/cursos\/cursos-anteriores\/cursos-realizados-em-2020\/a-pandemia-de-covid-19-e-a-implementacao-das-politicas-educacionais-no-brasil\/","title":{"rendered":"A Pandemia de COVID-19 e a Implementa\u00e7\u00e3o das Pol\u00edticas Educacionais no Brasil"},"content":{"rendered":"<h3><a href=\"https:\/\/homolog.saopaulo.sp.leg.br\/escoladoparlamento\/wp-content\/uploads\/sites\/5\/2020\/06\/logo-unicid-40.png\"><img loading=\"lazy\" decoding=\"async\" class=\"alignright size-full wp-image-18082\" src=\"https:\/\/homolog.saopaulo.sp.leg.br\/escoladoparlamento\/wp-content\/uploads\/sites\/5\/2020\/06\/logo-unicid-40.png\" alt=\"\" width=\"148\" height=\"55\" \/><\/a>Parceria Escola do Parlamento e Universidade Cidade de S\u00e3o Paulo &#8211; UNICID<\/h3>\n<p><strong>Coordena\u00e7\u00e3o:<\/strong><\/p>\n<ul>\n<li>Sandra Ferreira (Coordenadora do Programa de P\u00f3s-Gradua\u00e7\u00e3o em Forma\u00e7\u00e3o de Gestores Educacionais da Unicid)<\/li>\n<li>Vanda Mendes Ribeiro (Coordenadora do Programa de P\u00f3s-Gradua\u00e7\u00e3o em Educa\u00e7\u00e3o da Unicid)<\/li>\n<\/ul>\n<p><strong>Media\u00e7\u00e3o:<\/strong><\/p>\n<ul>\n<li>Dr. Alexsandro Santos (Diretor-Presidente da Escola do Parlamento e Professor Colaborador do Programa de P\u00f3s-Gradua\u00e7\u00e3o em Educa\u00e7\u00e3o e em Forma\u00e7\u00e3o de Gestores Educacionais da Unicid)<\/li>\n<\/ul>\n<p>&nbsp;<\/p>\n<p>A pandemia de covid-19 fez com que sistemas educacionais de todo o mundo tivessem que administrar problemas e quest\u00f5es nunca antes enfrentadas. No caso brasileiro, diferentes redes p\u00fablicas de ensino t\u00eam constru\u00eddo alternativas e solu\u00e7\u00f5es para o presente momento, al\u00e9m de se envolverem na reflex\u00e3o e na constru\u00e7\u00e3o de solu\u00e7\u00f5es para o per\u00edodo p\u00f3s-pandemia.<\/p>\n<p>Com a finalidade de discutir os impactos que ela trouxe na implementa\u00e7\u00e3o de Pol\u00edticas Educacionais no Brasil, a Escola do Parlamento e o Programa de P\u00f3s-Gradua\u00e7\u00e3o em Educa\u00e7\u00e3o da Universidade Cidade de S\u00e3o Paulo promovem o Semin\u00e1rio <em>A Pandemia de Covid-19 e a Implementa\u00e7\u00e3o de Pol\u00edticas Educacionais no Brasil.<\/em><\/p>\n<p><strong>Objetivos:<\/strong><\/p>\n<ul>\n<li>Analisar e refletir sobre os potenciais impactos da Covid-19 na implementa\u00e7\u00e3o de pol\u00edticas educacionais.<\/li>\n<li>Analisar, tematizar, discutir e compartilhar a reflex\u00e3o e a a\u00e7\u00e3o dos gestores p\u00fablicos de educa\u00e7\u00e3o no cen\u00e1rio da pandemia de Covid-19.<\/li>\n<\/ul>\n<p><strong>Conte\u00fados:<\/strong><\/p>\n<ul>\n<li>Pol\u00edticas Educacionais no Brasil e os impactos da Pandemia de Covid-19.<\/li>\n<li>Centraliza\u00e7\u00e3o, descentraliza\u00e7\u00e3o, territorializa\u00e7\u00e3o e democratiza\u00e7\u00e3o de pol\u00edticas educacionais: dilemas e contradi\u00e7\u00f5es.<\/li>\n<\/ul>\n<p><strong>P\u00fablico alvo: <\/strong>Gestores(as) escolares da educa\u00e7\u00e3o b\u00e1sica (diretores de escola, assistentes de dire\u00e7\u00e3o e coordenadores pedag\u00f3gicos), professores(as) da educa\u00e7\u00e3o b\u00e1sica, estudantes de licenciatura e interessados em geral<\/p>\n<p><strong>Carga Hor\u00e1ria:<\/strong> 2 horas<\/p>\n<h2>29 de junho das 16h30 \u00e0s 18h30<\/h2>\n<h2><strong>Inscri\u00e7\u00f5es:<span style=\"color: #ff0000\"> encerradas<\/span><\/strong><\/h2>\n<p>Clique <a href=\"https:\/\/youtu.be\/SBYFyJXVoaQ\">AQUI<\/a> para rever o semin\u00e1rio<\/p>\n<h4><strong>Palestrantes:<\/strong><\/h4>\n<p><strong>Profa. Ms. Minea Paschoaleto Frateli<br \/>\n<\/strong>Secret\u00e1ria Adjunta da Secretaria Municipal de Educa\u00e7\u00e3o de S\u00e3o Paulo &#8211; SME SP. Foi Coordenadora Geral da Coordenadoria Pedag\u00f3gica &#8211; COPED &#8211; da SME. Doutoranda em Educa\u00e7\u00e3o na \u00e1rea de Pol\u00edticas P\u00fablicas Educacionais pela Universidade Nove de Julho. Mestre em Educa\u00e7\u00e3o, na linha de Avalia\u00e7\u00e3o Educacional pela PUC SP. Atua na Rede P\u00fablica Municipal h\u00e1 20 anos.<\/p>\n<p><strong>Prof. Dr. Maur\u00edcio Holanda Maia<br \/>\n<\/strong>Doutor em Educa\u00e7\u00e3o pela Universidade Federal do Cear\u00e1. Graduado em Pedagogia. Especialista em Pol\u00edticas P\u00fablicas e Gest\u00e3o Governamental do Minist\u00e9rio do Planejamento (MPOG). Ex-Secret\u00e1rio de Educa\u00e7\u00e3o do Estado do Cear\u00e1, Ex-Secret\u00e1rio de Educa\u00e7\u00e3o do Munic\u00edpio de Sobral e Consultor Legislativo da C\u00e2mara Federal para a \u00e1rea de Educa\u00e7\u00e3o, Cultura e Esporte.<\/p>\n<p><strong>Profa. Roberta Fran\u00e7a Fortes<\/strong><br \/>\nSecret\u00e1ria Municipal de Educa\u00e7\u00e3o do Munic\u00edpio Ilha Comprida e Membro da C\u00e2mara T\u00e9cnica de Educa\u00e7\u00e3o do Cons\u00f3rcio de Desenvolvimento Intermunicipal do Vale do Ribeira (Codivar).<\/p>\n<p><strong>Prof. Dr. Alexsandro Santos<\/strong><br \/>\nDiretor-Presidente da Escola do Parlamento, doutor em Educa\u00e7\u00e3o pela Universidade de S\u00e3o Paulo. \u00c9 pesquisador, em est\u00e1gio p\u00f3s-doutoral junto ao Programa de P\u00f3s-Gradua\u00e7\u00e3o em Administra\u00e7\u00e3o P\u00fablica e Governo (FGV) e junto ao Programa de P\u00f3s-Gradua\u00e7\u00e3o em Psicologia da Educa\u00e7\u00e3o (PUCSP). \u00c9 professor colaborador nos programas de P\u00f3s-Gradua\u00e7\u00e3o em Educa\u00e7\u00e3o e em Forma\u00e7\u00e3o de Gestores Educacionais na Unicid.<\/p>\n<p>&nbsp;<\/p>\n<h3 style=\"text-align: center\"><span style=\"color: #ff0000\">ATEN\u00c7\u00c3O<\/span><\/h3>\n<ul>\n<li>A transmiss\u00e3o do evento ser\u00e1 online atrav\u00e9s de streaming na p\u00e1gina da <strong><a href=\"http:\/\/www.facebook.com\/eparlamento\">Escola do Parlamento no Facebook<\/a><\/strong>.<\/li>\n<li>A gera\u00e7\u00e3o do certificado ser\u00e1 feita\u00a0<b>ap\u00f3s resposta satisfat\u00f3ria a question\u00e1rios de avalia\u00e7\u00e3o online<\/b>\u00a0que ser\u00e3o disponibilizados\u00a0<strong>somente \u00e0queles que fizeram a inscri\u00e7\u00e3o via plataforma Sympla<\/strong> (leia aqui a\u00a0<a href=\"https:\/\/homolog.saopaulo.sp.leg.br\/escoladoparlamento\/wp-content\/uploads\/sites\/5\/2020\/05\/Pol%C3%ADtica-de-Certifica%C3%A7%C3%A3o-para-Cursos-%C3%A0-Dist%C3%A2ncia-da-EP.pdf\" target=\"_blank\" rel=\"nofollow noopener noreferrer\"><strong>Pol\u00edtica de Certifica\u00e7\u00e3o para Cursos \u00e0 Dist\u00e2ncia da EP<\/strong><\/a>)<strong>.\u00a0<\/strong><\/li>\n<\/ul>\n<p>&nbsp;<\/p>\n","protected":false},"excerpt":{"rendered":"<p>Parceria Escola do Parlamento e Universidade Cidade de S\u00e3o Paulo &#8211; UNICID Coordena\u00e7\u00e3o: Sandra Ferreira (Coordenadora do Programa de P\u00f3s-Gradua\u00e7\u00e3o em Forma\u00e7\u00e3o de Gestores Educacionais da Unicid) Vanda Mendes Ribeiro (Coordenadora do Programa de P\u00f3s-Gradua\u00e7\u00e3o em Educa\u00e7\u00e3o da Unicid) Media\u00e7\u00e3o: Dr. Alexsandro Santos (Diretor-Presidente da Escola do Parlamento e Professor Colaborador do Programa de P\u00f3s-Gradua\u00e7\u00e3o [&hellip;]<\/p>\n","protected":false},"author":522,"featured_media":0,"parent":17641,"menu_order":208,"comment_status":"closed","ping_status":"closed","template":"","meta":{"_acf_changed":false,"footnotes":""},"class_list":["post-18078","page","type-page","status-publish","hentry"],"acf":[],"_links":{"self":[{"href":"https:\/\/homolog.saopaulo.sp.leg.br\/escoladoparlamento\/wp-json\/wp\/v2\/pages\/18078","targetHints":{"allow":["GET"]}}],"collection":[{"href":"https:\/\/homolog.saopaulo.sp.leg.br\/escoladoparlamento\/wp-json\/wp\/v2\/pages"}],"about":[{"href":"https:\/\/homolog.saopaulo.sp.leg.br\/escoladoparlamento\/wp-json\/wp\/v2\/types\/page"}],"author":[{"embeddable":true,"href":"https:\/\/homolog.saopaulo.sp.leg.br\/escoladoparlamento\/wp-json\/wp\/v2\/users\/522"}],"replies":[{"embeddable":true,"href":"https:\/\/homolog.saopaulo.sp.leg.br\/escoladoparlamento\/wp-json\/wp\/v2\/comments?post=18078"}],"version-history":[{"count":5,"href":"https:\/\/homolog.saopaulo.sp.leg.br\/escoladoparlamento\/wp-json\/wp\/v2\/pages\/18078\/revisions"}],"predecessor-version":[{"id":29349,"href":"https:\/\/homolog.saopaulo.sp.leg.br\/escoladoparlamento\/wp-json\/wp\/v2\/pages\/18078\/revisions\/29349"}],"up":[{"embeddable":true,"href":"https:\/\/homolog.saopaulo.sp.leg.br\/escoladoparlamento\/wp-json\/wp\/v2\/pages\/17641"}],"wp:attachment":[{"href":"https:\/\/homolog.saopaulo.sp.leg.br\/escoladoparlamento\/wp-json\/wp\/v2\/media?parent=18078"}],"curies":[{"name":"wp","href":"https:\/\/api.w.org\/{rel}","templated":true}]}}