{"id":18324,"date":"2020-07-08T19:07:08","date_gmt":"2020-07-08T22:07:08","guid":{"rendered":"http:\/\/homolog.saopaulo.sp.leg.br\/escoladoparlamento\/?page_id=18324"},"modified":"2022-01-12T20:03:40","modified_gmt":"2022-01-12T23:03:40","slug":"credenciamento-cursos-livres-extensao-pos","status":"publish","type":"page","link":"https:\/\/homolog.saopaulo.sp.leg.br\/escoladoparlamento\/selecao-de-docentes\/credenciamento-cursos-livres-extensao-pos\/","title":{"rendered":"Editais de Credenciamento e Sele\u00e7\u00e3o Docente &#8211; Cursos Livres, de Extens\u00e3o Universit\u00e1ria e P\u00f3s-Gradua\u00e7\u00e3o"},"content":{"rendered":"<p>Navegue pelo menu vertical \u00e0 direita<\/p>\n","protected":false},"excerpt":{"rendered":"<p>Navegue pelo menu vertical \u00e0 direita<\/p>\n","protected":false},"author":522,"featured_media":0,"parent":16803,"menu_order":203,"comment_status":"closed","ping_status":"closed","template":"","meta":{"_acf_changed":false,"footnotes":""},"class_list":["post-18324","page","type-page","status-publish","hentry"],"acf":[],"_links":{"self":[{"href":"https:\/\/homolog.saopaulo.sp.leg.br\/escoladoparlamento\/wp-json\/wp\/v2\/pages\/18324","targetHints":{"allow":["GET"]}}],"collection":[{"href":"https:\/\/homolog.saopaulo.sp.leg.br\/escoladoparlamento\/wp-json\/wp\/v2\/pages"}],"about":[{"href":"https:\/\/homolog.saopaulo.sp.leg.br\/escoladoparlamento\/wp-json\/wp\/v2\/types\/page"}],"author":[{"embeddable":true,"href":"https:\/\/homolog.saopaulo.sp.leg.br\/escoladoparlamento\/wp-json\/wp\/v2\/users\/522"}],"replies":[{"embeddable":true,"href":"https:\/\/homolog.saopaulo.sp.leg.br\/escoladoparlamento\/wp-json\/wp\/v2\/comments?post=18324"}],"version-history":[{"count":2,"href":"https:\/\/homolog.saopaulo.sp.leg.br\/escoladoparlamento\/wp-json\/wp\/v2\/pages\/18324\/revisions"}],"predecessor-version":[{"id":25011,"href":"https:\/\/homolog.saopaulo.sp.leg.br\/escoladoparlamento\/wp-json\/wp\/v2\/pages\/18324\/revisions\/25011"}],"up":[{"embeddable":true,"href":"https:\/\/homolog.saopaulo.sp.leg.br\/escoladoparlamento\/wp-json\/wp\/v2\/pages\/16803"}],"wp:attachment":[{"href":"https:\/\/homolog.saopaulo.sp.leg.br\/escoladoparlamento\/wp-json\/wp\/v2\/media?parent=18324"}],"curies":[{"name":"wp","href":"https:\/\/api.w.org\/{rel}","templated":true}]}}