{"id":1837,"date":"2015-09-21T16:17:19","date_gmt":"2015-09-21T19:17:19","guid":{"rendered":"http:\/\/homolog.saopaulo.sp.leg.br\/escoladoparlamento\/?page_id=1837"},"modified":"2018-05-11T14:48:41","modified_gmt":"2018-05-11T17:48:41","slug":"ditadura-e-direitos-humanos","status":"publish","type":"page","link":"https:\/\/homolog.saopaulo.sp.leg.br\/escoladoparlamento\/cursos\/cursos-anteriores\/cursos-realizados-em-2015\/ditadura-e-direitos-humanos\/","title":{"rendered":"Ditadura e Direitos Humanos"},"content":{"rendered":"<p><iframe loading=\"lazy\" title=\"Escola do Parlamento d\u00e1 in\u00edcio ao curso &quot;Ditadura e Direitos Humanos&quot;.\" width=\"640\" height=\"480\" src=\"https:\/\/www.youtube.com\/embed\/LHhtprQZIvo?feature=oembed\" frameborder=\"0\" allow=\"accelerometer; autoplay; clipboard-write; encrypted-media; gyroscope; picture-in-picture; web-share\" referrerpolicy=\"strict-origin-when-cross-origin\" allowfullscreen><\/iframe><\/p>\n<p><iframe loading=\"lazy\" title=\"Curso da Escola do Parlamento aborda persegui\u00e7\u00e3o ao movimento estudantil\" width=\"640\" height=\"480\" src=\"https:\/\/www.youtube.com\/embed\/x5QlH0yyC-Q?feature=oembed\" frameborder=\"0\" allow=\"accelerometer; autoplay; clipboard-write; encrypted-media; gyroscope; picture-in-picture; web-share\" referrerpolicy=\"strict-origin-when-cross-origin\" allowfullscreen><\/iframe><\/p>\n<p><iframe loading=\"lazy\" title=\"P\u00e1dua Fernandes fala sobre semin\u00e1rio de abertura da Semana da Anistia\" width=\"640\" height=\"480\" src=\"https:\/\/www.youtube.com\/embed\/FiLZ13wV54o?feature=oembed\" frameborder=\"0\" allow=\"accelerometer; autoplay; clipboard-write; encrypted-media; gyroscope; picture-in-picture; web-share\" referrerpolicy=\"strict-origin-when-cross-origin\" allowfullscreen><\/iframe><\/p>\n<p><iframe loading=\"lazy\" title=\"Curso debate rela\u00e7\u00e3o entre ditadura militar e homossexualidade\" width=\"640\" height=\"480\" src=\"https:\/\/www.youtube.com\/embed\/uZr0UF6ixJI?feature=oembed\" frameborder=\"0\" allow=\"accelerometer; autoplay; clipboard-write; encrypted-media; gyroscope; picture-in-picture; web-share\" referrerpolicy=\"strict-origin-when-cross-origin\" allowfullscreen><\/iframe><\/p>\n<p><iframe loading=\"lazy\" title=\"Pesquisador fala sobre homossexualidade na \u00e9poca da ditadura militar\" width=\"640\" height=\"480\" src=\"https:\/\/www.youtube.com\/embed\/hAFcPp__yZI?feature=oembed\" frameborder=\"0\" allow=\"accelerometer; autoplay; clipboard-write; encrypted-media; gyroscope; picture-in-picture; web-share\" referrerpolicy=\"strict-origin-when-cross-origin\" allowfullscreen><\/iframe><\/p>\n<p><iframe loading=\"lazy\" title=\"Vala clandestina de Perus \u00e9 tema de aula do curso &quot;Ditadura e Direitos Humanos&quot;\" width=\"640\" height=\"480\" src=\"https:\/\/www.youtube.com\/embed\/UGlLELYDr60?feature=oembed\" frameborder=\"0\" allow=\"accelerometer; autoplay; clipboard-write; encrypted-media; gyroscope; picture-in-picture; web-share\" referrerpolicy=\"strict-origin-when-cross-origin\" allowfullscreen><\/iframe><\/p>\n<p><iframe loading=\"lazy\" title=\"Lara Mesquita faz balan\u00e7o do curso &quot;Ditadura e Direitos Humanos&quot;\" width=\"640\" height=\"480\" src=\"https:\/\/www.youtube.com\/embed\/RyQIIzPKO0E?feature=oembed\" frameborder=\"0\" allow=\"accelerometer; autoplay; clipboard-write; encrypted-media; gyroscope; picture-in-picture; web-share\" referrerpolicy=\"strict-origin-when-cross-origin\" allowfullscreen><\/iframe><\/p>\n<hr \/>\n<p><strong>Objetivo: <\/strong>Em tempos de indaga\u00e7\u00f5es sobre a &#8220;volta do regime militar&#8221;, nada mais urgente que discutir o que este per\u00edodo representou para nosso pa\u00eds e as graves viola\u00e7\u00f5es dos Direitos Humanos cometidas pelos agentes de Estado durante seus 21 anos de vig\u00eancia.<\/p>\n<p>A partir das investiga\u00e7\u00f5es realizadas pelas Comiss\u00f5es da Verdade, o ciclo de debates busca aprofundar alguns dos muitos recortes poss\u00edveis do tema, trazendo a luz uma parte da hist\u00f3ria infelizmente ainda pouco conhecida pelo p\u00fablico geral.<\/p>\n<p><strong>P\u00fablico alvo: <\/strong>Interessados no debate sobre ditadura e mem\u00f3ria e comiss\u00e3o da verdade, mun\u00edcipes, estudantes, servidores p\u00fablicos e colaboradores da CMSP<\/p>\n<p><strong>Diretor Respons\u00e1vel:<\/strong> <a href=\"http:\/\/homolog.saopaulo.sp.leg.br\/escoladoparlamento\/a-escola\/quem-somos\/\">Christy Ganzert Pato<\/a><\/p>\n<p><strong>Coordena\u00e7\u00e3o:<\/strong> Prof\u00aa Dr\u00aa Vivian Mendes<\/p>\n<h2>Curso &#8220;Ditadura e Direitos Humanos&#8221;<\/h2>\n<p><strong>Inscri\u00e7\u00f5es:<\/strong> De 31\/08 a 04\/09 (ou at\u00e9 o fim das vagas, o que ocorrer primeiro)<\/p>\n<p><strong>Carga Hor\u00e1ria:<\/strong> 24h<\/p>\n<p><strong>Local:<\/strong> C\u00e2mara Municipal de S\u00e3o Paulo<\/p>\n<p><strong>Hor\u00e1rio:<\/strong> das 19h \u00e0s 22h<\/p>\n<p><strong>Programa\u00e7\u00e3o:<\/strong><\/p>\n<table width=\"877\">\n<tbody>\n<tr>\n<td width=\"102\"><strong>Data<\/strong><\/td>\n<td width=\"132\"><strong>Hora<\/strong><\/td>\n<td width=\"180\"><strong>Local<\/strong><\/td>\n<td width=\"236\"><strong>Tema<\/strong><\/td>\n<td width=\"227\"><strong>Palestrante<\/strong><\/td>\n<\/tr>\n<tr>\n<td width=\"102\"><strong>08\/09<\/strong><\/td>\n<td width=\"132\">19h-22h<\/td>\n<td width=\"180\"><a href=\"http:\/\/homolog.saopaulo.sp.leg.br\/transparencia\/auditorios-online\/sala-sergio-vieira-de-mello-sala\/\">Sala S\u00e9rgio Vieira de Mello \u2013 Sala A<\/a><\/td>\n<td width=\"236\"><em>Cadeias de Comando da repress\u00e3o, doutrina de e militariza\u00e7\u00e3o da seguran\u00e7a p\u00fablica<\/em><\/td>\n<td width=\"227\">Capit\u00e3o Francisco Paz, Adriano Diogo e\u00a0Amelinha Teles<\/td>\n<\/tr>\n<tr>\n<td width=\"102\"><strong>15\/09<\/strong><\/p>\n<p><strong>\u00a0<\/strong><\/td>\n<td width=\"132\">19h-22h<\/td>\n<td width=\"180\"><a href=\"http:\/\/homolog.saopaulo.sp.leg.br\/transparencia\/auditorios-online\/sala-sergio-vieira-de-mello-sala\/\">Sala S\u00e9rgio Vieira de Mello \u2013 Sala A<\/a><\/td>\n<td width=\"236\"><em>A Vala de Perus e m\u00e9todos e t\u00e9cnicas de oculta\u00e7\u00e3o de corpos\u00a0<\/em><\/td>\n<td width=\"227\">Jana\u00edna Teles, Adriano Diogo e Amelinha Teles [<a href=\"http:\/\/homolog.saopaulo.sp.leg.br\/escoladoparlamento\/wp-content\/uploads\/sites\/5\/2015\/09\/AulaValadePerus_2015_JanainaTeles.pptx\">Slides<\/a>]<\/td>\n<\/tr>\n<tr>\n<td width=\"102\"><strong>22\/09<\/strong><\/td>\n<td width=\"132\">19h-22h<\/td>\n<td width=\"180\"><a href=\"http:\/\/homolog.saopaulo.sp.leg.br\/transparencia\/auditorios-online\/sala-sergio-vieira-de-mello-sala\/\">Sala S\u00e9rgio Vieira de Mello \u2013 Sala A<\/a><\/td>\n<td width=\"236\"><em>A Persegui\u00e7\u00e3o ao Movimento Estudantil Paulista e o legado da ditadura na educa\u00e7\u00e3o brasileira\u00a0<\/em><\/td>\n<td width=\"227\">Maria Carolina Bissoto, Adriano Diogo e Amelinha Teles<\/td>\n<\/tr>\n<tr>\n<td width=\"102\"><strong>06\/10<\/strong><\/td>\n<td width=\"132\">19h-22h<\/td>\n<td width=\"180\"><a href=\"http:\/\/homolog.saopaulo.sp.leg.br\/transparencia\/auditorios-online\/sala-sergio-vieira-de-mello-sala\/\">Sala S\u00e9rgio Vieira de Mello \u2013 Sala A<\/a><\/td>\n<td width=\"236\"><em>Verdade\u00a0e G\u00eanero; Ditadura e Homossexualidades\u00a0<\/em><\/td>\n<td width=\"227\">Adriano Diogo, Amelinha Teles e Renan Quinalha [<a href=\"http:\/\/homolog.saopaulo.sp.leg.br\/escoladoparlamento\/wp-content\/uploads\/sites\/5\/2015\/09\/Aula_Ditadura-e-Homossexualidades_Escola-do-Parlamento.pptx\">Slides<\/a>]<\/td>\n<\/tr>\n<tr>\n<td width=\"102\"><strong>13\/10<\/strong><\/td>\n<td width=\"132\">19h-22h<\/td>\n<td width=\"180\"><a href=\"http:\/\/homolog.saopaulo.sp.leg.br\/transparencia\/auditorios-online\/sala-sergio-vieira-de-mello-sala\/\">Sala S\u00e9rgio Vieira de Mello \u2013 Sala A<\/a><\/td>\n<td width=\"236\"><em>Guerrilha do Araguaia, a luta dos familiares e a Senten\u00e7a da Corte\u00a0<\/em><\/td>\n<td width=\"227\">Renan Quinalha, P\u00e1dua Fernandes, Crimeia Almeida, Laura Petit, Adriano Diogo e Amelinha Teles<\/td>\n<\/tr>\n<tr>\n<td width=\"102\"><strong>20\/10<\/strong><\/td>\n<td width=\"132\">19h-22h<\/td>\n<td width=\"180\"><a href=\"http:\/\/homolog.saopaulo.sp.leg.br\/transparencia\/auditorios-online\/sala-sergio-vieira-de-mello-sala\/\">Sala S\u00e9rgio Vieira de Mello \u2013 Sala A<\/a><\/td>\n<td width=\"236\"><em>A Persegui\u00e7\u00e3o aos Trabalhadores e ao Movimento Oper\u00e1rio\u00a0<\/em><\/td>\n<td width=\"227\">Maria Carolina Bissoto, Adriano Diogo e Amelinha Teles<\/td>\n<\/tr>\n<tr>\n<td width=\"102\"><strong>27\/10<\/strong><\/td>\n<td width=\"132\">19h-22h<\/td>\n<td width=\"180\"><a href=\"http:\/\/homolog.saopaulo.sp.leg.br\/transparencia\/auditorios-online\/sala-sergio-vieira-de-mello-sala\/\">Sala S\u00e9rgio Vieira de Mello \u2013 Sala A<\/a><\/td>\n<td width=\"236\"><em>Inf\u00e2ncia Roubada\u00a0<\/em><\/td>\n<td width=\"227\">Tatiana Merlino, Edson Teles Adriano Diogo e Amelinha Teles<\/td>\n<\/tr>\n<tr>\n<td width=\"102\"><strong>03\/11<\/strong><\/td>\n<td width=\"132\">19h-22h<\/td>\n<td width=\"180\"><a href=\"http:\/\/homolog.saopaulo.sp.leg.br\/transparencia\/auditorios-online\/sala-sergio-vieira-de-mello-sala\/\">Sala S\u00e9rgio Vieira de Mello \u2013 Sala A<\/a><\/td>\n<td width=\"236\"><em>O caso JK\u00a0<\/em><\/td>\n<td width=\"227\">Gilberto Natalini, Marco Aurelio Braga, Adriano Diogo e Amelinha Teles<\/td>\n<\/tr>\n<\/tbody>\n<\/table>\n<h2><\/h2>\n<h2>Semin\u00e1rio de Encerramento: &#8220;Direito \u00e0 Mem\u00f3ria, Verdade e Justi\u00e7a&#8221;<\/h2>\n<p><strong>Inscri\u00e7\u00f5es:<\/strong> De 02\/11 a 06\/11 (ou at\u00e9 o fim das vagas, o que ocorrer primeiro)<\/p>\n<p><strong>Carga Hor\u00e1ria:<\/strong> 4h<\/p>\n<p><strong>Local:<\/strong> C\u00e2mara Municipal de S\u00e3o Paulo, Sala S\u00e9rgio Vieira de Melo<\/p>\n<p><strong>Data e Hor\u00e1rio:<\/strong> Dia 10\/11 \u00e0s 14h \u00e0s 18h<\/p>\n<p><strong>Palestrantes: <\/strong>Adriano Diogo, Amelinha Teles e Renan Quintanilha<\/p>\n<p>&nbsp;<\/p>\n","protected":false},"excerpt":{"rendered":"<p>Objetivo: Em tempos de indaga\u00e7\u00f5es sobre a &#8220;volta do regime militar&#8221;, nada mais urgente que discutir o que este per\u00edodo representou para nosso pa\u00eds e as graves viola\u00e7\u00f5es dos Direitos Humanos cometidas pelos agentes de Estado durante seus 21 anos de vig\u00eancia. A partir das investiga\u00e7\u00f5es realizadas pelas Comiss\u00f5es da Verdade, o ciclo de debates [&hellip;]<\/p>\n","protected":false},"author":79,"featured_media":0,"parent":1331,"menu_order":647,"comment_status":"closed","ping_status":"closed","template":"","meta":{"_acf_changed":false,"footnotes":""},"class_list":["post-1837","page","type-page","status-publish","hentry"],"acf":[],"_links":{"self":[{"href":"https:\/\/homolog.saopaulo.sp.leg.br\/escoladoparlamento\/wp-json\/wp\/v2\/pages\/1837","targetHints":{"allow":["GET"]}}],"collection":[{"href":"https:\/\/homolog.saopaulo.sp.leg.br\/escoladoparlamento\/wp-json\/wp\/v2\/pages"}],"about":[{"href":"https:\/\/homolog.saopaulo.sp.leg.br\/escoladoparlamento\/wp-json\/wp\/v2\/types\/page"}],"author":[{"embeddable":true,"href":"https:\/\/homolog.saopaulo.sp.leg.br\/escoladoparlamento\/wp-json\/wp\/v2\/users\/79"}],"replies":[{"embeddable":true,"href":"https:\/\/homolog.saopaulo.sp.leg.br\/escoladoparlamento\/wp-json\/wp\/v2\/comments?post=1837"}],"version-history":[{"count":5,"href":"https:\/\/homolog.saopaulo.sp.leg.br\/escoladoparlamento\/wp-json\/wp\/v2\/pages\/1837\/revisions"}],"predecessor-version":[{"id":9440,"href":"https:\/\/homolog.saopaulo.sp.leg.br\/escoladoparlamento\/wp-json\/wp\/v2\/pages\/1837\/revisions\/9440"}],"up":[{"embeddable":true,"href":"https:\/\/homolog.saopaulo.sp.leg.br\/escoladoparlamento\/wp-json\/wp\/v2\/pages\/1331"}],"wp:attachment":[{"href":"https:\/\/homolog.saopaulo.sp.leg.br\/escoladoparlamento\/wp-json\/wp\/v2\/media?parent=1837"}],"curies":[{"name":"wp","href":"https:\/\/api.w.org\/{rel}","templated":true}]}}