{"id":1876,"date":"2015-09-23T15:45:00","date_gmt":"2015-09-23T18:45:00","guid":{"rendered":"http:\/\/homolog.saopaulo.sp.leg.br\/escoladoparlamento\/?page_id=1876"},"modified":"2015-10-23T09:51:00","modified_gmt":"2015-10-23T11:51:00","slug":"poder-legislativo-e-o-processo-legislativo","status":"publish","type":"page","link":"https:\/\/homolog.saopaulo.sp.leg.br\/escoladoparlamento\/cursos\/cursos-anteriores\/cursos-realizados-em-2015\/poder-legislativo-e-o-processo-legislativo\/","title":{"rendered":"Poder Legislativo e o Processo Legislativo"},"content":{"rendered":"<p><strong>Objetivos:\u00a0<\/strong>Permitir aos participantes a compreens\u00e3o acerca do funcionamento do Poder Legislativo, com \u00eanfase para a C\u00e2mara Municipal de S\u00e3o Paulo;\u00a0Propiciar aos participantes o conhecimento acerca do processo legislativo, tanto no que diz respeito \u00e0s pr\u00e1ticas regimentais e procedimentais que lhes s\u00e3o constitutivas, quanto, tamb\u00e9m, nos aspectos relativos \u00e0 pr\u00e1tica pol\u00edtica que o caracteriza.<\/p>\n<p><strong>P\u00fablico Alvo:<\/strong> O Curso destina-se a interessados seja na compreens\u00e3o ou no aprofundamento acerca do funcionamento do Processo Legislativo, ou seja: Funcion\u00e1rios e servidores da CMSP;\u00a0Funcion\u00e1rios do TCM;\u00a0Membros de Organiza\u00e7\u00f5es da Sociedade Civil;\u00a0Vereadores, funcion\u00e1rios e servidores de outras C\u00e2maras Municipais;\u00a0Funcion\u00e1rios e servidores dos outros Poderes e\/ou inst\u00e2ncias da\u00a0federa\u00e7\u00e3o.<\/p>\n<p><strong>Coordenador e Diretor Respons\u00e1vel:<\/strong> Leonardo Barbagallo<\/p>\n<p><strong>Carga Hor\u00e1ria:<\/strong> 18h<\/p>\n<p><strong>Vagas:<\/strong> 60<\/p>\n<p><strong>Inscri\u00e7\u00f5es encerradas.<\/strong><\/p>\n<p><strong>Local:<\/strong> C\u00e2mara Municipal de S\u00e3o Paulo<\/p>\n<p><strong>Programa\u00e7\u00e3o:<\/strong><\/p>\n<table>\n<tbody>\n<tr>\n<td><strong>Data<\/strong><\/td>\n<td><strong>Hor\u00e1rio<\/strong><\/td>\n<td><strong>Local<\/strong><\/td>\n<td><strong>Tema<\/strong><\/td>\n<td><strong>Palestrante<\/strong><\/td>\n<\/tr>\n<tr>\n<td><strong>08\/10<\/strong><\/td>\n<td>9:30h &#8211; 10h<\/td>\n<td><a href=\"http:\/\/homolog.saopaulo.sp.leg.br\/transparencia\/auditorios-online\/sala-oscar-pedroso-horta-sala-b\/\">Sala Oscar Pedroso Horta<\/a><\/td>\n<td><em>Apresenta\u00e7\u00e3o do curso<\/em><\/td>\n<td>Leonardo Barbagallo<\/td>\n<\/tr>\n<tr>\n<td><\/td>\n<td>10h &#8211; 13h<\/td>\n<td><a href=\"http:\/\/homolog.saopaulo.sp.leg.br\/transparencia\/auditorios-online\/sala-oscar-pedroso-horta-sala-b\/\">Sala Oscar Pedroso Horta<\/a><\/td>\n<td><em>O Estado Moderno<\/em><\/td>\n<td>Christy Ganzert Pato<\/td>\n<\/tr>\n<tr>\n<td><strong>09\/10<\/strong><\/td>\n<td>9:30h &#8211; 13h<\/td>\n<td><a href=\"http:\/\/homolog.saopaulo.sp.leg.br\/transparencia\/auditorios-online\/sala-oscar-pedroso-horta-sala-b\/\">Sala Oscar Pedroso Horta<\/a><\/td>\n<td><em>O Poder Legislativo no Brasil<\/em><\/td>\n<td>Lara Mesquita<\/td>\n<\/tr>\n<tr>\n<td><strong>15\/10<\/strong><\/td>\n<td>09h30 &#8211; 11h<\/td>\n<td><a href=\"http:\/\/homolog.saopaulo.sp.leg.br\/transparencia\/auditorios-online\/sala-sergio-vieira-de-mello-sala\/\">Sala S\u00e9rgio Vieira de Mello<\/a><\/td>\n<td><em>Estrutura organizacional da CMSP<\/em><\/td>\n<td>Edinei Arakaki Kuskuma<\/td>\n<\/tr>\n<tr>\n<td><\/td>\n<td>11h30 &#8211; 13h<\/td>\n<td><a href=\"http:\/\/homolog.saopaulo.sp.leg.br\/transparencia\/auditorios-online\/sala-sergio-vieira-de-mello-sala\/\">Sala S\u00e9rgio Vieira de Mello<\/a><\/td>\n<td><em>\u00d3rg\u00e3os de exerc\u00edcio do Poder: o Plen\u00e1rio, Bancadas e Lideran\u00e7as, Comiss\u00f5es<\/em><\/td>\n<td>Karen Vieira<\/td>\n<\/tr>\n<tr>\n<td><strong>16\/10<\/strong><\/td>\n<td>09h30 &#8211; 11h<\/td>\n<td><a href=\"http:\/\/homolog.saopaulo.sp.leg.br\/transparencia\/auditorios-online\/sala-sergio-vieira-de-mello-sala\/\">Sala S\u00e9rgio Vieira de Mello<\/a><\/td>\n<td><em>Processo e Produ\u00e7\u00e3o Legislativa<\/em><\/td>\n<td>Caio Marcelo de Carvalho Giannini<\/td>\n<\/tr>\n<tr>\n<td><\/td>\n<td>11h30 &#8211; 13h<\/td>\n<td><a href=\"http:\/\/homolog.saopaulo.sp.leg.br\/transparencia\/auditorios-online\/sala-sergio-vieira-de-mello-sala\/\">Sala S\u00e9rgio Vieira de Mello<\/a><\/td>\n<td><em>Agentes pol\u00edticos, servidores p\u00fablicos e popula\u00e7\u00e3o na produ\u00e7\u00e3o legislativa<\/em><\/td>\n<td>Roberto Tadeu Noritomi<\/td>\n<\/tr>\n<tr>\n<td><strong>22\/10<\/strong><\/td>\n<td>09h30 &#8211; 10h<\/td>\n<td><a href=\"http:\/\/homolog.saopaulo.sp.leg.br\/transparencia\/auditorios-online\/sala-sergio-vieira-de-mello-sala\/\">Sala S\u00e9rgio Vieira de Mello<\/a><\/td>\n<td><em>Atribui\u00e7\u00f5es e fundamentos, conhecimentos e instrumentos da Consultoria da \u00c1rea Social<\/em><\/td>\n<td>Simone Fantucci<\/td>\n<\/tr>\n<tr>\n<td><\/td>\n<td>10h &#8211; 10h30<\/td>\n<td><a href=\"http:\/\/homolog.saopaulo.sp.leg.br\/transparencia\/auditorios-online\/sala-sergio-vieira-de-mello-sala\/\">Sala S\u00e9rgio Vieira de Mello<\/a><\/td>\n<td><em>Consultoria T\u00e9cnica de Economia e Or\u00e7amento<\/em><\/td>\n<td>Adriano Nunes Borges<\/td>\n<\/tr>\n<tr>\n<td><\/td>\n<td>10h30 &#8211; 11h<\/td>\n<td><a href=\"http:\/\/homolog.saopaulo.sp.leg.br\/transparencia\/auditorios-online\/sala-sergio-vieira-de-mello-sala\/\">Sala S\u00e9rgio Vieira de Mello<\/a><\/td>\n<td><em>Consultoria de Administra\u00e7\u00e3o P\u00fablica<\/em><\/td>\n<td>Jos\u00e9 Guimar Cocco Jr.<\/td>\n<\/tr>\n<tr>\n<td><\/td>\n<td>11h30 &#8211; 12h<\/td>\n<td><a href=\"http:\/\/homolog.saopaulo.sp.leg.br\/transparencia\/auditorios-online\/sala-sergio-vieira-de-mello-sala\/\">Sala S\u00e9rgio Vieira de Mello<\/a><\/td>\n<td><em>Consultoria de Urbanismo e de Meio-Ambiente<\/em><\/td>\n<td>Carlos Minoru Morinaga<\/td>\n<\/tr>\n<tr>\n<td><\/td>\n<td>12h30 &#8211; 13h<\/td>\n<td><a href=\"http:\/\/homolog.saopaulo.sp.leg.br\/transparencia\/auditorios-online\/sala-sergio-vieira-de-mello-sala\/\">Sala S\u00e9rgio Vieira de Mello<\/a><\/td>\n<td><em>Consultoria da \u00c1rea Social<\/em><\/td>\n<td>Simone Fantucci<\/td>\n<\/tr>\n<tr>\n<td><strong>23\/10<\/strong><\/td>\n<td>9:30h &#8211; 13h<\/td>\n<td><a href=\"http:\/\/homolog.saopaulo.sp.leg.br\/transparencia\/auditorios-online\/sala-sergio-vieira-de-mello-sala\/\">Sala S\u00e9rgio Vieira de Mello<\/a><\/td>\n<td><em>Processo e Produ\u00e7\u00e3o Legislativa<\/em><\/td>\n<td>Breno Gandelman<\/p>\n<p>Andr\u00e9 Marcon<\/td>\n<\/tr>\n<\/tbody>\n<\/table>\n<p>&nbsp;<\/p>\n","protected":false},"excerpt":{"rendered":"<p>Objetivos:\u00a0Permitir aos participantes a compreens\u00e3o acerca do funcionamento do Poder Legislativo, com \u00eanfase para a C\u00e2mara Municipal de S\u00e3o Paulo;\u00a0Propiciar aos participantes o conhecimento acerca do processo legislativo, tanto no que diz respeito \u00e0s pr\u00e1ticas regimentais e procedimentais que lhes s\u00e3o constitutivas, quanto, tamb\u00e9m, nos aspectos relativos \u00e0 pr\u00e1tica pol\u00edtica que o caracteriza. P\u00fablico Alvo: [&hellip;]<\/p>\n","protected":false},"author":79,"featured_media":0,"parent":1331,"menu_order":646,"comment_status":"closed","ping_status":"closed","template":"","meta":{"_acf_changed":false,"footnotes":""},"class_list":["post-1876","page","type-page","status-publish","hentry"],"acf":[],"_links":{"self":[{"href":"https:\/\/homolog.saopaulo.sp.leg.br\/escoladoparlamento\/wp-json\/wp\/v2\/pages\/1876","targetHints":{"allow":["GET"]}}],"collection":[{"href":"https:\/\/homolog.saopaulo.sp.leg.br\/escoladoparlamento\/wp-json\/wp\/v2\/pages"}],"about":[{"href":"https:\/\/homolog.saopaulo.sp.leg.br\/escoladoparlamento\/wp-json\/wp\/v2\/types\/page"}],"author":[{"embeddable":true,"href":"https:\/\/homolog.saopaulo.sp.leg.br\/escoladoparlamento\/wp-json\/wp\/v2\/users\/79"}],"replies":[{"embeddable":true,"href":"https:\/\/homolog.saopaulo.sp.leg.br\/escoladoparlamento\/wp-json\/wp\/v2\/comments?post=1876"}],"version-history":[{"count":5,"href":"https:\/\/homolog.saopaulo.sp.leg.br\/escoladoparlamento\/wp-json\/wp\/v2\/pages\/1876\/revisions"}],"predecessor-version":[{"id":2220,"href":"https:\/\/homolog.saopaulo.sp.leg.br\/escoladoparlamento\/wp-json\/wp\/v2\/pages\/1876\/revisions\/2220"}],"up":[{"embeddable":true,"href":"https:\/\/homolog.saopaulo.sp.leg.br\/escoladoparlamento\/wp-json\/wp\/v2\/pages\/1331"}],"wp:attachment":[{"href":"https:\/\/homolog.saopaulo.sp.leg.br\/escoladoparlamento\/wp-json\/wp\/v2\/media?parent=1876"}],"curies":[{"name":"wp","href":"https:\/\/api.w.org\/{rel}","templated":true}]}}