{"id":2011,"date":"2015-10-06T19:29:11","date_gmt":"2015-10-06T22:29:11","guid":{"rendered":"http:\/\/homolog.saopaulo.sp.leg.br\/escoladoparlamento\/?page_id=2011"},"modified":"2016-01-28T17:36:47","modified_gmt":"2016-01-28T19:36:47","slug":"a-leitura-como-politica-publica-e-direito-de-cidadania","status":"publish","type":"page","link":"https:\/\/homolog.saopaulo.sp.leg.br\/escoladoparlamento\/cursos\/cursos-anteriores\/cursos-realizados-em-2015\/a-leitura-como-politica-publica-e-direito-de-cidadania\/","title":{"rendered":"A LEITURA COMO POL\u00cdTICA P\u00daBLICA E DIREITO DE CIDADANIA"},"content":{"rendered":"<h5>Este curso \u00e9 resultado de um parceria entre a Escola do Parlamento e o Tribunal de Contas do Munic\u00edpio &#8211; TCM<\/h5>\n<p><strong>Objetivos:\u00a0<\/strong>Discutir, sob diferentes pontos de vista e a partir de diferentes aspectos, o agendamento, formula\u00e7\u00e3o e implementa\u00e7\u00e3o de pol\u00edticas p\u00fablicas do livro, da leitura, da literatura e da biblioteca no Brasil;\u00a0Apresentar um panorama cr\u00edtico do processo de formula\u00e7\u00e3o e aprova\u00e7\u00e3o do PNLL e do PMLLB\/SP, em di\u00e1logo com experi\u00eancias de outros munic\u00edpios do Pa\u00eds;\u00a0Discutir a leitura como direito de cidadania e delinear um panorama a respeito de sua realiza\u00e7\u00e3o no munic\u00edpio de S\u00e3o Paulo.<\/p>\n<p><strong>Coordenador: <\/strong>Prof. Dr. Jos\u00e9 Castilho Marques Neto (MinC\/UNESP)<\/p>\n<p><strong>Diretor Respons\u00e1vel:<\/strong> Lara Mesquita<\/p>\n<p><strong>Local:<\/strong> Audit\u00f3rio da Escola Superior de Gest\u00e3o e Contas P\u00fablicas do TCMSP: Av. Prof. Ascendino Reis, 1130 &#8211; Vila Clementino &#8211; S\u00e3o Paulo &#8211; SP &#8211; CEP 04027-000 &#8211; Tel. 5080-1387<\/p>\n<p><strong>Carga Hor\u00e1ria:<\/strong> 16h<\/p>\n<p><strong>Inscri\u00e7\u00f5es encerradas.<\/strong><\/p>\n<p><strong>Programa\u00e7\u00e3o:<\/strong><\/p>\n<table width=\"463\">\n<tbody>\n<tr>\n<td colspan=\"3\"><strong>15\/out<\/strong><\/td>\n<\/tr>\n<tr>\n<td><strong>19h \u2013 21h<\/strong><\/td>\n<td>Mesa I &#8211; <em>O PNLL e as pol\u00edticas p\u00fablicas de livro, leitura, literatura e bibliotecas no Brasil.<\/em><\/td>\n<td>\n<ul>\n<li>Eliana Lucia Madureira Yunes\u00a0(PUC-RJ)<\/li>\n<li>Fernando &#8220;Ruivo&#8221; Lopes (Coletivo Perifatividade)<\/li>\n<\/ul>\n<\/td>\n<\/tr>\n<tr>\n<td colspan=\"3\" width=\"463\"><strong>16\/out<\/strong><\/td>\n<\/tr>\n<tr>\n<td><strong>9h30 \u2013 11h30<\/strong><\/td>\n<td>Mesa II &#8211; <em>O PMLLB em S\u00e3o Paulo: Desafios e Possibilidades da Pol\u00edtica Urbana para a Leitura<\/em><\/td>\n<td>\n<ul>\n<li>Ricardo Queiroz Pinheiro (CMSP)<\/li>\n<li>Rodrigo Cir\u00edaco\u00a0(escritor &#8211; a conf.)<\/li>\n<\/ul>\n<\/td>\n<\/tr>\n<tr>\n<td><strong>13h30 \u2013 15h30<\/strong><\/td>\n<td>Mesa III &#8211;\u00a0<em>Democratiza\u00e7\u00e3o do acesso \u00e0 leitura e o papel da media\u00e7\u00e3o: o que define o acesso, instrumentos e a\u00e7\u00f5es contempor\u00e2neas.<\/em><\/td>\n<td>\n<ul>\n<li>Dolores Prades (Instituto Em\u00edlia)<\/li>\n<li>Jos\u00e9 Vandei Silva de Oliveira (Tenda Liter\u00e1ria &#8211; a conf.)<\/li>\n<\/ul>\n<\/td>\n<\/tr>\n<tr>\n<td><strong>16h \u2013 18h<\/strong><\/td>\n<td>Mesa IV &#8211; <em>O valor simb\u00f3lico da leitura, seu lugar institucional na Pol\u00edtica P\u00fablica e a Economia Criativa: a hist\u00f3ria e a contemporaneidade de m\u00faltiplas possibilidades.<\/em><\/td>\n<td>\n<ul>\n<li>Nabil Bonduki (Secret\u00e1rio Municipal de Cultura)<\/li>\n<li>Jo\u00e3o Luiz Cardoso Taipas Ceccatini (UNESP &#8211; a conf.)<\/li>\n<\/ul>\n<\/td>\n<\/tr>\n<tr>\n<td><strong>19h \u2013 21h<\/strong><\/td>\n<td>Mesa V &#8211; <em>Pol\u00edticas Articuladas de Leitura entre a Educa\u00e7\u00e3o e a Cultura: hist\u00f3ria, impasses, desafios, possibilidades.<\/em><\/td>\n<td>\n<ul>\n<li>Paulo Gabriel Soledade Nacif (SECADI\/MEC)<\/li>\n<li>Bel Santos (IBEAC\/SP e LiteraSampa &#8211; a conf.)<\/li>\n<\/ul>\n<\/td>\n<\/tr>\n<tr>\n<td colspan=\"3\"><strong>17\/out<\/strong><\/td>\n<\/tr>\n<tr>\n<td><strong>9h30 \u2013 11h30<\/strong><\/td>\n<td>Mesa VI &#8211; <em>Forma\u00e7\u00e3o de Leitores e as diversidades: A import\u00e2ncia da Leitura na afirma\u00e7\u00e3o da igualdade nas rela\u00e7\u00f5es \u00e9tnico-raciais, nas rela\u00e7\u00f5es de g\u00eanero e das identidades LGBT na metr\u00f3pole paulistana<\/em><\/td>\n<td>\n<ul>\n<li>Alexsandro Santos (CMSP)<\/li>\n<li>Dario Ferreira de Sousa Neto (FFLCH\/USP)<\/li>\n<\/ul>\n<\/td>\n<\/tr>\n<tr>\n<td><strong>11h30 \u2013 13h30<\/strong><\/td>\n<td>Mesa VII &#8211; <em>Biblioteca de Acesso P\u00fablico e Espa\u00e7os de Leitura: bibliotecas p\u00fablicas, escolares, comunit\u00e1rias: miss\u00f5es e espa\u00e7os m\u00faltiplos de leitura, o que permanece no mundo digital?<\/em><\/td>\n<td>\n<ul>\n<li>Charlene Kathlen de Lemos (Centro de Forma\u00e7\u00e3o Cultural da Cidade Tiradentes)<\/li>\n<li>Maria Aparecida Arias Fernandez (Centro de Cultura Luiz Freire\/PE)<\/li>\n<\/ul>\n<\/td>\n<\/tr>\n<tr>\n<td><strong>14h30 \u2013 16h30<\/strong><\/td>\n<td>Mesa VIII &#8211; <em>A leitura Liter\u00e1ria como principal formadora de leitores plenos: literaturas cl\u00e1ssicas e contempor\u00e2neas, a literatura perif\u00e9rica das metr\u00f3poles, o papel do escritor.<\/em><\/td>\n<td>\n<ul>\n<li>Rodrigo Lacerda (Escritor)<\/li>\n<li>Aldemiro &#8220;Sacolinha&#8221; Alves de Souza (Escritor)<\/li>\n<\/ul>\n<\/td>\n<\/tr>\n<\/tbody>\n<\/table>\n","protected":false},"excerpt":{"rendered":"<p>Este curso \u00e9 resultado de um parceria entre a Escola do Parlamento e o Tribunal de Contas do Munic\u00edpio &#8211; TCM Objetivos:\u00a0Discutir, sob diferentes pontos de vista e a partir de diferentes aspectos, o agendamento, formula\u00e7\u00e3o e implementa\u00e7\u00e3o de pol\u00edticas p\u00fablicas do livro, da leitura, da literatura e da biblioteca no Brasil;\u00a0Apresentar um panorama cr\u00edtico [&hellip;]<\/p>\n","protected":false},"author":127,"featured_media":0,"parent":1331,"menu_order":641,"comment_status":"closed","ping_status":"closed","template":"","meta":{"_acf_changed":false,"footnotes":""},"class_list":["post-2011","page","type-page","status-publish","hentry"],"acf":[],"_links":{"self":[{"href":"https:\/\/homolog.saopaulo.sp.leg.br\/escoladoparlamento\/wp-json\/wp\/v2\/pages\/2011","targetHints":{"allow":["GET"]}}],"collection":[{"href":"https:\/\/homolog.saopaulo.sp.leg.br\/escoladoparlamento\/wp-json\/wp\/v2\/pages"}],"about":[{"href":"https:\/\/homolog.saopaulo.sp.leg.br\/escoladoparlamento\/wp-json\/wp\/v2\/types\/page"}],"author":[{"embeddable":true,"href":"https:\/\/homolog.saopaulo.sp.leg.br\/escoladoparlamento\/wp-json\/wp\/v2\/users\/127"}],"replies":[{"embeddable":true,"href":"https:\/\/homolog.saopaulo.sp.leg.br\/escoladoparlamento\/wp-json\/wp\/v2\/comments?post=2011"}],"version-history":[{"count":5,"href":"https:\/\/homolog.saopaulo.sp.leg.br\/escoladoparlamento\/wp-json\/wp\/v2\/pages\/2011\/revisions"}],"predecessor-version":[{"id":2780,"href":"https:\/\/homolog.saopaulo.sp.leg.br\/escoladoparlamento\/wp-json\/wp\/v2\/pages\/2011\/revisions\/2780"}],"up":[{"embeddable":true,"href":"https:\/\/homolog.saopaulo.sp.leg.br\/escoladoparlamento\/wp-json\/wp\/v2\/pages\/1331"}],"wp:attachment":[{"href":"https:\/\/homolog.saopaulo.sp.leg.br\/escoladoparlamento\/wp-json\/wp\/v2\/media?parent=2011"}],"curies":[{"name":"wp","href":"https:\/\/api.w.org\/{rel}","templated":true}]}}