{"id":2104,"date":"2015-10-14T16:59:53","date_gmt":"2015-10-14T19:59:53","guid":{"rendered":"http:\/\/homolog.saopaulo.sp.leg.br\/escoladoparlamento\/?page_id=2104"},"modified":"2018-05-11T14:44:56","modified_gmt":"2018-05-11T17:44:56","slug":"comunicacao-livre-modulo-1-principios-basicos-de-comunicacao-nas-redes-digitais","status":"publish","type":"page","link":"https:\/\/homolog.saopaulo.sp.leg.br\/escoladoparlamento\/cursos\/cursos-anteriores\/cursos-realizados-em-2015\/comunicacao-livre-modulo-1-principios-basicos-de-comunicacao-nas-redes-digitais\/","title":{"rendered":"Comunica\u00e7\u00e3o Livre &#8211; M\u00f3dulo  II: Blogues e Escrita Digital"},"content":{"rendered":"<p><strong>Objetivos:<\/strong> No novo cen\u00e1rio comunicacional a forma\u00e7\u00e3o em novas tecnologias se tornou essencial para os que t\u00eam interesse em atuar como produtores de informa\u00e7\u00e3o. H\u00e1 cada vez mais gente querendo ampliar suas capacidades em equipamentos e aplicativos e ao mesmo tempo entender melhor o cen\u00e1rio da <em>cibercultura<\/em>. O curso de Comunica\u00e7\u00e3o\u00a0Livre buscar\u00e1 apresentar essas quest\u00f5es de forma introdut\u00f3ria ao estudante.<\/p>\n<p><strong>P\u00fablico Alvo<\/strong>: Curso de forma\u00e7\u00e3o em comunica\u00e7\u00e3o e novas tecnologias para jovens e adultos com interesse em atuar na \u00e1rea ou que j\u00e1 desenvolvam algum tipo de projeto e estejam em busca de forma\u00e7\u00e3o.<\/p>\n<p><strong>Coordenador:<\/strong> Renato Rovai<\/p>\n<p><strong>Diretor Respons\u00e1vel:<\/strong> Christy Ganzert Pato<\/p>\n<p><strong>Vagas:<\/strong> 30<\/p>\n<p><strong>Carga Hor\u00e1ria:<\/strong> 12h<\/p>\n<p><strong>Inscri\u00e7\u00f5es:<\/strong> Encerradas.<\/p>\n<p><strong>Programa\u00e7\u00e3o:<\/strong><\/p>\n<table>\n<tbody>\n<tr>\n<td><strong>Data<\/strong><\/td>\n<td><strong>Hora<\/strong><\/td>\n<td><strong>Palestrante<\/strong><\/td>\n<td><strong>Tema da palestra\/aula<\/strong><\/td>\n<\/tr>\n<tr>\n<td><strong>13\/11<\/strong><\/td>\n<td>19h \u2013 22h<\/td>\n<td>Renato Rovai<\/td>\n<td><em>Blogues e Escrita Digital<\/em><\/p>\n<p>&#8211; Hist\u00f3ria da web e o surgimento e desenvolvimento da blogosfera<br \/>\n&#8211; Como surge a a\u00e7\u00e3o midilalivrista<br \/>\n&#8211; Jornalismo colaborativo e produ\u00e7\u00e3o em creative commons<br \/>\n&#8211; Uma breve hist\u00f3ria da blogosfera brasileira<\/td>\n<\/tr>\n<tr>\n<td><strong>14\/11<\/strong><\/td>\n<td>9h \u2013 19h<\/td>\n<td>Dennis Oliveira e Maria Fr\u00f4<\/td>\n<td><em>Oficina: Blogues e Escrita Digital<\/em><\/p>\n<p>Manh\u00e3:<\/p>\n<p>&#8211; Apresenta\u00e7\u00e3o dos participantes e dos oficineiros<br \/>\n&#8211; O que \u00e9 jornalismo popular e cidad\u00e3o e como isso se altera no contexto digital (falar um pouco de jornalismo)<br \/>\n&#8211; A import\u00e2ncia das redes para o blogueiro e como ativ\u00e1-las, explicando como usa pra trazer audi\u00eancia e reputa\u00e7\u00e3o para o seu blogue o Twitter, o Face, o Instagram, Youtube e Whatsapp<br \/>\n&#8212; Apresenta\u00e7\u00e3o de experi\u00eancias bem sucedidas em blogues no Brasil e no mundo<br \/>\n&#8211; O que precisa ser pensado na hora de construir seu blogue e como cada um de n\u00f3s faz o seu blogue<\/p>\n<p>Tarde:<\/p>\n<p>&#8211; A import\u00e2ncia do desenvolvimento do blogue, dicas de como constru\u00ed-lo no wordpress, design e ferramentas dispon\u00edveis<br \/>\n&#8211; O texto jornal\u00edstico em blogues, algumas caracter\u00edsticas especiais<br \/>\n&#8211; Discuss\u00e3o para verificar se os participantes t\u00eam blogue, que tipo de problemas eles t\u00eam nos blogues deles ou se n\u00e3o t\u00eam e se pensaram em que tipo de blogue gostariam de ter ou fazer<br \/>\n&#8211; Escreva um projeto para um blogue ou o que voc\u00ea gostaria de fazer no seu blogue a partir do que foi discutido na oficina<br \/>\n&#8211; Avalia\u00e7\u00e3o do laborat\u00f3rio e leitura das ideias e projetos<\/td>\n<\/tr>\n<\/tbody>\n<\/table>\n<h3><span style=\"color: #ff0000\">O evento do dia 13\/11\/2015 ser\u00e1\u00a0realizado na sala\u00a0S\u00e9rgio Vieira de Melo (Sala A &#8211; 1\u00ba subsolo).<\/span><\/h3>\n<h3><span style=\"color: #ff0000\">O evento do dia 14\/11\/2015 ser\u00e1\u00a0realizado na sala Tiradentes (8\u00ba andar).<\/span><\/h3>\n","protected":false},"excerpt":{"rendered":"<p>Objetivos: No novo cen\u00e1rio comunicacional a forma\u00e7\u00e3o em novas tecnologias se tornou essencial para os que t\u00eam interesse em atuar como produtores de informa\u00e7\u00e3o. H\u00e1 cada vez mais gente querendo ampliar suas capacidades em equipamentos e aplicativos e ao mesmo tempo entender melhor o cen\u00e1rio da cibercultura. O curso de Comunica\u00e7\u00e3o\u00a0Livre buscar\u00e1 apresentar essas quest\u00f5es [&hellip;]<\/p>\n","protected":false},"author":127,"featured_media":0,"parent":1331,"menu_order":639,"comment_status":"closed","ping_status":"closed","template":"","meta":{"_acf_changed":false,"footnotes":""},"class_list":["post-2104","page","type-page","status-publish","hentry"],"acf":[],"_links":{"self":[{"href":"https:\/\/homolog.saopaulo.sp.leg.br\/escoladoparlamento\/wp-json\/wp\/v2\/pages\/2104","targetHints":{"allow":["GET"]}}],"collection":[{"href":"https:\/\/homolog.saopaulo.sp.leg.br\/escoladoparlamento\/wp-json\/wp\/v2\/pages"}],"about":[{"href":"https:\/\/homolog.saopaulo.sp.leg.br\/escoladoparlamento\/wp-json\/wp\/v2\/types\/page"}],"author":[{"embeddable":true,"href":"https:\/\/homolog.saopaulo.sp.leg.br\/escoladoparlamento\/wp-json\/wp\/v2\/users\/127"}],"replies":[{"embeddable":true,"href":"https:\/\/homolog.saopaulo.sp.leg.br\/escoladoparlamento\/wp-json\/wp\/v2\/comments?post=2104"}],"version-history":[{"count":5,"href":"https:\/\/homolog.saopaulo.sp.leg.br\/escoladoparlamento\/wp-json\/wp\/v2\/pages\/2104\/revisions"}],"predecessor-version":[{"id":9416,"href":"https:\/\/homolog.saopaulo.sp.leg.br\/escoladoparlamento\/wp-json\/wp\/v2\/pages\/2104\/revisions\/9416"}],"up":[{"embeddable":true,"href":"https:\/\/homolog.saopaulo.sp.leg.br\/escoladoparlamento\/wp-json\/wp\/v2\/pages\/1331"}],"wp:attachment":[{"href":"https:\/\/homolog.saopaulo.sp.leg.br\/escoladoparlamento\/wp-json\/wp\/v2\/media?parent=2104"}],"curies":[{"name":"wp","href":"https:\/\/api.w.org\/{rel}","templated":true}]}}