{"id":2117,"date":"2015-10-14T18:58:08","date_gmt":"2015-10-14T21:58:08","guid":{"rendered":"http:\/\/homolog.saopaulo.sp.leg.br\/escoladoparlamento\/?page_id=2117"},"modified":"2018-05-11T14:33:48","modified_gmt":"2018-05-11T17:33:48","slug":"2117-2","status":"publish","type":"page","link":"https:\/\/homolog.saopaulo.sp.leg.br\/escoladoparlamento\/cursos\/cursos-anteriores\/cursos-realizados-em-2015\/2117-2\/","title":{"rendered":"A rela\u00e7\u00e3o crian\u00e7a-cidade: uma via de m\u00e3o dupla"},"content":{"rendered":"<p><iframe loading=\"lazy\" title=\"Semin\u00e1rio discute a rela\u00e7\u00e3o entre as crian\u00e7as e a cidade\" width=\"640\" height=\"480\" src=\"https:\/\/www.youtube.com\/embed\/SsgXSKY6W_k?feature=oembed\" frameborder=\"0\" allow=\"accelerometer; autoplay; clipboard-write; encrypted-media; gyroscope; picture-in-picture; web-share\" referrerpolicy=\"strict-origin-when-cross-origin\" allowfullscreen><\/iframe><\/p>\n<figure id=\"attachment_2190\" aria-describedby=\"caption-attachment-2190\" style=\"width: 300px\" class=\"wp-caption alignright\"><a href=\"http:\/\/www.labedu.org.br\"><img loading=\"lazy\" decoding=\"async\" class=\"wp-image-2190 size-medium\" src=\"http:\/\/homolog.saopaulo.sp.leg.br\/escoladoparlamento\/wp-content\/uploads\/sites\/5\/2015\/10\/LabEDU_marca_qualidade_media-300x95.png\" alt=\"LabEDU_marca_qualidade_media\" width=\"300\" height=\"95\" srcset=\"https:\/\/homolog.saopaulo.sp.leg.br\/escoladoparlamento\/wp-content\/uploads\/sites\/5\/2015\/10\/LabEDU_marca_qualidade_media-300x95.png 300w, https:\/\/homolog.saopaulo.sp.leg.br\/escoladoparlamento\/wp-content\/uploads\/sites\/5\/2015\/10\/LabEDU_marca_qualidade_media.png 901w\" sizes=\"auto, (max-width: 300px) 100vw, 300px\" \/><\/a><figcaption id=\"caption-attachment-2190\" class=\"wp-caption-text\">Este curso \u00e9 resultado de uma parceria entre a Escola do Parlamento e o Laborat\u00f3rio de Educa\u00e7\u00e3o &#8211; LabEdu<\/figcaption><\/figure>\n<hr \/>\n<p><strong>Objetivos:<\/strong> O semin\u00e1rio se prop\u00f5e a colocar luz sobre o fato de que as crian\u00e7as, como os adultos, s\u00e3o uma categoria de usu\u00e1rios da cidade, que t\u00eam necessidades, opini\u00f5es e contribui\u00e7\u00f5es valiosas a serem ouvidas e consideradas. Ao colocar a perspectiva da crian\u00e7a no centro, bem como suas aprendizagens no espa\u00e7o urbano estaremos trazendo novos insumos para pensar a cidade, seu planejamento e a intencionalidade de a\u00e7\u00f5es que possam contribuir \u00e0 forma\u00e7\u00e3o de seus cidad\u00e3os desde cedo.<\/p>\n<p><strong>Coordena\u00e7\u00e3o:<\/strong> Nicole Paulet Piedra e Renata Oliveira<\/p>\n<p><strong>Diretor Respons\u00e1vel:<\/strong> Lara Mesquita<\/p>\n<p><strong>Vagas:<\/strong> 120<\/p>\n<p><strong>P\u00fablico Alvo:<\/strong> Educadores que atuam tanto dentro como fora da escola; Especialistas que trabalham com crian\u00e7as; Urbanistas; Gestores p\u00fablicos<\/p>\n<p><strong>Carga Hor\u00e1ria:<\/strong> 5 horas (2 horas e 30 min de manh\u00e3 e 2 horas e 30 min \u00e0 tarde)<\/p>\n<p><strong>Inscri\u00e7\u00f5es:<\/strong> De 15\/10\/2015 a 25\/10\/2015.<\/p>\n<h3><strong>Programa\u00e7\u00e3o:<\/strong><\/h3>\n<table>\n<tbody>\n<tr>\n<td><strong>Data<\/strong><\/td>\n<td><strong>Hora<\/strong><\/td>\n<td><strong>Local<\/strong><\/td>\n<td><strong>Mesa<\/strong><\/td>\n<td><strong>Palestrantes<\/strong><\/td>\n<\/tr>\n<tr>\n<td><strong>26\/out<\/strong><\/td>\n<td>9h30 \u2013 12h<\/td>\n<td><a href=\"http:\/\/homolog.saopaulo.sp.leg.br\/transparencia\/auditorios-online\/\">Sala S\u00e9rgio Vieira de Mello<\/a><\/td>\n<td>A cidade ensina e a crian\u00e7a aprende: Exemplos e pr\u00e1ticas dentro e fora da escola: Como a cidade contribui para a forma\u00e7\u00e3o da crian\u00e7a como cidad\u00e3? O que as experi\u00eancias urbanas ensinam \u00e0s crian\u00e7as?<\/td>\n<td><strong>Media\u00e7\u00e3o:<\/strong> Nicole Paulet; <strong>Expositores:<\/strong> Nayana Bretttas \u2013 CriaCidade, Daniel Becker \u2013 Pediatra, Cristina Pereira \u2013 Educadora<\/td>\n<\/tr>\n<tr>\n<td><strong>26\/out<\/strong><\/td>\n<td>13h30 \u2013 16h<\/td>\n<td><a href=\"http:\/\/homolog.saopaulo.sp.leg.br\/transparencia\/auditorios-online\/\">Sala S\u00e9rgio Vieira de Mello<\/a><\/td>\n<td>Modos de fazer e Modos de Usar: provoca\u00e7\u00f5es para pensar a crian\u00e7a na cidade: Mobilidade urbana e as crian\u00e7as; O espa\u00e7o p\u00fablico, os parques e as crian\u00e7as<\/td>\n<td><strong>Media\u00e7\u00e3o: <\/strong>Alexsandro Santos; <strong>Expositores:<\/strong> Jos\u00e9 Arm\u00eanio Brito Cruz; Luis Eduardo Surian Brettas; Beatriz Cardoso<\/td>\n<\/tr>\n<\/tbody>\n<\/table>\n","protected":false},"excerpt":{"rendered":"<p>Objetivos: O semin\u00e1rio se prop\u00f5e a colocar luz sobre o fato de que as crian\u00e7as, como os adultos, s\u00e3o uma categoria de usu\u00e1rios da cidade, que t\u00eam necessidades, opini\u00f5es e contribui\u00e7\u00f5es valiosas a serem ouvidas e consideradas. Ao colocar a perspectiva da crian\u00e7a no centro, bem como suas aprendizagens no espa\u00e7o urbano estaremos trazendo novos [&hellip;]<\/p>\n","protected":false},"author":127,"featured_media":0,"parent":1331,"menu_order":638,"comment_status":"closed","ping_status":"closed","template":"","meta":{"_acf_changed":false,"footnotes":""},"class_list":["post-2117","page","type-page","status-publish","hentry"],"acf":[],"_links":{"self":[{"href":"https:\/\/homolog.saopaulo.sp.leg.br\/escoladoparlamento\/wp-json\/wp\/v2\/pages\/2117","targetHints":{"allow":["GET"]}}],"collection":[{"href":"https:\/\/homolog.saopaulo.sp.leg.br\/escoladoparlamento\/wp-json\/wp\/v2\/pages"}],"about":[{"href":"https:\/\/homolog.saopaulo.sp.leg.br\/escoladoparlamento\/wp-json\/wp\/v2\/types\/page"}],"author":[{"embeddable":true,"href":"https:\/\/homolog.saopaulo.sp.leg.br\/escoladoparlamento\/wp-json\/wp\/v2\/users\/127"}],"replies":[{"embeddable":true,"href":"https:\/\/homolog.saopaulo.sp.leg.br\/escoladoparlamento\/wp-json\/wp\/v2\/comments?post=2117"}],"version-history":[{"count":5,"href":"https:\/\/homolog.saopaulo.sp.leg.br\/escoladoparlamento\/wp-json\/wp\/v2\/pages\/2117\/revisions"}],"predecessor-version":[{"id":9409,"href":"https:\/\/homolog.saopaulo.sp.leg.br\/escoladoparlamento\/wp-json\/wp\/v2\/pages\/2117\/revisions\/9409"}],"up":[{"embeddable":true,"href":"https:\/\/homolog.saopaulo.sp.leg.br\/escoladoparlamento\/wp-json\/wp\/v2\/pages\/1331"}],"wp:attachment":[{"href":"https:\/\/homolog.saopaulo.sp.leg.br\/escoladoparlamento\/wp-json\/wp\/v2\/media?parent=2117"}],"curies":[{"name":"wp","href":"https:\/\/api.w.org\/{rel}","templated":true}]}}