{"id":2124,"date":"2015-10-15T15:32:12","date_gmt":"2015-10-15T18:32:12","guid":{"rendered":"http:\/\/homolog.saopaulo.sp.leg.br\/escoladoparlamento\/?page_id=2124"},"modified":"2017-07-11T18:13:35","modified_gmt":"2017-07-11T21:13:35","slug":"120-anos-do-tratado-de-amizade-comercio-e-navegacao-brasil-japao","status":"publish","type":"page","link":"https:\/\/homolog.saopaulo.sp.leg.br\/escoladoparlamento\/cursos\/cursos-anteriores\/cursos-realizados-em-2015\/120-anos-do-tratado-de-amizade-comercio-e-navegacao-brasil-japao\/","title":{"rendered":"120 Anos do Tratado de Amizade, Com\u00e9rcio e Navega\u00e7\u00e3o Brasil-Jap\u00e3o"},"content":{"rendered":"<hr \/>\n<p><iframe loading=\"lazy\" title=\"Exposi\u00e7\u00e3o &quot;Bunkyo: 60 anos&quot; na C\u00e2mara Municipal\" width=\"640\" height=\"480\" src=\"https:\/\/www.youtube.com\/embed\/nwpw1VTWLAg?feature=oembed\" frameborder=\"0\" allow=\"accelerometer; autoplay; clipboard-write; encrypted-media; gyroscope; picture-in-picture; web-share\" referrerpolicy=\"strict-origin-when-cross-origin\" allowfullscreen><\/iframe><\/p>\n<p><strong><a href=\"http:\/\/homolog.saopaulo.sp.leg.br\/escoladoparlamento\/wp-content\/uploads\/sites\/5\/2015\/10\/logo_120japaobrasil_OFICIAL.jpg\"><img loading=\"lazy\" decoding=\"async\" class=\"alignright wp-image-2194 size-medium\" src=\"http:\/\/homolog.saopaulo.sp.leg.br\/escoladoparlamento\/wp-content\/uploads\/sites\/5\/2015\/10\/logo_120japaobrasil_OFICIAL-300x198.jpg\" alt=\"logo_120japaobrasil_OFICIAL\" width=\"300\" height=\"198\" srcset=\"https:\/\/homolog.saopaulo.sp.leg.br\/escoladoparlamento\/wp-content\/uploads\/sites\/5\/2015\/10\/logo_120japaobrasil_OFICIAL-300x198.jpg 300w, https:\/\/homolog.saopaulo.sp.leg.br\/escoladoparlamento\/wp-content\/uploads\/sites\/5\/2015\/10\/logo_120japaobrasil_OFICIAL-1024x677.jpg 1024w, https:\/\/homolog.saopaulo.sp.leg.br\/escoladoparlamento\/wp-content\/uploads\/sites\/5\/2015\/10\/logo_120japaobrasil_OFICIAL.jpg 1200w\" sizes=\"auto, (max-width: 300px) 100vw, 300px\" \/><\/a><\/strong><\/p>\n<hr \/>\n<p><strong>Objetivos:<\/strong> No ano de 2015 celebra-se 120 anos da assinatura do Tratado de Amizade, Com\u00e9rcio e Navega\u00e7\u00e3o Brasil-Jap\u00e3o. Diversos eventos em torno desse tema foram organizados na cidade de S\u00e3o Paulo e uma sess\u00e3o\u00a0solene acontecer\u00e1 na CMSP. Dando continuidade \u00e0s comemora\u00e7\u00f5es dessa data t\u00e3o importante a Escola do Parlamento organiza um semin\u00e1rio para refletir a trajet\u00f3ria da Imigra\u00e7\u00e3o Japonesa em S\u00e3o Paulo e como ap\u00f3s mais de um s\u00e9culo no Brasil \u00e9 poss\u00edvel ver os reflexos dessa imigra\u00e7\u00e3o na cultura e no cotidiano da nossa cidade.<\/p>\n<p><strong>Coordenador: <\/strong>Sedi Hirano<\/p>\n<p><strong>Diretor Respons\u00e1vel:<\/strong> Lara Mesquita<\/p>\n<p><strong>P\u00fablico Alvo<\/strong>: Cidad\u00e3os em geral interessados pelo tema dos imigrantes e da cultura japonesa, membros da sociedade civil organizada e estudantes.<\/p>\n<p><strong>Vagas:<\/strong> 150<\/p>\n<p><strong>Carga Hor\u00e1ria:<\/strong> 10h<\/p>\n<p><strong>Inscri\u00e7\u00f5es:<\/strong> 28\/10 a 11\/11<\/p>\n<p><strong>Programa:<\/strong><\/p>\n<table>\n<tbody>\n<tr>\n<td><strong>Data<\/strong><\/td>\n<td><strong>Hora<\/strong><\/td>\n<td><strong>Local<\/strong><\/td>\n<td><strong>Tema<\/strong><\/td>\n<td><strong>Palestrantes<\/strong><\/td>\n<\/tr>\n<tr>\n<td><strong>11\/nov<\/strong><\/td>\n<td>18h-20h<\/td>\n<td><a href=\"http:\/\/homolog.saopaulo.sp.leg.br\/transparencia\/auditorios-online\/sala-oscar-pedroso-horta-sala-b\/\">Sala Oscar Pedroso Horta<\/a><\/td>\n<td><em>Imigra\u00e7\u00e3o Japonesa<\/em><\/td>\n<td>C\u00e9lia Sakurai e Jorge Okubaro<\/p>\n<p><strong>Media\u00e7\u00e3o:<\/strong> Sedi Hirano<\/td>\n<\/tr>\n<tr>\n<td><strong>11\/nov<\/strong><\/td>\n<td>20h-22h<\/td>\n<td><a href=\"http:\/\/homolog.saopaulo.sp.leg.br\/transparencia\/auditorios-online\/sala-oscar-pedroso-horta-sala-b\/\">Sala Oscar Pedroso Horta<\/a><\/td>\n<td><em>Imigra\u00e7\u00e3o recente: os dekasseguis retornados<\/em><\/td>\n<td>Kyoko Nakagawa, H\u00e9lio Ishii e Masato Ninomiya<\/p>\n<p><strong>Media\u00e7\u00e3o:<\/strong> Sedi Hirano<\/td>\n<\/tr>\n<tr>\n<td><strong>12\/nov<\/strong><\/td>\n<td>15h-18h<\/td>\n<td><a href=\"http:\/\/homolog.saopaulo.sp.leg.br\/transparencia\/auditorios-online\/sala-sergio-vieira-de-mello-sala\/\">Sala S\u00e9rgio Vieira de Mello<\/a><\/td>\n<td><em>Influ\u00eancias da Imigra\u00e7\u00e3o Japonesa no Brasil: culin\u00e1ria, cinema, arte\/arquitetura\/literatura.<\/em><\/td>\n<td>Koichi Mori, Alexandre Kishimoto, Paulo Franchetti, Hugo Segawa e Lica Hashimoto<\/p>\n<p><strong>Media\u00e7\u00e3o:<\/strong> Sedi Hirano<\/td>\n<\/tr>\n<tr>\n<td><strong>12\/nov<\/strong><\/td>\n<td>19h &#8211; 22h<\/td>\n<td>\u00a0<a href=\"http:\/\/homolog.saopaulo.sp.leg.br\/transparencia\/auditorios-online\/auditorio-prestes-maia\/\">Audit\u00f3rio Prestes Maia<\/a>\u00a0(Plenarinho)<\/td>\n<td><em>Economia no Brasil e no Jap\u00e3o<\/em><\/td>\n<td>Heizo Takenaka e Luiz Eduardo Melin (em ingl\u00eas com tradu\u00e7\u00e3o simult\u00e2nea)<\/td>\n<\/tr>\n<\/tbody>\n<\/table>\n<p><strong>\u00a0<\/strong><\/p>\n<p>&nbsp;<\/p>\n","protected":false},"excerpt":{"rendered":"<p>Objetivos: No ano de 2015 celebra-se 120 anos da assinatura do Tratado de Amizade, Com\u00e9rcio e Navega\u00e7\u00e3o Brasil-Jap\u00e3o. Diversos eventos em torno desse tema foram organizados na cidade de S\u00e3o Paulo e uma sess\u00e3o\u00a0solene acontecer\u00e1 na CMSP. Dando continuidade \u00e0s comemora\u00e7\u00f5es dessa data t\u00e3o importante a Escola do Parlamento organiza um semin\u00e1rio para refletir a [&hellip;]<\/p>\n","protected":false},"author":127,"featured_media":0,"parent":1331,"menu_order":637,"comment_status":"closed","ping_status":"closed","template":"","meta":{"_acf_changed":false,"footnotes":""},"class_list":["post-2124","page","type-page","status-publish","hentry"],"acf":[],"_links":{"self":[{"href":"https:\/\/homolog.saopaulo.sp.leg.br\/escoladoparlamento\/wp-json\/wp\/v2\/pages\/2124","targetHints":{"allow":["GET"]}}],"collection":[{"href":"https:\/\/homolog.saopaulo.sp.leg.br\/escoladoparlamento\/wp-json\/wp\/v2\/pages"}],"about":[{"href":"https:\/\/homolog.saopaulo.sp.leg.br\/escoladoparlamento\/wp-json\/wp\/v2\/types\/page"}],"author":[{"embeddable":true,"href":"https:\/\/homolog.saopaulo.sp.leg.br\/escoladoparlamento\/wp-json\/wp\/v2\/users\/127"}],"replies":[{"embeddable":true,"href":"https:\/\/homolog.saopaulo.sp.leg.br\/escoladoparlamento\/wp-json\/wp\/v2\/comments?post=2124"}],"version-history":[{"count":5,"href":"https:\/\/homolog.saopaulo.sp.leg.br\/escoladoparlamento\/wp-json\/wp\/v2\/pages\/2124\/revisions"}],"predecessor-version":[{"id":7308,"href":"https:\/\/homolog.saopaulo.sp.leg.br\/escoladoparlamento\/wp-json\/wp\/v2\/pages\/2124\/revisions\/7308"}],"up":[{"embeddable":true,"href":"https:\/\/homolog.saopaulo.sp.leg.br\/escoladoparlamento\/wp-json\/wp\/v2\/pages\/1331"}],"wp:attachment":[{"href":"https:\/\/homolog.saopaulo.sp.leg.br\/escoladoparlamento\/wp-json\/wp\/v2\/media?parent=2124"}],"curies":[{"name":"wp","href":"https:\/\/api.w.org\/{rel}","templated":true}]}}