{"id":2138,"date":"2015-10-15T19:52:36","date_gmt":"2015-10-15T22:52:36","guid":{"rendered":"http:\/\/homolog.saopaulo.sp.leg.br\/escoladoparlamento\/?page_id=2138"},"modified":"2016-10-10T15:48:47","modified_gmt":"2016-10-10T18:48:47","slug":"politica-urbana-e-direito-urbanistico-modulo-ii","status":"publish","type":"page","link":"https:\/\/homolog.saopaulo.sp.leg.br\/escoladoparlamento\/cursos\/cursos-anteriores\/cursos-realizados-em-2015\/politica-urbana-e-direito-urbanistico-modulo-ii\/","title":{"rendered":"Pol\u00edtica Urbana e Direito Urban\u00edstico &#8211; M\u00f3dulo II"},"content":{"rendered":"<figure id=\"attachment_2142\" aria-describedby=\"caption-attachment-2142\" style=\"width: 300px\" class=\"wp-caption alignright\"><a href=\"http:\/\/www.sindilex.org.br\/\"><img loading=\"lazy\" decoding=\"async\" class=\"wp-image-2142 size-medium\" src=\"http:\/\/homolog.saopaulo.sp.leg.br\/escoladoparlamento\/wp-content\/uploads\/sites\/5\/2015\/10\/Sindilex_Logo-300x113.jpg\" alt=\"Sindilex_Logo\" width=\"300\" height=\"113\" srcset=\"https:\/\/homolog.saopaulo.sp.leg.br\/escoladoparlamento\/wp-content\/uploads\/sites\/5\/2015\/10\/Sindilex_Logo-300x113.jpg 300w, https:\/\/homolog.saopaulo.sp.leg.br\/escoladoparlamento\/wp-content\/uploads\/sites\/5\/2015\/10\/Sindilex_Logo.jpg 595w\" sizes=\"auto, (max-width: 300px) 100vw, 300px\" \/><\/a><figcaption id=\"caption-attachment-2142\" class=\"wp-caption-text\">Este curso \u00e9 uma parceria entre a Escola do Parlamento e o Sindicato dos Servidores da CMSP e do TCM-SP.<\/figcaption><\/figure>\n<p><strong>Objetivos:<\/strong> Capacitar gestores e servidores p\u00fablicos ligados \u00e0 administra\u00e7\u00e3o municipal para o exerc\u00edcio de suas fun\u00e7\u00f5es no que se relaciona \u00e0s quest\u00f5es urban\u00edsticas; Qualificar tecnicamente profissionais ligados, direta ou indiretamente, ao desenvolvimento de processos legislativos e de regulamenta\u00e7\u00f5es de leis; Desenvolver a compreens\u00e3o sobre as causas e consequ\u00eancias da ado\u00e7\u00e3o de determinada pol\u00edticas urbanas, especialmente com rela\u00e7\u00e3o ao munic\u00edpio de S\u00e3o Paulo; Criar subs\u00eddios para o debate qualificado \u2013 no n\u00edvel do Poder Executivo e Legislativo \u2013 a respeito das legisla\u00e7\u00e3o e das pol\u00edticas p\u00fablicas a serem adotadas no munic\u00edpio de S\u00e3o Paulo.<\/p>\n<p><strong>Coordenador:<\/strong> Camilo Onoda Caldas<\/p>\n<p><strong>Diretor Respons\u00e1vel:<\/strong> Lara Mesquita<\/p>\n<p><strong>P\u00fablico Alvo:<\/strong> Gestores p\u00fablicos; servidores p\u00fablicos do poder legislativo e executivo municipal ou do poder Judici\u00e1rio e de outros entes da administra\u00e7\u00e3o p\u00fablica; estudantes de direito, ci\u00eancias sociais e cursos de humanidades; profissionais e membros da sociedade civil que exer\u00e7am atividades ligadas a urbanismo.<\/p>\n<p><strong>Vagas:<\/strong> 50<\/p>\n<p><strong>Carga Hor\u00e1ria:<\/strong> 15h<\/p>\n<p><strong>Programa\u00e7\u00e3o:<\/strong><\/p>\n<table>\n<tbody>\n<tr>\n<td><strong>Data<\/strong><\/td>\n<td><strong>Hora<\/strong><\/td>\n<td>\u00a0<strong>Local<\/strong><\/td>\n<td><strong>Tema<\/strong><\/td>\n<td><strong>Palestrante<\/strong><\/td>\n<\/tr>\n<tr>\n<td><strong>10\/11<\/strong><\/td>\n<td>19h-22h<\/td>\n<td><a href=\"http:\/\/homolog.saopaulo.sp.leg.br\/transparencia\/auditorios-online\/sala-tiradentes\/\">Sala Tiradentes<\/a><\/td>\n<td>Compet\u00eancias federativas em mat\u00e9ria urban\u00edstica e a quest\u00e3o das regi\u00f5es metropolitanas. [<a href=\"http:\/\/camarasp.flashserverbr.com\/19792\">Video<\/a>]<\/td>\n<td>Solange Gon\u00e7alves Dias<\/td>\n<\/tr>\n<tr>\n<td><strong>11\/11<\/strong><\/td>\n<td>19h-22h<\/td>\n<td><a href=\"http:\/\/homolog.saopaulo.sp.leg.br\/transparencia\/auditorios-online\/sala-tiradentes\/\">Sala Tiradentes<\/a><\/td>\n<td>Instrumentos da pol\u00edtica urbana e sua aplicabilidade: outorga onerosa e transfer\u00eancia do direito de construir, parcelamento e edifica\u00e7\u00e3o compuls\u00f3rios, opera\u00e7\u00f5es urbanas consorciadas. [Video]<\/td>\n<td>Camilo Onoda Caldas e Fernando Bruno<\/td>\n<\/tr>\n<tr>\n<td><strong>17\/11<\/strong><\/td>\n<td>19h-22h<\/td>\n<td><a href=\"http:\/\/homolog.saopaulo.sp.leg.br\/transparencia\/auditorios-online\/sala-oscar-pedroso-horta-sala-b\/\">Oscar Pedroso Horta<\/a><\/td>\n<td>Constitui\u00e7\u00e3o e urbanismo: plano diretor, fun\u00e7\u00e3o social da propriedade im\u00f3vel urbana e fun\u00e7\u00e3o social da cidade e democracia participativa Fundamentos e no\u00e7\u00f5es do urbanismo e hist\u00f3ria do planejamento urbano, no Brasil e no mundo. [<a href=\"http:\/\/camarasp.flashserverbr.com\/19888\">Video<\/a>]<\/td>\n<td>Daniela Campos Lib\u00f3rio<\/td>\n<\/tr>\n<tr>\n<td><strong>18\/11<\/strong><\/td>\n<td>19h-22h<\/td>\n<td><a href=\"http:\/\/homolog.saopaulo.sp.leg.br\/transparencia\/auditorios-online\/sala-oscar-pedroso-horta-sala-b\/\">Oscar Pedroso Horta<\/a><\/td>\n<td>Princ\u00edpios informadores do direito urban\u00edstico e sua efetividade [<a href=\"http:\/\/camarasp.flashserverbr.com\/19915\">Video<\/a>]<\/td>\n<td>Daniela Campos Lib\u00f3rio<\/td>\n<\/tr>\n<tr>\n<td><strong>25\/11<\/strong><\/td>\n<td>19h-22h<\/td>\n<td><a href=\"http:\/\/homolog.saopaulo.sp.leg.br\/transparencia\/auditorios-online\/sala-tiradentes\/\">Sala Tiradentes<\/a><\/td>\n<td>Instrumentos de pol\u00edtica urbana por meio do direito tribut\u00e1rio e econ\u00f4mico: fiscalidade e extrafiscalidade [<a href=\"http:\/\/camarasp.flashserverbr.com\/20021\">Video<\/a>]<\/td>\n<td>Silvio Luiz de Almeida<\/td>\n<\/tr>\n<\/tbody>\n<\/table>\n","protected":false},"excerpt":{"rendered":"<p>Objetivos: Capacitar gestores e servidores p\u00fablicos ligados \u00e0 administra\u00e7\u00e3o municipal para o exerc\u00edcio de suas fun\u00e7\u00f5es no que se relaciona \u00e0s quest\u00f5es urban\u00edsticas; Qualificar tecnicamente profissionais ligados, direta ou indiretamente, ao desenvolvimento de processos legislativos e de regulamenta\u00e7\u00f5es de leis; Desenvolver a compreens\u00e3o sobre as causas e consequ\u00eancias da ado\u00e7\u00e3o de determinada pol\u00edticas urbanas, especialmente [&hellip;]<\/p>\n","protected":false},"author":127,"featured_media":0,"parent":1331,"menu_order":635,"comment_status":"closed","ping_status":"closed","template":"","meta":{"_acf_changed":false,"footnotes":""},"class_list":["post-2138","page","type-page","status-publish","hentry"],"acf":[],"_links":{"self":[{"href":"https:\/\/homolog.saopaulo.sp.leg.br\/escoladoparlamento\/wp-json\/wp\/v2\/pages\/2138","targetHints":{"allow":["GET"]}}],"collection":[{"href":"https:\/\/homolog.saopaulo.sp.leg.br\/escoladoparlamento\/wp-json\/wp\/v2\/pages"}],"about":[{"href":"https:\/\/homolog.saopaulo.sp.leg.br\/escoladoparlamento\/wp-json\/wp\/v2\/types\/page"}],"author":[{"embeddable":true,"href":"https:\/\/homolog.saopaulo.sp.leg.br\/escoladoparlamento\/wp-json\/wp\/v2\/users\/127"}],"replies":[{"embeddable":true,"href":"https:\/\/homolog.saopaulo.sp.leg.br\/escoladoparlamento\/wp-json\/wp\/v2\/comments?post=2138"}],"version-history":[{"count":5,"href":"https:\/\/homolog.saopaulo.sp.leg.br\/escoladoparlamento\/wp-json\/wp\/v2\/pages\/2138\/revisions"}],"predecessor-version":[{"id":2141,"href":"https:\/\/homolog.saopaulo.sp.leg.br\/escoladoparlamento\/wp-json\/wp\/v2\/pages\/2138\/revisions\/2141"}],"up":[{"embeddable":true,"href":"https:\/\/homolog.saopaulo.sp.leg.br\/escoladoparlamento\/wp-json\/wp\/v2\/pages\/1331"}],"wp:attachment":[{"href":"https:\/\/homolog.saopaulo.sp.leg.br\/escoladoparlamento\/wp-json\/wp\/v2\/media?parent=2138"}],"curies":[{"name":"wp","href":"https:\/\/api.w.org\/{rel}","templated":true}]}}