{"id":2314,"date":"2015-10-29T20:58:03","date_gmt":"2015-10-29T22:58:03","guid":{"rendered":"http:\/\/homolog.saopaulo.sp.leg.br\/escoladoparlamento\/?page_id=2314"},"modified":"2018-05-11T14:43:23","modified_gmt":"2018-05-11T17:43:23","slug":"comunicacao-livre-modulo-2-blogs-e-escrita-digital","status":"publish","type":"page","link":"https:\/\/homolog.saopaulo.sp.leg.br\/escoladoparlamento\/cursos\/cursos-anteriores\/cursos-realizados-em-2015\/comunicacao-livre-modulo-2-blogs-e-escrita-digital\/","title":{"rendered":"Comunica\u00e7\u00e3o Livre &#8211; M\u00f3dulo I: Blogs e Escrita Digital"},"content":{"rendered":"<p><strong>Objetivos:<\/strong> No novo cen\u00e1rio comunicacional a forma\u00e7\u00e3o em novas tecnologias se tornou essencial para os que t\u00eam interesse em atuar como produtores de informa\u00e7\u00e3o. H\u00e1 cada vez mais gente querendo ampliar suas capacidades em equipamentos e aplicativos e ao mesmo tempo entender melhor o cen\u00e1rio da <em>cibercultura<\/em>. O curso de Comunica\u00e7\u00e3o Digital Livre buscar\u00e1 apresentar essas quest\u00f5es de forma introdut\u00f3ria ao estudante.<\/p>\n<p><strong>P\u00fablico Alvo<\/strong>: Curso de forma\u00e7\u00e3o em comunica\u00e7\u00e3o e novas tecnologias para jovens e adultos com interesse em atuar na \u00e1rea ou que j\u00e1 desenvolvam algum tipo de projeto e estejam em busca de forma\u00e7\u00e3o.<\/p>\n<p><strong>Coordenador:<\/strong> Renato Rovai<\/p>\n<p><strong>Diretor Respons\u00e1vel:<\/strong> Christy Ganzert Pato<\/p>\n<p><strong>Vagas:<\/strong> 30<\/p>\n<p><strong>Carga Hor\u00e1ria:<\/strong> 12h<\/p>\n<p><strong>Inscri\u00e7\u00f5es: <\/strong>Encerradas.<\/p>\n<p><iframe loading=\"lazy\" title=\"Renato Rovai Comunica\u00e7\u00e3o Livre\" width=\"640\" height=\"480\" src=\"https:\/\/www.youtube.com\/embed\/NTJx0bZP9Xc?feature=oembed\" frameborder=\"0\" allow=\"accelerometer; autoplay; clipboard-write; encrypted-media; gyroscope; picture-in-picture; web-share\" referrerpolicy=\"strict-origin-when-cross-origin\" allowfullscreen><\/iframe><\/p>\n<p>&nbsp;<\/p>\n<p><strong>Programa\u00e7\u00e3o:<\/strong><\/p>\n<table>\n<tbody>\n<tr>\n<td><strong>Data<\/strong><\/td>\n<td><strong>Hora<\/strong><\/td>\n<td><strong>Palestrante<\/strong><\/td>\n<td><strong>Tema da palestra\/aula<\/strong><\/td>\n<\/tr>\n<tr>\n<td><strong>23\/10<\/strong><\/td>\n<td>19-22<\/td>\n<td>Renato Rovai<\/td>\n<td><em>Comunica\u00e7\u00e3o Livre e princ\u00edpios b\u00e1sicos de comunica\u00e7\u00e3o nas redes digitais.<\/em><\/p>\n<p>&#8211; Hist\u00f3ria da web e o surgimento e desenvolvimento da blogosfera<br \/>\n&#8211; Como surge a a\u00e7\u00e3o midilalivrista<br \/>\n&#8211; Jornalismo colaborativo e produ\u00e7\u00e3o em creative commons<br \/>\n&#8211; Uma breve hist\u00f3ria da blogosfera brasileira<\/td>\n<\/tr>\n<tr>\n<td><strong>24\/10<\/strong><\/td>\n<td>9h \u2013 19h<\/td>\n<td>Rodolfo da Silva Avelino e Fernanda Gomes Becker<\/td>\n<td><em>Oficina &#8211; os princ\u00edpios b\u00e1sicos de comunica\u00e7\u00e3o nas redes digitais. \u00a0<\/em><\/td>\n<\/tr>\n<\/tbody>\n<\/table>\n","protected":false},"excerpt":{"rendered":"<p>Objetivos: No novo cen\u00e1rio comunicacional a forma\u00e7\u00e3o em novas tecnologias se tornou essencial para os que t\u00eam interesse em atuar como produtores de informa\u00e7\u00e3o. H\u00e1 cada vez mais gente querendo ampliar suas capacidades em equipamentos e aplicativos e ao mesmo tempo entender melhor o cen\u00e1rio da cibercultura. O curso de Comunica\u00e7\u00e3o Digital Livre buscar\u00e1 apresentar [&hellip;]<\/p>\n","protected":false},"author":127,"featured_media":0,"parent":1331,"menu_order":633,"comment_status":"closed","ping_status":"closed","template":"","meta":{"_acf_changed":false,"footnotes":""},"class_list":["post-2314","page","type-page","status-publish","hentry"],"acf":[],"_links":{"self":[{"href":"https:\/\/homolog.saopaulo.sp.leg.br\/escoladoparlamento\/wp-json\/wp\/v2\/pages\/2314","targetHints":{"allow":["GET"]}}],"collection":[{"href":"https:\/\/homolog.saopaulo.sp.leg.br\/escoladoparlamento\/wp-json\/wp\/v2\/pages"}],"about":[{"href":"https:\/\/homolog.saopaulo.sp.leg.br\/escoladoparlamento\/wp-json\/wp\/v2\/types\/page"}],"author":[{"embeddable":true,"href":"https:\/\/homolog.saopaulo.sp.leg.br\/escoladoparlamento\/wp-json\/wp\/v2\/users\/127"}],"replies":[{"embeddable":true,"href":"https:\/\/homolog.saopaulo.sp.leg.br\/escoladoparlamento\/wp-json\/wp\/v2\/comments?post=2314"}],"version-history":[{"count":5,"href":"https:\/\/homolog.saopaulo.sp.leg.br\/escoladoparlamento\/wp-json\/wp\/v2\/pages\/2314\/revisions"}],"predecessor-version":[{"id":9415,"href":"https:\/\/homolog.saopaulo.sp.leg.br\/escoladoparlamento\/wp-json\/wp\/v2\/pages\/2314\/revisions\/9415"}],"up":[{"embeddable":true,"href":"https:\/\/homolog.saopaulo.sp.leg.br\/escoladoparlamento\/wp-json\/wp\/v2\/pages\/1331"}],"wp:attachment":[{"href":"https:\/\/homolog.saopaulo.sp.leg.br\/escoladoparlamento\/wp-json\/wp\/v2\/media?parent=2314"}],"curies":[{"name":"wp","href":"https:\/\/api.w.org\/{rel}","templated":true}]}}