{"id":23492,"date":"2020-08-03T18:36:51","date_gmt":"2020-08-03T21:36:51","guid":{"rendered":"http:\/\/homolog.saopaulo.sp.leg.br\/escoladoparlamento\/?page_id=23492"},"modified":"2020-09-24T15:41:57","modified_gmt":"2020-09-24T18:41:57","slug":"todos-contra-as-fake-news-em-defesa-da-democracia","status":"publish","type":"page","link":"https:\/\/homolog.saopaulo.sp.leg.br\/escoladoparlamento\/cursos\/cursos-anteriores\/cursos-realizados-em-2020\/todos-contra-as-fake-news-em-defesa-da-democracia\/","title":{"rendered":"Todos Contra as Fake News &#8211; em Defesa da Democracia"},"content":{"rendered":"<h2><a href=\"https:\/\/homolog.saopaulo.sp.leg.br\/escoladoparlamento\/wp-content\/uploads\/sites\/5\/2020\/08\/apel_menor2-1.jpg\"><img loading=\"lazy\" decoding=\"async\" class=\"alignright size-full wp-image-23521\" src=\"https:\/\/homolog.saopaulo.sp.leg.br\/escoladoparlamento\/wp-content\/uploads\/sites\/5\/2020\/08\/apel_menor2-1.jpg\" alt=\"\" width=\"144\" height=\"84\" \/><\/a>Semin\u00e1rios em parceria com as Escolas do Legislativo paulistas integrantes da APEL<\/h2>\n<p>A <em>Escola do Parlamento e <\/em>o Dr. Luiz Augusto D&#8217;Urso (ABRACRIM) promovem, juntamente com a APEL &#8211; <em>Associa\u00e7\u00e3o Paulista de Escolas do Legislativo e Contas<\/em>, a s\u00e9rie de semin\u00e1rios <strong>Todos Contra as Fake News &#8211; em Defesa da Democracia<\/strong>.<\/p>\n<p>A cada semana, conforme programa\u00e7\u00e3o abaixo, uma Escola do Legislativo de S\u00e3o Paulo recebe o semin\u00e1rio e promove o debate.<\/p>\n<p><strong>Objetivos:<\/strong><\/p>\n<ul>\n<li>Identificar, analisar e compreender o fen\u00f4meno das\u00a0<em>fake news<\/em>.<\/li>\n<li>Compreender o impacto das\u00a0<em>fake news<\/em>\u00a0na deteriora\u00e7\u00e3o do debate p\u00fablico.<\/li>\n<li>Comprometer-se com um comportamento respons\u00e1vel, evitando a prolifera\u00e7\u00e3o das\u00a0<em>fake news<\/em>.<\/li>\n<\/ul>\n<p><strong>Conte\u00fados:<\/strong><\/p>\n<ul>\n<li>Conceito de\u00a0<em>fake news<\/em><\/li>\n<li>O enquadramento jur\u00eddico poss\u00edvel das\u00a0<em>fake news<\/em><\/li>\n<li>Impactos das\u00a0<em>fake news<\/em>\u00a0na esfera p\u00fablica e no debate pol\u00edtico<\/li>\n<li><em>Fake news<\/em>\u00a0e crimes de reputa\u00e7\u00e3o.<\/li>\n<\/ul>\n<p><strong>P\u00fablico Alvo:<\/strong> interessados no tema<\/p>\n<h3><span style=\"color: #ff0000\"><strong>Programa\u00e7\u00e3o:<\/strong><\/span><\/h3>\n<p>\u200b<strong>Todos os encontros acontecem das 17h \u00e0s 18h30 com transmiss\u00e3o nas redes sociais das Escolas &#8211; consulte esta p\u00e1gina para as atualiza\u00e7\u00f5es acessando os links em cada Escola para informa\u00e7\u00f5es sobre os semin\u00e1rios.<\/strong><\/p>\n<table style=\"height: 617px\" width=\"471\">\n<tbody>\n<tr>\n<td style=\"text-align: center\" width=\"64\"><strong>Data<\/strong><\/td>\n<td style=\"text-align: center\" colspan=\"2\" width=\"454\"><strong>Escola<\/strong><\/td>\n<\/tr>\n<tr>\n<td style=\"text-align: center\"><strong>06\/ago<\/strong><\/td>\n<td style=\"text-align: center\"><a href=\"https:\/\/homolog.saopaulo.sp.leg.br\/escoladoparlamento\/wp-content\/uploads\/sites\/5\/2020\/08\/Logo_Ilp.png\"><img loading=\"lazy\" decoding=\"async\" class=\"wp-image-23514 aligncenter\" src=\"https:\/\/homolog.saopaulo.sp.leg.br\/escoladoparlamento\/wp-content\/uploads\/sites\/5\/2020\/08\/Logo_Ilp-150x150.png\" alt=\"\" width=\"116\" height=\"116\" srcset=\"https:\/\/homolog.saopaulo.sp.leg.br\/escoladoparlamento\/wp-content\/uploads\/sites\/5\/2020\/08\/Logo_Ilp-150x150.png 150w, https:\/\/homolog.saopaulo.sp.leg.br\/escoladoparlamento\/wp-content\/uploads\/sites\/5\/2020\/08\/Logo_Ilp-300x300.png 300w, https:\/\/homolog.saopaulo.sp.leg.br\/escoladoparlamento\/wp-content\/uploads\/sites\/5\/2020\/08\/Logo_Ilp.png 400w\" sizes=\"auto, (max-width: 116px) 100vw, 116px\" \/><\/a><\/td>\n<td style=\"text-align: center\"><a href=\"https:\/\/www.facebook.com\/events\/1661246890711038\/\"><strong>ILP &#8211; Instituto do Legislativo Paulista<\/strong><\/a><\/p>\n<p><a href=\"https:\/\/www.youtube.com\/watch?v=dToZ20qorWg\"><span style=\"color: #0000ff\">clique aqui para rever<\/span><\/a><\/td>\n<\/tr>\n<tr>\n<td style=\"text-align: center\"><strong>13\/ago<\/strong><\/td>\n<td><a href=\"https:\/\/homolog.saopaulo.sp.leg.br\/escoladoparlamento\/wp-content\/uploads\/sites\/5\/2020\/08\/Piracicaba_45.png\"><img loading=\"lazy\" decoding=\"async\" class=\"alignright size-full wp-image-23561\" src=\"https:\/\/homolog.saopaulo.sp.leg.br\/escoladoparlamento\/wp-content\/uploads\/sites\/5\/2020\/08\/Piracicaba_45.png\" alt=\"\" width=\"135\" height=\"63\" \/><\/a><\/td>\n<td style=\"text-align: center\"><a href=\"https:\/\/escola.camarapiracicaba.sp.gov.br\/curso\/284\"><strong>Escola do Legislativo de Piracicaba<\/strong><\/a><\/p>\n<p><a href=\"https:\/\/www.youtube.com\/watch?v=XmqSFbT94NQ\">clique aqui para rever<\/a><\/td>\n<\/tr>\n<tr>\n<td style=\"text-align: center\"><strong>20\/ago<\/strong><\/td>\n<td>\u00a0<img loading=\"lazy\" decoding=\"async\" class=\"wp-image-23536 aligncenter\" src=\"https:\/\/homolog.saopaulo.sp.leg.br\/escoladoparlamento\/wp-content\/uploads\/sites\/5\/2020\/08\/logo-Escola-Tabo\u00e3o40.jpg\" alt=\"\" width=\"64\" height=\"64\" \/><\/td>\n<td style=\"text-align: center\"><a href=\"http:\/\/www.camarataboao.sp.gov.br\/escola-do-legislativo\/\"><strong>Escola do Legislativo de Tabo\u00e3o da Serra<\/strong><\/a><\/p>\n<p><a href=\"https:\/\/www.youtube.com\/watch?v=6vaAH-0gCAY\">clique aqui para rever<\/a><\/td>\n<\/tr>\n<tr>\n<td style=\"text-align: center\"><strong>27\/ago<\/strong><\/td>\n<td><a href=\"https:\/\/homolog.saopaulo.sp.leg.br\/escoladoparlamento\/wp-content\/uploads\/sites\/5\/2020\/08\/logo_escolaAra\u00e7atuba40.jpg\"><img loading=\"lazy\" decoding=\"async\" class=\"alignright size-full wp-image-23528\" src=\"https:\/\/homolog.saopaulo.sp.leg.br\/escoladoparlamento\/wp-content\/uploads\/sites\/5\/2020\/08\/logo_escolaAra\u00e7atuba40.jpg\" alt=\"\" width=\"147\" height=\"53\" \/><\/a><\/td>\n<td style=\"text-align: center\"><a href=\"https:\/\/www.aracatuba.sp.leg.br\/escola-do-legislativo\"><strong>Escola do Legislativo de Ara\u00e7atuba<\/strong><\/a><\/p>\n<p><a href=\"https:\/\/www.youtube.com\/watch?v=ZqiD5XN4Jl8\">clique aqui para rever<\/a><\/td>\n<\/tr>\n<tr>\n<td style=\"text-align: center\"><strong>10\/set<\/strong><\/td>\n<td><a href=\"https:\/\/homolog.saopaulo.sp.leg.br\/escoladoparlamento\/wp-content\/uploads\/sites\/5\/2020\/08\/logo_escolaBragan\u00e7aPaulista10.jpg\"><img loading=\"lazy\" decoding=\"async\" class=\"size-full wp-image-23533 aligncenter\" src=\"https:\/\/homolog.saopaulo.sp.leg.br\/escoladoparlamento\/wp-content\/uploads\/sites\/5\/2020\/08\/logo_escolaBragan\u00e7aPaulista10.jpg\" alt=\"\" width=\"132\" height=\"32\" \/><\/a><\/td>\n<td style=\"text-align: center\"><a href=\"https:\/\/camarabp.sp.gov.br\/escola-parlamento\"><strong>Escola do Parlamento de Bragan\u00e7a Paulista<\/strong><\/a><\/p>\n<p><a href=\"https:\/\/www.facebook.com\/escoladoparlamentobragancapaulista\/videos\/2570693029862799\"><span style=\"text-decoration: underline\"><span style=\"color: #0000ff;text-decoration: underline\">clique aqui para rever<\/span><\/span><\/a><\/td>\n<\/tr>\n<tr>\n<td style=\"text-align: center\"><strong>17\/set<\/strong><\/td>\n<td style=\"text-align: center\"><a href=\"https:\/\/homolog.saopaulo.sp.leg.br\/escoladoparlamento\/wp-content\/uploads\/sites\/5\/2020\/08\/logo-escola-Itapevi25.png\"><img loading=\"lazy\" decoding=\"async\" class=\"size-full wp-image-23535 aligncenter\" src=\"https:\/\/homolog.saopaulo.sp.leg.br\/escoladoparlamento\/wp-content\/uploads\/sites\/5\/2020\/08\/logo-escola-Itapevi25.png\" alt=\"\" width=\"106\" height=\"77\" \/><\/a><\/td>\n<td style=\"text-align: center\"><a href=\"https:\/\/www.facebook.com\/epitapevi\"><strong>Escola do Parlamento de Itapevi<\/strong><\/a><\/p>\n<p><a href=\"https:\/\/www.facebook.com\/eparlamento\/videos\/693463381240637\"><span style=\"text-decoration: underline;color: #0000ff\">clique aqui para rever<\/span><\/a><\/td>\n<\/tr>\n<\/tbody>\n<\/table>\n<p>&nbsp;<\/p>\n<h3>Baixe aqui a sua cartilha <a href=\"https:\/\/homolog.saopaulo.sp.leg.br\/escoladoparlamento\/wp-content\/uploads\/sites\/5\/2020\/08\/Cartilha-Todos-contra-as-Fake-News.pdf\">Todos-Contra-as-Fake-News<\/a><\/h3>\n<p>Assista tamb\u00e9m \u00e0\u00a0<a href=\"http:\/\/youtube.com\/playlist?list=PLx0-rxXcyzf8Gllrq-yl6vDXvVG1JTk0f\">s\u00e9rie de v\u00eddeos\u00a0<em>Fake News<\/em><\/a> elaborados em parceria com a TV C\u00e2mara S\u00e3o Paulo<\/p>\n","protected":false},"excerpt":{"rendered":"<p>Semin\u00e1rios em parceria com as Escolas do Legislativo paulistas integrantes da APEL A Escola do Parlamento e o Dr. Luiz Augusto D&#8217;Urso (ABRACRIM) promovem, juntamente com a APEL &#8211; Associa\u00e7\u00e3o Paulista de Escolas do Legislativo e Contas, a s\u00e9rie de semin\u00e1rios Todos Contra as Fake News &#8211; em Defesa da Democracia. A cada semana, conforme [&hellip;]<\/p>\n","protected":false},"author":522,"featured_media":0,"parent":17641,"menu_order":196,"comment_status":"closed","ping_status":"closed","template":"","meta":{"_acf_changed":false,"footnotes":""},"class_list":["post-23492","page","type-page","status-publish","hentry"],"acf":[],"_links":{"self":[{"href":"https:\/\/homolog.saopaulo.sp.leg.br\/escoladoparlamento\/wp-json\/wp\/v2\/pages\/23492","targetHints":{"allow":["GET"]}}],"collection":[{"href":"https:\/\/homolog.saopaulo.sp.leg.br\/escoladoparlamento\/wp-json\/wp\/v2\/pages"}],"about":[{"href":"https:\/\/homolog.saopaulo.sp.leg.br\/escoladoparlamento\/wp-json\/wp\/v2\/types\/page"}],"author":[{"embeddable":true,"href":"https:\/\/homolog.saopaulo.sp.leg.br\/escoladoparlamento\/wp-json\/wp\/v2\/users\/522"}],"replies":[{"embeddable":true,"href":"https:\/\/homolog.saopaulo.sp.leg.br\/escoladoparlamento\/wp-json\/wp\/v2\/comments?post=23492"}],"version-history":[{"count":5,"href":"https:\/\/homolog.saopaulo.sp.leg.br\/escoladoparlamento\/wp-json\/wp\/v2\/pages\/23492\/revisions"}],"predecessor-version":[{"id":24107,"href":"https:\/\/homolog.saopaulo.sp.leg.br\/escoladoparlamento\/wp-json\/wp\/v2\/pages\/23492\/revisions\/24107"}],"up":[{"embeddable":true,"href":"https:\/\/homolog.saopaulo.sp.leg.br\/escoladoparlamento\/wp-json\/wp\/v2\/pages\/17641"}],"wp:attachment":[{"href":"https:\/\/homolog.saopaulo.sp.leg.br\/escoladoparlamento\/wp-json\/wp\/v2\/media?parent=23492"}],"curies":[{"name":"wp","href":"https:\/\/api.w.org\/{rel}","templated":true}]}}