{"id":23550,"date":"2020-08-14T20:32:08","date_gmt":"2020-08-14T23:32:08","guid":{"rendered":"http:\/\/homolog.saopaulo.sp.leg.br\/escoladoparlamento\/?page_id=23550"},"modified":"2025-05-20T15:11:16","modified_gmt":"2025-05-20T18:11:16","slug":"comunicacao-politica-esfera-digital-e-gabinete-parlamentar-2a-edicao","status":"publish","type":"page","link":"https:\/\/homolog.saopaulo.sp.leg.br\/escoladoparlamento\/cursos\/cursos-anteriores\/cursos-realizados-em-2020\/comunicacao-politica-esfera-digital-e-gabinete-parlamentar-2a-edicao\/","title":{"rendered":"Comunica\u00e7\u00e3o Pol\u00edtica, Esfera Digital e Gabinete Parlamentar &#8211; 2\u00aa Edi\u00e7\u00e3o"},"content":{"rendered":"<p>Partindo-se das conjunturas sociais, econ\u00f4micas, culturais e pol\u00edticas do Brasil no corrente ano de 2020, necess\u00e1rio se faz ofertar conhecimentos contempor\u00e2neos aos mandat\u00e1rios e colaboradores das casas legislativas. \u00c9 de fundamental import\u00e2ncia que de forma r\u00e1pida e simples estejam todos os atores preparados para os desafios que novos estilos e pr\u00e1ticas de a\u00e7\u00f5es pol\u00edticas surgir\u00e3o. Os legislativos ter\u00e3o prementes necessidades de ferramentas consequentes e pr\u00e1ticas para o atingimento das suas atividades final\u00edsticas.<\/p>\n<p>Os dias atuais s\u00e3o exemplares. Tudo o que vem sendo praticado era considerado quase imposs\u00edvel at\u00e9 poucos meses passados. E tudo decorrente de uma s\u00f3 circunst\u00e2ncia: a COVID-19. Vejamos a mais destacada (e simples) mudan\u00e7a ocorrida: as sess\u00f5es virtuais e suas vota\u00e7\u00f5es online, modalidade inovadora e que foi implantada superando barreiras que, em tempos normais, seriam objeto de obstru\u00e7\u00e3o, postergadas, debatidas e at\u00e9 n\u00e3o adotadas. Sim, inimagin\u00e1vel que os plen\u00e1rios fossem virtuais. E o s\u00e3o, hoje.<\/p>\n<p>Mais n\u00e3o precisamos alongar como justificativa para a realiza\u00e7\u00e3o deste curso.<\/p>\n<p><strong>Objetivos:<\/strong><\/p>\n<p>Realizado o curso ministrado pelo professor Kl\u00e9ber Nogueira Carrilho, faz-se constata\u00e7\u00e3o de que hoje \u00e9 necess\u00e1rio, sob os mesmos enfoques, por\u00e9m agora com conte\u00fados de natureza pr\u00e1tica e com excessivo peso contempor\u00e2neo, entender as novas realidades e pr\u00e1ticas que a sociedade paulistana exigir\u00e1 da sua casa legislativa.<\/p>\n<p>Depreende-se que os vereadores e colaboradores passar\u00e3o, a partir das elei\u00e7\u00f5es e quando da retomada das atividades normais, a vivenciar outras formas e processos objetivos para a consecu\u00e7\u00e3o a atividade finalista da comunica\u00e7\u00e3o legislativa.<\/p>\n<p>Propomos, portanto, que o Curso em quest\u00e3o seja a retomada, agora com \u00eanfase pr\u00e1tica, dos ensinamentos acontecidos na primeira edi\u00e7\u00e3o do curso.<\/p>\n<p><strong>P\u00fablico alvo<\/strong>:<\/p>\n<p>Servidores p\u00fablicos, agentes do poder legislativo, estudantes e pesquisadores envolvidos na an\u00e1lise, tematiza\u00e7\u00e3o e discuss\u00e3o das quest\u00f5es atinentes \u00e0 interface entre as pol\u00edticas de comunica\u00e7\u00e3o, a esfera de comunica\u00e7\u00e3o digital e a atua\u00e7\u00e3o parlamentar na experi\u00eancia democr\u00e1tica recente brasileira.<\/p>\n<p><strong>Carga Hor\u00e1ria Total: <\/strong>15 horas<\/p>\n<p>Docente: <strong>Celso Toshito Matsuda<\/strong> \u2013\u00a0<em>Doutor em Comunica\u00e7\u00e3o pela ECA\/USP, possui mestrado em Comunica\u00e7\u00e3o e Mercado pela Faculdade C\u00e1sper L\u00edbero. Especialista em Teoria da Comunica\u00e7\u00e3o (C\u00e1sper Libero) e Tecnologia Educacional (FAAP). \u00c9 consultor do Centro de Estudos de Avalia\u00e7\u00e3o e Mensura\u00e7\u00e3o em Comunica\u00e7\u00e3o e Marketing &#8211; CEACOM da ECA\/USP, professor dos cursos de p\u00f3s-gradua\u00e7\u00e3o (lato sensu) de Comunica\u00e7\u00e3o e Marketing da ECA\/USP e Gerentes de Cidade da FAAP, e de gradua\u00e7\u00e3o da FAAP.<\/em><\/p>\n<h2>Inscri\u00e7\u00f5es: <span style=\"color: #ff0000\">encerradas<\/span><\/h2>\n<p><strong>Transmiss\u00e3o ONLINE atrav\u00e9s de <em>streaming<\/em> na p\u00e1gina <\/strong><br \/>\n<strong>da <\/strong><a href=\"http:\/\/www.facebook.com\/eparlamento\"><strong>Escola do Parlamento no Facebook<\/strong><\/a><\/p>\n<hr \/>\n<h3><strong><span style=\"color: #ff0000\">Programa\u00e7\u00e3o:<\/span><\/strong><\/h3>\n<p><span style=\"text-decoration: underline\">6 encontros, sempre \u00e0s segundas, das 14h \u00e0s 16h30<\/span><\/p>\n<p><strong>31 de agosto<\/strong><br \/>\n<strong>\u2234 Comunica\u00e7\u00e3o Pol\u00edtica e Esfera Digital: Aspectos Fundamentais.<\/strong><br \/>\nAbordagem te\u00f3rica e pr\u00e1tica: <em>Professor Celso Matsuda<\/em> e <em>Jornalista Sergio Kobayashi<br \/>\n<\/em><a href=\"https:\/\/www.facebook.com\/455071117849014\/videos\/307518577019847\/\">Reveja clicando AQUI<\/a><\/p>\n<p><strong>08 de setembro<\/strong><br \/>\n<strong>\u2234 Presen\u00e7a Digital, Participa\u00e7\u00e3o Pol\u00edtica e Engajamento da Sociedade Civil.<\/strong><br \/>\nAbordagem te\u00f3rica e pratica: <em>Professor Celso Matsuda<\/em> e <em>Professor Rog\u00e9rio Pelizzari<\/em><br \/>\n<a href=\"https:\/\/www.facebook.com\/eparlamento\/videos\/312375403399739\">Reveja clicando AQUI<\/a><\/p>\n<p><strong>14 de setembro<\/strong><br \/>\n<strong>\u2234 Ativismos e Projetos em Comunica\u00e7\u00e3o\u00a0 Digital.<\/strong><br \/>\nbordagem te\u00f3rica e pr\u00e1tica: <em>Professor Celso Matsuda<\/em>, <em>Jornalista Sergio Kobayashi <\/em>e<em> Jornalista Alexandre Martins<\/em><br \/>\n<a href=\"https:\/\/www.facebook.com\/eparlamento\/videos\/962892544194747\"><span style=\"text-decoration: underline\">Reveja clicando AQUI<\/span><\/a><\/p>\n<p><strong>21 de setembro<\/strong><br \/>\n<strong>\u2234 Aspectos Jur\u00eddicos para a atua\u00e7\u00e3o pol\u00edtica no meio digital.<\/strong><br \/>\nAbordagem te\u00f3rica e pratica: <em>Professor Celso Matsuda<\/em> e <em>Professor Rubens Yoshida<\/em><br \/>\n<a href=\"https:\/\/www.facebook.com\/eparlamento\/videos\/2750956391856594\"><span style=\"text-decoration: underline\">Reveja clicando AQUI<\/span><\/a><\/p>\n<p><strong>28 de setembro<\/strong><br \/>\n<strong>\u2234 Case: Comunica\u00e7\u00e3o Digital em A\u00e7\u00e3o no Legislativo Municipal.<\/strong><br \/>\nAbordagem te\u00f3rica e pr\u00e1tica: <em>Professor Celso Matsuda<\/em> <em>e Jornalista Ricardo Viveiros<br \/>\n<\/em><a href=\"https:\/\/www.facebook.com\/eparlamento\/videos\/248273986568807\">Reveja clicando AQUI<\/a><\/p>\n<p><strong>05 de outubro<\/strong><br \/>\n<strong>\u2234 Gest\u00e3o e Governan\u00e7a de Redes Sociais para Comunica\u00e7\u00e3o Parlamentar.<\/strong><br \/>\nAbordagem te\u00f3rica e pr\u00e1tica: <em>Professor Celso Matsuda<\/em> e <em>Jornalista Sergio Kobayashi<br \/>\n<\/em><a href=\"https:\/\/youtu.be\/pKiT5EMjC0k\">Reveja clicando AQUI<\/a><\/p>\n<hr \/>\n<p><strong>Bibliografia:<\/strong><\/p>\n<p>BRIGGS, Asa &amp; BURKE, Peter. Uma Hist\u00f3ria Social da M\u00eddia. Rio de Janeiro: Jorge Zahar Editor, 2004.<\/p>\n<p>CHAIA, Vera Lucia Michalany. Jornalismo e pol\u00edtica: esc\u00e2ndalos e rela\u00e7\u00f5es de poder na C\u00e2mara Municipal de S\u00e3o Paulo. S\u00e3o Paulo: Hacker: CAPES, 2004.<\/p>\n<p>DOWNING, John D.H. M\u00eddia Radical \u2013 Rebeldias nas comunica\u00e7\u00f5es e movimentos sociais. S\u00e3o Paulo: Editora SENAC, 2002.<\/p>\n<p>MICELI, Andre L. ; SALVADOR, Daniel OP. Planejamento de Marketing Digital. Rio de Janeiro: Brasport, 2017.<\/p>\n<p>NOVAES, Adauto (Org.). Muito Al\u00e9m do Espet\u00e1culo: S\u00e3o Paulo: Editora SENAC, 2005.<\/p>\n<p>SILVEIRA, Sergio Amadeu da. Software livre : a luta pela liberdade do conhecimento. S\u00e3o Paulo: Funda\u00e7\u00e3o Perseu Abramo, 2004.<\/p>\n<hr \/>\n<h3 style=\"text-align: center\"><span style=\"color: #ff0000\"><strong>ATEN\u00c7\u00c3O<\/strong><\/span><\/h3>\n<ul>\n<li>A gera\u00e7\u00e3o do certificado de participa\u00e7\u00e3o ser\u00e1 feita\u00a0<b>ap\u00f3s resposta satisfat\u00f3ria a question\u00e1rio online de avalia\u00e7\u00e3o de conte\u00fado<\/b> que ser\u00e1 disponibilizado ap\u00f3s a \u00faltima aula <span style=\"color: #ff0000\"><strong>SOMENTE \u00c0QUELES QUE FIZERAM A INSCRI\u00c7\u00c3O VIA PLATAFORMA SYMPLA<\/strong><\/span>\u00a0(leia aqui a\u00a0<a href=\"https:\/\/homolog.saopaulo.sp.leg.br\/escoladoparlamento\/wp-content\/uploads\/sites\/5\/2020\/08\/Poli%CC%81tica-de-Certificac%CC%A7a%CC%83o-para-Cursos-a%CC%80-Dista%CC%82ncia-da-EP-Revisa%CC%83o-v1.1.pdf\" target=\"_blank\" rel=\"nofollow noopener noreferrer\"><strong>Pol\u00edtica de Certifica\u00e7\u00e3o para Cursos \u00e0 Dist\u00e2ncia da EP<\/strong><\/a>)<strong><strong>.<\/strong><\/strong><\/li>\n<li>LINK do question\u00e1rio de avalia\u00e7\u00e3o ONLINE<br \/>\n<a href=\"https:\/\/docs.google.com\/forms\/d\/e\/1FAIpQLScyONmF4sp_RGzWXNeRDXx48fBxoSHa-o46X5C-9AtnC3M5Mw\/viewform\">https:\/\/docs.google.com\/forms\/d\/e\/1FAIpQLScyONmF4sp_RGzWXNeRDXx48fBxoSHa-o46X5C-9AtnC3M5Mw\/viewform<\/a><\/li>\n<\/ul>\n<h3><\/h3>\n<h3><\/h3>\n<p>&nbsp;<\/p>\n","protected":false},"excerpt":{"rendered":"<p>Partindo-se das conjunturas sociais, econ\u00f4micas, culturais e pol\u00edticas do Brasil no corrente ano de 2020, necess\u00e1rio se faz ofertar conhecimentos contempor\u00e2neos aos mandat\u00e1rios e colaboradores das casas legislativas. \u00c9 de fundamental import\u00e2ncia que de forma r\u00e1pida e simples estejam todos os atores preparados para os desafios que novos estilos e pr\u00e1ticas de a\u00e7\u00f5es pol\u00edticas surgir\u00e3o. [&hellip;]<\/p>\n","protected":false},"author":522,"featured_media":0,"parent":17641,"menu_order":195,"comment_status":"closed","ping_status":"closed","template":"","meta":{"_acf_changed":false,"footnotes":""},"class_list":["post-23550","page","type-page","status-publish","hentry"],"acf":[],"_links":{"self":[{"href":"https:\/\/homolog.saopaulo.sp.leg.br\/escoladoparlamento\/wp-json\/wp\/v2\/pages\/23550","targetHints":{"allow":["GET"]}}],"collection":[{"href":"https:\/\/homolog.saopaulo.sp.leg.br\/escoladoparlamento\/wp-json\/wp\/v2\/pages"}],"about":[{"href":"https:\/\/homolog.saopaulo.sp.leg.br\/escoladoparlamento\/wp-json\/wp\/v2\/types\/page"}],"author":[{"embeddable":true,"href":"https:\/\/homolog.saopaulo.sp.leg.br\/escoladoparlamento\/wp-json\/wp\/v2\/users\/522"}],"replies":[{"embeddable":true,"href":"https:\/\/homolog.saopaulo.sp.leg.br\/escoladoparlamento\/wp-json\/wp\/v2\/comments?post=23550"}],"version-history":[{"count":6,"href":"https:\/\/homolog.saopaulo.sp.leg.br\/escoladoparlamento\/wp-json\/wp\/v2\/pages\/23550\/revisions"}],"predecessor-version":[{"id":29447,"href":"https:\/\/homolog.saopaulo.sp.leg.br\/escoladoparlamento\/wp-json\/wp\/v2\/pages\/23550\/revisions\/29447"}],"up":[{"embeddable":true,"href":"https:\/\/homolog.saopaulo.sp.leg.br\/escoladoparlamento\/wp-json\/wp\/v2\/pages\/17641"}],"wp:attachment":[{"href":"https:\/\/homolog.saopaulo.sp.leg.br\/escoladoparlamento\/wp-json\/wp\/v2\/media?parent=23550"}],"curies":[{"name":"wp","href":"https:\/\/api.w.org\/{rel}","templated":true}]}}