{"id":23658,"date":"2020-08-13T14:29:22","date_gmt":"2020-08-13T17:29:22","guid":{"rendered":"http:\/\/homolog.saopaulo.sp.leg.br\/escoladoparlamento\/?page_id=23658"},"modified":"2020-09-02T20:01:34","modified_gmt":"2020-09-02T23:01:34","slug":"educacao-na-sociedade-do-conhecimento-e-gestao-das-politicas-educacionais","status":"publish","type":"page","link":"https:\/\/homolog.saopaulo.sp.leg.br\/escoladoparlamento\/cursos\/cursos-anteriores\/cursos-realizados-em-2020\/educacao-na-sociedade-do-conhecimento-e-gestao-das-politicas-educacionais\/","title":{"rendered":"Educa\u00e7\u00e3o na Sociedade do Conhecimento e Gest\u00e3o das Pol\u00edticas Educacionais"},"content":{"rendered":"<h2><a href=\"https:\/\/homolog.saopaulo.sp.leg.br\/escoladoparlamento\/wp-content\/uploads\/sites\/5\/2020\/06\/logo-unicid-40.png\"><img loading=\"lazy\" decoding=\"async\" class=\"alignright size-full wp-image-18082\" src=\"https:\/\/homolog.saopaulo.sp.leg.br\/escoladoparlamento\/wp-content\/uploads\/sites\/5\/2020\/06\/logo-unicid-40.png\" alt=\"\" width=\"148\" height=\"55\" \/><\/a>Semin\u00e1rio em parceria com a<br \/>\nUniversidade Cidade de S\u00e3o Paulo<\/h2>\n<p style=\"padding-left: 40px\"><strong>Coordena\u00e7\u00e3o:<\/strong><br \/>\nProf. Sandra Ferreira (PPGP-GE\/UNICID);<br \/>\nProfa. Maria do Carmo Meirelles Toledo Cruz (PPGE\/UNICID e Instituto Jus)<br \/>\nProf. Alexsandro Santos (Escola do Parlamento)<\/p>\n<p>As profundas transforma\u00e7\u00f5es que reorganizaram a economia, a geopol\u00edtica e os arranjos societ\u00e1rios desde o final do s\u00e9culo XX tornaram cada vez mais expl\u00edcitas e radicais as desigualdades e os dilemas \u00e9ticos e pol\u00edticos que os pa\u00edses precisar\u00e3o enfrentar para se posicionar de modo emancipado na sociedade do conhecimento.<\/p>\n<p>Mover as comunidades para que elas construam e experimentem modelos de sociedade inclusivos, justos, democr\u00e1ticos e sustent\u00e1veis se apresenta como um horizonte de utopia e esperan\u00e7a cr\u00edtica, mas sua realiza\u00e7\u00e3o s\u00f3 ser\u00e1 poss\u00edvel se reconhecermos quais s\u00e3o nossos compromissos e nossas limita\u00e7\u00f5es do presente.<\/p>\n<p>As pol\u00edticas educacionais s\u00e3o um elemento chave nesse processo, uma vez que se apresentam como a principal estrat\u00e9gia do Estado Social para a democratiza\u00e7\u00e3o do conhecimento e para a inclus\u00e3o de todas as pessoas de modo consciente, emancipado e aut\u00f4nomo na esfera p\u00fablica de cidadania.<\/p>\n<p><strong>Objetivos: <\/strong><\/p>\n<ul>\n<li>Identificar, analisar e compreender os pilares estruturantes das din\u00e2micas sociais, econ\u00f4micas, culturais e epistemol\u00f3gicas da chamada sociedade do conhecimento;<\/li>\n<li>Compreender as conex\u00f5es entre a reorganiza\u00e7\u00e3o das sociedades no cen\u00e1rio contempor\u00e2neo, a centralidade do conhecimento nos novos arranjos societ\u00e1rios e as pol\u00edticas p\u00fablicas de educa\u00e7\u00e3o.<\/li>\n<li>Refletir, dialogar e elaborar sentidos e significados sobre a atua\u00e7\u00e3o cotidiana de gestores p\u00fablicos de educa\u00e7\u00e3o, a partir da discuss\u00e3o da experi\u00eancia da Secretaria Municipal de Educa\u00e7\u00e3o de Franco da Rocha.<\/li>\n<\/ul>\n<p><strong>Conte\u00fados:<\/strong><\/p>\n<ul>\n<li>Sociedade do conhecimento: fundamentos e caracter\u00edsticas<\/li>\n<li>O Brasil face \u00e0 sociedade do conhecimento: limites e horizontes<\/li>\n<li>Direito \u00e0 educa\u00e7\u00e3o na sociedade do conhecimento<\/li>\n<li>Gest\u00e3o de Pol\u00edticas Educacionais<\/li>\n<\/ul>\n<p><strong>Metodologia:<\/strong><\/p>\n<ul>\n<li>Semin\u00e1rio virtual, em \u00fanica edi\u00e7\u00e3o.<\/li>\n<\/ul>\n<p><strong>P\u00fablico alvo:<\/strong><\/p>\n<p>Alunos dos programas de p\u00f3s-gradua\u00e7\u00e3o em Educa\u00e7\u00e3o da Universidade Cidade de S\u00e3o Paulo, p\u00f3s-graduandos e pesquisadores interessados no tema, gestores\/as escolares da educa\u00e7\u00e3o b\u00e1sica (diretores de escola, assistentes de dire\u00e7\u00e3o e coordenadores pedag\u00f3gicos), professores\/as da educa\u00e7\u00e3o b\u00e1sica, estudantes de licenciatura e interessados em geral.<\/p>\n<h2><span style=\"color: #0000ff\">19 de agosto &#8211; das 10h \u00e0s 12h<\/span><\/h2>\n<h2>Inscri\u00e7\u00f5es: <span style=\"color: #ff0000\">encerradas<\/span><\/h2>\n<p><strong>Clique <a href=\"https:\/\/www.facebook.com\/455071117849014\/videos\/302546361180164\">AQUI<\/a> para rever o semin\u00e1rio<\/strong><\/p>\n<p><strong>10h &#8211; Abertura<\/strong><\/p>\n<p>Prof. Sandra Ferreira (Coordena\u00e7\u00e3o do PPGP-GE\/UNICID)<br \/>\nProf. Roberto Gimenez (Coordena\u00e7\u00e3o do PPGE\/UNICID)<\/p>\n<hr \/>\n<p><strong>10:10h &#8211; Confer\u00eancia de Abertura &#8211; <em>Educa\u00e7\u00e3o na Sociedade do Conhecimento<\/em><\/strong><\/p>\n<p>Prof. Ladislau Dowbor (PUC-SP)<br \/>\n<strong>Media\u00e7\u00e3o:<\/strong> Prof.\u00aa Maria do Carmo Meirelles Toledo Cruz (UNICID e Instituto JUS)<\/p>\n<hr \/>\n<p><strong>11h &#8211; Mesa &#8211; <em>Desafios e Perspectivas da Gest\u00e3o Educacional: A experi\u00eancia de Franco da Rocha<\/em> (SP)<\/strong><\/p>\n<p>\u2022 Profa. Renata Celeguim (Secret\u00e1ria Municipal de Educa\u00e7\u00e3o de Franco da Rocha)<br \/>\n\u2022 Profa. Iraci Teodomira da Silva (Secret\u00e1ria Municipal Adjunta de Educa\u00e7\u00e3o de Franco da Rocha)<br \/>\n<strong>Media\u00e7\u00e3o:<\/strong> Prof. Alexsandro Santos (Diretor-presidente Escola do Parlamento)<\/p>\n<p>&nbsp;<\/p>\n<p>&nbsp;<\/p>\n","protected":false},"excerpt":{"rendered":"<p>Semin\u00e1rio em parceria com a Universidade Cidade de S\u00e3o Paulo Coordena\u00e7\u00e3o: Prof. Sandra Ferreira (PPGP-GE\/UNICID); Profa. Maria do Carmo Meirelles Toledo Cruz (PPGE\/UNICID e Instituto Jus) Prof. Alexsandro Santos (Escola do Parlamento) As profundas transforma\u00e7\u00f5es que reorganizaram a economia, a geopol\u00edtica e os arranjos societ\u00e1rios desde o final do s\u00e9culo XX tornaram cada vez mais [&hellip;]<\/p>\n","protected":false},"author":522,"featured_media":0,"parent":17641,"menu_order":192,"comment_status":"closed","ping_status":"closed","template":"","meta":{"_acf_changed":false,"footnotes":""},"class_list":["post-23658","page","type-page","status-publish","hentry"],"acf":[],"_links":{"self":[{"href":"https:\/\/homolog.saopaulo.sp.leg.br\/escoladoparlamento\/wp-json\/wp\/v2\/pages\/23658","targetHints":{"allow":["GET"]}}],"collection":[{"href":"https:\/\/homolog.saopaulo.sp.leg.br\/escoladoparlamento\/wp-json\/wp\/v2\/pages"}],"about":[{"href":"https:\/\/homolog.saopaulo.sp.leg.br\/escoladoparlamento\/wp-json\/wp\/v2\/types\/page"}],"author":[{"embeddable":true,"href":"https:\/\/homolog.saopaulo.sp.leg.br\/escoladoparlamento\/wp-json\/wp\/v2\/users\/522"}],"replies":[{"embeddable":true,"href":"https:\/\/homolog.saopaulo.sp.leg.br\/escoladoparlamento\/wp-json\/wp\/v2\/comments?post=23658"}],"version-history":[{"count":5,"href":"https:\/\/homolog.saopaulo.sp.leg.br\/escoladoparlamento\/wp-json\/wp\/v2\/pages\/23658\/revisions"}],"predecessor-version":[{"id":23765,"href":"https:\/\/homolog.saopaulo.sp.leg.br\/escoladoparlamento\/wp-json\/wp\/v2\/pages\/23658\/revisions\/23765"}],"up":[{"embeddable":true,"href":"https:\/\/homolog.saopaulo.sp.leg.br\/escoladoparlamento\/wp-json\/wp\/v2\/pages\/17641"}],"wp:attachment":[{"href":"https:\/\/homolog.saopaulo.sp.leg.br\/escoladoparlamento\/wp-json\/wp\/v2\/media?parent=23658"}],"curies":[{"name":"wp","href":"https:\/\/api.w.org\/{rel}","templated":true}]}}