{"id":23691,"date":"2020-09-04T18:54:56","date_gmt":"2020-09-04T21:54:56","guid":{"rendered":"http:\/\/homolog.saopaulo.sp.leg.br\/escoladoparlamento\/?page_id=23691"},"modified":"2020-11-09T13:34:03","modified_gmt":"2020-11-09T16:34:03","slug":"a-filosofia-a-partir-de-seus-problemas","status":"publish","type":"page","link":"https:\/\/homolog.saopaulo.sp.leg.br\/escoladoparlamento\/cursos\/cursos-anteriores\/cursos-realizados-em-2020\/a-filosofia-a-partir-de-seus-problemas\/","title":{"rendered":"A Filosofia a partir de seus problemas"},"content":{"rendered":"<p>A filosofia tem fama de dif\u00edcil, obscura e, inclusive, arbitr\u00e1ria. Mas grande parte das dificuldades usuais para sua compreens\u00e3o deve-se ao n\u00e3o-entendimento do &#8220;problema&#8221; do qual a filosofia trata. Neste curso, o prof. Dr. Mario Ariel Gonz\u00e1lez Porta oferece uma op\u00e7\u00e3o did\u00e1tica e metodol\u00f3gica para o estudo filos\u00f3fico com base no seguinte princ\u00edpio: a compreens\u00e3o do problema deve constituir o n\u00facleo essencial, o eixo, do ensino da filosofia. O que aqui se prop\u00f5e \u00e9 uma perspectiva de acesso \u00e0 filosofia, centrada em explicitar como podem ser melhorados o estudo e o ensino dessa disciplina.<\/p>\n<p><strong>Objetivos:<\/strong><br \/>\n\u2022 Geral: propor uma perspectiva de acesso \u00e0 filosofia, centrada em explicitar de modo instrumentalmente efetivo como podem ser melhorados os estudos e o ensino dessa disciplina, uma vez que ensino e aprendizagem s\u00e3o correlatos.<br \/>\n\u2022 Espec\u00edfico: entender o \u201cproblema\u201d abordado por um fil\u00f3sofo, j\u00e1 que este tende a ser pressuposto ou simplesmente ignorado, sem que se dedique esfor\u00e7o espec\u00edfico algum para esclarec\u00ea-lo.<\/p>\n<p><strong>Docente:<\/strong><br \/>\n\u00bb <strong>Prof. Dr. Mario Ariel Gonz\u00e1les Porta<\/strong> \u2022 <em>possui gradua\u00e7\u00e3o em Filosofia pela Universidade Maior da Rep\u00fablica de Montevid\u00e9u (1980) e doutorado em Filosofia &#8211; Universitat Munster (Westfalische-Wilhelms) (1989). Atualmente \u00e9 professor titular da Pontif\u00edcia Universidade Cat\u00f3lica de S\u00e3o Paulo. Tem experi\u00eancia na \u00e1rea de Filosofia, com \u00eanfase em Epistemologia, atuando principalmente nos seguintes temas: origens da filosof\u00eda contempor\u00e2nea, Kant, neokantismo, fenomenologia, psicologismo e ensino da filosofia.<\/em><\/p>\n<hr \/>\n<p><strong><span style=\"color: #ff0000\">Programa\u00e7\u00e3o:<\/span><\/strong><br \/>\n<span style=\"text-decoration: underline\">4 encontros, sempre das 19h \u00e0s 21h<\/span><\/p>\n<h3><span style=\"text-decoration: underline\">ATEN\u00c7\u00c3O<\/span> &#8211; Devido a problemas de instabilidade na rede, a transmiss\u00e3o da primeira aula no dia 2\/10 teve que ser interrompida. Iniciaremos o curso na pr\u00f3xima sexta-feira, dia 9\/10 e inclu\u00edmos mais uma data na programa\u00e7\u00e3o, segunda-feira, dia 19\/10. Programe-se!<\/h3>\n<p><a href=\"https:\/\/www.facebook.com\/eparlamento\/videos\/396981941298563\"><strong>09\/10<\/strong> &#8211; A proposta do curso e o &#8220;problema&#8221; filos\u00f3fico<\/a><br \/>\n<a href=\"https:\/\/www.facebook.com\/455071117849014\/videos\/418791865775592\/\"><strong>16\/10<\/strong> &#8211; O que \u00e9 a filosofia?<\/a><br \/>\n<a href=\"https:\/\/www.facebook.com\/eparlamento\/videos\/2681149188774473\"><strong>19\/10<\/strong> &#8211; Como se l\u00ea um texto filos\u00f3fico<\/a><br \/>\n<a href=\"https:\/\/www.facebook.com\/455071117849014\/videos\/1273299459729623\"><strong>23\/10<\/strong> &#8211; A import\u00e2ncia do contexto<\/a><\/p>\n<hr \/>\n<h3><strong>Transmiss\u00e3o ONLINE atrav\u00e9s de\u00a0<em>streaming<\/em>\u00a0na p\u00e1gina<\/strong><br \/>\n<strong>da\u00a0<\/strong><a href=\"http:\/\/www.facebook.com\/eparlamento\"><strong>Escola do Parlamento no Facebook<\/strong><\/a><\/h3>\n<h2><strong><span style=\"color: #ff0000\">Inscri\u00e7\u00f5es:<\/span> encerradas<\/strong><\/h2>\n<h4><strong><a href=\"https:\/\/docs.google.com\/forms\/d\/e\/1FAIpQLSei2XprbPO6t0bp2GVKzSz_la5QOVejqWS97p7mYmBvImql3w\/viewform?usp=sf_link\">Question\u00e1rio de Avalia\u00e7\u00e3o do Curso<\/a><br \/>\n(somente preencha se voc\u00ea se inscreveu via plataforma Sympla\/aceitaremos apenas uma resposta para cada email cadastrado\/formul\u00e1rio online dispon\u00edvel at\u00e9 \u00e0s 23h59 do dia 28\/10)<\/strong><\/h4>\n<hr \/>\n<p>Refer\u00eancia bibliogr\u00e1fica<br \/>\nGONZ\u00c1LEZ PORTA, M. A. A filosofia a partir de seus problemas. S\u00e3o Paulo: Editora Loyola, 2002.<\/p>\n<hr \/>\n<h3 style=\"text-align: center\"><span style=\"color: #ff0000\"><strong>ATEN\u00c7\u00c3O<\/strong><\/span><\/h3>\n<p style=\"text-align: center\">A gera\u00e7\u00e3o do certificado ser\u00e1 feita\u00a0<b>ap\u00f3s resposta satisfat\u00f3ria a question\u00e1rio online de avalia\u00e7\u00e3o do curso <\/b>que ser\u00e1 disponibilizado ap\u00f3s a \u00faltima aula<br \/>\n<strong>somente \u00e0queles que fizeram a inscri\u00e7\u00e3o via plataforma Sympla<\/strong><\/p>\n<p>&nbsp;<\/p>\n","protected":false},"excerpt":{"rendered":"<p>A filosofia tem fama de dif\u00edcil, obscura e, inclusive, arbitr\u00e1ria. Mas grande parte das dificuldades usuais para sua compreens\u00e3o deve-se ao n\u00e3o-entendimento do &#8220;problema&#8221; do qual a filosofia trata. Neste curso, o prof. Dr. Mario Ariel Gonz\u00e1lez Porta oferece uma op\u00e7\u00e3o did\u00e1tica e metodol\u00f3gica para o estudo filos\u00f3fico com base no seguinte princ\u00edpio: a compreens\u00e3o [&hellip;]<\/p>\n","protected":false},"author":522,"featured_media":0,"parent":17641,"menu_order":190,"comment_status":"closed","ping_status":"closed","template":"","meta":{"_acf_changed":false,"footnotes":""},"class_list":["post-23691","page","type-page","status-publish","hentry"],"acf":[],"_links":{"self":[{"href":"https:\/\/homolog.saopaulo.sp.leg.br\/escoladoparlamento\/wp-json\/wp\/v2\/pages\/23691","targetHints":{"allow":["GET"]}}],"collection":[{"href":"https:\/\/homolog.saopaulo.sp.leg.br\/escoladoparlamento\/wp-json\/wp\/v2\/pages"}],"about":[{"href":"https:\/\/homolog.saopaulo.sp.leg.br\/escoladoparlamento\/wp-json\/wp\/v2\/types\/page"}],"author":[{"embeddable":true,"href":"https:\/\/homolog.saopaulo.sp.leg.br\/escoladoparlamento\/wp-json\/wp\/v2\/users\/522"}],"replies":[{"embeddable":true,"href":"https:\/\/homolog.saopaulo.sp.leg.br\/escoladoparlamento\/wp-json\/wp\/v2\/comments?post=23691"}],"version-history":[{"count":5,"href":"https:\/\/homolog.saopaulo.sp.leg.br\/escoladoparlamento\/wp-json\/wp\/v2\/pages\/23691\/revisions"}],"predecessor-version":[{"id":24602,"href":"https:\/\/homolog.saopaulo.sp.leg.br\/escoladoparlamento\/wp-json\/wp\/v2\/pages\/23691\/revisions\/24602"}],"up":[{"embeddable":true,"href":"https:\/\/homolog.saopaulo.sp.leg.br\/escoladoparlamento\/wp-json\/wp\/v2\/pages\/17641"}],"wp:attachment":[{"href":"https:\/\/homolog.saopaulo.sp.leg.br\/escoladoparlamento\/wp-json\/wp\/v2\/media?parent=23691"}],"curies":[{"name":"wp","href":"https:\/\/api.w.org\/{rel}","templated":true}]}}