{"id":23751,"date":"2020-08-19T17:44:09","date_gmt":"2020-08-19T20:44:09","guid":{"rendered":"http:\/\/homolog.saopaulo.sp.leg.br\/escoladoparlamento\/?page_id=23751"},"modified":"2020-09-02T19:08:21","modified_gmt":"2020-09-02T22:08:21","slug":"construindo-o-plano-municipal-de-juventude-de-sao-paulo","status":"publish","type":"page","link":"https:\/\/homolog.saopaulo.sp.leg.br\/escoladoparlamento\/cursos\/cursos-anteriores\/cursos-realizados-em-2020\/construindo-o-plano-municipal-de-juventude-de-sao-paulo\/","title":{"rendered":"Construindo o Plano Municipal de Juventude de S\u00e3o Paulo"},"content":{"rendered":"<p><span style=\"color: #0000ff\"><strong>21 de agosto, sexta-feira \u2013 19h \u00e0s 21h<\/strong><\/span><\/p>\n<p><a href=\"https:\/\/www.facebook.com\/455071117849014\/videos\/329771038242403\/\">Reveja aqui a transmiss\u00e3o<\/a><\/p>\n<h3><strong>Coordenadores<\/strong>:<\/h3>\n<p>Prof. Dr. Alexsandro Santos \u2013 Escola do Parlamento<br \/>\nOsvaldo Lemos<\/p>\n<h3>Palestrantes<\/h3>\n<p><strong>Osvaldo Lemos<\/strong>: Consultor para Pol\u00edticas P\u00fablicas de Juventude. Foi gestor p\u00fablico na cidade de S\u00e3o Paulo, com experi\u00eancias como Presidente do Conselho Municipal dos Direitos da Juventude de S\u00e3o Paulo, Coordenador de Articula\u00e7\u00e3o Regional de Pol\u00edticas P\u00fablicas para Juventude (Secretaria Municipal de Direitos Humanos da Prefeitura de S\u00e3o Paulo), Coordenador da 2\u00aa e 3\u00aa Confer\u00eancia de Juventude. Foi tamb\u00e9m uma das lideran\u00e7as da constru\u00e7\u00e3o do Plano Municipal de Juventude de S\u00e3o Paulo. Ganhou o Pr\u00eamio Jovem Brasileiro do Instituto Sou Jovem (SENAC 2013) e o Pr\u00eamio Agito Cultural 2014 (C\u00e2mara Municipal dos Vereadores de S\u00e3o Paulo). Com passagens pela Escola de Governo, no curso de forma\u00e7\u00e3o para governantes da USP, na FGV, no curso de Lideran\u00e7a e Gest\u00e3o, atualmente \u00e9 graduando do curso de Gest\u00e3o P\u00fablica.<\/p>\n<p><strong>F\u00e1bio Silva:<\/strong> foi presidente eleito do Conselho Municipal de Juventude de S\u00e3o Paulo, sendo uma das lideran\u00e7as da constru\u00e7\u00e3o do Projeto de Lei para o Plano Municipal de Pol\u00edticas de Juventude. Militante pelos Direitos Humanos, foi um dos fundadores da Escola Jovem LGBT. Presidiu o gr\u00eamio estudantil da E.E Hedy Madalena Bocchi e o DCE-ESAMC. Foi um dos articuladores das ocupa\u00e7\u00f5es das escolas de SP em 2015. Formado em Direito pela FMU atrav\u00e9s de bolsa integral do PROUNI. Faz p\u00f3s-gradua\u00e7\u00e3o em Direito Administrativo na PUC, e \u00e9 bolsista integral na p\u00f3s-gradua\u00e7\u00e3o de Gest\u00e3o de Projetos pela ESAMC, a Escola Superior de Administra\u00e7\u00e3o, Marketing e Comunica\u00e7\u00e3o. \u00c9 pesquisador do IBI, o Instituto Brasil Israel.<\/p>\n<p><strong>Gabriela Macedo:<\/strong> \u00e9 presidenta eleita (2018-2020) do Conselho Municipal dos Direitos da Juventude de S\u00e3o Paulo. Bacharel em filosofia pela Universidade de S\u00e3o Paulo, estudou os temas da liberdade, lei moral e autonomia em Kant como bolsista de Inicia\u00e7\u00e3o Cient\u00edfica no Departamento de Filosofia da USP (DF-USP). Atualmente cursa a licenciatura em filosofia na Faculdade de Educa\u00e7\u00e3o da USP e \u00e9 membra do N\u00f3s- Grupo de Estudos sobre Feminismos do DF-USP. Fez parte da gest\u00e3o do Centro Acad\u00eamico de Filosofia Prof. Jo\u00e3o Cruz Costa durante tr\u00eas anos e construiu o espa\u00e7o de articula\u00e7\u00e3o de mulheres do curso de filosofia da USP &#8220;Minas da Fil\u00f4&#8221;. Militante feminista e pela educa\u00e7\u00e3o p\u00fablica, \u00e9 professora volunt\u00e1ria no Cursinho Popular da FFLCH.<\/p>\n<h3>Media\u00e7\u00e3o:<\/h3>\n<p><strong>Alexsandro Santos<\/strong> &#8211; Diretor-presidente da <em>Escola do Parlamento<\/em><\/p>\n<h3>Ementa:<\/h3>\n<ol>\n<li>Juventudes na Cidade de S\u00e3o Paulo<\/li>\n<li>Participa\u00e7\u00e3o Pol\u00edtica e constru\u00e7\u00e3o da pauta de direitos da Juventude na Cidade de S\u00e3o Paulo<\/li>\n<li>O Plano Municipal da Juventude: proposta legislativa<\/li>\n<\/ol>\n<h3><b>Objetivos:<\/b><b><\/b><\/h3>\n<p>Espera-se que ao final do semin\u00e1rio os participantes sejam capazes de:<\/p>\n<ol>\n<li>Identificar e compreender o processo de constru\u00e7\u00e3o da minuta do Plano Municipal de Juventude da Cidade de S\u00e3o Paulo;<\/li>\n<li>Analisar, compreender e interpretar os principais dispositivos presentes na referida minuta<\/li>\n<li>Compreender e posicionar-se a respeito do processo de tramita\u00e7\u00e3o legislativa do <a href=\"http:\/\/homolog.saopaulo.sp.leg.br\/iah\/fulltext\/projeto\/PL0604-2016.pdf\" target=\"_blank\" rel=\"noopener noreferrer\" data-auth=\"NotApplicable\">PL (Projeto de Lei) 604\/2016<\/a>, prop\u00f5e o Plano Municipal da Juventude da Cidade de S\u00e3o Paulo<\/li>\n<\/ol>\n<h3><strong>P\u00fablico alvo:<\/strong><\/h3>\n<p class=\"p1\">Profissionais de n\u00edvel m\u00e9dio e de n\u00edvel universit\u00e1rio que trabalham com as juventudes nas diferentes \u00e1reas das pol\u00edticas sociais; parlamentares e assessores\/as de gabinetes; demais cidad\u00e3os\/\u00e3s da sociedade civil e agentes que atuam nos Conselhos de participa\u00e7\u00e3o popular e de controle social, especialmente Conselheiros de Direitos.<\/p>\n<h3><strong>Inscri\u00e7\u00f5es:<\/strong> <span style=\"color: #ff0000\">encerradas<\/span><\/h3>\n<h3><strong>Formul\u00e1rio de Avalia\u00e7\u00e3o <\/strong>(somente para os inscritos via Sympla)<strong>:<\/strong> <span style=\"color: #ff0000\">encerradas<\/span><\/h3>\n","protected":false},"excerpt":{"rendered":"<p>21 de agosto, sexta-feira \u2013 19h \u00e0s 21h Reveja aqui a transmiss\u00e3o Coordenadores: Prof. Dr. Alexsandro Santos \u2013 Escola do Parlamento Osvaldo Lemos Palestrantes Osvaldo Lemos: Consultor para Pol\u00edticas P\u00fablicas de Juventude. Foi gestor p\u00fablico na cidade de S\u00e3o Paulo, com experi\u00eancias como Presidente do Conselho Municipal dos Direitos da Juventude de S\u00e3o Paulo, Coordenador [&hellip;]<\/p>\n","protected":false},"author":297,"featured_media":0,"parent":17641,"menu_order":189,"comment_status":"closed","ping_status":"closed","template":"","meta":{"_acf_changed":false,"footnotes":""},"class_list":["post-23751","page","type-page","status-publish","hentry"],"acf":[],"_links":{"self":[{"href":"https:\/\/homolog.saopaulo.sp.leg.br\/escoladoparlamento\/wp-json\/wp\/v2\/pages\/23751","targetHints":{"allow":["GET"]}}],"collection":[{"href":"https:\/\/homolog.saopaulo.sp.leg.br\/escoladoparlamento\/wp-json\/wp\/v2\/pages"}],"about":[{"href":"https:\/\/homolog.saopaulo.sp.leg.br\/escoladoparlamento\/wp-json\/wp\/v2\/types\/page"}],"author":[{"embeddable":true,"href":"https:\/\/homolog.saopaulo.sp.leg.br\/escoladoparlamento\/wp-json\/wp\/v2\/users\/297"}],"replies":[{"embeddable":true,"href":"https:\/\/homolog.saopaulo.sp.leg.br\/escoladoparlamento\/wp-json\/wp\/v2\/comments?post=23751"}],"version-history":[{"count":5,"href":"https:\/\/homolog.saopaulo.sp.leg.br\/escoladoparlamento\/wp-json\/wp\/v2\/pages\/23751\/revisions"}],"predecessor-version":[{"id":23937,"href":"https:\/\/homolog.saopaulo.sp.leg.br\/escoladoparlamento\/wp-json\/wp\/v2\/pages\/23751\/revisions\/23937"}],"up":[{"embeddable":true,"href":"https:\/\/homolog.saopaulo.sp.leg.br\/escoladoparlamento\/wp-json\/wp\/v2\/pages\/17641"}],"wp:attachment":[{"href":"https:\/\/homolog.saopaulo.sp.leg.br\/escoladoparlamento\/wp-json\/wp\/v2\/media?parent=23751"}],"curies":[{"name":"wp","href":"https:\/\/api.w.org\/{rel}","templated":true}]}}