{"id":23871,"date":"2020-08-28T18:59:21","date_gmt":"2020-08-28T21:59:21","guid":{"rendered":"http:\/\/homolog.saopaulo.sp.leg.br\/escoladoparlamento\/?page_id=23871"},"modified":"2020-10-14T16:00:43","modified_gmt":"2020-10-14T19:00:43","slug":"politicas-da-educacao-de-jovens-e-adultos-na-cidade-de-sao-paulo","status":"publish","type":"page","link":"https:\/\/homolog.saopaulo.sp.leg.br\/escoladoparlamento\/parcerias\/realizados-2\/realizados-2020\/politicas-da-educacao-de-jovens-e-adultos-na-cidade-de-sao-paulo\/","title":{"rendered":"Pol\u00edticas da Educa\u00e7\u00e3o de Jovens e Adultos na Cidade de S\u00e3o Paulo"},"content":{"rendered":"<p>A Educa\u00e7\u00e3o de Jovens e Adultos (EJA) tem sua hist\u00f3ria marcada por exclus\u00e3o e nega\u00e7\u00e3o de direitos que se assemelham \u00e0 pr\u00f3pria hist\u00f3ria do povo brasileiro e \u00e0 conjuntura, ainda experimentada nesse aspecto. As pol\u00edticas p\u00fablicas de educa\u00e7\u00e3o para esse p\u00fablico s\u00e3o recentes, \u201ccerca de 50 anos de hist\u00f3rias de lutas\u201d (Lima, 2017, p. 361), e foram constru\u00eddas com base em campanhas de alfabetiza\u00e7\u00e3o e projetos assinalados por caracter\u00edsticas de provisoriedade, pulveriza\u00e7\u00e3o e descontinuidade.<\/p>\n<p>Refletir sobre esse p\u00fablico e essa modalidade de ensino requer o entendimento de suas fun\u00e7\u00f5es e finalidades espec\u00edficas, assim como buscar a aproxima\u00e7\u00e3o dos princ\u00edpios da escola democr\u00e1tica que caracteriza a Educa\u00e7\u00e3o de Jovens e Adultos como ato pol\u00edtico e de conhecimento, no qual se deve realizar a leitura da realidade em que os sujeitos est\u00e3o inseridos para, ent\u00e3o, se apropriarem das habilidades de leitura da palavra escrita que permeiam o universo de uma sociedade letrada e participativa.<\/p>\n<p>Por isso, a oferta desse processo de forma\u00e7\u00e3o aos educadores e gestores \u00e9 t\u00e3o importante porque oportuniza a reflex\u00e3o do sentido e relev\u00e2ncia das pol\u00edticas p\u00fablicas para esse p\u00fablico desenvolvidas no munic\u00edpio de S\u00e3o Paulo nos \u00faltimos 30 anos, al\u00e9m de dar a conhecer projetos bem sucedidos na Rede Municipal de Ensino.<\/p>\n<p><strong>Objetivos:<\/strong><\/p>\n<ul>\n<li>Observar o panorama hist\u00f3rico das pol\u00edticas de EJA e indicadores de qualidade;<\/li>\n<li>Refletir sobre a EJA na cidade de S\u00e3o Paulo no que diz respeito ao seu curr\u00edculo e \u00e0s suas pr\u00e1ticas;<\/li>\n<li>Conhecer os sujeitos de aprendizagem da Educa\u00e7\u00e3o de Jovens e Adultos, suas caracter\u00edsticas, suas potencialidades e suas necessidades<\/li>\n<li>Identificar rela\u00e7\u00f5es entre a Educa\u00e7\u00e3o de Jovens e Adultos e o Mundo do Trabalho;<\/li>\n<li>Compartilhar experi\u00eancias de Educa\u00e7\u00e3o de Jovens e Adultos na cidade de S\u00e3o Paulo;<\/li>\n<\/ul>\n<p><strong>Conte\u00fados:\u00a0<\/strong><\/p>\n<ul>\n<li>Panorama Hist\u00f3rico das Pol\u00edticas de EJA e indicadores de qualidade<\/li>\n<li>A EJA na cidade de S\u00e3o Paulo: curr\u00edculo e pr\u00e1ticas;<\/li>\n<li>Sujeitos de Aprendizagem da Educa\u00e7\u00e3o de Jovens e Adultos: quem s\u00e3o os alunos da EJA em S\u00e3o Paulo;<\/li>\n<li>A Educa\u00e7\u00e3o de Jovens e Adultos e o Mundo do Trabalho;<\/li>\n<li>Experi\u00eancias de Educa\u00e7\u00e3o de Jovens e Adultos na cidade de S\u00e3o Paulo;<\/li>\n<\/ul>\n<p><strong>P\u00fablico alvo:<\/strong> Professores, Diretores de escola, Assistentes de Dire\u00e7\u00e3o e Coordenadores Pedag\u00f3gicos, Supervisores<\/p>\n<p><strong>Vagas:<\/strong> 500<\/p>\n<p><strong>Carga Hor\u00e1ria:<\/strong> 21 horas (7 encontros online de 3h)<\/p>\n<h4><strong>Transmiss\u00e3o ONLINE atrav\u00e9s de streaming na p\u00e1gina<\/strong><br \/>\n<strong> da<\/strong> <a href=\"http:\/\/www.facebook.com\/eparlamento\">Escola do Parlamento no Facebook<\/a><\/h4>\n<h2><strong>Inscri\u00e7\u00f5es: <\/strong><span style=\"color: #ff0000\">encerradas<\/span><\/h2>\n<h3><span style=\"color: #3366ff\"><a style=\"color: #3366ff\" href=\"https:\/\/forms.gle\/4MnP6CPQYbfogcCu7\">Question\u00e1rio de Avalia\u00e7\u00e3o\u00a0<\/a><\/span><\/h3>\n<p>&nbsp;<\/p>\n<p>(no dia da publica\u00e7\u00e3o \u00e0s 15h; caso ela ocorra no s\u00e1bado, as inscri\u00e7\u00f5es ser\u00e3o abertas \u00e1s 15h da segunda-feira seguinte)<br \/>\n<b>ATEN\u00c7\u00c3O: inscri\u00e7\u00f5es abertas at\u00e9 \u00e0s 9h do dia 08\/9 ou at\u00e9 o encerramento das vagas<\/b><\/p>\n<hr \/>\n<p>&nbsp;<\/p>\n<p><strong><span style=\"color: #ff0000\">Programa\u00e7\u00e3o:<br \/>\n<\/span><\/strong><span style=\"text-decoration: underline\">todos os encontros acontecem das 10h \u00e0s 13h<\/span><\/p>\n<p><strong>08\/09<br \/>\nPanorama Hist\u00f3rico das Pol\u00edticas de EJA e indicadores de qualidade<\/strong><br \/>\nLu\u00eds Fernando Franco \u2022\u00a0Maurilane Biccas<\/p>\n<p><a href=\"https:\/\/www.facebook.com\/watch\/?v=802548447162757\">Clique aqui para rever<\/a><\/p>\n<p><span style=\"color: #3366ff\"><a style=\"color: #3366ff\" href=\"https:\/\/homolog.saopaulo.sp.leg.br\/escoladoparlamento\/wp-content\/uploads\/sites\/5\/2020\/10\/08-09-Maurilane-Biccas.pdf\">Clique aqui para acessar o material &#8211; Maurilane Biccas<\/a><\/span><\/p>\n<p><strong>10\/09<br \/>\nA EJA na cidade de S\u00e3o Paulo: curr\u00edculo e pr\u00e1ticas<\/strong><br \/>\nMilena Micossi \u2022 L\u00edvia Antongiovanni<\/p>\n<p><a href=\"https:\/\/www.facebook.com\/watch\/?v=3113761025385926\">Clique aqui para rever\u00a0<\/a><\/p>\n<p><span style=\"color: #3366ff\"><a style=\"color: #3366ff\" href=\"https:\/\/homolog.saopaulo.sp.leg.br\/escoladoparlamento\/wp-content\/uploads\/sites\/5\/2020\/10\/10-09-Livia-Antongiovanni.pdf\">Clique aqui para acessar o material &#8211; Livia Antongiovanni<\/a><\/span><\/p>\n<p><strong>15\/09<br \/>\nSujeitos de Aprendizagem da Educa\u00e7\u00e3o de Jovens e Adultos: quem s\u00e3o os alunos da EJA em S\u00e3o Paulo<\/strong><br \/>\nEda Luiz \u2022 4 Alunos da EJA<\/p>\n<p><a href=\"https:\/\/www.facebook.com\/watch\/?v=648548452531822\">Clique aqui para rever\u00a0<\/a><\/p>\n<p><strong>17\/09<br \/>\nA Educa\u00e7\u00e3o de Jovens e Adultos e o Mundo do Trabalho<\/strong><br \/>\nVanessa Tiveron \u2022\u00a0Jarina Rodrigues Fernandes<\/p>\n<p><a href=\"https:\/\/www.facebook.com\/watch\/?v=3354365897958709\">Clique aqui para rever\u00a0<\/a><\/p>\n<p><span style=\"color: #3366ff\"><a style=\"color: #3366ff\" href=\"https:\/\/homolog.saopaulo.sp.leg.br\/escoladoparlamento\/wp-content\/uploads\/sites\/5\/2020\/10\/17-09-Jarina-Fernandes.pdf\">Clique aqui para acessar o material &#8211; Jarina Fernandes<\/a><\/span><\/p>\n<p><strong>22\/09<br \/>\nExperi\u00eancias de Educa\u00e7\u00e3o de Jovens e Adultos na cidade de S\u00e3o Paulo &#8211; CIEJAs<\/strong><br \/>\nMaria Ad\u00e9lia Gon\u00e7alves Ruotolo (Cieja Cambuci)\u2013 <em>Projeto G\u00eanero e Transcidadania \u2022 <\/em>Viviane Lemos de J. Moreiras (Cieja Santana\/Tucuruvi e Itaquera) &#8211; <em>Educa\u00e7\u00e3o Especial<\/em><\/p>\n<p><a href=\"https:\/\/www.facebook.com\/watch\/?v=744057629508159\">Clique aqui para rever\u00a0<\/a><\/p>\n<p><span style=\"color: #3366ff\"><a style=\"color: #3366ff\" href=\"https:\/\/homolog.saopaulo.sp.leg.br\/escoladoparlamento\/wp-content\/uploads\/sites\/5\/2020\/10\/22-09-Viviane-Lemos.pdf\"><span style=\"color: #3366ff\">Clique aqui para acessar o material &#8211; Viviane Lemos<\/span><\/a><\/span><\/p>\n<p>&nbsp;<\/p>\n<p><strong>24\/09 &#8211;<br \/>\nExperi\u00eancias de Educa\u00e7\u00e3o de Jovens e Adultos na cidade de S\u00e3o Paulo \u2013 EJA Regular e Modular<\/strong><br \/>\nSarah Cazella (EMEF Paulo Prado) &#8211;<em> Juveniliza\u00e7\u00e3o e o Letramento Digital na EJA \u2022 <\/em>Claudia Regina Dias Branco Garcia (EMEF Oct\u00e1vio Pereira Lopes) &#8211; <em>Hist\u00f3ria, mem\u00f3ria cultura e diversidade \u2022 <\/em>Ana Regina Spinardi (DRE Itaquera) \u2013 <em>Caminhos para as rela\u00e7\u00f5es \u00e9tnico-raciais no contexto atual da EJA \u2022 <\/em>Jeyjenne Galdino de Albuquerque (EMEF Presidente Campos Salles) \u2013<em> Territ\u00f3rio de Cultura e Paz<\/em><\/p>\n<p><a href=\"https:\/\/www.facebook.com\/watch\/?v=332956544430299\">Clique aqui para rever\u00a0<\/a><\/p>\n<p><span style=\"color: #3366ff\"><a style=\"color: #3366ff\" href=\"https:\/\/homolog.saopaulo.sp.leg.br\/escoladoparlamento\/wp-content\/uploads\/sites\/5\/2020\/10\/24-09-Claudia-Garcia.pdf\">Clique aqui para acessar o material &#8211; Claudia Garcia<\/a><br \/>\n<a style=\"color: #3366ff\" href=\"https:\/\/homolog.saopaulo.sp.leg.br\/escoladoparlamento\/wp-content\/uploads\/sites\/5\/2020\/10\/24-09-Jeyjenne-Albuquerque.pdf\">Clique aqui para acessar o material &#8211; Jeyjenne Albuquerque<\/a><br \/>\n<a style=\"color: #3366ff\" href=\"https:\/\/homolog.saopaulo.sp.leg.br\/escoladoparlamento\/wp-content\/uploads\/sites\/5\/2020\/10\/24-09-Sarah-Cazella.pdf\">Clique aqui para acessar o material &#8211; Sarah Cazella<\/a><\/span><\/p>\n<p>&nbsp;<\/p>\n<p><strong>29\/09<br \/>\nExperi\u00eancias de Educa\u00e7\u00e3o de Jovens e Adultos na cidade de S\u00e3o Paulo \u2013 MOVA<\/strong><br \/>\nMeire Regina Lima (Coordenadora do MOVA Unas) \u2022 Adriana de Oliveira (Educadora do MOVA &#8211; AMMO)\u00a0 \u2022 Zilnete Lenira Marques Cabral (EMEF Armando de Salles Oliveira) \u2013 <em>A arte da escuta e os direitos humanos<\/em><\/p>\n<p><a href=\"https:\/\/www.facebook.com\/watch\/?v=383813159328913\">Clique aqui para rever\u00a0<\/a><\/p>\n<p><span style=\"color: #3366ff\"><a style=\"color: #3366ff\" href=\"https:\/\/homolog.saopaulo.sp.leg.br\/escoladoparlamento\/wp-content\/uploads\/sites\/5\/2020\/10\/29-09-Adiana-de-Oliveira.pdf\">Clique aqui para acessar o material &#8211; Adriana de Oliveira<\/a><br \/>\n<a style=\"color: #3366ff\" href=\"https:\/\/homolog.saopaulo.sp.leg.br\/escoladoparlamento\/wp-content\/uploads\/sites\/5\/2020\/10\/29-09-Meire-Lima.pdf\">Clique aqui para acessar o material &#8211; Meire Lima<\/a><\/span><\/p>\n<p>&nbsp;<\/p>\n<hr \/>\n<p><strong>Refer\u00eancias:<\/strong><\/p>\n<p>DI PIERRO, Maria Clara. Os desafios para garantir a Educa\u00e7\u00e3o de Jovens e Adultos. Gest\u00e3o Escolar, S\u00e3o Paulo, ed. 31, maio 2014. Dispon\u00edvel em: https:\/\/gestaoescolar.org.br\/ conteudo\/114\/os-desafios-para-garantir-a- -educacao-de-jovens-e-adultos. Acesso em: 1 nov. 2018.<\/p>\n<p>ARROYO, Miguel Gonz\u00e1les. Indaga\u00e7\u00f5es sobre curr\u00edculo: educandos e educadores: seus direitos e o curr\u00edculo. Bras\u00edlia: MEC\/SEB, 2007.<\/p>\n<p>ARROYO, Miguel Gonz\u00e1les. Curr\u00edculo, territ\u00f3rio em disputa. 5. ed. Petr\u00f3polis, RJ: Vozes, 2013<\/p>\n<p>S\u00c3O PAULO (Munic\u00edpio). Secretaria Municipal de Educa\u00e7\u00e3o. Coordenadoria Pedag\u00f3gica. Curr\u00edculo da Cidade: Ensino Fundamental: L\u00edngua Portuguesa. S\u00e3o Paulo: SME\/COPED, 2017.<\/p>\n<p>FREIRE, Paulo, 1921 \u2013 A import\u00e2ncia do ato de ler: em tr\u00eas artigos que se completam \/ Paulo Freire. \u2013 S\u00e3o Paulo: Autores Associados: Cortez, 1989.<\/p>\n<hr \/>\n<h3 style=\"text-align: center\"><span style=\"color: #ff0000\"><strong>ATEN\u00c7\u00c3O<\/strong><\/span><\/h3>\n<p style=\"text-align: center\">A gera\u00e7\u00e3o do certificado ser\u00e1 feita\u00a0<b>ap\u00f3s resposta satisfat\u00f3ria a question\u00e1rio online de avalia\u00e7\u00e3o de conte\u00fado<\/b>\u00a0que ser\u00e1 disponibilizado ap\u00f3s a \u00faltima aula\u00a0<strong>somente \u00e0queles que fizeram a inscri\u00e7\u00e3o via plataforma Sympla<\/strong>\u00a0(leia aqui a\u00a0<a href=\"https:\/\/homolog.saopaulo.sp.leg.br\/escoladoparlamento\/wp-content\/uploads\/sites\/5\/2020\/08\/Poli%CC%81tica-de-Certificac%CC%A7a%CC%83o-para-Cursos-a%CC%80-Dista%CC%82ncia-da-EP-Revisa%CC%83o-v1.1.pdf\" target=\"_blank\" rel=\"nofollow noopener noreferrer\"><strong>Pol\u00edtica de Certifica\u00e7\u00e3o para Cursos \u00e0 Dist\u00e2ncia da EP<\/strong><\/a>)<strong>.\u00a0<\/strong><\/p>\n<p style=\"text-align: center\">\n","protected":false},"excerpt":{"rendered":"<p>A Educa\u00e7\u00e3o de Jovens e Adultos (EJA) tem sua hist\u00f3ria marcada por exclus\u00e3o e nega\u00e7\u00e3o de direitos que se assemelham \u00e0 pr\u00f3pria hist\u00f3ria do povo brasileiro e \u00e0 conjuntura, ainda experimentada nesse aspecto. As pol\u00edticas p\u00fablicas de educa\u00e7\u00e3o para esse p\u00fablico s\u00e3o recentes, \u201ccerca de 50 anos de hist\u00f3rias de lutas\u201d (Lima, 2017, p. 361), [&hellip;]<\/p>\n","protected":false},"author":522,"featured_media":0,"parent":18395,"menu_order":186,"comment_status":"closed","ping_status":"closed","template":"","meta":{"_acf_changed":false,"footnotes":""},"class_list":["post-23871","page","type-page","status-publish","hentry"],"acf":[],"_links":{"self":[{"href":"https:\/\/homolog.saopaulo.sp.leg.br\/escoladoparlamento\/wp-json\/wp\/v2\/pages\/23871","targetHints":{"allow":["GET"]}}],"collection":[{"href":"https:\/\/homolog.saopaulo.sp.leg.br\/escoladoparlamento\/wp-json\/wp\/v2\/pages"}],"about":[{"href":"https:\/\/homolog.saopaulo.sp.leg.br\/escoladoparlamento\/wp-json\/wp\/v2\/types\/page"}],"author":[{"embeddable":true,"href":"https:\/\/homolog.saopaulo.sp.leg.br\/escoladoparlamento\/wp-json\/wp\/v2\/users\/522"}],"replies":[{"embeddable":true,"href":"https:\/\/homolog.saopaulo.sp.leg.br\/escoladoparlamento\/wp-json\/wp\/v2\/comments?post=23871"}],"version-history":[{"count":5,"href":"https:\/\/homolog.saopaulo.sp.leg.br\/escoladoparlamento\/wp-json\/wp\/v2\/pages\/23871\/revisions"}],"predecessor-version":[{"id":24474,"href":"https:\/\/homolog.saopaulo.sp.leg.br\/escoladoparlamento\/wp-json\/wp\/v2\/pages\/23871\/revisions\/24474"}],"up":[{"embeddable":true,"href":"https:\/\/homolog.saopaulo.sp.leg.br\/escoladoparlamento\/wp-json\/wp\/v2\/pages\/18395"}],"wp:attachment":[{"href":"https:\/\/homolog.saopaulo.sp.leg.br\/escoladoparlamento\/wp-json\/wp\/v2\/media?parent=23871"}],"curies":[{"name":"wp","href":"https:\/\/api.w.org\/{rel}","templated":true}]}}