{"id":24040,"date":"2020-09-15T15:48:16","date_gmt":"2020-09-15T18:48:16","guid":{"rendered":"http:\/\/homolog.saopaulo.sp.leg.br\/escoladoparlamento\/?page_id=24040"},"modified":"2025-04-05T16:03:59","modified_gmt":"2025-04-05T19:03:59","slug":"raca-genero-democracia-e-participacao-politica-no-brasil","status":"publish","type":"page","link":"https:\/\/homolog.saopaulo.sp.leg.br\/escoladoparlamento\/cursos\/cursos-anteriores\/cursos-realizados-em-2020\/raca-genero-democracia-e-participacao-politica-no-brasil\/","title":{"rendered":"Ra\u00e7a, G\u00eanero, Democracia e Participa\u00e7\u00e3o Pol\u00edtica no Brasil"},"content":{"rendered":"<h1><strong><span style=\"color: #0000ff\">Resultados<\/span><\/strong><\/h1>\n<h3><strong>1- Lista de textos recebidos para avalia\u00e7\u00e3o: <a href=\"https:\/\/homolog.saopaulo.sp.leg.br\/escoladoparlamento\/wp-content\/uploads\/sites\/5\/2020\/12\/Atividades-Recebidas-Curso-EP_Geledes.pdf\"><span style=\"color: #ff0000\">Clique aqui<\/span><\/a><\/strong><\/h3>\n<h3>2 &#8211; RESULTADO FINAL &#8211; Devido ao grande volume de textos recebidos, o prazo para divulga\u00e7\u00e3o dos resultados foi prorrogado e ocorrer\u00e1 no dia <span style=\"color: #0000ff\">15\/02\/2021<\/span><\/h3>\n<p>&nbsp;<\/p>\n<h3>3 &#8211; <strong><span style=\"color: #0000ff\">Divulga\u00e7\u00e3o do resultado final<\/span>, com o parecer de avalia\u00e7\u00e3o dos textos.<\/strong><\/h3>\n<p>Informa\u00e7\u00f5es importantes:<\/p>\n<p>1) todas as pessoas que tenham o seu nome na lista divulgada abaixo cumpriram os quesitos necess\u00e1rios e far\u00e3o jus ao Certificado de Conclus\u00e3o do Curso (a ser enviado no prazo de 5 dias \u00fateis, por email);<\/p>\n<p>2) h\u00e1 tr\u00eas categorias\/status que resultam do processo de avalia\u00e7\u00e3o realizado pela Escola do Parlamento e pelo Instituto da Mulher Negras\/Geled\u00e9s:<\/p>\n<ul>\n<li>\u00a0a) Texto <strong>indicado para publica\u00e7\u00e3o<\/strong> \u2013 foram selecionados e n\u00e3o necessitam de revis\u00e3o.<\/li>\n<\/ul>\n<p>A publica\u00e7\u00e3o ocorrer\u00e1 nos canais comunica\u00e7\u00e3o da Escola do Parlamento e do Geled\u00e9s (a serem definidos e comunicados posteriormente)<\/p>\n<ul>\n<li>b) Texto com <strong>necessidade de revis\u00e3o antes de ser indicado para publica\u00e7\u00e3o \u2013 <\/strong>identificados pelo potencial que apresentam para publica\u00e7\u00e3o, por\u00e9m com necessidade de revis\u00e3o pr\u00e9via.<\/li>\n<\/ul>\n<p>A Escola do Parlamento entrar\u00e1 em contato por e-mail para comunicar o tipo de revis\u00e3o necess\u00e1ria. As pessoas que se interessarem em terem seus textos divulgados dever\u00e3o fazer as altera\u00e7\u00f5es solicitadas e reenviar o texto para a Escola do Parlamento no prazo estimulado no e-mail a ser enviado.<\/p>\n<ul>\n<li>c) Texto identificado como <strong>Certificado de Conclus\u00e3o do Curso<\/strong> \u2013 n\u00e3o selecionados para publica\u00e7\u00e3o, mas que far\u00e3o jus ao certificado mencionado.<\/li>\n<\/ul>\n<h3><span style=\"color: #ff0000\"><a style=\"color: #ff0000\" href=\"https:\/\/homolog.saopaulo.sp.leg.br\/escoladoparlamento\/wp-content\/uploads\/sites\/5\/2021\/02\/Resultado-Atividade_Curso-RGDPP-1.pdf\">CLIQUE AQUI<\/a> <\/span>para acessar o resultado final<\/h3>\n<p>&nbsp;<\/p>\n<p>&nbsp;<\/p>\n<p>&nbsp;<\/p>\n<p>&nbsp;<\/p>\n<hr \/>\n<p><strong>Pr\u00f3ximas datas:<\/strong><\/p>\n<p><strong>a) De 14 \u00e0 16\/12 &#8211; Prazo para envio de recursos contra a lista de textos recebidos para avalia\u00e7\u00e3o<\/strong><\/p>\n<p>Caso queira apresentar recurso contra a lista de textos recebidos para avalia\u00e7\u00e3o:<\/p>\n<ul>\n<li>Envie um e-mail para o endere\u00e7o: ep.avaliacoes@saopaulo.sp.leg.br<\/li>\n<li>O t\u00edtulo do e-mail dever\u00e1 ser: RECURSO_Seu nome completo<\/li>\n<li>O\u00a0 e-mail dever\u00e1 conter um texto de at\u00e9 500 palavras expondo o motivo do recurso, seu nome completo e e-mail<\/li>\n<\/ul>\n<p><strong>b) 18\/12\/2020 &#8211; Divulga\u00e7\u00e3o do resultado dos recursos avaliados &#8211; a ser publicado aqui no site<\/strong><\/p>\n<p><strong>c) 04\/02\/2021 &#8211; Divulga\u00e7\u00e3o do resultado final, com o parecer de avalia\u00e7\u00e3o dos textos<\/strong><\/p>\n<p>&nbsp;<\/p>\n<p>&nbsp;<\/p>\n<h3><span style=\"color: #000000\"><strong>REGRAS PARA CERTIFICA\u00c7\u00c3O<\/strong>:<\/span><\/h3>\n<ul>\n<li><strong>Far\u00e3o jus \u00e0 certifica\u00e7\u00e3o todas as pessoas que:<\/strong><\/li>\n<\/ul>\n<p>a)Se inscreveram no curso e receberam em seu e-mail a confirma\u00e7\u00e3o da matr\u00edcula.<br \/>\nb)Assistiram as aulas (sincronicamente ou n\u00e3o)<br \/>\nc)Produzirem um texto reflexivo, de car\u00e1ter dissertativo-argumentativo, seguindo as orienta\u00e7\u00f5es estabelecidas disponibilizadas a seguir<br \/>\nd)Receberem parecer final de APROVA\u00c7\u00c3O do texto pela equipe de avaliadores estabelecida por Geled\u00e9s e pela Escola do Parlamento<\/p>\n<ul>\n<li><strong>Orienta\u00e7\u00f5es para escrita do texto<\/strong><\/li>\n<\/ul>\n<p>a) O texto dever\u00e1 ser desenvolvido numa estrutura dissertativa-argumentativa, isto \u00e9, dever\u00e1 realizar a exposi\u00e7\u00e3o uma ideia\/tese, a sua sustenta\u00e7\u00e3o em argumentos e uma conclus\u00e3o.<br \/>\nb) O texto deve revelar coes\u00e3o e coer\u00eancia e utilizar a norma padr\u00e3o da l\u00edngua portuguesa.<br \/>\nc) N\u00e3o ser\u00e3o aceitas ilustra\u00e7\u00f5es, gr\u00e1ficos ou tabelas. O texto dever\u00e1 ser desenvolvido em modo corrido e com par\u00e1grafos escritos em sequ\u00eancia.<br \/>\nd) Ser\u00e3o reprovados os textos nos quais forem identificados pl\u00e1gio ou utiliza\u00e7\u00e3o, sem cita\u00e7\u00e3o, de escritas de outros autores; ainda que a ocorr\u00eancia n\u00e3o tenha sido intencional por parte do autor.<\/p>\n<ul>\n<li><strong>Formata\u00e7\u00e3o do texto<\/strong><\/li>\n<\/ul>\n<p>a) O texto dever\u00e1 no m\u00ednimo uma lauda (ou 450 palavras) e, no m\u00e1ximo, duas laudas (ou 900 palavras).<br \/>\nb) O texto dever\u00e1 ter um t\u00edtulo (obrigatoriamente), que n\u00e3o exceda o limite de 150 caracteres, com espa\u00e7os.<br \/>\nc) O modelo de forma\u00e7\u00e3o: <a href=\"https:\/\/homolog.saopaulo.sp.leg.br\/escoladoparlamento\/wp-content\/uploads\/sites\/5\/2020\/11\/SOBRENOME_Nome_Atividade-EP-Geledes.docx\">CLIQUE AQUI<\/a><\/p>\n<ul>\n<li><strong>ENTREGA e PRAZOS<\/strong><\/li>\n<\/ul>\n<p><span style=\"color: #ff0000\">a)<\/span>\u00a0 <span style=\"color: #ff0000\">Os textos dever\u00e3o ser encaminhados, por e-mail, <strong>at\u00e9 o dia 07 de dezembro de 2.020, as 23h59min.<\/strong><\/span><br \/>\n<span style=\"color: #ff0000\">EMAIL: <a style=\"color: #ff0000\" href=\"mailto:ep.avaliacoes@saopaulo.sp.leg.br\" target=\"_blank\" rel=\"noopener noreferrer\" data-auth=\"NotApplicable\">ep.avaliacoes@saopaulo.sp.leg.br<\/a><\/span><\/p>\n<p>b) No dia 14 de dezembro, a Escola do Parlamento e Geled\u00e9s divulgar\u00e3o a lista dos textos que foram recebidos para a avalia\u00e7\u00e3o.<br \/>\nc) Ser\u00e3o aceitos recursos contra a lista de textos recebidos para avalia\u00e7\u00e3o nos dias 14, 15 e 16\/12\/2020<br \/>\nd) O resultado dos recursos avaliados ser\u00e1 publicado no dia 18\/12\/2020<br \/>\ne) O resultado final, com o parecer de avalia\u00e7\u00e3o dos textos ser\u00e1 publicado no dia 04\/02\/2021.<\/p>\n<h2><\/h2>\n<h2><\/h2>\n<h2><\/h2>\n<p>&nbsp;<\/p>\n<h2><\/h2>\n<h2>Curso de Extens\u00e3o Universit\u00e1ria (30h) em parceria com o Geled\u00e9s Instituto da Mulher Negra<\/h2>\n<h2><a href=\"https:\/\/homolog.saopaulo.sp.leg.br\/escoladoparlamento\/wp-content\/uploads\/sites\/5\/2020\/09\/LOGO-Geledes-1.jpg\"><img loading=\"lazy\" decoding=\"async\" class=\" wp-image-24034 alignright\" src=\"https:\/\/homolog.saopaulo.sp.leg.br\/escoladoparlamento\/wp-content\/uploads\/sites\/5\/2020\/09\/LOGO-Geledes-1-186x300.jpg\" alt=\"\" width=\"220\" height=\"354\" srcset=\"https:\/\/homolog.saopaulo.sp.leg.br\/escoladoparlamento\/wp-content\/uploads\/sites\/5\/2020\/09\/LOGO-Geledes-1-186x300.jpg 186w, https:\/\/homolog.saopaulo.sp.leg.br\/escoladoparlamento\/wp-content\/uploads\/sites\/5\/2020\/09\/LOGO-Geledes-1.jpg 198w\" sizes=\"auto, (max-width: 220px) 100vw, 220px\" \/><\/a><\/h2>\n<p><strong>Coordena\u00e7\u00e3o:<\/strong><\/p>\n<p>Profa. Ms. Suelaine Carneiro (Geled\u00e9s \u2013 Instituto da Mulher Negra)<br \/>\nProfa. Dra. Jaqueline (Geled\u00e9s \u2013 Instituto da Mulher Negra)<br \/>\nProf. Dr. Alexsandro Santos (Escola do Parlamento)<\/p>\n<p><strong>OBJETIVOS<\/strong><\/p>\n<ol>\n<li>Identificar, analisar e compreender as limita\u00e7\u00f5es e desafios que o racismo estrutural e a estrutura patriarcal de poder, como pilares da modernidade ocidental, atravessam a qualidade da democracia no Brasil<\/li>\n<li>Identificar, analisar e compreender a sub-representa\u00e7\u00e3o, o silenciamento e a nega\u00e7\u00e3o da participa\u00e7\u00e3o de mulheres e homens negros nos espa\u00e7os de poder e decis\u00e3o da democracia no Brasil<\/li>\n<li>Refletir, dialogar e elaborar sentidos e significados em rela\u00e7\u00e3o aos impactos do racismo estrutural e da rela\u00e7\u00e3o patriarcal de poder na constru\u00e7\u00e3o das subjetividades pol\u00edticas das pessoas negras e das mulheres no Brasil<\/li>\n<li>Construir alternativas para ampliar a participa\u00e7\u00e3o de pessoas negras e de mulheres na democracia e nos espa\u00e7os de decis\u00e3o pol\u00edtica.<\/li>\n<\/ol>\n<p><strong>\u00a0<\/strong><strong>EMENTA<\/strong><\/p>\n<ul>\n<li>Ra\u00e7a, Racismo Estrutural e Contrato Racial de Domina\u00e7\u00e3o na Democracia Liberal<\/li>\n<li>Patriarcalismo e as mulheres na arena democr\u00e1tica brasileira<\/li>\n<li>Qualidade da democracia, racismo estrutural e estrutura patriarcal<\/li>\n<li>Partidos pol\u00edticos e (sub)representa\u00e7\u00e3o racial e de g\u00eanero<\/li>\n<li>Institui\u00e7\u00f5es e (sub)representa\u00e7\u00e3o racial e de g\u00eanero<\/li>\n<li>A luta e o ativismo de mulheres e da popula\u00e7\u00e3o negra em defesa da democracia<\/li>\n<\/ul>\n<p><strong>\u00a0D<\/strong><strong>ISTRIBUI\u00c7\u00c3O DA CARGA HOR\u00c1RIA:\u00a0<\/strong><\/p>\n<ol>\n<li>18 horas aula destinadas a nove encontros virtuais de forma\u00e7\u00e3o.<\/li>\n<li>04 horas destinadas a atividade de avalia\u00e7\u00e3o individual, realizada por meio eletr\u00f4nico.<\/li>\n<li>08 horas destinadas a escrita e publica\u00e7\u00e3o, em site alocado na rede mundial de computadores ou perfil\/p\u00e1gina em redes sociais, de texto de reflex\u00e3o com base nas aprendizagens do curso, conforme orienta\u00e7\u00f5es que ser\u00e3o estabelecidas durante o curso.<\/li>\n<\/ol>\n<p><strong>P\u00daBLICO ALVO: <\/strong><\/p>\n<p>P\u00fablico em geral, estudantes, ativistas, militantes, pesquisadores, profissionais que atuam com pol\u00edticas p\u00fablicas.<\/p>\n<h3><span style=\"color: #0000ff\">As aulas ocorrer\u00e3o \u00e0s ter\u00e7as-feiras, das 19h \u00e0s 21h, de 22\/09 a 17\/11<\/span><\/h3>\n<p><b>PROGRAMA\u00c7\u00c3O:<\/b><\/p>\n<ul>\n<li><span style=\"text-decoration: underline\"><span style=\"color: #000000\"><strong>Aula 22\/09 &#8211; O legado da escravid\u00e3o sobre a democracia existente no Brasil<br \/>\n<\/strong><\/span><\/span><span style=\"color: #333399\"><strong><a style=\"color: #333399\" href=\"https:\/\/youtu.be\/kQGWeBya4aA\"><span style=\"color: #3366ff\">Clique aqui para assistir<\/span><\/a><\/strong><\/span><\/li>\n<\/ul>\n<p><strong>\u00a0<\/strong><strong>Sueli Carneiro &#8211;<\/strong> Fil\u00f3sofa, feminista antirracista, escritora e ativista do movimento social negro brasileiro. Possui Doutorado em Educa\u00e7\u00e3o pela Universidade de S\u00e3o Paulo, \u00e9 fundadora e coordenadora executiva de Geled\u00e9s \u2014 Instituto da Mulher Negra.<\/p>\n<ul>\n<li><span style=\"text-decoration: underline\"><span style=\"color: #000000\"><strong>Aula 29\/09 &#8211; Ra\u00e7a, Racismo e Domina\u00e7\u00e3o na Democracia Liberal<br \/>\n<span style=\"color: #3366ff\"><a style=\"color: #3366ff;text-decoration: underline\" href=\"https:\/\/youtu.be\/dX0nbPVup6A\">Clique aqui para assistir<\/a><\/span><\/strong><\/span><\/span><\/li>\n<\/ul>\n<p><strong>\u00a0<\/strong><strong>Jones Manoel &#8211;<\/strong> Graduado em Licenciatura em Hist\u00f3ria pela UFPE , mestre em Servi\u00e7o Social pela UFPE-PPGSS. Educador e comunicador popular desenvolvendo iniciativas jornal\u00edsticas em diversos canais.<\/p>\n<p><strong>H\u00e9lio Santos<\/strong> &#8211; Doutor em Administra\u00e7\u00e3o. Mestre em Finan\u00e7as (FEA- USP). Diretor-presidente do Instituto Brasileiro da Diversidade \u2013 IBD.<\/p>\n<p><strong>Gabriel Sampaio<\/strong> \u2013 Advogado e mestre em Direito das Rela\u00e7\u00f5es Sociais pela PUC\/SP. Membro do Centro Brasileiro de Estudos Constitucionais. Coordenador do Programa de Enfrentamento \u00e0 Viol\u00eancia Institucional e de Lit\u00edgio Estrat\u00e9gico da Conectas Direitos Humanos.<\/p>\n<ul>\n<li><span style=\"text-decoration: underline\"><strong>Aula 06\/10 &#8211; O legado da escravid\u00e3o sobre a democracia existente no Brasil<br \/>\n<\/strong><\/span><a href=\"https:\/\/www.facebook.com\/455071117849014\/videos\/875754026575473\"><span style=\"color: #3366ff\"><strong>Clique aqui para assistir<\/strong><\/span><\/a><\/li>\n<\/ul>\n<p><strong>Matheus Gato<\/strong> &#8211; \u00a0Doutor em Sociologia pela USP. Foi Visiting Student Researcher Collaborator em Princeton University e realizou est\u00e1gio p\u00f3s-doutoral em Harvard University. \u00c9 professor do Departamento de Sociologia da Unicamp.<\/p>\n<p><strong>Luciana Brito<\/strong> \u2013 Doutora em Hist\u00f3ria Social pela USP. Foi pesquisadora visitante no Instituto Du Bois da Universidade de Harvard e bolsista Fulbright na New York University. \u00c9 professora do colegiado de Hist\u00f3ria da Universidade Federal do Rec\u00f4ncavo da Bahia.<\/p>\n<ul>\n<li><span style=\"text-decoration: underline\"><strong>Aula 13\/10 &#8211; Patriarcado e as mulheres na arena democr\u00e1tica brasileira<br \/>\n<span style=\"color: #3366ff\"><a style=\"color: #3366ff\" href=\"https:\/\/youtu.be\/KHEtEyTBZKs\">Clique aqui para assistir<\/a><\/span><\/strong><\/span><\/li>\n<\/ul>\n<p><strong>Edilza Sotero<\/strong> \u2013 Doutora em Sociologia pela USP. Realizou P\u00f3s-Doutorado na Brown University (2015-2016). \u00c9 professora Adjunta no Departamento de Educa\u00e7\u00e3o da Universidade Federal da Bahia.<\/p>\n<p><strong>Maria Bet\u00e2nia \u00c1vila &#8211; <\/strong>Soci\u00f3loga, doutora em Sociologia pela UFPE. \u00c9 coordenadora geral e pesquisadora do SOS Corpo &#8211; Instituto Feminista para a Democracia, atuando principalmente nos seguintes temas: feminismo, mulheres, direitos reprodutivos, trabalho, participa\u00e7\u00e3o pol\u00edtica e movimento de mulheres.<\/p>\n<ul>\n<li><span style=\"text-decoration: underline\"><strong>Aula 20\/10 &#8211; Rela\u00e7\u00f5es de poder e a constru\u00e7\u00e3o da subalternidade de ra\u00e7a e g\u00eanero<br \/>\n<span style=\"color: #3366ff\"><a style=\"color: #3366ff;text-decoration: underline\" href=\"https:\/\/youtu.be\/4Qw7SOwvU4Q\">Clique aqui para assistir<\/a><\/span><\/strong><\/span><\/li>\n<\/ul>\n<p><strong>Uvanderson Silva<\/strong> &#8211; Doutor em Sociologia Pol\u00edtica pelo IESP-UERJ. \u00c9 gestor de projetos no Fundo Brasil de Direitos Humanos. Atua como consultor em diversas organiza\u00e7\u00f5es sociais e no poder p\u00fablico.<\/p>\n<p><strong>Rosane Borges &#8211; <\/strong>Jornalista, pesquisadora colaboradora do Colabor (Centro Multidisciplinar de Pesquisas em Cria\u00e7\u00f5es Colaborativas e Linguagens Digitais), da ECA-USP. Doutora e mestre em Ci\u00eancias da Comunica\u00e7\u00e3o pela USP. \u00c9 articulista da Revista Carta Capital Digital e do blog da Editora Boitempo, escreve regularmente nos portal de not\u00edcia &#8220;Jornalistas Livres&#8221;.<\/p>\n<ul>\n<li><span style=\"text-decoration: underline\"><strong>Aula 27\/10 &#8211; Partidos pol\u00edticos e (sub)representa\u00e7\u00e3o racial e de g\u00eanero<br \/>\n<\/strong><\/span><strong><span style=\"color: #3366ff\"><a style=\"color: #3366ff\" href=\"https:\/\/youtu.be\/9zUNq0gUxbI\">Clique aqui para assistir<\/a><\/span><\/strong><\/li>\n<\/ul>\n<p><strong>Lu\u00eds Augusto Campos<\/strong> &#8211; Professor de Sociologia e Ci\u00eancia Pol\u00edtica no IESP-UERJ e Doutor em Sociologia pelo mesmo instituto. Realizou est\u00e1gio doutoral na \u00c9cole des Hautes \u00c9tudes en Sciences Sociales de Paris e est\u00e1gio p\u00f3s-doutoral na Universidade de Nova Iorque e no Observatoire Sociologique du Changement (SciencesPo).<\/p>\n<p><strong>Vilma Reis<\/strong> &#8211; Soci\u00f3loga, professora, ativista do Movimento de Mulheres Negras, defensora de Direitos Humanos e doutoranda em Estudos \u00c9tnicos e Africanos no PosAfro-UFBA.<\/p>\n<ul>\n<li><span style=\"text-decoration: underline\"><strong>Aula 03\/11 &#8211; O ativismo de negras e negros em defesa de direitos<br \/>\n<a href=\"https:\/\/youtu.be\/BOQCIP7D0jM\"><span style=\"color: #3366ff\">Clique aqui para assistir<\/span><\/a><\/strong><\/span><\/li>\n<\/ul>\n<p><strong>Petr\u00f4nio Domingues<\/strong> &#8211; Doutor em Hist\u00f3ria pela USP. \u00c9 professor associado do Departamento de Hist\u00f3ria da Universidade Federal de Sergipe (UFS). Professor permanente do Mestrado Acad\u00eamico em Hist\u00f3ria (PROHIS) e da P\u00f3s-Gradua\u00e7\u00e3o (Mestrado e Doutorado) em Sociologia da mesma universidade. Foi Visiting Scholar na Rutgers &#8211; The State University of New Jersey (EUA), no Department of Africana Studies e realizou p\u00f3s-doutorado na UFRJ.<\/p>\n<p><strong>Juarez Xavier &#8211; \u00a0<\/strong>Doutor em Ci\u00eancias da Comunica\u00e7\u00e3o pela USP. \u00c9 professor assistente da UNESP. Tem experi\u00eancia na \u00e1rea de Comunica\u00e7\u00e3o, com \u00eanfase em Jornalismo Especializado (Comunit\u00e1rio, Rural, Empresarial, Cient\u00edfico).<\/p>\n<p><strong>Allyne Andrade &#8211; <\/strong>Advogada, possui doutorado e mestrado em Direito pela USP. Obteve o LLM &#8211; Master of Laws &#8211; na \u00e1rea de Teoria Cr\u00edtica Racial da Faculdade de Direito da Universidade da Calif\u00f3rnia, Los Angeles &#8211; UCLA School of Law. \u00c9 superintendente adjunta do Fundo Brasil de Direitos Humanos.<\/p>\n<ul>\n<li><span style=\"text-decoration: underline\"><strong>Aula 10\/11 &#8211; Promo\u00e7\u00e3o da equidade de ra\u00e7a e g\u00eanero<br \/>\n<\/strong><\/span><span style=\"color: #3366ff\"><a style=\"color: #3366ff\" href=\"https:\/\/youtu.be\/PR-oqkHZIsc\"><strong>Clique aqui para assistir<\/strong><\/a><\/span><\/li>\n<\/ul>\n<p><strong>Monique Evelle<\/strong> &#8211; Bacharel em Humanidades &#8211; com \u00eanfase em Pol\u00edtica e Gest\u00e3o da Cultura &#8211; pela Universidade Federal da Bahia (2013 &#8211; 2016) e p\u00f3s-graduanda em Gest\u00e3o Estrat\u00e9gica da Inova\u00e7\u00e3o Tecnol\u00f3gica pela Universidade Federal de S\u00e3o Carlos (UFSCar). Em 2011 criou o Desabafo Social, laborat\u00f3rio de tecnologias sociais aplicadas \u00e0 gera\u00e7\u00e3o de renda, educa\u00e7\u00e3o e comunica\u00e7\u00e3o. \u00c9 s\u00f3cia da SHARP, hub de intelig\u00eancia cultural.<\/p>\n<p><strong>Selma Moreira<\/strong> &#8211; Diretora Executiva no Baob\u00e1 \u2013 Fundo para Equidade Racial, primeiro e \u00fanico fundo dedicado, exclusivamente, \u00e0 promo\u00e7\u00e3o da equidade racial para a popula\u00e7\u00e3o negra no Brasil. Trabalhou na iniciativa privada , no Walmart, Funda\u00e7\u00e3o Alphaville e Funda\u00e7\u00e3o Get\u00falio Vargas (ITCP &#8211; FGV). \u00c9 formada em Administra\u00e7\u00e3o de Empresas, com p\u00f3s-graduada em Gest\u00e3o Estrat\u00e9gica em Comunica\u00e7\u00e3o Organizacional e Rela\u00e7\u00f5es P\u00fablicas, pela Escola de Comunica\u00e7\u00e3o e Artes da USP, tem MBA em Gest\u00e3o e Empreendedorismo Social, pela FIA. \u00c9 \u00a0membra de \u00f3rg\u00e3os de governan\u00e7a de organiza\u00e7\u00f5es da Sociedade Civil.<\/p>\n<p><strong>Sales Augusto<\/strong> <strong>dos Santos<\/strong>\u2013 Doutor em Sociologia pela UnB. P\u00f3s-doutorado pelo Department of African &amp; African Diaspora Studies (DAADS) at the University of Wisconsin Milwaukee (UWM) e pelo Department of Africana Studies at Brown University. \u00c9 pesquisador do Instituto Nacional de Ci\u00eancia e Tecnologia de Inclus\u00e3o no Ensino e na Pesquisa (INCTI) da UnB.<\/p>\n<ul>\n<li><span style=\"text-decoration: underline\"><strong>Aula 17\/11 &#8211; Confer\u00eancia de Encerramento \u2013 Enquanto houver racismo n\u00e3o haver\u00e1 democracia<br \/>\n<span style=\"color: #3366ff\"><a style=\"color: #3366ff;text-decoration: underline\" href=\"https:\/\/youtu.be\/1tEAHKOqxSw\">Clique aqui para assistir<\/a><\/span><\/strong><\/span><\/li>\n<\/ul>\n<p><strong>Douglas Belchior<\/strong> &#8211; Douglas Belchior \u00e9 professor formado em Hist\u00f3ria pela PUC\/SP. Fundador e professor no Movimento Uneafro-Brasil. Palestrante e conferencista sobre as tem\u00e1ticas hist\u00f3ria das lutas sociais no Brasil, quest\u00e3o racial no Brasil e direitos humanos. Coordenador de Articula\u00e7\u00e3o de Projetos do Fundo Brasil de Direitos Humanos. Integrante da Coaliz\u00e3o Negra por Direitos.<\/p>\n<p><strong>Ricardo Henriques <\/strong>\u2013 Foi Secret\u00e1rio Nacional de Educa\u00e7\u00e3o Continuada, Alfabetiza\u00e7\u00e3o e Diversidade (Secad) do Minist\u00e9rio da Educa\u00e7\u00e3o e Secret\u00e1rio Executivo do Minist\u00e9rio de Desenvolvimento Social, quando coordenou o desenho e a implanta\u00e7\u00e3o inicial do Programa Bolsa Fam\u00edlia. Foi assessor especial do presidente do Banco Nacional do Desenvolvimento (BNDES) e pesquisador e diretor adjunto da \u00e1rea social do Instituto de Pesquisa Econ\u00f4mica Aplicada (IPEA). No Rio de Janeiro, foi Secret\u00e1rio Estadual de Assist\u00eancia Social e Direitos Humanos e Presidente do Instituto Municipal de Urbanismo Pereira Passos, quando desenvolveu o Programa UPP Social. \u00c9 membro do Conselho de Administra\u00e7\u00e3o do Todos pela Educa\u00e7\u00e3o. Superintendente executivo do Institito Unibanco. Membro do Conselho de Administra\u00e7\u00e3o do Instituto Internacional de Planejamento da Educa\u00e7\u00e3o da Unesco.<\/p>\n<p><strong>Maria Sylvia de Oliveira \u2013 <\/strong>Advogada, presidenta do Geledes-Instituto da Mulher Negra, mestranda no programa Diversitas (FFLCH\/USP), Conselheira Seccional e Presidenta da Comiss\u00e3o de Igualdade Racial da OAB\/SP.<\/p>\n<p>&nbsp;<\/p>\n","protected":false},"excerpt":{"rendered":"<p>Resultados 1- Lista de textos recebidos para avalia\u00e7\u00e3o: Clique aqui 2 &#8211; RESULTADO FINAL &#8211; Devido ao grande volume de textos recebidos, o prazo para divulga\u00e7\u00e3o dos resultados foi prorrogado e ocorrer\u00e1 no dia 15\/02\/2021 &nbsp; 3 &#8211; Divulga\u00e7\u00e3o do resultado final, com o parecer de avalia\u00e7\u00e3o dos textos. Informa\u00e7\u00f5es importantes: 1) todas as pessoas [&hellip;]<\/p>\n","protected":false},"author":731,"featured_media":0,"parent":17641,"menu_order":183,"comment_status":"closed","ping_status":"closed","template":"","meta":{"_acf_changed":false,"footnotes":""},"class_list":["post-24040","page","type-page","status-publish","hentry"],"acf":[],"_links":{"self":[{"href":"https:\/\/homolog.saopaulo.sp.leg.br\/escoladoparlamento\/wp-json\/wp\/v2\/pages\/24040","targetHints":{"allow":["GET"]}}],"collection":[{"href":"https:\/\/homolog.saopaulo.sp.leg.br\/escoladoparlamento\/wp-json\/wp\/v2\/pages"}],"about":[{"href":"https:\/\/homolog.saopaulo.sp.leg.br\/escoladoparlamento\/wp-json\/wp\/v2\/types\/page"}],"author":[{"embeddable":true,"href":"https:\/\/homolog.saopaulo.sp.leg.br\/escoladoparlamento\/wp-json\/wp\/v2\/users\/731"}],"replies":[{"embeddable":true,"href":"https:\/\/homolog.saopaulo.sp.leg.br\/escoladoparlamento\/wp-json\/wp\/v2\/comments?post=24040"}],"version-history":[{"count":6,"href":"https:\/\/homolog.saopaulo.sp.leg.br\/escoladoparlamento\/wp-json\/wp\/v2\/pages\/24040\/revisions"}],"predecessor-version":[{"id":29348,"href":"https:\/\/homolog.saopaulo.sp.leg.br\/escoladoparlamento\/wp-json\/wp\/v2\/pages\/24040\/revisions\/29348"}],"up":[{"embeddable":true,"href":"https:\/\/homolog.saopaulo.sp.leg.br\/escoladoparlamento\/wp-json\/wp\/v2\/pages\/17641"}],"wp:attachment":[{"href":"https:\/\/homolog.saopaulo.sp.leg.br\/escoladoparlamento\/wp-json\/wp\/v2\/media?parent=24040"}],"curies":[{"name":"wp","href":"https:\/\/api.w.org\/{rel}","templated":true}]}}