{"id":2410,"date":"2015-11-10T14:40:43","date_gmt":"2015-11-10T16:40:43","guid":{"rendered":"http:\/\/homolog.saopaulo.sp.leg.br\/escoladoparlamento\/?page_id=2410"},"modified":"2018-05-11T14:47:13","modified_gmt":"2018-05-11T17:47:13","slug":"desigualdade-racial-no-brasil","status":"publish","type":"page","link":"https:\/\/homolog.saopaulo.sp.leg.br\/escoladoparlamento\/cursos\/cursos-anteriores\/cursos-realizados-em-2015\/desigualdade-racial-no-brasil\/","title":{"rendered":"(Des)Igualdade Racial no Brasil: Desafios e Perspectivas"},"content":{"rendered":"<p><iframe loading=\"lazy\" title=\"Entrevista: Desafios e perspectivas no combate a desigualdade racial no Brasil\" width=\"640\" height=\"480\" src=\"https:\/\/www.youtube.com\/embed\/1TYaXI4qNgs?feature=oembed\" frameborder=\"0\" allow=\"accelerometer; autoplay; clipboard-write; encrypted-media; gyroscope; picture-in-picture; web-share\" referrerpolicy=\"strict-origin-when-cross-origin\" allowfullscreen><\/iframe><\/p>\n<hr \/>\n<p><strong>Objetivos:\u00a0 <\/strong>Apresentar e discutir, do ponto de vista diacr\u00f4nico e sincr\u00f4nico as manifesta\u00e7\u00f5es da desigualdade racial no Brasil. Apresentar e discutir, do ponto de vista diacr\u00f4nico e sincr\u00f4nico, as medidas de enfrentamento \u00e0 desigualdade racial e ao racismo, especialmente na \u00e1rea Educacional, com a afirma\u00e7\u00e3o e implementa\u00e7\u00e3o da Lei 10.639\/03.<\/p>\n<p>A sociedade brasileira \u00e9 atravessada por uma profunda desigualdade racial, estruturada a partir da experi\u00eancia hist\u00f3rica do tr\u00e1fico negreiro e da escravid\u00e3o e adensada pelo longo tempo de aus\u00eancia de pol\u00edticas p\u00fablicas de repara\u00e7\u00e3o e equidade. Essa desigualdade conforma um conjunto de rela\u00e7\u00f5es raciais marcadas pela l\u00f3gica do branqueamento e pela nega\u00e7\u00e3o da presen\u00e7a, da contribui\u00e7\u00e3o e dos direitos da popula\u00e7\u00e3o afrodescendente.<\/p>\n<p>As diferentes manifesta\u00e7\u00f5es da desigualdade e do racismo marcam a experi\u00eancia social brasileira e a experi\u00eancia subjetiva de brasileiros e brasileiras. A Escola do Parlamento, em sua miss\u00e3o de trazer \u00e0 tona um conjunto de quest\u00f5es relevantes para o poder legislativo, para a afirma\u00e7\u00e3o da democracia e da cidadania e para a gest\u00e3o das pol\u00edticas p\u00fablicas promove esse semin\u00e1rio com o intuito de discutir as quest\u00f5es relativas \u00e0 (des)igualdade racial e debater os desafios e perspectivas de seu enfrentamento<\/p>\n<p><strong>Diretor Respons\u00e1vel:<\/strong> Tatiana Braz Ribeiral<\/p>\n<p><strong>Coordenador:<\/strong> Alexsandro do Nascimento Santos<\/p>\n<p><strong>Inscri\u00e7\u00f5es:<\/strong>\u00a0Encerradas.<\/p>\n<p><strong>Programa\u00e7\u00e3o:<\/strong><\/p>\n<table>\n<tbody>\n<tr>\n<td><strong>Data<\/strong><\/td>\n<td><strong>Hora<\/strong><\/td>\n<td>\u00a0<strong>Local<\/strong><\/td>\n<td><strong>Palestrante<\/strong><\/td>\n<td><strong>Tema<\/strong><\/td>\n<\/tr>\n<tr>\n<td><strong>25\/11<\/strong><\/td>\n<td>14h \u00e0s 17h<\/td>\n<td><a href=\"http:\/\/homolog.saopaulo.sp.leg.br\/transparencia\/auditorios-online\/sala-sergio-vieira-de-mello-sala\/\">Sala S\u00e9rgio Vieira de Mello<\/a><\/td>\n<td>\u00a0Profa. Dra. Marcia Lima (FFLCH\/USP)<br \/>\nProfa. Dra. Kassandra Muniz (UFOP)Maur\u00edcio Pestana (Secret\u00e1rio Municipal de Promo\u00e7\u00e3o da Igualdade Racial de SP)<\/td>\n<td><em>Manifesta\u00e7\u00f5es da Desigualdade Racial no Brasil e seu enfrentamento: Estado, Movimentos Sociais e Sociedade Civil\u00a0<\/em><\/td>\n<\/tr>\n<tr>\n<td><strong>25\/11<\/strong><\/td>\n<td>19h \u00e0s 22h<\/td>\n<td><a href=\"http:\/\/homolog.saopaulo.sp.leg.br\/transparencia\/auditorios-online\/sala-sergio-vieira-de-mello-sala\/\">Sala S\u00e9rgio Vieira de Mello<\/a><\/td>\n<td>Profa. Ms. Surya Pombo (UFPB\/FEUSP)<\/p>\n<p>Profa. Ms. Jaqueline Santos (A\u00e7\u00e3o Educativa\/FE-UNICAMP)<\/p>\n<p>Profa. Ms. Migh Danae (FEUSP\/CNPQ)<\/td>\n<td>\u00a0<em>O Direito \u00e0 Educa\u00e7\u00e3o e a (Des)igualdade Racial no Brasil: 12 anos da Lei 10.639\/03 e as A\u00e7\u00f5es Afirmativas\u00a0<\/em><\/td>\n<\/tr>\n<\/tbody>\n<\/table>\n<p>&nbsp;<\/p>\n","protected":false},"excerpt":{"rendered":"<p>Objetivos:\u00a0 Apresentar e discutir, do ponto de vista diacr\u00f4nico e sincr\u00f4nico as manifesta\u00e7\u00f5es da desigualdade racial no Brasil. Apresentar e discutir, do ponto de vista diacr\u00f4nico e sincr\u00f4nico, as medidas de enfrentamento \u00e0 desigualdade racial e ao racismo, especialmente na \u00e1rea Educacional, com a afirma\u00e7\u00e3o e implementa\u00e7\u00e3o da Lei 10.639\/03. A sociedade brasileira \u00e9 atravessada [&hellip;]<\/p>\n","protected":false},"author":79,"featured_media":0,"parent":1331,"menu_order":632,"comment_status":"closed","ping_status":"closed","template":"","meta":{"_acf_changed":false,"footnotes":""},"class_list":["post-2410","page","type-page","status-publish","hentry"],"acf":[],"_links":{"self":[{"href":"https:\/\/homolog.saopaulo.sp.leg.br\/escoladoparlamento\/wp-json\/wp\/v2\/pages\/2410","targetHints":{"allow":["GET"]}}],"collection":[{"href":"https:\/\/homolog.saopaulo.sp.leg.br\/escoladoparlamento\/wp-json\/wp\/v2\/pages"}],"about":[{"href":"https:\/\/homolog.saopaulo.sp.leg.br\/escoladoparlamento\/wp-json\/wp\/v2\/types\/page"}],"author":[{"embeddable":true,"href":"https:\/\/homolog.saopaulo.sp.leg.br\/escoladoparlamento\/wp-json\/wp\/v2\/users\/79"}],"replies":[{"embeddable":true,"href":"https:\/\/homolog.saopaulo.sp.leg.br\/escoladoparlamento\/wp-json\/wp\/v2\/comments?post=2410"}],"version-history":[{"count":5,"href":"https:\/\/homolog.saopaulo.sp.leg.br\/escoladoparlamento\/wp-json\/wp\/v2\/pages\/2410\/revisions"}],"predecessor-version":[{"id":9428,"href":"https:\/\/homolog.saopaulo.sp.leg.br\/escoladoparlamento\/wp-json\/wp\/v2\/pages\/2410\/revisions\/9428"}],"up":[{"embeddable":true,"href":"https:\/\/homolog.saopaulo.sp.leg.br\/escoladoparlamento\/wp-json\/wp\/v2\/pages\/1331"}],"wp:attachment":[{"href":"https:\/\/homolog.saopaulo.sp.leg.br\/escoladoparlamento\/wp-json\/wp\/v2\/media?parent=2410"}],"curies":[{"name":"wp","href":"https:\/\/api.w.org\/{rel}","templated":true}]}}