{"id":24246,"date":"2020-09-29T18:15:29","date_gmt":"2020-09-29T21:15:29","guid":{"rendered":"http:\/\/homolog.saopaulo.sp.leg.br\/escoladoparlamento\/?page_id=24246"},"modified":"2025-05-20T15:14:09","modified_gmt":"2025-05-20T18:14:09","slug":"seminarios-educacao-em-pesquisa","status":"publish","type":"page","link":"https:\/\/homolog.saopaulo.sp.leg.br\/escoladoparlamento\/cursos\/cursos-anteriores\/cursos-realizados-em-2020\/seminarios-educacao-em-pesquisa\/","title":{"rendered":"Semin\u00e1rios Educa\u00e7\u00e3o em Pesquisa"},"content":{"rendered":"<h3>Resultados do primeiro ciclo de fomento do Programa de Coopera\u00e7\u00e3o em Pesquisa: conhecimento e dados abertos aplicados ao desafio da educa\u00e7\u00e3o p\u00fablica municipal<\/h3>\n<p><strong>Coordenadores:<br \/>\n<\/strong>Prof. Dr. Alexsandro Santos &#8211; Diretor-presidente da Escola do Parlamento<br \/>\nProfa. Dra. Ananda Grinkaut &#8211; Secretaria Municipal de Educa\u00e7\u00e3o de S\u00e3o Paulo<br \/>\nProfa. Mariana Alcalay &#8211; UNESCO<\/p>\n<p>&nbsp;<\/p>\n<p>No bi\u00eanio 2019-2020, a<em>\u00a0Organiza\u00e7\u00e3o das Na\u00e7\u00f5es Unidas para Educa\u00e7\u00e3o, Ci\u00eancia e Cultura<\/em>\u00a0\u2013 UNESCO e a\u00a0<em>Secretaria Municipal de Educa\u00e7\u00e3o de S\u00e3o Paulo<\/em>\u00a0estruturaram e financiaram o\u00a0<em>1\u00b0 Ciclo de Fomento do Programa de Coopera\u00e7\u00e3o em Pesquisa<\/em>. A partir de um convite \u00e0 comunidade acad\u00eamica, mobilizado mediante Edital espec\u00edfico, foram apresentados\u00a0quatro temas priorit\u00e1rios de pesquisa: 1) a amplia\u00e7\u00e3o da jornada e a educa\u00e7\u00e3o integral na Rede Municipal de Ensino \u2013 RME; 2) a avalia\u00e7\u00e3o do aprendizado no cotidiano das escolas municipais; 3) a frequ\u00eancia na recupera\u00e7\u00e3o paralela e seus impactos na perman\u00eancia escolar e na aprendizagem dos estudantes; e 4) as pol\u00edticas de valoriza\u00e7\u00e3o profissional e de enfrentamento \u00e0 evas\u00e3o e ao absente\u00edsmo docente na RME.<\/p>\n<p>Durante a primeira etapa de sele\u00e7\u00e3o deste 1\u00ba Ciclo de Fomento, 30 grupos de pesquisa apresentaram suas propostas. As institui\u00e7\u00f5es selecionadas pelo comit\u00ea composto por representantes da SME e da UNESCO para receber o financiamento foram: Funda\u00e7\u00e3o Carlos Chagas (para os temas de recupera\u00e7\u00e3o paralela e de evas\u00e3o e absente\u00edsmo docente), Instituto Singularidades (avalia\u00e7\u00e3o do aprendizado) e Universidade da Cidade de S\u00e3o Paulo \u2013 UNICID (educa\u00e7\u00e3o integral).<\/p>\n<p>Conclu\u00eddas as pesquisas e considerando suas importantes contribui\u00e7\u00f5es para a melhoria da educa\u00e7\u00e3o p\u00fablica municipal, estavam previstos semin\u00e1rios presenciais entre os pesquisadores, gestores educacionais e educadores para debater os resultados. Por causa da pandemia do Coronav\u00edrus, esses encontros ser\u00e3o virtuais, por meio de quatro semin\u00e1rios tem\u00e1ticos realizados pela Escola do Parlamento, em parceria com a Secretaria Municipal da Educa\u00e7\u00e3o de S\u00e3o Paulo, a UNESCO e a Rede de Estudos sobre Implementa\u00e7\u00e3o de Pol\u00edticas P\u00fablicas Educacionais \u2013 REIPPE.<\/p>\n<p><strong>Objetivos:<\/strong><\/p>\n<p>&#8211; \u00a0Conhecer o processo de investiga\u00e7\u00e3o e os resultados alcan\u00e7ados pelas quatro pesquisas financiadas a partir do 1\u00ba Ciclo de Fomento do Programa de Coopera\u00e7\u00e3o em Pesquisa da SME-SP;<\/p>\n<p>&#8211; Analisar, compreender e interpretar as contribui\u00e7\u00f5es das quatro pesquisas finalizadas para a melhoria dos diferentes aspectos relativos \u00e0 qualidade da educa\u00e7\u00e3o p\u00fablica municipal;<\/p>\n<p>&#8211; Interagir e dialogar com pesquisadoras e pesquisadores do campo da Educa\u00e7\u00e3o e com gestores educacionais a partir da produ\u00e7\u00e3o qualificada do campo sobre os desafios da rede municipal de S\u00e3o Paulo..<\/p>\n<p><strong>P\u00fablico Alvo:<\/strong><\/p>\n<p>Educadores e Educadoras, profissionais que atuam no campo da pesquisa em educa\u00e7\u00e3o e em pol\u00edticas p\u00fablicas, estudantes de licenciatura e p\u00fablico em geral.<\/p>\n<p><strong>Vagas:<\/strong> 800<\/p>\n<p style=\"text-align: center\">\u232a\u232a\u232a <strong>ACESSE AQUI <\/strong>\u2329\u2329\u2329<br \/>\n<a href=\"https:\/\/homolog.saopaulo.sp.leg.br\/escoladoparlamento\/wp-content\/uploads\/sites\/5\/2020\/10\/Publicac\u0327a\u0303o.pdf\">Publica\u00e7\u00e3o dos Resultados do 1\u00ba Ciclo de Fomento do Programa de Coopera\u00e7\u00e3o em Pesquisa<\/a><\/p>\n<hr \/>\n<h4 style=\"text-align: left\"><span style=\"color: #0000ff\"><strong>ATEN\u00c7\u00c3O:<\/strong><\/span><\/h4>\n<h4 style=\"text-align: left\">Ao final de cada semin\u00e1rio, ser\u00e1 disponibilizado um question\u00e1rio de rea\u00e7\u00e3o \u00e0queles que fizerem a inscri\u00e7\u00e3o pela plataforma Sympla. Os participantes que responderem ao question\u00e1rio far\u00e3o jus ao certificado de participa\u00e7\u00e3o.<\/h4>\n<h4><strong>Inscri\u00e7\u00f5es: <span style=\"color: #ff0000\">ser\u00e3o independentes para cada semin\u00e1rio<\/span><\/strong><span style=\"color: #ff0000\"><span style=\"color: #000000\"> &#8211; localize os links abaixo na programa\u00e7\u00e3o<\/span><\/span><\/h4>\n<h4><strong>Transmiss\u00e3o ONLINE atrav\u00e9s de\u00a0<em>streaming<\/em> na p\u00e1gina<\/strong><br \/>\n<strong>da\u00a0<\/strong><a href=\"http:\/\/www.facebook.com\/eparlamento\"><strong>Escola do Parlamento no Facebook<\/strong><\/a><\/h4>\n<h3 style=\"text-align: left\"><\/h3>\n<hr \/>\n<h3 style=\"text-align: left\"><span style=\"color: #ff0000\">Programa\u00e7\u00e3o:<\/span><\/h3>\n<table>\n<tbody>\n<tr>\n<td width=\"110\">DATA<\/td>\n<td width=\"499\">TEMA DO SEMIN\u00c1RIO<\/td>\n<\/tr>\n<tr>\n<td rowspan=\"4\" width=\"110\"><strong>06\/10\/2020<\/strong><\/p>\n<p><strong>15h \u00e0s 17h<\/strong><\/td>\n<td width=\"499\"><strong>Avalia\u00e7\u00e3o do aprendizado no cotidiano das escolas municipais<br \/>\n<\/strong>Institui\u00e7\u00e3o Respons\u00e1vel: Instituto Singularidades<\/td>\n<\/tr>\n<tr>\n<td width=\"499\"><strong><em>Palestrantes:<\/em><\/strong><\/p>\n<p>Herik Rafael de Oliveira<\/p>\n<p><em>Rejane Aquino<\/em><\/td>\n<\/tr>\n<tr>\n<td width=\"499\"><strong><em>Comentarista da \u00e1rea t\u00e9cnica de SME:<\/em><\/strong><\/p>\n<p><em>Claudio Maroja ou Thiago Ferreira Costa (N\u00facleo T\u00e9cnico de Avalia\u00e7\u00e3o &#8211; Coordenadoria Pedag\u00f3gica &#8211; SME)<\/em><\/td>\n<\/tr>\n<tr>\n<td width=\"499\"><strong><em>Debatedores(as):<\/em><\/strong><\/p>\n<p><em>Carlos Henriquez Calderon (LLECE, UNESCO\/Santiago) <\/em><\/p>\n<p><em>Adolfo Ignacio Calderon (PUC\/Campinas)<\/em><\/td>\n<\/tr>\n<tr>\n<td colspan=\"2\" width=\"609\">\n<p style=\"text-align: center\"><strong>\u00a0<\/strong><strong>INSCRI\u00c7\u00d5ES: <span style=\"color: #ff0000\">ENCERRADAS<br \/>\n<\/span><a href=\"https:\/\/youtu.be\/Eq97pfpjihM\">Reveja o Semin\u00e1rio Clicando AQUI<\/a><br \/>\n<a href=\"https:\/\/homolog.saopaulo.sp.leg.br\/escoladoparlamento\/wp-content\/uploads\/sites\/5\/2020\/10\/webnario_2_3a_revisao-1.pdf\">Apresenta\u00e7\u00e3o dos palestrantes (Instituto Singularidades)<\/a><br \/>\n<a href=\"https:\/\/docs.google.com\/forms\/d\/e\/1FAIpQLScGFzlD7dAqDZ267PShkZxRyIFJ3Zi9tOTH2wvuiRXF0xEgQA\/viewform\">Question\u00e1rio de Avalia\u00e7\u00e3o<\/a> (somente para os inscritos via Sympla)<\/strong><\/p>\n<\/td>\n<\/tr>\n<\/tbody>\n<\/table>\n<p>&nbsp;<\/p>\n<table>\n<tbody>\n<tr>\n<td width=\"110\"><strong>DATA<\/strong><\/td>\n<td width=\"499\"><strong>TEMA DO SEMIN\u00c1RIO<\/strong><\/td>\n<\/tr>\n<tr>\n<td rowspan=\"4\" width=\"110\"><strong>13\/10\/2020<\/strong><\/p>\n<p><strong>15h \u00e0s 17h<\/strong><\/td>\n<td width=\"499\"><strong>Amplia\u00e7\u00e3o da jornada e a educa\u00e7\u00e3o integral na Rede Municipal de Ensino<br \/>\n<\/strong>Institui\u00e7\u00e3o Respons\u00e1vel: Universidade Cidade de S\u00e3o Paulo &#8211; Unicid<\/td>\n<\/tr>\n<tr>\n<td width=\"499\"><strong><em>Palestrantes:<\/em><\/strong><\/p>\n<p><em>Vanda Mendes Ribeiro (UNICID)<\/em><\/p>\n<p><em>Alexsandro Santos (Escola do Parlamento\/UNICID)<\/em><\/td>\n<\/tr>\n<tr>\n<td width=\"499\"><strong><em>Comentarista da \u00e1rea t\u00e9cnica de SME:<\/em><\/strong><\/p>\n<p><em> Paula Leoc\u00e1dia Pinheiro Cust\u00f3dio e Roberta Guasti de Paula e Silva Claussen (Coordenadoria dos Centros Educacionais Unificados e Educa\u00e7\u00e3o Integral \u2013 SME)<\/em><strong style=\"font-family: inherit;font-size: inherit\"><em>\u00a0<\/em><\/strong><\/td>\n<\/tr>\n<tr>\n<td width=\"499\"><strong><em>Debatedores(as):<\/em><\/strong><\/p>\n<p><em>Daniele Kowalewski (FEUSP)<\/em><\/p>\n<p><em>Graciela Faybero (Diretora de Educa\u00e7\u00e3o Inicial e Prim\u00e1ria &#8211; Uruguai)<\/em><\/td>\n<\/tr>\n<tr>\n<td colspan=\"2\" width=\"609\">\n<p style=\"text-align: center\"><strong>\u00a0<\/strong><strong>INSCRI\u00c7\u00d5ES: <span style=\"color: #ff0000\">ENCERRADAS<\/span><\/strong><span style=\"color: #ff0000\"><strong><em><br \/>\n<\/em><a href=\"https:\/\/www.facebook.com\/eparlamento\/videos\/348314756502470\"><span style=\"color: #000000\">Reveja o Semin\u00e1rio Clicando AQUI<\/span><\/a><br \/>\n<a href=\"https:\/\/homolog.saopaulo.sp.leg.br\/escoladoparlamento\/wp-content\/uploads\/sites\/5\/2020\/10\/APRESENTACAO_VANDA-E-ALEX_VF_13-OUT.pdf\">Apresenta\u00e7\u00e3o dos palestrantes (UNICID)<\/a><br \/>\n<\/strong><\/span><strong><a href=\"https:\/\/docs.google.com\/forms\/d\/e\/1FAIpQLScPMLQhW1PAFOkhH2npd1f_4RkI2EDewgchg4HPXO1jgWBGzQ\/viewform?usp=sf_link\">Question\u00e1rio de Avalia\u00e7\u00e3o<\/a> (somente para os inscritos via Sympla)<\/strong><\/p>\n<\/td>\n<\/tr>\n<\/tbody>\n<\/table>\n<p>&nbsp;<\/p>\n<table>\n<tbody>\n<tr>\n<td width=\"110\">DATA<\/td>\n<td width=\"499\">TEMA DO SEMIN\u00c1RIO<\/td>\n<\/tr>\n<tr>\n<td rowspan=\"4\" width=\"110\"><strong>20\/10\/2020<\/strong><\/p>\n<p><strong>15h \u00e0s 17h30<\/strong><\/td>\n<td width=\"499\"><strong>Valoriza\u00e7\u00e3o profissional, evas\u00e3o e absente\u00edsmo docente na RME<br \/>\n<\/strong>Institui\u00e7\u00e3o Respons\u00e1vel: Funda\u00e7\u00e3o Carlos Chagas<\/td>\n<\/tr>\n<tr>\n<td width=\"499\"><strong><em>Palestrantes:<\/em><\/strong><\/p>\n<p><em>Fabiana Fernandes<\/em><\/p>\n<p><em>Raquel da Cunha Valle<\/em><\/td>\n<\/tr>\n<tr>\n<td width=\"499\"><strong><em>Comentarista da \u00e1rea t\u00e9cnica de SME:<\/em><\/strong><\/p>\n<p><em> <span class=\"x_TextRun x_Highlight x_SCXW125548071 x_BCX0\" lang=\"ES-ES\"><span class=\"x_NormalTextRun x_SCXW125548071 x_BCX0\">Andr\u00e9 Machado\u00a0<\/span><\/span><span class=\"x_TextRun x_Highlight x_SCXW125548071 x_BCX0\" lang=\"ES-ES\"><span class=\"x_NormalTextRun x_SpellingErrorV2 x_SCXW125548071 x_BCX0\">Sanches<\/span><\/span><span class=\"x_TextRun x_Highlight x_SCXW125548071 x_BCX0\" lang=\"ES-ES\"><span class=\"x_NormalTextRun x_SCXW125548071 x_BCX0\">\u00a0(<\/span><\/span><span class=\"x_TextRun x_Highlight x_SCXW125548071 x_BCX0\" lang=\"ES-ES\"><span class=\"x_NormalTextRun x_SpellingErrorV2 x_SCXW125548071 x_BCX0\">Divis\u00e3o<\/span><\/span><span class=\"x_TextRun x_Highlight x_SCXW125548071 x_BCX0\" lang=\"ES-ES\"><span class=\"x_NormalTextRun x_SCXW125548071 x_BCX0\">\u00a0de\u00a0<\/span><\/span><span class=\"x_TextRun x_Highlight x_SCXW125548071 x_BCX0\" lang=\"ES-ES\"><span class=\"x_NormalTextRun x_SpellingErrorV2 x_SCXW125548071 x_BCX0\">Informa\u00e7\u00f5es<\/span><\/span><span class=\"x_TextRun x_Highlight x_SCXW125548071 x_BCX0\" lang=\"ES-ES\"><span class=\"x_NormalTextRun x_SCXW125548071 x_BCX0\">\u00a0<\/span><\/span><span class=\"x_TextRun x_Highlight x_SCXW125548071 x_BCX0\" lang=\"ES-ES\"><span class=\"x_NormalTextRun x_SpellingErrorV2 x_SCXW125548071 x_BCX0\">Educacionais<\/span><\/span><span class=\"x_TextRun x_Highlight x_SCXW125548071 x_BCX0\" lang=\"ES-ES\"><span class=\"x_NormalTextRun x_SCXW125548071 x_BCX0\">\u00a0\u2013 SME)<\/span><\/span><span class=\"x_EOP x_SCXW125548071 x_BCX0\">\u00a0<\/span><\/em><\/td>\n<\/tr>\n<tr>\n<td width=\"499\"><strong><em>Debatedores(as):<\/em><\/strong><\/p>\n<p><em>Carlos Vargas Tamez<\/em><\/p>\n<div><em>Lucas Ambrozio Lopes da Silva (Coordenadoria de Gest\u00e3o de Pessoas da Secretaria Municipal de Gest\u00e3o &#8211; COGEP\/SG)\u00a0<\/em><\/div>\n<div><\/div>\n<\/td>\n<\/tr>\n<tr>\n<td colspan=\"2\" width=\"609\">\n<p style=\"text-align: center\"><strong>\u00a0<\/strong><strong>INSCRI\u00c7\u00d5ES: <span style=\"color: #ff0000\">ENCERRADAS<br \/>\n<a href=\"https:\/\/www.facebook.com\/eparlamento\/videos\/648322525809937\"><span style=\"color: #000000\">Reveja o Semin\u00e1rio Clicando AQUI<\/span><\/a><br \/>\n<a href=\"https:\/\/homolog.saopaulo.sp.leg.br\/escoladoparlamento\/wp-content\/uploads\/sites\/5\/2020\/10\/webnario1_4a_revisao.pdf\">Apresenta\u00e7\u00e3o das palestrantes (FCC)<\/a><br \/>\n<\/span><a href=\"https:\/\/docs.google.com\/forms\/d\/e\/1FAIpQLSfW2_iZBQo0tmYY16IxyiZ0s_cBxvtR3bN4C4G9BVT5RmL5Rg\/viewform?usp=sf_link\">Question\u00e1rio de Avalia\u00e7\u00e3o <\/a>(somente para os inscritos via Sympla)<span style=\"color: #ff0000\"><br \/>\n<\/span><\/strong><\/p>\n<\/td>\n<\/tr>\n<\/tbody>\n<\/table>\n<p>&nbsp;<\/p>\n<table>\n<tbody>\n<tr>\n<td width=\"110\">DATA<\/td>\n<td width=\"499\">TEMA DO SEMIN\u00c1RIO<\/td>\n<\/tr>\n<tr>\n<td rowspan=\"4\" width=\"110\"><strong>27\/10\/2020<\/strong><\/p>\n<p><strong>15h \u00e0s 17h30<\/strong><\/td>\n<td width=\"499\"><strong>Recupera\u00e7\u00e3o paralela: impactos na perman\u00eancia escolar e na aprendizagem dos estudantes<\/strong><\/p>\n<p>Institui\u00e7\u00e3o Respons\u00e1vel: Funda\u00e7\u00e3o Carlos Chagas<\/td>\n<\/tr>\n<tr>\n<td width=\"499\"><strong><em>Palestrantes:<\/em><\/strong><\/p>\n<p><em>Adriana Bauer<\/em><\/p>\n<p><em>Glaucia T. F. Novaes<\/em><\/td>\n<\/tr>\n<tr>\n<td width=\"499\"><strong><em>Comentarista da \u00e1rea t\u00e9cnica de SME:<\/em><\/strong><\/p>\n<p><em> <span class=\"x_TextRun x_Highlight x_SCXW125548071 x_BCX0\" lang=\"ES-ES\"><span class=\"x_NormalTextRun x_SpellingErrorV2 x_SCXW125548071 x_BCX0\">Helo\u00edsa<\/span><\/span><span class=\"x_TextRun x_Highlight x_SCXW125548071 x_BCX0\" lang=\"ES-ES\"><span class=\"x_NormalTextRun x_SCXW125548071 x_BCX0\">\u00a0<\/span><\/span><span class=\"x_TextRun x_Highlight x_SCXW125548071 x_BCX0\" lang=\"ES-ES\"><span class=\"x_NormalTextRun x_SpellingErrorV2 x_SCXW125548071 x_BCX0\">Maria<\/span><\/span><span class=\"x_TextRun x_Highlight x_SCXW125548071 x_BCX0\" lang=\"ES-ES\"><span class=\"x_NormalTextRun x_SCXW125548071 x_BCX0\">\u00a0de Morais\u00a0<\/span><\/span><span class=\"x_TextRun x_Highlight x_SCXW125548071 x_BCX0\" lang=\"ES-ES\"><span class=\"x_NormalTextRun x_SpellingErrorV2 x_SCXW125548071 x_BCX0\">Giannichi<\/span><\/span><span class=\"x_TextRun x_Highlight x_SCXW125548071 x_BCX0\" lang=\"ES-ES\"><span class=\"x_NormalTextRun x_SCXW125548071 x_BCX0\">\u00a0(<\/span><\/span><span class=\"x_TextRun x_Highlight x_SCXW125548071 x_BCX0\" lang=\"ES-ES\"><span class=\"x_NormalTextRun x_SpellingErrorV2 x_SCXW125548071 x_BCX0\">Divis\u00e3o<\/span><\/span><span class=\"x_TextRun x_Highlight x_SCXW125548071 x_BCX0\" lang=\"ES-ES\"><span class=\"x_NormalTextRun x_SCXW125548071 x_BCX0\">\u00a0de\u00a0<\/span><\/span><span class=\"x_TextRun x_Highlight x_SCXW125548071 x_BCX0\" lang=\"ES-ES\"><span class=\"x_NormalTextRun x_SpellingErrorV2 x_SCXW125548071 x_BCX0\">Ensino<\/span><\/span><span class=\"x_TextRun x_Highlight x_SCXW125548071 x_BCX0\" lang=\"ES-ES\"><span class=\"x_NormalTextRun x_SCXW125548071 x_BCX0\">\u00a0Fundamental e\u00a0<\/span><\/span><span class=\"x_TextRun x_Highlight x_SCXW125548071 x_BCX0\" lang=\"ES-ES\"><span class=\"x_NormalTextRun x_SpellingErrorV2 x_SCXW125548071 x_BCX0\">M\u00e9dio<\/span><\/span><span class=\"x_TextRun x_Highlight x_SCXW125548071 x_BCX0\" lang=\"ES-ES\"><span class=\"x_NormalTextRun x_SCXW125548071 x_BCX0\">\u00a0&#8211;\u00a0<\/span><\/span><span class=\"x_TextRun x_Highlight x_SCXW125548071 x_BCX0\" lang=\"ES-ES\"><span class=\"x_NormalTextRun x_SpellingErrorV2 x_SCXW125548071 x_BCX0\">C<\/span><\/span><span class=\"x_TextRun x_Highlight x_SCXW125548071 x_BCX0\" lang=\"ES-ES\"><span class=\"x_NormalTextRun x_SpellingErrorV2 x_SCXW125548071 x_BCX0\">oordenadoria<\/span><\/span><span class=\"x_TextRun x_Highlight x_SCXW125548071 x_BCX0\" lang=\"ES-ES\"><span class=\"x_NormalTextRun x_SCXW125548071 x_BCX0\">\u00a0<\/span><\/span><span class=\"x_TextRun x_Highlight x_SCXW125548071 x_BCX0\" lang=\"ES-ES\"><span class=\"x_NormalTextRun x_SpellingErrorV2 x_SCXW125548071 x_BCX0\">Pedag\u00f3gia<\/span><\/span><span class=\"x_TextRun x_Highlight x_SCXW125548071 x_BCX0\" lang=\"ES-ES\"><span class=\"x_NormalTextRun x_SCXW125548071 x_BCX0\">\u00a0&#8211;\u00a0<\/span><\/span><span class=\"x_TextRun x_Highlight x_SCXW125548071 x_BCX0\" lang=\"ES-ES\"><span class=\"x_NormalTextRun x_SCXW125548071 x_BCX0\">SME)<\/span><\/span><span class=\"x_EOP x_SCXW125548071 x_BCX0\">\u00a0<\/span><\/em><\/td>\n<\/tr>\n<tr>\n<td width=\"499\"><strong><em>Debatedores(as):<\/em><\/strong><\/p>\n<p>Susan Quiles Quisbert<\/p>\n<p><span class=\"x_TextRun x_Highlight x_SCXW125548071 x_BCX0\" lang=\"ES-ES\"><span class=\"x_NormalTextRun x_SpellingErrorV2 x_SCXW125548071 x_BCX0\">Maria<\/span><\/span><span class=\"x_TextRun x_Highlight x_SCXW125548071 x_BCX0\" lang=\"ES-ES\"><span class=\"x_NormalTextRun x_SCXW125548071 x_BCX0\">\u00a0de F\u00e1tima M. de Lima (PUC-Rio\/REIPPE)<\/span><\/span><span class=\"x_EOP x_SCXW125548071 x_BCX0\">\u00a0<\/span><\/td>\n<\/tr>\n<tr>\n<td style=\"text-align: center\" colspan=\"2\" width=\"609\"><strong>INSCRI\u00c7\u00d5ES: <span style=\"color: #ff0000\">ENCERRADAS<br \/>\n<a href=\"https:\/\/www.facebook.com\/eparlamento\/videos\/1675249009309256\"><span style=\"color: #000000\">Reveja o Semin\u00e1rio Clicando AQUI<\/span><\/a><br \/>\n<a href=\"https:\/\/homolog.saopaulo.sp.leg.br\/escoladoparlamento\/wp-content\/uploads\/sites\/5\/2020\/10\/webnario_4_4a_revisao.pdf\">Apresenta\u00e7\u00e3o das Palestrantes (FCC)<\/a><br \/>\n<a href=\"https:\/\/docs.google.com\/forms\/d\/e\/1FAIpQLSdAsCtoLRTlHouajgDpUFIIlrzt4hR-lU10yyQJhu9CUz21qg\/viewform?usp=sf_link\">Question\u00e1rio de Avalia\u00e7\u00e3o<\/a><\/span>\u00a0(somente para os inscritos via Sympla)<span style=\"color: #ff0000\"><br \/>\n<\/span><\/strong><\/td>\n<\/tr>\n<\/tbody>\n<\/table>\n<p>&nbsp;<\/p>\n<p style=\"text-align: center\">\n","protected":false},"excerpt":{"rendered":"<p>Resultados do primeiro ciclo de fomento do Programa de Coopera\u00e7\u00e3o em Pesquisa: conhecimento e dados abertos aplicados ao desafio da educa\u00e7\u00e3o p\u00fablica municipal Coordenadores: Prof. Dr. Alexsandro Santos &#8211; Diretor-presidente da Escola do Parlamento Profa. Dra. Ananda Grinkaut &#8211; Secretaria Municipal de Educa\u00e7\u00e3o de S\u00e3o Paulo Profa. Mariana Alcalay &#8211; UNESCO &nbsp; No bi\u00eanio 2019-2020, [&hellip;]<\/p>\n","protected":false},"author":522,"featured_media":0,"parent":17641,"menu_order":178,"comment_status":"closed","ping_status":"closed","template":"","meta":{"_acf_changed":false,"footnotes":""},"class_list":["post-24246","page","type-page","status-publish","hentry"],"acf":[],"_links":{"self":[{"href":"https:\/\/homolog.saopaulo.sp.leg.br\/escoladoparlamento\/wp-json\/wp\/v2\/pages\/24246","targetHints":{"allow":["GET"]}}],"collection":[{"href":"https:\/\/homolog.saopaulo.sp.leg.br\/escoladoparlamento\/wp-json\/wp\/v2\/pages"}],"about":[{"href":"https:\/\/homolog.saopaulo.sp.leg.br\/escoladoparlamento\/wp-json\/wp\/v2\/types\/page"}],"author":[{"embeddable":true,"href":"https:\/\/homolog.saopaulo.sp.leg.br\/escoladoparlamento\/wp-json\/wp\/v2\/users\/522"}],"replies":[{"embeddable":true,"href":"https:\/\/homolog.saopaulo.sp.leg.br\/escoladoparlamento\/wp-json\/wp\/v2\/comments?post=24246"}],"version-history":[{"count":6,"href":"https:\/\/homolog.saopaulo.sp.leg.br\/escoladoparlamento\/wp-json\/wp\/v2\/pages\/24246\/revisions"}],"predecessor-version":[{"id":29452,"href":"https:\/\/homolog.saopaulo.sp.leg.br\/escoladoparlamento\/wp-json\/wp\/v2\/pages\/24246\/revisions\/29452"}],"up":[{"embeddable":true,"href":"https:\/\/homolog.saopaulo.sp.leg.br\/escoladoparlamento\/wp-json\/wp\/v2\/pages\/17641"}],"wp:attachment":[{"href":"https:\/\/homolog.saopaulo.sp.leg.br\/escoladoparlamento\/wp-json\/wp\/v2\/media?parent=24246"}],"curies":[{"name":"wp","href":"https:\/\/api.w.org\/{rel}","templated":true}]}}