{"id":24258,"date":"2020-09-29T20:10:20","date_gmt":"2020-09-29T23:10:20","guid":{"rendered":"http:\/\/homolog.saopaulo.sp.leg.br\/escoladoparlamento\/?page_id=24258"},"modified":"2020-10-14T16:04:06","modified_gmt":"2020-10-14T19:04:06","slug":"caminhos-e-alternativas-para-a-reforma-tributaria","status":"publish","type":"page","link":"https:\/\/homolog.saopaulo.sp.leg.br\/escoladoparlamento\/cursos\/cursos-anteriores\/cursos-realizados-em-2020\/caminhos-e-alternativas-para-a-reforma-tributaria\/","title":{"rendered":"Caminhos e Alternativas para a Reforma Tribut\u00e1ria"},"content":{"rendered":"<p>Nos \u00faltimos anos, a discuss\u00e3o sobre necessidade de uma reforma tribut\u00e1ria ganhou for\u00e7a ao se materializar em torno de diferentes propostas apresentadas pelo Executivo, por membros do Poder Legislativo, bem como propostas alternativas encabe\u00e7adas pela sociedade civil.<\/p>\n<p>Por parte do Executivo, o Projeto de Lei 3887\/2020 que prev\u00ea a cria\u00e7\u00e3o da Contribui\u00e7\u00e3o Social sobre Opera\u00e7\u00f5es com Bens e Servi\u00e7os (CBS) a fim de substituir os atuais PIS\/Pasep e Cofins. Da parte do Congresso, que j\u00e1 vem debatendo desde 2019 duas propostas principais, as PECs 45 e 110, que tamb\u00e9m almejam a substitui\u00e7\u00e3o de impostos e reorganiza\u00e7\u00e3o do sistema. E, por parte da sociedade civil, vemos crescentes movimentos em prol de reforma tribut\u00e1ria que apresentam cr\u00edticas as propostas vigentes e alternativas que, em seus termos, evitariam desequil\u00edbrios de financiamento entre os entes federativos.<\/p>\n<p>Dentro deste contexto, a Escola do Parlamento promove debate em dois pain\u00e9is, a fim de discutir os efeitos e poss\u00edveis consequ\u00eancias das propostas ora em debate.<\/p>\n<h2>Programa\u00e7\u00e3o<\/h2>\n<h3><span style=\"color: #0000ff\">Dia 08 de outubro &#8211; das 14h \u00e0s 16h<\/span><\/h3>\n<p><strong>14h &#8211; 15h &#8211; Desafios e Perspectivas para os Munic\u00edpios com a Reforma Tribut\u00e1ria<\/strong><\/p>\n<p>Prof. Eurico Santi, Coordenador do N\u00facleo de Estudos Fiscais (NEF) da FGV-SP<br \/>\nProf. Artur Mattos, Diretor Jur\u00eddico da ABAM e Coordenador Nacional da Reforma Tribut\u00e1ria da FENAFIM<br \/>\nProf. Gilberto Perre, Secret\u00e1rio Executivo da Frente Nacional de Prefeitos (FNP)<br \/>\nProfa. Melina Rocha, Diretora de Cursos na York University, Canad\u00e1<\/p>\n<p><strong>15h &#8211; 16h &#8211; Sistema Tribut\u00e1rio: \u00c9 poss\u00edvel simplificar e aprimorar sem riscos para a sociedade?<\/strong><\/p>\n<p>Alberto Macedo, Auditor Fiscal do Munic\u00edpio e Consultor T\u00e9cnico da ANAFISCO<br \/>\nAlfredo Maranca: Presidente do SINAFRESP &#8211; Sindicato dos Agentes Fiscais de Rendas do Estado de S\u00e3o Paulo<br \/>\nVitor Puppi, Secret\u00e1rio de Finan\u00e7as de Curitiba e Presidente da ABRASF<br \/>\nGiovanna Victer, Presidenta do F\u00f3rum de Secret\u00e1rios de Fazenda da FNP<\/p>\n<p><a href=\"https:\/\/www.facebook.com\/eparlamento\/videos\/661633537668782\/\">CLIQUE AQUI PARA REVER\u00a0<\/a><\/p>\n<p>&nbsp;<\/p>\n<p><strong>P\u00daBLICO ALVO:\u00a0<\/strong><\/p>\n<p>Cidad\u00e3os(\u00e3s) e Servidores(as) P\u00fablicos(as) com interesse no tema, estudiosos(as) e especialistas no tema.<\/p>\n<p><strong>CARGA HOR\u00c1RIA:<\/strong><\/p>\n<p>2h00<\/p>\n<p><strong>Transmiss\u00e3o ONLINE atrav\u00e9s de\u00a0<em>streaming<\/em>\u00a0na p\u00e1gina<\/strong><br \/>\n<strong>da\u00a0<\/strong><a href=\"http:\/\/www.facebook.com\/eparlamento\"><strong>Escola do Parlamento no Facebook<\/strong><\/a><\/p>\n<h2><strong><span style=\"color: #ff0000\">Inscri\u00e7\u00f5es:<\/span>\u00a0<\/strong>encerradas<\/h2>\n<p>&nbsp;<\/p>\n<hr \/>\n<h3 style=\"text-align: center\"><span style=\"color: #ff0000\"><strong>ATEN\u00c7\u00c3O<\/strong><\/span><\/h3>\n<p style=\"text-align: center\">A gera\u00e7\u00e3o do certificado ser\u00e1 feita\u00a0<b>ap\u00f3s resposta satisfat\u00f3ria a question\u00e1rio online de avalia\u00e7\u00e3o de conte\u00fado<\/b>\u00a0que ser\u00e1 disponibilizado ap\u00f3s a \u00faltima aula\u00a0<strong>somente \u00e0queles que fizeram a inscri\u00e7\u00e3o via plataforma Sympla<\/strong>\u00a0(leia aqui a\u00a0<a href=\"https:\/\/homolog.saopaulo.sp.leg.br\/escoladoparlamento\/wp-content\/uploads\/sites\/5\/2020\/08\/Poli%CC%81tica-de-Certificac%CC%A7a%CC%83o-para-Cursos-a%CC%80-Dista%CC%82ncia-da-EP-Revisa%CC%83o-v1.1.pdf\" target=\"_blank\" rel=\"nofollow noopener noreferrer\"><strong>Pol\u00edtica de Certifica\u00e7\u00e3o para Cursos \u00e0 Dist\u00e2ncia da EP<\/strong><\/a>)<strong>.\u00a0<\/strong><\/p>\n<p>&nbsp;<\/p>\n","protected":false},"excerpt":{"rendered":"<p>Nos \u00faltimos anos, a discuss\u00e3o sobre necessidade de uma reforma tribut\u00e1ria ganhou for\u00e7a ao se materializar em torno de diferentes propostas apresentadas pelo Executivo, por membros do Poder Legislativo, bem como propostas alternativas encabe\u00e7adas pela sociedade civil. Por parte do Executivo, o Projeto de Lei 3887\/2020 que prev\u00ea a cria\u00e7\u00e3o da Contribui\u00e7\u00e3o Social sobre Opera\u00e7\u00f5es [&hellip;]<\/p>\n","protected":false},"author":297,"featured_media":0,"parent":17641,"menu_order":177,"comment_status":"closed","ping_status":"closed","template":"","meta":{"_acf_changed":false,"footnotes":""},"class_list":["post-24258","page","type-page","status-publish","hentry"],"acf":[],"_links":{"self":[{"href":"https:\/\/homolog.saopaulo.sp.leg.br\/escoladoparlamento\/wp-json\/wp\/v2\/pages\/24258","targetHints":{"allow":["GET"]}}],"collection":[{"href":"https:\/\/homolog.saopaulo.sp.leg.br\/escoladoparlamento\/wp-json\/wp\/v2\/pages"}],"about":[{"href":"https:\/\/homolog.saopaulo.sp.leg.br\/escoladoparlamento\/wp-json\/wp\/v2\/types\/page"}],"author":[{"embeddable":true,"href":"https:\/\/homolog.saopaulo.sp.leg.br\/escoladoparlamento\/wp-json\/wp\/v2\/users\/297"}],"replies":[{"embeddable":true,"href":"https:\/\/homolog.saopaulo.sp.leg.br\/escoladoparlamento\/wp-json\/wp\/v2\/comments?post=24258"}],"version-history":[{"count":5,"href":"https:\/\/homolog.saopaulo.sp.leg.br\/escoladoparlamento\/wp-json\/wp\/v2\/pages\/24258\/revisions"}],"predecessor-version":[{"id":24476,"href":"https:\/\/homolog.saopaulo.sp.leg.br\/escoladoparlamento\/wp-json\/wp\/v2\/pages\/24258\/revisions\/24476"}],"up":[{"embeddable":true,"href":"https:\/\/homolog.saopaulo.sp.leg.br\/escoladoparlamento\/wp-json\/wp\/v2\/pages\/17641"}],"wp:attachment":[{"href":"https:\/\/homolog.saopaulo.sp.leg.br\/escoladoparlamento\/wp-json\/wp\/v2\/media?parent=24258"}],"curies":[{"name":"wp","href":"https:\/\/api.w.org\/{rel}","templated":true}]}}