{"id":24406,"date":"2020-10-09T18:01:40","date_gmt":"2020-10-09T21:01:40","guid":{"rendered":"http:\/\/homolog.saopaulo.sp.leg.br\/escoladoparlamento\/?page_id=24406"},"modified":"2020-11-03T15:20:09","modified_gmt":"2020-11-03T18:20:09","slug":"11o-encontro-das-origens-da-filosofia-contemporanea-edicao-extraordinaria","status":"publish","type":"page","link":"https:\/\/homolog.saopaulo.sp.leg.br\/escoladoparlamento\/cursos\/cursos-anteriores\/cursos-realizados-em-2020\/11o-encontro-das-origens-da-filosofia-contemporanea-edicao-extraordinaria\/","title":{"rendered":"11\u00ba Encontro de Estudos das Origens da Filosofia Contempor\u00e2nea: Edi\u00e7\u00e3o Extraordin\u00e1ria"},"content":{"rendered":"<h2><span style=\"color: #ff0000\">ATEN\u00c7\u00c3O!<\/span><\/h2>\n<h2><span style=\"color: #ff0000\"> A transmiss\u00e3o do 11\u00ba Encontro de Estudos de Origens da Filosofia Contempor\u00e2nea est\u00e1 sendo realizada pela plataforma ZOOM. Para acessar, basta clicar no link: <a href=\"https:\/\/zoom.us\/j\/94474217438\">https:\/\/zoom.us\/j\/94474217438<\/a>\u00a0<\/span><\/h2>\n<p>&nbsp;<\/p>\n<p>Entre os dias 27 e 30 de outubro ser\u00e1 realizado o 11\u00ba Encontro de Estudos de Origens da Filosofia Contempor\u00e2nea, considerado uma das mais importantes refer\u00eancias na exposi\u00e7\u00e3o, realiza\u00e7\u00e3o de debates e divulga\u00e7\u00e3o de trabalhos cient\u00edficos em sua respectiva \u00e1rea de pesquisa. Os Encontros s\u00e3o respons\u00e1veis por promover um f\u00e9rtil di\u00e1logo com a Hist\u00f3ria da Filosofia nas \u00e1reas de metaf\u00edsica, epistemologia, l\u00f3gica, filosofia da ci\u00eancia, filosofia da linguagem e hermen\u00eautica e contam com confer\u00eancias de pesquisadores internacionalmente renomados, al\u00e9m de debates liderados por professores de universidades nacionais.<\/p>\n<p>Nos anos anteriores o Encontro ocorreu de forma presencial, sediado pela PUC-SP. Em 2020, por conta da pandemia, em parceria com a Escola do Parlamento da C\u00e2mara Municipal de S\u00e3o Paulo, o Encontro ser\u00e1 transmitido online. As confer\u00eancias e debates ocorrer\u00e3o em ingl\u00eas e ser\u00e1 oferecida a op\u00e7\u00e3o de tradu\u00e7\u00e3o simult\u00e2nea para o portugu\u00eas.<\/p>\n<p>Apesar da programa\u00e7\u00e3o reduzida, o Encontro n\u00e3o perde sua relev\u00e2ncia e continua a tradi\u00e7\u00e3o de conseguir reunir os principais nomes da filosofia mundial. Entre eles est\u00e1 o professor brit\u00e2nico Peter Simons, que figura sempre na lista dos 50 fil\u00f3sofos vivos mais influentes do mundo. Al\u00e9m dele, contaremos ainda com confer\u00eancias da professora Chiara Russo Kraus (It\u00e1lia), o professor Guillaume Fr\u00e9chette (\u00c1ustria) e o professor Ingolf, Max (Alemanha). Para comandar os debates, foram convidados os professores Marco Ruffino (Unicamp), Ernesto Giusti (Unicentro), Gabriel Ferreira (Unisinos) e Diogo Dias (UENP).<\/p>\n<p>&nbsp;<\/p>\n<p><a href=\"https:\/\/homolog.saopaulo.sp.leg.br\/escoladoparlamento\/wp-content\/uploads\/sites\/5\/2020\/10\/brasao-PUCSP-assinatura-alternativa-RGB.png\"><img loading=\"lazy\" decoding=\"async\" class=\"wp-image-24408 alignright\" src=\"https:\/\/homolog.saopaulo.sp.leg.br\/escoladoparlamento\/wp-content\/uploads\/sites\/5\/2020\/10\/brasao-PUCSP-assinatura-alternativa-RGB-300x151.png\" alt=\"\" width=\"361\" height=\"182\" srcset=\"https:\/\/homolog.saopaulo.sp.leg.br\/escoladoparlamento\/wp-content\/uploads\/sites\/5\/2020\/10\/brasao-PUCSP-assinatura-alternativa-RGB-300x151.png 300w, https:\/\/homolog.saopaulo.sp.leg.br\/escoladoparlamento\/wp-content\/uploads\/sites\/5\/2020\/10\/brasao-PUCSP-assinatura-alternativa-RGB-1024x516.png 1024w, https:\/\/homolog.saopaulo.sp.leg.br\/escoladoparlamento\/wp-content\/uploads\/sites\/5\/2020\/10\/brasao-PUCSP-assinatura-alternativa-RGB-768x387.png 768w, https:\/\/homolog.saopaulo.sp.leg.br\/escoladoparlamento\/wp-content\/uploads\/sites\/5\/2020\/10\/brasao-PUCSP-assinatura-alternativa-RGB-1536x773.png 1536w, https:\/\/homolog.saopaulo.sp.leg.br\/escoladoparlamento\/wp-content\/uploads\/sites\/5\/2020\/10\/brasao-PUCSP-assinatura-alternativa-RGB-2048x1031.png 2048w\" sizes=\"auto, (max-width: 361px) 100vw, 361px\" \/><\/a><\/p>\n<p><strong>COORDENA\u00c7\u00c3O:<\/strong> Prof; Dr. M\u00e1rio Porta<\/p>\n<p><strong>ORGANIZA\u00c7\u00c3O: <\/strong>\u00a0Grupo de Pesquisa &#8220;Origens da Filosofia Contempor\u00e2nea&#8221; (CNPq)<\/p>\n<p><strong>REALIZA\u00c7\u00c3O:<\/strong> ESCOLA DO PARLAMENTO\/ PUC-SP<\/p>\n<p>&nbsp;<\/p>\n<p><strong>DATAS:\u00a0<\/strong>27, 28, 29 e 30 de outubro de 2020<\/p>\n<p>Hor\u00e1rio: das 09h \u00e0s 11h<\/p>\n<h3><\/h3>\n<h3><span style=\"color: #ff0000\">INSCRI\u00c7\u00d5ES: <a href=\"https:\/\/www.sympla.com.br\/11-encontro-de-estudos-das-origens-da-filosofia-contemporanea__1018564\">CLIQUE AQUI<\/a><\/span><\/h3>\n<p>&nbsp;<\/p>\n<h3>Programa\u00e7\u00e3o:<\/h3>\n<table width=\"837\">\n<tbody>\n<tr>\n<td colspan=\"5\" width=\"837\">\n<p style=\"text-align: center\"><span style=\"color: #3535b0\"><strong>27\/10\/2020 &#8211; TER\u00c7A-FEIRA<\/strong><\/span><\/p>\n<p style=\"text-align: center\"><span style=\"color: #3535b0\"><strong><a style=\"color: #3535b0\" href=\"https:\/\/www.facebook.com\/eparlamento\/posts\/3506864752669620\">Clique aqui para assistir<\/a><\/strong><\/span><\/p>\n<\/td>\n<td width=\"0\"><\/td>\n<\/tr>\n<tr>\n<td rowspan=\"5\" width=\"128\"><strong>MANH\u00c3<\/strong><\/td>\n<td rowspan=\"5\" width=\"133\">Online<\/td>\n<td rowspan=\"5\" width=\"128\">09:00 \u2013 10:20<\/td>\n<td rowspan=\"5\" width=\"131\"><strong>Confer\u00eancia<\/strong><\/td>\n<td rowspan=\"5\" width=\"318\"><strong>Apresentador(a): Peter Simons<\/strong> \u2013 Trinity Colledge Dublin \u2013 University of Dublin<\/p>\n<p><strong>T\u00edtulo<\/strong>: A influ\u00eancia de Frege na Filosofia Anal\u00edtica<\/td>\n<td width=\"0\"><\/td>\n<\/tr>\n<tr>\n<td width=\"0\"><\/td>\n<\/tr>\n<tr>\n<td width=\"0\"><\/td>\n<\/tr>\n<tr>\n<td width=\"0\"><\/td>\n<\/tr>\n<tr>\n<td width=\"0\"><\/td>\n<\/tr>\n<tr>\n<td rowspan=\"2\" width=\"128\"><\/td>\n<td rowspan=\"2\" width=\"133\">Online<\/td>\n<td rowspan=\"2\" width=\"128\">10:20 \u2013 11:00<\/td>\n<td rowspan=\"2\" width=\"131\"><strong>Debate <\/strong><\/td>\n<td rowspan=\"2\" width=\"318\"><strong>Debatedor(a): Marco Ruffino &#8211; <\/strong>UNICAMP<\/td>\n<td width=\"0\"><\/td>\n<\/tr>\n<tr>\n<td width=\"0\"><\/td>\n<\/tr>\n<tr>\n<td colspan=\"5\" width=\"837\">\n<p style=\"text-align: center\"><span style=\"color: #3535b0\"><strong>28\/10\/2020 &#8211; QUARTA-FEIRA<\/strong><\/span><\/p>\n<p style=\"text-align: center\"><strong><span style=\"color: #3535b0\"><a style=\"color: #3535b0\" href=\"https:\/\/www.facebook.com\/eparlamento\/videos\/419304525729133\">Clique aqui para assistir<\/a><\/span><\/strong><\/p>\n<\/td>\n<td width=\"0\"><\/td>\n<\/tr>\n<tr>\n<td rowspan=\"2\" width=\"128\"><strong>MANH\u00c3<\/strong><\/td>\n<td rowspan=\"2\" width=\"133\">Online<\/td>\n<td rowspan=\"2\" width=\"128\">09:00 \u2013 10:20<\/td>\n<td rowspan=\"2\" width=\"131\"><strong>Confer\u00eancia<\/strong><\/td>\n<td rowspan=\"2\" width=\"318\"><strong>Apresentador(a): Chiara Russo Krauss<\/strong> &#8211; Universit\u00e0 di Napoli Federico II<\/p>\n<p><strong>T\u00edtulo<\/strong>: Joseph Petzoldt e a sistematiza\u00e7\u00e3o da filosofia de Ernst Mach<\/td>\n<td width=\"0\"><\/td>\n<\/tr>\n<tr>\n<td width=\"0\"><\/td>\n<\/tr>\n<tr>\n<td rowspan=\"2\" width=\"128\"><\/td>\n<td rowspan=\"2\" width=\"133\">Online<\/td>\n<td rowspan=\"2\" width=\"128\">10:20 \u2013 11:00<\/td>\n<td rowspan=\"2\" width=\"131\"><strong>Debate <\/strong><\/td>\n<td rowspan=\"2\" width=\"318\"><strong>Debatedor(a): Ernesto Giusti<\/strong> &#8211; Unicentro<\/td>\n<td width=\"0\"><\/td>\n<\/tr>\n<tr>\n<td width=\"0\"><\/td>\n<\/tr>\n<tr>\n<td colspan=\"5\" width=\"837\">\n<p style=\"text-align: center\"><span style=\"color: #3535b0\"><strong>29\/10\/2020 &#8211; QUINTA-FEIRA<\/strong><\/span><\/p>\n<p style=\"text-align: center\"><strong><span style=\"color: #3535b0\"><a style=\"color: #3535b0\" href=\"https:\/\/www.facebook.com\/eparlamento\/videos\/1276375052695492\">Clique aqui para assistir<\/a><\/span><\/strong><\/p>\n<\/td>\n<td width=\"0\"><\/td>\n<\/tr>\n<tr>\n<td rowspan=\"2\" width=\"128\"><strong>MANH\u00c3<\/strong><\/td>\n<td rowspan=\"2\" width=\"133\">Online<\/td>\n<td rowspan=\"2\" width=\"128\">09:00 \u2013 10:20<\/td>\n<td rowspan=\"2\" width=\"131\"><strong>Confer\u00eancia<\/strong><\/td>\n<td rowspan=\"2\" width=\"318\"><strong>Apresentador(a): Guillaume Fr\u00e9chette &#8211; <\/strong>Universit\u00e4t Salzburg<\/p>\n<p><strong>\u00a0<\/strong><\/p>\n<p><strong>T\u00edtulo: <\/strong>Contra a validade objetiva: Teorias do Conhecimento Austro-alem\u00e3s<\/td>\n<td width=\"0\"><\/td>\n<\/tr>\n<tr>\n<td width=\"0\"><\/td>\n<\/tr>\n<tr>\n<td rowspan=\"4\" width=\"128\"><\/td>\n<td rowspan=\"4\" width=\"133\">Online<\/td>\n<td rowspan=\"4\" width=\"128\">10:20 \u2013 11:00<\/td>\n<td rowspan=\"4\" width=\"131\"><strong>Debate<\/strong><\/td>\n<td rowspan=\"4\" width=\"318\"><strong>Debatedor(a):\u00a0Gabriel Ferreira &#8211; <\/strong>UNISINOS<\/td>\n<td width=\"0\"><\/td>\n<\/tr>\n<tr>\n<td width=\"0\"><\/td>\n<\/tr>\n<tr>\n<td width=\"0\"><\/td>\n<\/tr>\n<tr>\n<td width=\"0\"><\/td>\n<\/tr>\n<tr>\n<td colspan=\"5\" width=\"837\">\n<p style=\"text-align: center\"><span style=\"color: #0000ff\"><strong>30\/10\/2020 &#8211; SEXTA-FEIRA<\/strong><\/span><\/p>\n<p style=\"text-align: center\"><span style=\"color: #3535b0\"><a style=\"color: #3535b0\" href=\"https:\/\/www.facebook.com\/eparlamento\/videos\/2164695653654469\"><strong>Clique aqui para assistir<\/strong><\/a><\/span><\/p>\n<\/td>\n<td width=\"0\"><\/td>\n<\/tr>\n<tr>\n<td rowspan=\"2\" width=\"128\"><strong>MANH\u00c3<\/strong><\/td>\n<td rowspan=\"2\" width=\"133\">Online<\/td>\n<td rowspan=\"2\" width=\"128\">09:00 \u2013 10:20<\/td>\n<td rowspan=\"2\" width=\"131\"><strong>Confer\u00eancia<\/strong><\/td>\n<td rowspan=\"2\" width=\"318\"><strong>Apresentador(a): Ingolf Max<\/strong> \u2013 Universit\u00e4t Leipzig<\/p>\n<p><strong>T\u00edtulo: <\/strong>Coincid\u00eancias vs. declara\u00e7\u00f5es b\u00e1sicas. Reflex\u00f5es sobre a filosofia da ci\u00eancia de Schlick<\/td>\n<td width=\"0\"><\/td>\n<\/tr>\n<tr>\n<td width=\"0\"><\/td>\n<\/tr>\n<tr>\n<td width=\"128\"><\/td>\n<td width=\"133\">Online<\/td>\n<td width=\"128\">10:20 \u2013 11:00<\/td>\n<td width=\"131\"><strong>Debate<\/strong><\/td>\n<td width=\"318\"><strong>Debatedor(a): Diogo Bispo Dias &#8211; <\/strong>UENP<\/td>\n<td width=\"0\"><\/td>\n<\/tr>\n<\/tbody>\n<\/table>\n<h3><\/h3>\n<h3 style=\"text-align: center\"><span style=\"color: #0000ff\"><strong>ATEN\u00c7\u00c3O \u2013 CERTIFICA\u00c7\u00c3O<\/strong><\/span><\/h3>\n<p>A gera\u00e7\u00e3o do certificado de participa\u00e7\u00e3o ser\u00e1 feita\u00a0<b>ap\u00f3s resposta de question\u00e1rio online de rea\u00e7\u00e3o<\/b>\u00a0que ser\u00e1 disponibilizado ap\u00f3s a \u00faltima aula\u00a0<strong>SOMENTE \u00c0QUELES QUE FIZERAM A INSCRI\u00c7\u00c3O VIA PLATAFORMA SYMPLA,<\/strong>\u00a0e que dever\u00e1 ser respondido no\u00a0<strong>prazo de 72h<\/strong>, sem possibilidade de prorroga\u00e7\u00e3o de prazo.<\/p>\n<p>&nbsp;<\/p>\n","protected":false},"excerpt":{"rendered":"<p>ATEN\u00c7\u00c3O! A transmiss\u00e3o do 11\u00ba Encontro de Estudos de Origens da Filosofia Contempor\u00e2nea est\u00e1 sendo realizada pela plataforma ZOOM. Para acessar, basta clicar no link: https:\/\/zoom.us\/j\/94474217438\u00a0 &nbsp; Entre os dias 27 e 30 de outubro ser\u00e1 realizado o 11\u00ba Encontro de Estudos de Origens da Filosofia Contempor\u00e2nea, considerado uma das mais importantes refer\u00eancias na exposi\u00e7\u00e3o, [&hellip;]<\/p>\n","protected":false},"author":731,"featured_media":0,"parent":17641,"menu_order":174,"comment_status":"closed","ping_status":"closed","template":"","meta":{"_acf_changed":false,"footnotes":""},"class_list":["post-24406","page","type-page","status-publish","hentry"],"acf":[],"_links":{"self":[{"href":"https:\/\/homolog.saopaulo.sp.leg.br\/escoladoparlamento\/wp-json\/wp\/v2\/pages\/24406","targetHints":{"allow":["GET"]}}],"collection":[{"href":"https:\/\/homolog.saopaulo.sp.leg.br\/escoladoparlamento\/wp-json\/wp\/v2\/pages"}],"about":[{"href":"https:\/\/homolog.saopaulo.sp.leg.br\/escoladoparlamento\/wp-json\/wp\/v2\/types\/page"}],"author":[{"embeddable":true,"href":"https:\/\/homolog.saopaulo.sp.leg.br\/escoladoparlamento\/wp-json\/wp\/v2\/users\/731"}],"replies":[{"embeddable":true,"href":"https:\/\/homolog.saopaulo.sp.leg.br\/escoladoparlamento\/wp-json\/wp\/v2\/comments?post=24406"}],"version-history":[{"count":5,"href":"https:\/\/homolog.saopaulo.sp.leg.br\/escoladoparlamento\/wp-json\/wp\/v2\/pages\/24406\/revisions"}],"predecessor-version":[{"id":24674,"href":"https:\/\/homolog.saopaulo.sp.leg.br\/escoladoparlamento\/wp-json\/wp\/v2\/pages\/24406\/revisions\/24674"}],"up":[{"embeddable":true,"href":"https:\/\/homolog.saopaulo.sp.leg.br\/escoladoparlamento\/wp-json\/wp\/v2\/pages\/17641"}],"wp:attachment":[{"href":"https:\/\/homolog.saopaulo.sp.leg.br\/escoladoparlamento\/wp-json\/wp\/v2\/media?parent=24406"}],"curies":[{"name":"wp","href":"https:\/\/api.w.org\/{rel}","templated":true}]}}