{"id":24564,"date":"2020-10-22T18:07:39","date_gmt":"2020-10-22T21:07:39","guid":{"rendered":"http:\/\/homolog.saopaulo.sp.leg.br\/escoladoparlamento\/?page_id=24564"},"modified":"2020-11-03T15:15:16","modified_gmt":"2020-11-03T18:15:16","slug":"a-justica-eleitoral-paulista-nas-eleicoes-2020","status":"publish","type":"page","link":"https:\/\/homolog.saopaulo.sp.leg.br\/escoladoparlamento\/cursos\/cursos-anteriores\/cursos-realizados-em-2020\/a-justica-eleitoral-paulista-nas-eleicoes-2020\/","title":{"rendered":"Elei\u00e7\u00f5es Municipais 2020 \u2013 Aprendizagens com a Justi\u00e7a Eleitoral Paulista"},"content":{"rendered":"<h2><a href=\"https:\/\/homolog.saopaulo.sp.leg.br\/escoladoparlamento\/wp-content\/uploads\/sites\/5\/2020\/10\/Escola-Judiciaria.jpg\"><img loading=\"lazy\" decoding=\"async\" class=\"alignright wp-image-24569 \" src=\"https:\/\/homolog.saopaulo.sp.leg.br\/escoladoparlamento\/wp-content\/uploads\/sites\/5\/2020\/10\/Escola-Judiciaria.jpg\" alt=\"\" width=\"281\" height=\"143\" srcset=\"https:\/\/homolog.saopaulo.sp.leg.br\/escoladoparlamento\/wp-content\/uploads\/sites\/5\/2020\/10\/Escola-Judiciaria.jpg 314w, https:\/\/homolog.saopaulo.sp.leg.br\/escoladoparlamento\/wp-content\/uploads\/sites\/5\/2020\/10\/Escola-Judiciaria-300x153.jpg 300w\" sizes=\"auto, (max-width: 281px) 100vw, 281px\" \/><\/a>Semin\u00e1rio em parceria com a Escola Judici\u00e1ria Eleitoral Paulista<\/h2>\n<p>&nbsp;<\/p>\n<p><strong>Coordena\u00e7\u00e3o:<\/strong><br \/>\nAlexsandro Santos \u2013 <em>Escola do Parlamento<br \/>\n<\/em><em><br \/>\n<\/em><\/p>\n<p>A qualidade e responsividade dos processos eleitorais s\u00e3o pilares important\u00edssimos da democracia. A participa\u00e7\u00e3o popular, atrav\u00e9s do voto, confere legitimidade \u00e0 realiza\u00e7\u00e3o cotidiana do governo, materializando um pacto legal entre o povo (soberano na democracia) e os agentes p\u00fablicos que escolhe para exercer o poder executivo e o poder legislativo.<br \/>\nNo ano de 2020, o processo eleitoral brasileiro tem se desenrolado num cen\u00e1rio muito singular, imposto pela pandemia de Covid-19. Na atual conjuntura, uma s\u00e9rie de procedimentos e cuidados adicionais s\u00e3o exigidos para que as campanhas e o processo de vota\u00e7\u00e3o ocorram de forma segura e respons\u00e1vel.<br \/>\nAl\u00e9m desta singularidade, o processo eleitoral de 2020 tamb\u00e9m tem sido vivenciado a partir de mudan\u00e7as importantes nos mecanismos de financiamento e presta\u00e7\u00e3o de contas. Esse tema ganha ainda mais relev\u00e2ncia quando a popula\u00e7\u00e3o tem pressionado os poderes institu\u00eddos para garantir, cada vez mais, maior lisura, transpar\u00eancia e higidez na pol\u00edtica institucional.<br \/>\nAtentas a essas quest\u00f5es socialmente t\u00e3o relevantes, a <em>Escola do Parlamento<\/em> e a <em>Escola Judici\u00e1ria Eleitoral Paulista<\/em>\u00a0prop\u00f5em a realiza\u00e7\u00e3o do Semin\u00e1rio Virtual <em>Elei\u00e7\u00f5es Municipais 2020 \u2013 Aprendizagens com a Justi\u00e7a Eleitoral Paulista.<\/em><\/p>\n<p><strong>Objetivos:<\/strong><br \/>\n&#8211; Apresentar e discutir o conjunto de inova\u00e7\u00f5es e protocolos assumidos pela Justi\u00e7a Eleitoral para a garantia da seguran\u00e7a sanit\u00e1ria nos atos que comp\u00f5em o processo eleitoral de 2020.<br \/>\n&#8211; Apresentar e discutir os elementos centrais do processo de presta\u00e7\u00e3o de contas.<\/p>\n<p><strong>P\u00fablico Alvo:<\/strong> candidatos ao legislativo e ao executivo, promotores de justi\u00e7a, advogados que atuam na \u00e1rea do direito eleitoral, estudantes e pesquisadores do tema, cidad\u00e3os em geral.<\/p>\n<p><strong>Vagas:<\/strong> 300<\/p>\n<p><strong>Carga Hor\u00e1ria:<\/strong> 1h30<\/p>\n<h2><span style=\"color: #0000ff\">30 de outubro, sexta-feira, das 14h \u00e0s 15h30<\/span><\/h2>\n<h3><span style=\"color: #0000ff\">Transmiss\u00e3o na p\u00e1gina da <a href=\"http:\/\/www.facebook.com\/eparlamento\">Escola do Parlamento no Facebook<\/a><\/span><\/h3>\n<h3>Reveja o semin\u00e1rio clicando <a href=\"https:\/\/www.facebook.com\/eparlamento\/videos\/1411616145703759\">AQUI<\/a><\/h3>\n<h2><strong>Inscri\u00e7\u00f5es: <span style=\"color: #ff0000\">encerradas<\/span><\/strong><\/h2>\n<table width=\"609\">\n<tbody>\n<tr>\n<td colspan=\"2\" width=\"609\">\n<p style=\"text-align: center\"><span style=\"color: #ff0000\"><strong>PROGRAMA\u00c7\u00c3O<\/strong><\/span><\/p>\n<\/td>\n<\/tr>\n<tr>\n<td width=\"139\"><span style=\"text-decoration: underline\"><strong>14h &#8211; Abertura<\/strong><\/span><\/td>\n<td width=\"470\">Prof. Dr. Alexsandro Santos<br \/>\n<em>Diretor-Presidente da Escola do Parlamento<\/em><\/td>\n<\/tr>\n<tr>\n<td colspan=\"2\" width=\"609\"><strong><span style=\"text-decoration: underline\">14h10 \u00e0s 14h45 &#8211; Painel Tem\u00e1tico<\/span><br \/>\n<\/strong><em>O processo eleitoral e a garantia da seguran\u00e7a sanit\u00e1ria em tempos de COVID 19<\/em><\/p>\n<ul>\n<li><strong>Des. Waldir Sebasti\u00e3o de Nuevo Campos Junior<\/strong><br \/>\n<em>Presidente do<\/em> <em>TRE\/SP<\/em> e <em>Diretor da Escola Judici\u00e1ria Eleitoral Paulista<\/em><\/li>\n<li><strong>Des. Paulo Sergio Brant de Carvalho Galizia<\/strong><br \/>\n<em>Corregedor e Vice-presidente do<\/em> <em>TRE\/SP,<\/em> <em>al\u00e9m de Vice-diretor da<\/em> <em>EJEP<\/em><\/li>\n<li><strong>Des. Luis Francisco Aguilar Cortez<\/strong><br \/>\n<em>Diretor da Escola Paulista da Magistratura<\/em><\/li>\n<li>Mediadora:<br \/>\n<strong>Dra. Anna Carolina Torres Aguilar Cortez<br \/>\n<\/strong><em>Procuradora Legislativa da C\u00e2mara Municipal de SP<\/em><\/li>\n<\/ul>\n<\/td>\n<\/tr>\n<tr>\n<td colspan=\"2\" width=\"609\"><strong><span style=\"text-decoration: underline\">14h45 \u00e0s 15h30 &#8211; Palestra<\/span><br \/>\n<\/strong><em>Presta\u00e7\u00e3o de Contas nas Elei\u00e7\u00f5es Municipais de 2020<\/em><\/p>\n<ul>\n<li><strong>Frederyk Chopin Arantes<\/strong><br \/>\n<em>Secret\u00e1rio de Controle Interno do Tribunal Regional Eleitoral de S\u00e3o Paulo<\/em><\/li>\n<li>Mediadora:<br \/>\n<strong>Dra. <\/strong><strong>Anna Carolina Torres Aguilar Cortez<br \/>\n<\/strong><em>Procuradora Legislativa da C\u00e2mara Municipal de SP<\/em><\/li>\n<\/ul>\n<\/td>\n<\/tr>\n<\/tbody>\n<\/table>\n<p>&nbsp;<\/p>\n","protected":false},"excerpt":{"rendered":"<p>Semin\u00e1rio em parceria com a Escola Judici\u00e1ria Eleitoral Paulista &nbsp; Coordena\u00e7\u00e3o: Alexsandro Santos \u2013 Escola do Parlamento A qualidade e responsividade dos processos eleitorais s\u00e3o pilares important\u00edssimos da democracia. A participa\u00e7\u00e3o popular, atrav\u00e9s do voto, confere legitimidade \u00e0 realiza\u00e7\u00e3o cotidiana do governo, materializando um pacto legal entre o povo (soberano na democracia) e os agentes [&hellip;]<\/p>\n","protected":false},"author":522,"featured_media":0,"parent":17641,"menu_order":168,"comment_status":"closed","ping_status":"closed","template":"","meta":{"_acf_changed":false,"footnotes":""},"class_list":["post-24564","page","type-page","status-publish","hentry"],"acf":[],"_links":{"self":[{"href":"https:\/\/homolog.saopaulo.sp.leg.br\/escoladoparlamento\/wp-json\/wp\/v2\/pages\/24564","targetHints":{"allow":["GET"]}}],"collection":[{"href":"https:\/\/homolog.saopaulo.sp.leg.br\/escoladoparlamento\/wp-json\/wp\/v2\/pages"}],"about":[{"href":"https:\/\/homolog.saopaulo.sp.leg.br\/escoladoparlamento\/wp-json\/wp\/v2\/types\/page"}],"author":[{"embeddable":true,"href":"https:\/\/homolog.saopaulo.sp.leg.br\/escoladoparlamento\/wp-json\/wp\/v2\/users\/522"}],"replies":[{"embeddable":true,"href":"https:\/\/homolog.saopaulo.sp.leg.br\/escoladoparlamento\/wp-json\/wp\/v2\/comments?post=24564"}],"version-history":[{"count":5,"href":"https:\/\/homolog.saopaulo.sp.leg.br\/escoladoparlamento\/wp-json\/wp\/v2\/pages\/24564\/revisions"}],"predecessor-version":[{"id":24672,"href":"https:\/\/homolog.saopaulo.sp.leg.br\/escoladoparlamento\/wp-json\/wp\/v2\/pages\/24564\/revisions\/24672"}],"up":[{"embeddable":true,"href":"https:\/\/homolog.saopaulo.sp.leg.br\/escoladoparlamento\/wp-json\/wp\/v2\/pages\/17641"}],"wp:attachment":[{"href":"https:\/\/homolog.saopaulo.sp.leg.br\/escoladoparlamento\/wp-json\/wp\/v2\/media?parent=24564"}],"curies":[{"name":"wp","href":"https:\/\/api.w.org\/{rel}","templated":true}]}}