{"id":24815,"date":"2020-11-23T16:53:16","date_gmt":"2020-11-23T19:53:16","guid":{"rendered":"http:\/\/homolog.saopaulo.sp.leg.br\/escoladoparlamento\/?page_id=24815"},"modified":"2021-01-18T13:29:02","modified_gmt":"2021-01-18T16:29:02","slug":"relacoes-governamentais-investimentos-seguranca-juridica-e-a-interface-com-sociedade-civil","status":"publish","type":"page","link":"https:\/\/homolog.saopaulo.sp.leg.br\/escoladoparlamento\/cursos\/cursos-anteriores\/cursos-realizados-em-2020\/relacoes-governamentais-investimentos-seguranca-juridica-e-a-interface-com-sociedade-civil\/","title":{"rendered":"&#8220;Advocacy&#8221; e Rela\u00e7\u00f5es Governamentais na Esfera Municipal"},"content":{"rendered":"<p><strong>Diretor Respons\u00e1vel:<\/strong> Rubem Romancini<\/p>\n<p><strong>Tipo de Evento:<\/strong> Semin\u00e1rio<\/p>\n<p>Este webinar tem como objetivo capacitar profissionais que atuem na \u00e1rea de rela\u00e7\u00f5es governamentais, ou queiram se capacitar para tal, com o intuito de aumentar a efici\u00eancia de suas a\u00e7\u00f5es de defesa e representa\u00e7\u00e3o de interesses direcionados aos poderes p\u00fablicos, em especial na escala municipal. Paralelamente, \u00e9 preciso abordar o tema tamb\u00e9m sob o vi\u00e9s do poder p\u00fablico no sentido de garantir a seguran\u00e7a jur\u00eddica para a atra\u00e7\u00e3o de investimentos e melhorar o ambiente de neg\u00f3cios, garantindo mecanismos de participa\u00e7\u00e3o da sociedade civil, especialmente em um cen\u00e1rio de retra\u00e7\u00e3o da economia. Por fim, a perspectiva do terceiro setor completa um espectro amplo do mercado de rela\u00e7\u00f5es governamentais e de como esse nicho contribui para a rela\u00e7\u00e3o entre os interesses da sociedade civil e sua representa\u00e7\u00e3o pol\u00edtica dentro do Poder Legislativo Municipal.<\/p>\n<p><strong>P\u00fablico alvo:<\/strong> agentes dos poderes Executivo e Legislativo e trabalhadores da iniciativa privada; sociedade civil em geral.<\/p>\n<p><strong>Programa\u00e7\u00e3o:<\/strong><\/p>\n<ol>\n<li>Vis\u00e3o geral das Rela\u00e7\u00f5es Governamentais no Brasil. Principais conceitos e aspectos desse campo de atua\u00e7\u00e3o e o papel dos governos locais;<\/li>\n<li>A import\u00e2ncia dos munic\u00edpios na agenda das empresas e sociedade civil;<\/li>\n<li>O profissional das rela\u00e7\u00f5es governamentais na pauta de investimentos junto a entes subnacionais;<\/li>\n<li>A import\u00e2ncia do setor p\u00fablico municipal na garantia da seguran\u00e7a jur\u00eddica, atra\u00e7\u00e3o de investimentos e economia;<\/li>\n<li>Participa\u00e7\u00e3o da sociedade civil no di\u00e1logo com o setor p\u00fablico e privado \u2013 como a sociedade civil pode e deve fazer rela\u00e7\u00f5es governamentais;<\/li>\n<li>Perguntas e Respostas<\/li>\n<\/ol>\n<p><strong>Vagas:<\/strong> 500<\/p>\n<p><strong>Carga hor\u00e1ria Total:<\/strong> 2 horas<\/p>\n<h2><span style=\"color: #3366ff\">07\/12 &#8211; 17h \u00e0s 19h<\/span><\/h2>\n<h2>Inscri\u00e7\u00f5es: <span style=\"color: #ff0000\">esgotadas<\/span><\/h2>\n<h3><strong>Transmiss\u00e3o pelo <a href=\"https:\/\/www.youtube.com\/c\/EscoladoParlamentoCMSP\">canal do You Tube da Escola do Parlamento<\/a> (aberta a todos)<br \/>\n<span style=\"color: #ff0000\">ATEN\u00c7\u00c3O:<\/span><br \/>\nO certificado s\u00f3 ser\u00e1 disponibilizado para quem se inscrever e acompanhar o evento dentro da plataforma Zoom, acessando o link que ser\u00e1 enviado para o email cadastrado no momento da inscri\u00e7\u00e3o.<br \/>\n<\/strong><\/h3>\n<h3><b><span style=\"text-decoration: underline\">Palestrantes convidados:<\/span><br \/>\n<\/b><\/h3>\n<p><strong>\u2234 Wagner Parente<\/strong> <em>CEO da BMJ Consultoria<\/em><\/p>\n<p><em>Wagner Parente acumula a fun\u00e7\u00e3o executiva de CEO da BMJ com atua\u00e7\u00f5es consultivas nas equipes de Rela\u00e7\u00f5es Governamentais e Com\u00e9rcio Internacional. Anteriormente, foi assessor de rela\u00e7\u00f5es institucionais do Grupo Queiroz Galv\u00e3o, Gerente de Rela\u00e7\u00f5es Institucionais da Ind\u00fastria Qu\u00edmica Oxiteno, advogado da equipe de Com\u00e9rcio Internacional do escrit\u00f3rio Felsberg e Associados e Analista de Com\u00e9rcio Exterior na Federa\u00e7\u00e3o das Ind\u00fastrias de S\u00e3o Paulo (Fiesp). Durante o ano de 2010, participou do programa de treinamento para advogados na Miss\u00e3o do Brasil para a Organiza\u00e7\u00e3o Mundial do Com\u00e9rcio (OMC) em Genebra. Academicamente, \u00e9 co-idealizador do curso de Rela\u00e7\u00f5es Governamentais da Funda\u00e7\u00e3o Get\u00falio Vargas (FGV) em S\u00e3o Paulo. \u00c9 advogado, mestre em Direito das Rela\u00e7\u00f5es Econ\u00f4micas Internacionais pela PUC-SP e possui MBA em gest\u00e3o de Neg\u00f3cios pela FIA-USP.<\/em><\/p>\n<p><strong>\u2234 Dra. Maria Nazar\u00e9 Lins Barbosa<\/strong> &#8211; <em>Procuradora Chefe da C\u00e2mara Municipal de S\u00e3o Paulo<\/em><\/p>\n<p><em>Graduada em Direito pela Faculdade de Direito do Largo de S\u00e3o Francisco \u2013 USP (1989), onde fez aperfei\u00e7oamento em Direito Econ\u00f4mico e Tribut\u00e1rio (1991). Mestre (1999) e Doutora (2009) em Administra\u00e7\u00e3o P\u00fablica e Governo pela FGV. Exerceu a fun\u00e7\u00e3o de Secret\u00e1ria Administrativa Adjunta e, atualmente, exerce a fun\u00e7\u00e3o de Procuradora Chefe. Membro da Comiss\u00e3o de Advocacia P\u00fablica da OAB\/SP.<\/em><\/p>\n<p><strong>\u2234 Gabriel Marmentini<\/strong><em> &#8211;\u00a0<\/em><em>Administrador p\u00fablico, Mestre em Administra\u00e7\u00e3o e Doutorando em Administra\u00e7\u00e3o pela Universidade do Estado de Santa Catarina. \u00c9 Diretor Executivo da Associa\u00e7\u00e3o de C\u00e2ncer de Boca e Garganta e Gestor do n\u00facleo de forma\u00e7\u00e3o de lideran\u00e7as do Politize!<\/em><\/p>\n<p><em><br \/>\n<\/em><b><br \/>\n<\/b><\/p>\n<p>&nbsp;<\/p>\n","protected":false},"excerpt":{"rendered":"<p>Diretor Respons\u00e1vel: Rubem Romancini Tipo de Evento: Semin\u00e1rio Este webinar tem como objetivo capacitar profissionais que atuem na \u00e1rea de rela\u00e7\u00f5es governamentais, ou queiram se capacitar para tal, com o intuito de aumentar a efici\u00eancia de suas a\u00e7\u00f5es de defesa e representa\u00e7\u00e3o de interesses direcionados aos poderes p\u00fablicos, em especial na escala municipal. Paralelamente, \u00e9 [&hellip;]<\/p>\n","protected":false},"author":522,"featured_media":0,"parent":17641,"menu_order":165,"comment_status":"closed","ping_status":"closed","template":"","meta":{"_acf_changed":false,"footnotes":""},"class_list":["post-24815","page","type-page","status-publish","hentry"],"acf":[],"_links":{"self":[{"href":"https:\/\/homolog.saopaulo.sp.leg.br\/escoladoparlamento\/wp-json\/wp\/v2\/pages\/24815","targetHints":{"allow":["GET"]}}],"collection":[{"href":"https:\/\/homolog.saopaulo.sp.leg.br\/escoladoparlamento\/wp-json\/wp\/v2\/pages"}],"about":[{"href":"https:\/\/homolog.saopaulo.sp.leg.br\/escoladoparlamento\/wp-json\/wp\/v2\/types\/page"}],"author":[{"embeddable":true,"href":"https:\/\/homolog.saopaulo.sp.leg.br\/escoladoparlamento\/wp-json\/wp\/v2\/users\/522"}],"replies":[{"embeddable":true,"href":"https:\/\/homolog.saopaulo.sp.leg.br\/escoladoparlamento\/wp-json\/wp\/v2\/comments?post=24815"}],"version-history":[{"count":5,"href":"https:\/\/homolog.saopaulo.sp.leg.br\/escoladoparlamento\/wp-json\/wp\/v2\/pages\/24815\/revisions"}],"predecessor-version":[{"id":24950,"href":"https:\/\/homolog.saopaulo.sp.leg.br\/escoladoparlamento\/wp-json\/wp\/v2\/pages\/24815\/revisions\/24950"}],"up":[{"embeddable":true,"href":"https:\/\/homolog.saopaulo.sp.leg.br\/escoladoparlamento\/wp-json\/wp\/v2\/pages\/17641"}],"wp:attachment":[{"href":"https:\/\/homolog.saopaulo.sp.leg.br\/escoladoparlamento\/wp-json\/wp\/v2\/media?parent=24815"}],"curies":[{"name":"wp","href":"https:\/\/api.w.org\/{rel}","templated":true}]}}