{"id":24828,"date":"2020-11-19T18:31:10","date_gmt":"2020-11-19T21:31:10","guid":{"rendered":"http:\/\/homolog.saopaulo.sp.leg.br\/escoladoparlamento\/?page_id=24828"},"modified":"2020-12-16T17:06:00","modified_gmt":"2020-12-16T20:06:00","slug":"edital-006-2020-conteudista-educacao-para-cidadania","status":"publish","type":"page","link":"https:\/\/homolog.saopaulo.sp.leg.br\/escoladoparlamento\/selecao-de-docentes\/credenciamento-cursos-livres-extensao-pos\/edital-006-2020-conteudista-educacao-para-cidadania\/","title":{"rendered":"PRODU\u00c7\u00c3O DE CONTE\u00daDOS PARA PUBLICA\u00c7\u00c3O DE COLE\u00c7\u00c3O DID\u00c1TICA PARA ESTUDANTES MATRICULADOS NO ENSINO FUNDAMENTAL"},"content":{"rendered":"<h2>Cronograma relativo a este Edital:<\/h2>\n<p>&nbsp;<\/p>\n<table style=\"height: 510px\" width=\"804\">\n<tbody>\n<tr>\n<td width=\"397\">EVENTO<\/td>\n<td width=\"176\">DATA<\/td>\n<\/tr>\n<tr>\n<td width=\"397\">Publica\u00e7\u00e3o do Edital de Credenciamento no Di\u00e1rio Oficial do Munic\u00edpio<\/td>\n<td width=\"176\">20\/11\/2020<\/td>\n<\/tr>\n<tr>\n<td width=\"397\">Per\u00edodo de Inscri\u00e7\u00e3o<\/td>\n<td width=\"176\">das 10h00 do dia 23\/11\/2020 at\u00e9 \u00e0s 23h59min do dia 29\/11\/2020<\/td>\n<\/tr>\n<tr>\n<td width=\"397\">Publica\u00e7\u00e3o da lista de inscri\u00e7\u00f5es deferidas<\/td>\n<td width=\"176\">01\/12\/2020<\/td>\n<\/tr>\n<tr>\n<td width=\"397\">Interposi\u00e7\u00e3o de recurso contra eventual indeferimento das inscri\u00e7\u00f5es<\/td>\n<td width=\"176\">01 at\u00e9 \u00e0s 23h59min do dia 03\/12\/2020<\/td>\n<\/tr>\n<tr>\n<td width=\"397\">Publica\u00e7\u00e3o do resultado de recursos contra eventual indeferimento das inscri\u00e7\u00f5es<\/td>\n<td width=\"176\">05\/12\/2020<\/td>\n<\/tr>\n<tr>\n<td width=\"397\">Publica\u00e7\u00e3o do Resultado preliminar do processo de credenciamento<\/td>\n<td width=\"176\">12\/12\/2020<\/td>\n<\/tr>\n<tr>\n<td width=\"397\">Interposi\u00e7\u00e3o de recurso contra Resultado preliminar do processo de credenciamento<\/td>\n<td width=\"176\">12\/12\/2020 at\u00e9 \u00e0s 23h59min do dia 14\/12\/2020<\/td>\n<\/tr>\n<tr>\n<td width=\"397\">Publica\u00e7\u00e3o do Resultado final do processo de credenciamento<\/td>\n<td width=\"176\">16\/12\/2020<\/td>\n<\/tr>\n<\/tbody>\n<\/table>\n<p><a href=\"https:\/\/homolog.saopaulo.sp.leg.br\/escoladoparlamento\/wp-content\/uploads\/sites\/5\/2020\/12\/classificacao-final.pdf\">Resultado final<\/a><\/p>\n<p><a href=\"https:\/\/homolog.saopaulo.sp.leg.br\/escoladoparlamento\/wp-content\/uploads\/sites\/5\/2020\/12\/LISTA-DE-PONTUACAO-EDITAL-006_2020.pdf\">Resultado preliminar<\/a><\/p>\n<p><a href=\"https:\/\/homolog.saopaulo.sp.leg.br\/escoladoparlamento\/wp-content\/uploads\/sites\/5\/2020\/12\/DOC22601122020.pdf\">Inscri\u00e7\u00f5es Deferidas<\/a><\/p>\n<p><a href=\"https:\/\/homolog.saopaulo.sp.leg.br\/escoladoparlamento\/wp-content\/uploads\/sites\/5\/2020\/11\/retificacao-edital-006.pdf\">Retifica\u00e7\u00e3o do Edital<\/a><\/p>\n<p><a href=\"https:\/\/homolog.saopaulo.sp.leg.br\/escoladoparlamento\/wp-content\/uploads\/sites\/5\/2020\/11\/Edital-EP-006-2020-Conteudista-Colecao-Educ-para-Cidadania.pdf\">Edital de Cadastramento da Atividade<\/a><\/p>\n<p><a href=\"https:\/\/homolog.saopaulo.sp.leg.br\/escoladoparlamento\/wp-content\/uploads\/sites\/5\/2020\/11\/anexo-II.docx\">Anexo II &#8211; Listagem de comprovantes de experi\u00eancia profissional<\/a><\/p>\n<p><a href=\"https:\/\/homolog.saopaulo.sp.leg.br\/escoladoparlamento\/wp-content\/uploads\/sites\/5\/2020\/11\/anexo-III.docx\">Anexo III &#8211; Declara\u00e7\u00e3o de Autenticidade<\/a><\/p>\n<h1><\/h1>\n<h1><span style=\"color: #ff0000\">Inscri\u00e7\u00f5es:\u00a0<\/span><\/h1>\n<pre>Inscri\u00e7\u00f5es a partir das 10h00 do dia 23\/11\/2020 at\u00e9 \u00e0s 23h59min do dia 29\/11\/2020<\/pre>\n<p>&nbsp;<\/p>\n","protected":false},"excerpt":{"rendered":"<p>Cronograma relativo a este Edital: &nbsp; EVENTO DATA Publica\u00e7\u00e3o do Edital de Credenciamento no Di\u00e1rio Oficial do Munic\u00edpio 20\/11\/2020 Per\u00edodo de Inscri\u00e7\u00e3o das 10h00 do dia 23\/11\/2020 at\u00e9 \u00e0s 23h59min do dia 29\/11\/2020 Publica\u00e7\u00e3o da lista de inscri\u00e7\u00f5es deferidas 01\/12\/2020 Interposi\u00e7\u00e3o de recurso contra eventual indeferimento das inscri\u00e7\u00f5es 01 at\u00e9 \u00e0s 23h59min do dia 03\/12\/2020 [&hellip;]<\/p>\n","protected":false},"author":661,"featured_media":0,"parent":18324,"menu_order":164,"comment_status":"closed","ping_status":"closed","template":"","meta":{"_acf_changed":false,"footnotes":""},"class_list":["post-24828","page","type-page","status-publish","hentry"],"acf":[],"_links":{"self":[{"href":"https:\/\/homolog.saopaulo.sp.leg.br\/escoladoparlamento\/wp-json\/wp\/v2\/pages\/24828","targetHints":{"allow":["GET"]}}],"collection":[{"href":"https:\/\/homolog.saopaulo.sp.leg.br\/escoladoparlamento\/wp-json\/wp\/v2\/pages"}],"about":[{"href":"https:\/\/homolog.saopaulo.sp.leg.br\/escoladoparlamento\/wp-json\/wp\/v2\/types\/page"}],"author":[{"embeddable":true,"href":"https:\/\/homolog.saopaulo.sp.leg.br\/escoladoparlamento\/wp-json\/wp\/v2\/users\/661"}],"replies":[{"embeddable":true,"href":"https:\/\/homolog.saopaulo.sp.leg.br\/escoladoparlamento\/wp-json\/wp\/v2\/comments?post=24828"}],"version-history":[{"count":5,"href":"https:\/\/homolog.saopaulo.sp.leg.br\/escoladoparlamento\/wp-json\/wp\/v2\/pages\/24828\/revisions"}],"predecessor-version":[{"id":25059,"href":"https:\/\/homolog.saopaulo.sp.leg.br\/escoladoparlamento\/wp-json\/wp\/v2\/pages\/24828\/revisions\/25059"}],"up":[{"embeddable":true,"href":"https:\/\/homolog.saopaulo.sp.leg.br\/escoladoparlamento\/wp-json\/wp\/v2\/pages\/18324"}],"wp:attachment":[{"href":"https:\/\/homolog.saopaulo.sp.leg.br\/escoladoparlamento\/wp-json\/wp\/v2\/media?parent=24828"}],"curies":[{"name":"wp","href":"https:\/\/api.w.org\/{rel}","templated":true}]}}