{"id":25098,"date":"2021-01-18T15:17:17","date_gmt":"2021-01-18T18:17:17","guid":{"rendered":"https:\/\/homolog.saopaulo.sp.leg.br\/escoladoparlamento\/?page_id=25098"},"modified":"2021-02-25T15:52:36","modified_gmt":"2021-02-25T18:52:36","slug":"sp-467-dialogos-sobre-a-cidade-que-sonhamos","status":"publish","type":"page","link":"https:\/\/homolog.saopaulo.sp.leg.br\/escoladoparlamento\/cursos\/cursos-anteriores\/cursos-realizados-em-2021\/sp-467-dialogos-sobre-a-cidade-que-sonhamos\/","title":{"rendered":"SP 467: Di\u00e1logos sobre a Cidade que sonhamos"},"content":{"rendered":"<h3><a href=\"https:\/\/homolog.saopaulo.sp.leg.br\/escoladoparlamento\/wp-content\/uploads\/sites\/5\/2020\/12\/WhatsApp-Image-2020-12-01-at-17.31.59.jpeg\"><img loading=\"lazy\" decoding=\"async\" class=\"wp-image-24921 alignright\" src=\"https:\/\/homolog.saopaulo.sp.leg.br\/escoladoparlamento\/wp-content\/uploads\/sites\/5\/2020\/12\/WhatsApp-Image-2020-12-01-at-17.31.59.jpeg\" alt=\"\" width=\"257\" height=\"121\" \/><\/a><\/h3>\n<h3>Semin\u00e1rios em parceria com a <a href=\"https:\/\/www.nossasaopaulo.org.br\/\">Rede Nossa S\u00e3o Paulo<\/a><\/h3>\n<p><strong>Diretor Respons\u00e1vel:<\/strong> Alexsandro Santos<\/p>\n<p><strong>Coordenadora:<\/strong> Carolina Guimar\u00e3es (RNSP)<\/p>\n<p>&nbsp;<\/p>\n<p>A Cidade de S\u00e3o Paulo completar\u00e1 467 anos no dia 25 de janeiro. Fundada por padres jesu\u00edtas em 1554, a Cidade \u00e9, hoje, a maior aglomera\u00e7\u00e3o urbana da Am\u00e9rica Latina, com mais de 12 milh\u00f5es de habitantes.<\/p>\n<p>Mas, o que essa popula\u00e7\u00e3o gigantesca e diversificada sonha para a Cidade? Quais s\u00e3o as quest\u00f5es desafiadoras que se colocam no presente e que nos convocam a pensar o futuro? Como podemos construir uma S\u00e3o Paulo mais justa, mais democr\u00e1tica, mais inclusiva e mais sustent\u00e1vel?<\/p>\n<p>Essas e outras quest\u00f5es estar\u00e3o em debate no Ciclo de Semin\u00e1rios \u201cSP 467: Di\u00e1logos sobre a Cidade que sonhamos\u201d, iniciativa constru\u00edda a partir da colabora\u00e7\u00e3o entre a Escola do Parlamento e a Rede Nossa S\u00e3o Paulo, organiza\u00e7\u00e3o da sociedade civil que desde 2007 atua em parceria com diversos segmentos da sociedade na proposi\u00e7\u00e3o e constru\u00e7\u00e3o de uma agenda que apoie a gest\u00e3o p\u00fablica na promo\u00e7\u00e3o de uma cidade justa, democr\u00e1tica e sustent\u00e1vel.<\/p>\n<p>Considerando o conjunto complexo de desafios da Cidade, foram eleitos tr\u00eas grandes macro-temas incontorn\u00e1veis para avan\u00e7armos na perspectiva de um modelo de cidade justa, sustent\u00e1vel, inclusiva e democr\u00e1tica. A proposta \u00e9 estabelecer uma arena de di\u00e1logos que parta de um diagn\u00f3stico da nossa situa\u00e7\u00e3o atual e aponte caminhos para a produ\u00e7\u00e3o das transforma\u00e7\u00f5es necess\u00e1rias para os pr\u00f3ximos anos.<\/p>\n<p><strong>Objetivos:<\/strong><\/p>\n<p>Espera-se que os participantes possam construir\/ampliar sua capacidade de:<\/p>\n<ol>\n<li>Analisar e problematizar a conjuntura econ\u00f4mica, social, ambiental e pol\u00edtica da cidade de S\u00e3o Paulo, aprofundando suas reflex\u00f5es sobre a quest\u00e3o da qualidade de vida, das desigualdades socioespaciais, da agenda da primeira inf\u00e2ncia, da gest\u00e3o e do or\u00e7amento p\u00fablico a partir da realidade paulistana.<\/li>\n<li>Participar do debate p\u00fablico sobre as alternativas para a constru\u00e7\u00e3o compartilhada e intencional de uma cidade mais justa, mais inclusiva, mais democr\u00e1tica e menos desigual, com informa\u00e7\u00f5es seguras e dados consistentes.<\/li>\n<li>Acompanhar a gest\u00e3o p\u00fablica da cidade, reconhecendo o Plano de Metas como instrumento normativo e regulat\u00f3rio da a\u00e7\u00e3o do Poder Executivo.<\/li>\n<\/ol>\n<p><strong>P\u00fablico alvo: <\/strong>cidad\u00e3os que tenham interesse nos temas, estudiosos e profissionais que atuem nas \u00e1reas tem\u00e1ticas abordadas.<\/p>\n<p><strong>Carga Hor\u00e1ria Total:<\/strong> 6 horas<\/p>\n<p><strong>Vagas:<\/strong> 500<\/p>\n<h2><strong>Inscri\u00e7\u00f5es: <span style=\"color: #ff0000\">encerradas<\/span><\/strong><\/h2>\n<h4>Destaca-se que o evento gratuito ser\u00e1 transmitido pela plataforma do ZOOM em link a ser divulgado aos inscritos.<\/h4>\n<h4>O evento tamb\u00e9m ser\u00e1 retransmitido no Canal do YouTube da Escola do Parlamento <a href=\"https:\/\/www.youtube.com\/c\/EscoladoParlamentoCMSP\">https:\/\/www.youtube.com\/c\/EscoladoParlamentoCMSP<\/a><\/h4>\n<h4>Os certificados ser\u00e3o emitidos apenas para os participantes inscritos e que participarem do evento pela plataforma do ZOOM e responderem ao <a href=\"https:\/\/docs.google.com\/forms\/d\/e\/1FAIpQLSdW79fiiHeauYkygx6Eclt_22agbD8-DKfqT8pomG0CddWM3A\/viewform?usp=sf_link\">Question\u00e1rio de Avalia\u00e7\u00e3o da Atividade<\/a>.<br \/>\nLeia aqui a <a href=\"https:\/\/homolog.saopaulo.sp.leg.br\/escoladoparlamento\/wp-content\/uploads\/sites\/5\/2021\/01\/POLITICA-DE-INSCRICAO-E-CERTIFICACAO_21jan21.pdf\">Pol\u00edtica de Controle de Inscri\u00e7\u00e3o, Frequ\u00eancia e Certifica\u00e7\u00e3o para Cursos Livres da Escola do Parlamento na Modalidade N\u00e3o-Presencial<\/a> (janeiro\/2021)<\/h4>\n<h4><span style=\"color: #ff0000\"><strong>Programa\u00e7\u00e3o:<\/strong><\/span><\/h4>\n<table width=\"668\">\n<tbody>\n<tr>\n<td width=\"130\"><strong>Data\/ hor\u00e1rio<\/strong><\/td>\n<td width=\"265\"><strong>Palestrantes <\/strong><\/td>\n<td width=\"273\"><strong>Tema da palestra\/aula<\/strong><\/td>\n<\/tr>\n<tr>\n<td width=\"130\">26\/01\/21<\/p>\n<p>16-18h<\/td>\n<td width=\"265\"><strong>Jorge Abrah\u00e3o <\/strong>(<em>Coordenador Geral da Rede Nossa S\u00e3o Paulo<\/em>)<\/p>\n<p><strong>Xixo Piragino <\/strong>(<em>Presidente da Escola Superior de gest\u00e3o e Contas P\u00fablicas<\/em>)<\/p>\n<p><strong>Luciana de F\u00e1tima da Silva <\/strong>(<em>Procuradora da C\u00e2mara Municipal de S\u00e3o Paulo<\/em>)<\/p>\n<p><strong>Ver. Rute Costa<\/strong> (<em>Presidente em exerc\u00edcio da C\u00e2mara Municipal de S\u00e3o Paulo<\/em>)<\/p>\n<p>Media\u00e7\u00e3o: <strong>Alexsandro Santos<\/strong> (<em>Diretor-presidente da Escola do Parlamento<\/em>)<\/td>\n<td width=\"273\"><strong><em>S\u00e3o Paulo e suas desigualdades e o Programa de Metas<\/em><\/strong><\/p>\n<p>Clique <a href=\"https:\/\/www.youtube.com\/watch?v=q2mtB5CUwjw\">AQUI<\/a> para rever o semin\u00e1rio<\/td>\n<\/tr>\n<tr>\n<td width=\"130\">27\/01\/21<\/p>\n<p>16h-18h<\/td>\n<td width=\"265\"><strong>\u00a0<\/strong><strong>Carol La Terza<\/strong> (<em>Assessora de Projetos da RNSP, respons\u00e1vel pelo Mapa da Desigualdade da Primeira Inf\u00e2ncia<\/em>)<\/p>\n<p><strong>Thais Sanchez<\/strong> (<em>Urban95<\/em>)<\/p>\n<p><strong>Ver. Jana\u00edna Lima<\/strong> (<em>autora do Projeto que deu origem ao Plano Municipal pela Primeira Inf\u00e2ncia<\/em>)<\/p>\n<p>Media\u00e7\u00e3o:<strong> Alexsandro Santos <\/strong>(<em>Diretor-presidente da Escola do Parlamento<\/em>)<\/td>\n<td width=\"273\"><em><strong>A Agenda da Primeira Inf\u00e2ncia na Cidade de S\u00e3o Paulo<\/strong><\/em><\/p>\n<p>Clique <a href=\"https:\/\/www.youtube.com\/watch?v=7n9dlhMdfqM\">AQUI<\/a> para rever o semin\u00e1rio<\/p>\n<p><a href=\"https:\/\/leismunicipais.com.br\/a\/sp\/s\/sao-paulo\/lei-ordinaria\/2017\/1671\/16710\/lei-ordinaria-n-16710-2017-dispoe-sobre-principios-e-diretrizes-para-a-elaboracao-e-implementacao-das-politicas-publicas-pela-primeira-infancia-no-municipio-de-sao-paulo-e-sobre-o-plano-municipal-pela-primeira-infancia-e-da-outras-providencias\">Lei Municipal n\u00b0 16.710\/2017<\/a> (estabelece o marco legal da primeira inf\u00e2ncia da cidade de S\u00e3o Paulo)<\/p>\n<p><a href=\"http:\/\/legislacao.prefeitura.sp.gov.br\/leis\/decreto-58514-de-14-de-novembro-de-2018\">Decreto Municipal 58.514\/2018<\/a> (estabeleceu o Plano Municipal da Primeira Inf\u00e2ncia)<\/p>\n<p><a href=\"https:\/\/www.nossasaopaulo.org.br\/wp-content\/uploads\/2020\/02\/Mapa_PrimeiraInfancia-2020-apresentacao.pdf\">Mapa da Primeira Inf\u00e2ncia<\/a> &#8211; Rede Nossa S\u00e3o Paulo<\/td>\n<\/tr>\n<tr>\n<td width=\"130\">28\/01\/21<\/p>\n<p>17h-19h<\/td>\n<td width=\"265\"><strong>\u00a0<\/strong><strong>Igor Pantoja<\/strong> (<em>Assessor de mobiliza\u00e7\u00e3o da RNSP<\/em>)<\/p>\n<p><strong>\u00a0<\/strong><strong>Pedro Marin<\/strong> (<em>Coordenador de Programa-Planejamento e Or\u00e7amento P\u00fablico da Funda\u00e7\u00e3o Tide Set\u00fabal<\/em>)<\/p>\n<p><strong>Ver. Elaine Mineiro <\/strong>(<em>Quilombo Perif\u00e9rico<\/em>)<\/p>\n<p>Media\u00e7\u00e3o:<strong> Carolina Guimar\u00e3es <\/strong>(<em>Coordenadora RNSP<\/em>)<\/td>\n<td width=\"273\"><em><strong>Territ\u00f3rio e (des)centraliza\u00e7\u00e3o do Or\u00e7amento P\u00fablico<\/strong><\/em><\/p>\n<p>Clique <a href=\"https:\/\/www.youtube.com\/watch?v=sx72Ro8ysB4\">AQUI<\/a> para rever o semin\u00e1rio<\/p>\n<p><a href=\"https:\/\/fundacaotidesetubal.org.br\/publicacoes\/redistribuicao-territorial-do-orcamento-publico-uma-proposta-para-virar-o-jogo-das-desigualdades\/\">Redistribui\u00e7\u00e3o Territorial do Or\u00e7amento P\u00fablico<\/a> (Funda\u00e7\u00e3o Tide Set\u00fabal)<\/p>\n<p><a href=\"https:\/\/www.nossasaopaulo.org.br\/wp-content\/uploads\/2020\/08\/50-metas-de-refere%CC%82ncia-para-Sa%CC%83o-Paulo.pdf\">(re)Age SP<\/a> (RNSP e Funda\u00e7\u00e3o Tide Set\u00fabal)<\/p>\n<p>&nbsp;<\/td>\n<\/tr>\n<\/tbody>\n<\/table>\n<p>&nbsp;<\/p>\n<p>&nbsp;<\/p>\n","protected":false},"excerpt":{"rendered":"<p>Semin\u00e1rios em parceria com a Rede Nossa S\u00e3o Paulo Diretor Respons\u00e1vel: Alexsandro Santos Coordenadora: Carolina Guimar\u00e3es (RNSP) &nbsp; A Cidade de S\u00e3o Paulo completar\u00e1 467 anos no dia 25 de janeiro. Fundada por padres jesu\u00edtas em 1554, a Cidade \u00e9, hoje, a maior aglomera\u00e7\u00e3o urbana da Am\u00e9rica Latina, com mais de 12 milh\u00f5es de habitantes. [&hellip;]<\/p>\n","protected":false},"author":522,"featured_media":0,"parent":25320,"menu_order":157,"comment_status":"closed","ping_status":"closed","template":"","meta":{"_acf_changed":false,"footnotes":""},"class_list":["post-25098","page","type-page","status-publish","hentry"],"acf":[],"_links":{"self":[{"href":"https:\/\/homolog.saopaulo.sp.leg.br\/escoladoparlamento\/wp-json\/wp\/v2\/pages\/25098","targetHints":{"allow":["GET"]}}],"collection":[{"href":"https:\/\/homolog.saopaulo.sp.leg.br\/escoladoparlamento\/wp-json\/wp\/v2\/pages"}],"about":[{"href":"https:\/\/homolog.saopaulo.sp.leg.br\/escoladoparlamento\/wp-json\/wp\/v2\/types\/page"}],"author":[{"embeddable":true,"href":"https:\/\/homolog.saopaulo.sp.leg.br\/escoladoparlamento\/wp-json\/wp\/v2\/users\/522"}],"replies":[{"embeddable":true,"href":"https:\/\/homolog.saopaulo.sp.leg.br\/escoladoparlamento\/wp-json\/wp\/v2\/comments?post=25098"}],"version-history":[{"count":5,"href":"https:\/\/homolog.saopaulo.sp.leg.br\/escoladoparlamento\/wp-json\/wp\/v2\/pages\/25098\/revisions"}],"predecessor-version":[{"id":25981,"href":"https:\/\/homolog.saopaulo.sp.leg.br\/escoladoparlamento\/wp-json\/wp\/v2\/pages\/25098\/revisions\/25981"}],"up":[{"embeddable":true,"href":"https:\/\/homolog.saopaulo.sp.leg.br\/escoladoparlamento\/wp-json\/wp\/v2\/pages\/25320"}],"wp:attachment":[{"href":"https:\/\/homolog.saopaulo.sp.leg.br\/escoladoparlamento\/wp-json\/wp\/v2\/media?parent=25098"}],"curies":[{"name":"wp","href":"https:\/\/api.w.org\/{rel}","templated":true}]}}