{"id":25157,"date":"2021-02-01T20:31:39","date_gmt":"2021-02-01T23:31:39","guid":{"rendered":"https:\/\/homolog.saopaulo.sp.leg.br\/escoladoparlamento\/?page_id=25157"},"modified":"2021-02-01T20:31:39","modified_gmt":"2021-02-01T23:31:39","slug":"10-anos-da-escola-do-parlamento","status":"publish","type":"page","link":"https:\/\/homolog.saopaulo.sp.leg.br\/escoladoparlamento\/a-escola\/10-anos-da-escola-do-parlamento\/","title":{"rendered":"10 anos da Escola do Parlamento"},"content":{"rendered":"<div dir=\"auto\">Em 01 de fevereiro de 2011, o Di\u00e1rio Oficial da Cidade publicou o Ato 1131\/11, da Egr\u00e9gia Mesa Diretora da C\u00e2mara Municipal de S\u00e3o Paulo, com a finalidade de criar a Escola do Parlamento.<\/div>\n<div dir=\"auto\">A gest\u00e3o foi ent\u00e3o entregue ao Prof. Dr. Ant\u00f4nio Rodrigues de Freitas Junior, que integrava a carreira de Procurador Legislativo e ao Prof. Dr. Leonardo Barbagallo, que integrava a carreira de Consultor T\u00e9cnico Legislativo da C\u00e2mara. Somaram-se a eles, pouco depois, como coordenadores, Roberto Tadeu Noritomi e Jos\u00e9 Mauro da Silva, e Dimitrios Sacute Valentim, para a secretaria da Escola.<\/div>\n<div dir=\"auto\">Logo em 02 de mar\u00e7o do mesmo ano, foi realizado o Semin\u00e1rio Inaugural, com o tema &#8220;Poder Legislativo e Democracia no Brasil Contempor\u00e2neo&#8221;.<\/div>\n<h2>     <\/h2>\n<div dir=\"auto\">Em uma d\u00e9cada, a Escola do Parlamento celebra uma hist\u00f3ria de contribui\u00e7\u00f5es importantes para o aprimoramento do Poder Legislativo paulistano e da democracia brasileira e renova continuamente seu compromisso no campo da Educa\u00e7\u00e3o para a Cidadania e para a Democracia.<\/div>\n<div dir=\"auto\">Agradecemos o trabalho e a dedica\u00e7\u00e3o de todas as pessoas que atuaram e continuam atuando conosco, bem como dos nossos professores e professoras que, ao longo dessa d\u00e9cada, nos ajudaram a entregar uma programa\u00e7\u00e3o relevante e de alta qualidade, al\u00e9m do p\u00fablico que nos segue e acompanha nossa trajet\u00f3ria de perto!<\/div>\n","protected":false},"excerpt":{"rendered":"<p>Em 01 de fevereiro de 2011, o Di\u00e1rio Oficial da Cidade publicou o Ato 1131\/11, da Egr\u00e9gia Mesa Diretora da C\u00e2mara Municipal de S\u00e3o Paulo, com a finalidade de criar a Escola do Parlamento. A gest\u00e3o foi ent\u00e3o entregue ao Prof. Dr. Ant\u00f4nio Rodrigues de Freitas Junior, que integrava a carreira de Procurador Legislativo e [&hellip;]<\/p>\n","protected":false},"author":522,"featured_media":0,"parent":38,"menu_order":156,"comment_status":"closed","ping_status":"closed","template":"","meta":{"_acf_changed":false,"footnotes":""},"class_list":["post-25157","page","type-page","status-publish","hentry"],"acf":[],"_links":{"self":[{"href":"https:\/\/homolog.saopaulo.sp.leg.br\/escoladoparlamento\/wp-json\/wp\/v2\/pages\/25157","targetHints":{"allow":["GET"]}}],"collection":[{"href":"https:\/\/homolog.saopaulo.sp.leg.br\/escoladoparlamento\/wp-json\/wp\/v2\/pages"}],"about":[{"href":"https:\/\/homolog.saopaulo.sp.leg.br\/escoladoparlamento\/wp-json\/wp\/v2\/types\/page"}],"author":[{"embeddable":true,"href":"https:\/\/homolog.saopaulo.sp.leg.br\/escoladoparlamento\/wp-json\/wp\/v2\/users\/522"}],"replies":[{"embeddable":true,"href":"https:\/\/homolog.saopaulo.sp.leg.br\/escoladoparlamento\/wp-json\/wp\/v2\/comments?post=25157"}],"version-history":[{"count":1,"href":"https:\/\/homolog.saopaulo.sp.leg.br\/escoladoparlamento\/wp-json\/wp\/v2\/pages\/25157\/revisions"}],"predecessor-version":[{"id":25158,"href":"https:\/\/homolog.saopaulo.sp.leg.br\/escoladoparlamento\/wp-json\/wp\/v2\/pages\/25157\/revisions\/25158"}],"up":[{"embeddable":true,"href":"https:\/\/homolog.saopaulo.sp.leg.br\/escoladoparlamento\/wp-json\/wp\/v2\/pages\/38"}],"wp:attachment":[{"href":"https:\/\/homolog.saopaulo.sp.leg.br\/escoladoparlamento\/wp-json\/wp\/v2\/media?parent=25157"}],"curies":[{"name":"wp","href":"https:\/\/api.w.org\/{rel}","templated":true}]}}