{"id":25250,"date":"2021-02-15T15:28:33","date_gmt":"2021-02-15T18:28:33","guid":{"rendered":"https:\/\/homolog.saopaulo.sp.leg.br\/escoladoparlamento\/?page_id=25250"},"modified":"2021-02-25T15:50:55","modified_gmt":"2021-02-25T18:50:55","slug":"desafios_da_radicalizacao_da_democracia_no_estado_brasileiro","status":"publish","type":"page","link":"https:\/\/homolog.saopaulo.sp.leg.br\/escoladoparlamento\/cursos\/cursos-anteriores\/cursos-realizados-em-2021\/desafios_da_radicalizacao_da_democracia_no_estado_brasileiro\/","title":{"rendered":"Desafios da radicaliza\u00e7\u00e3o da democracia no estado brasileiro"},"content":{"rendered":"<h3>Parceria Escola do Parlamento e IPAD &#8211; Instituto Pensamento e A\u00e7\u00f5es para Defesa da Democracia<\/h3>\n<p><strong>Coordena\u00e7\u00e3o do Semin\u00e1rio:<\/strong><\/p>\n<p>Prof. Dr. Alexandro Santos (Escola do Parlamento)<\/p>\n<p><strong>Tipo de Evento:<\/strong> Semin\u00e1rio<\/p>\n<p>No contexto atual, no qual h\u00e1 um investimento dos setores dominantes em: i. aprofundar o epistemic\u00eddio; ii. ampliar os processos de falseamento da realidade e iii. aniquilar e sufocar a diversidade(mediante processos de homogeneiza\u00e7\u00e3o e pasteuriza\u00e7\u00e3o dos corpos, dos territ\u00f3rios e das escolhas de a\u00e7\u00e3o),nasce o IPAD &#8211; Instituto Pensamentos e A\u00e7\u00f5es para Defesa da Democracia. Trata-se de uma frente plural de forma\u00e7\u00e3o pol\u00edtica para construir com os sujeitos n\u00facleos de organiza\u00e7\u00e3o, forma\u00e7\u00e3o e a\u00e7\u00e3o pol\u00edtica. A aposta \u00e9 numa gira plural que unifica a diversidade das configura\u00e7\u00f5es, dos sujeitos e das institucionalidades da democracia historicamente e em nosso tempo. O IPAD prioriza a mobiliza\u00e7\u00e3o e o di\u00e1logo protagonizado por pessoas jovens, pessoas negras ou que comp\u00f5em os povos origin\u00e1rios do Brasil e pessoas que vivem em territ\u00f3rios perif\u00e9ricos abra\u00e7ando o conjunto da diversidade humana para acumular for\u00e7as na forma\u00e7\u00e3o de uma sociedade na qual a conviv\u00eancia, o respeito e o reconhecimento radical da dignidade da pessoa humana sejam os elementos centrais. Como uma de suas estrat\u00e9gias, o IPAD desenvolve o Percurso Formativo IPAD \u2013 Seja Democracia, que chegar\u00e1, pela primeira vez, em S\u00e3o Paulo, no ano de 2021. Este semin\u00e1rio faz parte da estrat\u00e9gia de lan\u00e7amento e convoca\u00e7\u00e3o p\u00fablica para a forma\u00e7\u00e3o.<\/p>\n<p><strong>Objetivos:<\/strong><\/p>\n<p>a) Apresentar ao grande p\u00fablico da Escola do Parlamento o Instituto Pensamento se A\u00e7\u00f5es pela Democracia \u2013 IPAD e o Percurso Formativo IPAD \u2013 Seja Democracia<\/p>\n<p>b) Dialogar sobre os processos de transforma\u00e7\u00e3o urgentes da democracia brasileira, no enfrentamento \u00e0s m\u00faltiplas formas de exclus\u00e3o e segrega\u00e7\u00e3o e na supera\u00e7\u00e3o do epistemic\u00eddio e do silenciamento de mulheres, pessoas negras\/ind\u00edgenas, juventudes perif\u00e9ricas e outros grupos subalternizados na estrutura social do Brasil.<\/p>\n<p><strong>Metodologia:<\/strong><\/p>\n<p>Semin\u00e1rio com 1h30 de dura\u00e7\u00e3o, composto por um momento de apresenta\u00e7\u00e3o do IPAD, um momento de di\u00e1logo entre tr\u00eas ativistas\/pesquisadores e um momento final de convoca\u00e7\u00e3o para o percurso formativo.<\/p>\n<p><strong>P\u00fablico Alvo:<\/strong> P\u00fablico em Geral<\/p>\n<p><strong>Vagas:<\/strong> 500<\/p>\n<h3><strong>Inscri\u00e7\u00f5es: ENCERADA<\/strong><\/h3>\n<h4>Data: 17\/02\/2021 \u2013 19h00 \u00e0s 20h30<\/h4>\n<h4>Tema: Desafios da radicaliza\u00e7\u00e3o da democracia no estado brasileiro<\/h4>\n<h4>Onde:<\/h4>\n<h4>\u00a0 \u00a0 \u00a0 \u00a0 \u00a0 \u00a0 \u00a0Zoom &#8211;\u00a0em link a ser divulgado aos inscritos<\/h4>\n<h4>\u00a0 \u00a0 \u00a0 \u00a0 \u00a0 \u00a0 \u00a0Youtube Escola de Parlamento &#8211; <span style=\"color: #ff0000\"><a style=\"color: #ff0000\" href=\"https:\/\/www.youtube.com\/watch?v=Cz1SDvY10JQ\">clique aqui<\/a><\/span> para assistir<\/h4>\n<h4>\u00a0 \u00a0 \u00a0 \u00a0 \u00a0 \u00a0 \u00a0Transmiss\u00e3o\u00a0cruzada: Facebook \/Youtube \u2013 Bancada Preta e IPAD<\/h4>\n<h4>Os certificados ser\u00e3o emitidos apenas para os participantes inscritos e que participarem do evento pela plataforma do ZOOM e responderem ao\u00a0<a href=\"https:\/\/forms.gle\/aK7oowZhBRED5EjV7\">Question\u00e1rio de Avalia\u00e7\u00e3o da Atividade\u00a0<\/a> at\u00e9 as 11:59 do dia 21\/02.<br \/>\nLeia aqui a\u00a0<a href=\"https:\/\/homolog.saopaulo.sp.leg.br\/escoladoparlamento\/wp-content\/uploads\/sites\/5\/2021\/01\/POLITICA-DE-INSCRICAO-E-CERTIFICACAO_21jan21.pdf\">Pol\u00edtica de Controle de Inscri\u00e7\u00e3o, Frequ\u00eancia e Certifica\u00e7\u00e3o para Cursos Livres da Escola do Parlamento na Modalidade N\u00e3o-Presencial<\/a><\/h4>\n<h4>Media\u00e7\u00e3o: Prof. Dr. Alexsandro Santos (Escola do Parlamento)<\/h4>\n<h4>Convidados:<\/h4>\n<h4>Cleber Ribeiro (Coordenador Executivo do Instituto Pensamentos e A\u00e7\u00f5es para a Defesa da Democracia (IPAD)<\/h4>\n<h4>Jesus dos Santos (Co-Deputado Mandata Ativista\/ Frente Favela Brasil\/Conselho Executivo IPAD, pai de Ayo e Amina, Lutador Social, Designer e DJ)<\/h4>\n<h4><\/h4>\n<div><\/div>\n<div><\/div>\n","protected":false},"excerpt":{"rendered":"<p>Parceria Escola do Parlamento e IPAD &#8211; Instituto Pensamento e A\u00e7\u00f5es para Defesa da Democracia Coordena\u00e7\u00e3o do Semin\u00e1rio: Prof. Dr. Alexandro Santos (Escola do Parlamento) Tipo de Evento: Semin\u00e1rio No contexto atual, no qual h\u00e1 um investimento dos setores dominantes em: i. aprofundar o epistemic\u00eddio; ii. ampliar os processos de falseamento da realidade e iii. [&hellip;]<\/p>\n","protected":false},"author":661,"featured_media":0,"parent":25320,"menu_order":153,"comment_status":"closed","ping_status":"closed","template":"","meta":{"_acf_changed":false,"footnotes":""},"class_list":["post-25250","page","type-page","status-publish","hentry"],"acf":[],"_links":{"self":[{"href":"https:\/\/homolog.saopaulo.sp.leg.br\/escoladoparlamento\/wp-json\/wp\/v2\/pages\/25250","targetHints":{"allow":["GET"]}}],"collection":[{"href":"https:\/\/homolog.saopaulo.sp.leg.br\/escoladoparlamento\/wp-json\/wp\/v2\/pages"}],"about":[{"href":"https:\/\/homolog.saopaulo.sp.leg.br\/escoladoparlamento\/wp-json\/wp\/v2\/types\/page"}],"author":[{"embeddable":true,"href":"https:\/\/homolog.saopaulo.sp.leg.br\/escoladoparlamento\/wp-json\/wp\/v2\/users\/661"}],"replies":[{"embeddable":true,"href":"https:\/\/homolog.saopaulo.sp.leg.br\/escoladoparlamento\/wp-json\/wp\/v2\/comments?post=25250"}],"version-history":[{"count":4,"href":"https:\/\/homolog.saopaulo.sp.leg.br\/escoladoparlamento\/wp-json\/wp\/v2\/pages\/25250\/revisions"}],"predecessor-version":[{"id":25313,"href":"https:\/\/homolog.saopaulo.sp.leg.br\/escoladoparlamento\/wp-json\/wp\/v2\/pages\/25250\/revisions\/25313"}],"up":[{"embeddable":true,"href":"https:\/\/homolog.saopaulo.sp.leg.br\/escoladoparlamento\/wp-json\/wp\/v2\/pages\/25320"}],"wp:attachment":[{"href":"https:\/\/homolog.saopaulo.sp.leg.br\/escoladoparlamento\/wp-json\/wp\/v2\/media?parent=25250"}],"curies":[{"name":"wp","href":"https:\/\/api.w.org\/{rel}","templated":true}]}}