{"id":25320,"date":"2021-02-25T15:50:27","date_gmt":"2021-02-25T18:50:27","guid":{"rendered":"https:\/\/homolog.saopaulo.sp.leg.br\/escoladoparlamento\/?page_id=25320"},"modified":"2022-07-22T16:14:34","modified_gmt":"2022-07-22T19:14:34","slug":"cursos-realizados-em-2021","status":"publish","type":"page","link":"https:\/\/homolog.saopaulo.sp.leg.br\/escoladoparlamento\/cursos\/cursos-anteriores\/cursos-realizados-em-2021\/","title":{"rendered":"Cursos realizados em 2021"},"content":{"rendered":"<h4><span style=\"color: #ff6600\">Janeiro<br \/>\n<\/span><\/h4>\n<h4><span style=\"color: #000000\"><a style=\"color: #000000\" href=\"https:\/\/homolog.saopaulo.sp.leg.br\/escoladoparlamento\/cursos\/em-andamento\/sp-467-dialogos-sobre-a-cidade-que-sonhamos\/\">SP467: Di\u00e1logos sobre a cidade que sonhamos<\/a><\/span><\/h4>\n<h4><span style=\"color: #ff6600\"><br \/>\nFevereiro<br \/>\n<\/span><\/h4>\n<h4><span style=\"color: #000000\"><a style=\"color: #000000\" href=\"https:\/\/homolog.saopaulo.sp.leg.br\/escoladoparlamento\/cursos\/em-andamento\/desafios_da_radicalizacao_da_democracia_no_estado_brasileiro\/\">Desafios da Radicaliza\u00e7\u00e3o da Democracia no Estado Brasileiro<\/a><\/span><\/h4>\n<h4><span style=\"color: #ff6600\"><br \/>\nMar\u00e7o<br \/>\n<\/span><\/h4>\n<h4><span style=\"color: #000000\"><a style=\"color: #000000\" href=\"https:\/\/homolog.saopaulo.sp.leg.br\/escoladoparlamento\/cursos\/cursos-anteriores\/cursos-realizados-em-2021\/presenca-e-atuacao-das-mulheres-na-politica-paulistana\/\">Presen\u00e7a e atua\u00e7\u00e3o das mulheres na pol\u00edtica paulistana<\/a><\/span><\/h4>\n<h4><span style=\"color: #000000\"><a style=\"color: #000000\" href=\"https:\/\/homolog.saopaulo.sp.leg.br\/escoladoparlamento\/cursos\/cursos-anteriores\/cursos-realizados-em-2021\/curso-de-extensao-direitos-de-cidadania-da-pessoa-com-deficiencia\/\"><strong>Direitos de Cidadania da Pessoa com Defici\u00eancia<\/strong><\/a><\/span><\/h4>\n<h4><span style=\"color: #000000\"><a style=\"color: #000000\" href=\"https:\/\/homolog.saopaulo.sp.leg.br\/escoladoparlamento\/cursos\/cursos-anteriores\/cursos-realizados-em-2021\/tempo-escolar-e-pandemia-de-covid-19-na-america-latina\/\">Tempo Escolar e Pandemia de Covid-19 na Am\u00e9rica Latina<\/a><\/span><\/h4>\n<h4><span style=\"color: #000000\"><a style=\"color: #000000\" href=\"https:\/\/homolog.saopaulo.sp.leg.br\/escoladoparlamento\/cursos\/cursos-anteriores\/cursos-realizados-em-2021\/politicas-publicas-de-cultura\/\"><strong>Pol\u00edticas P\u00fablicas de Cultura<\/strong><\/a><\/span><\/h4>\n<h4><span style=\"color: #000000\"><a style=\"color: #000000\" href=\"https:\/\/homolog.saopaulo.sp.leg.br\/escoladoparlamento\/cursos\/cursos-anteriores\/cursos-realizados-em-2021\/poder-legislativo-e-politicas-publicas-da-agenda-a-avaliacao\/\"><strong>Poder Legislativo e Pol\u00edticas P\u00fablicas: Da agenda \u00e0 avalia\u00e7\u00e3o<\/strong><\/a><\/span><\/h4>\n<h4><span style=\"color: #000000\"><a style=\"color: #000000\" href=\"https:\/\/homolog.saopaulo.sp.leg.br\/escoladoparlamento\/cursos\/cursos-anteriores\/cursos-realizados-em-2021\/dialogos_em_defesa_da_democracia\/\"><strong>Di\u00e1logos em Defesa da Democracia<\/strong><\/a><\/span><\/h4>\n<h4><span style=\"color: #000000\"><a style=\"color: #000000\" href=\"\/\/homolog.saopaulo.sp.leg.br\/escoladoparlamento\/cursos\/cursos-anteriores\/cursos-realizados-em-2021\/seminarios-avancados-fortalecendo-a-discussao-teorica-sobre-politicas-educacionais\/&quot;\">Semin\u00e1rios Tem\u00e1ticos em Pol\u00edticas Educacionais<\/a><\/span><\/h4>\n<h4><span style=\"color: #ff6600\"><br \/>\nAbril<br \/>\n<\/span><\/h4>\n<h4><span style=\"color: #000000\"><a style=\"color: #000000\" href=\"https:\/\/homolog.saopaulo.sp.leg.br\/escoladoparlamento\/cursos\/inscricoes-abertas\/incidencia-da-covid-19-na-rede-estadual-de-educacao-de-sao-paulo\/\">Incid\u00eancia da Covid-19 na rede estadual de educa\u00e7\u00e3o de S\u00e3o Paulo<\/a><\/span><\/h4>\n<h4><span style=\"color: #000000\"><a style=\"color: #000000\" href=\"https:\/\/homolog.saopaulo.sp.leg.br\/escoladoparlamento\/cursos\/cursos-anteriores\/cursos-realizados-em-2021\/curso-de-extensao-universitaria-observacao-e-registro-fotografico-na-educacao-infantil\/\"><strong>Observa\u00e7\u00e3o e registro fotogr\u00e1fico na educa\u00e7\u00e3o infantil<\/strong><\/a><\/span><\/h4>\n<h4><span style=\"color: #000000\"><a style=\"color: #000000\" href=\"https:\/\/homolog.saopaulo.sp.leg.br\/escoladoparlamento\/cursos\/cursos-anteriores\/cursos-realizados-em-2021\/gestao-publica-municipal-no-combate-ao-covid-19-saude-e-servico-funerario\/\"><strong>Gest\u00e3o P\u00fablica Municipal no Combate ao Covid-19: Sa\u00fade e Servi\u00e7o Funer\u00e1rio<\/strong><\/a><\/span><\/h4>\n<h4><span style=\"color: #000000\"><strong><a style=\"color: #000000\" href=\"https:\/\/homolog.saopaulo.sp.leg.br\/escoladoparlamento\/cursos\/cursos-anteriores\/cursos-realizados-em-2021\/incidencia-da-covid-19-na-rede-estadual-de-educacao-de-sao-paulo\/\">Incid\u00eancia da Covid-19 na Rede Estadual de Educa\u00e7\u00e3o de S\u00e3o Paulo<\/a><\/strong><\/span><\/h4>\n<h4><span style=\"color: #000000\"><a style=\"color: #000000\" href=\"https:\/\/homolog.saopaulo.sp.leg.br\/escoladoparlamento\/cursos\/cursos-anteriores\/cursos-realizados-em-2021\/indice-de-democracia-local-idl-estudos-a-partir-da-experiencia-de-sao-paulo\/\"><strong>\u00cdndice de Democracia Local (IDL): Estudos a partir da experi\u00eancia de S\u00e3o Paulo<\/strong><\/a><\/span><\/h4>\n<h4><span style=\"color: #ff6600\"><br \/>\nMaio<\/span><\/h4>\n<h4><span style=\"color: #000000\"><a style=\"color: #000000\" href=\"https:\/\/homolog.saopaulo.sp.leg.br\/escoladoparlamento\/cursos\/cursos-anteriores\/cursos-realizados-em-2021\/pesquisa-em-ciencia-politica-resultados-debates-e-perspectivas\/\">Semin\u00e1rio de Lan\u00e7amento da 13\u00ba Revista Parlamento e Sociedade: Pesquisa em Ci\u00eancia Pol\u00edtica: Resultados, Debates e Perspectivas<\/a><\/span><\/h4>\n<h4><a href=\"https:\/\/homolog.saopaulo.sp.leg.br\/escoladoparlamento\/cursos\/cursos-anteriores\/cursos-realizados-em-2021\/ciclo-de-dialogos-formativos-em-gestao-escolar-e-educacional\/\"><span style=\"color: #000000\">Ciclo de Di\u00e1logos Formativos em Gest\u00e3o Escolar e Educacional<\/span><\/a><\/h4>\n<h4><span style=\"color: #000000\"><strong><a style=\"color: #000000\" href=\"https:\/\/homolog.saopaulo.sp.leg.br\/escoladoparlamento\/cursos\/cursos-anteriores\/cursos-realizados-em-2021\/direito-urbanistico-politica-urbana-e-plano-diretor-estrategico-fundamentos-para-acao-legislativa\/\">Direito Urban\u00edstico e a Revis\u00e3o do Plano Diretor: Fundamentos para A\u00e7\u00e3o Legislativa<\/a><\/strong><\/span><\/h4>\n<h4><span style=\"color: #000000\"><strong><a style=\"color: #000000\" href=\"https:\/\/homolog.saopaulo.sp.leg.br\/escoladoparlamento\/cursos\/cursos-anteriores\/cursos-realizados-em-2021\/14-descobrir-sao-paulo-descobrir-se-reporter-projeto-reporter-do-futuro-2021\/\">14\u00b0 Descobrir S\u00e3o Paulo, Descobrir-se rep\u00f3rter &#8211; Projeto Rep\u00f3rter do Futuro 2021<\/a><\/strong><\/span><\/h4>\n<h4><span style=\"color: #000000\"><strong><a style=\"color: #000000\" href=\"https:\/\/homolog.saopaulo.sp.leg.br\/escoladoparlamento\/cursos\/cursos-anteriores\/cursos-realizados-em-2021\/escola-para-educacao-integral-em-tempos-de-pandemia-e-pos-pandemia\/\"><strong>Escola para Educa\u00e7\u00e3o Integral em Tempos de Pandemia e P\u00f3s-pandemia<\/strong><\/a><\/strong><\/span><\/h4>\n<h4><span style=\"color: #000000\"><strong><a style=\"color: #000000\" href=\"https:\/\/homolog.saopaulo.sp.leg.br\/escoladoparlamento\/cursos\/cursos-anteriores\/cursos-realizados-em-2021\/violencia-urbana-politicas-de-seguranca-publica-e-direitos-humanos-desafios-para-os-municipios\/\"><strong>Viol\u00eancia Urbana, Pol\u00edticas de Seguran\u00e7a P\u00fablica e Direitos Humanos: Desafios para os Munic\u00edpios<\/strong><\/a><\/strong><\/span><\/h4>\n<h4><span style=\"color: #ff6600\"><br \/>\nJunho<\/span><\/h4>\n<h4><span style=\"color: #000000\"><a style=\"color: #000000\" href=\"https:\/\/homolog.saopaulo.sp.leg.br\/escoladoparlamento\/cursos\/cursos-anteriores\/cursos-realizados-em-2021\/desafios-da-educacao-politica-e-civica\/\">Desafio<\/a><a style=\"color: #000000\" href=\"https:\/\/homolog.saopaulo.sp.leg.br\/escoladoparlamento\/cursos\/cursos-anteriores\/cursos-realizados-em-2021\/desafios-da-educacao-politica-e-civica\/\">s<\/a><strong><a style=\"color: #000000\" href=\"https:\/\/homolog.saopaulo.sp.leg.br\/escoladoparlamento\/cursos\/cursos-anteriores\/cursos-realizados-em-2021\/desafios-da-educacao-politica-e-civica\/\"> da Educa\u00e7\u00e3o Pol\u00edtica e C\u00edvica <\/a><\/strong><\/span><\/h4>\n<h4><span style=\"color: #000000\"><strong><a style=\"color: #000000\" href=\"https:\/\/homolog.saopaulo.sp.leg.br\/escoladoparlamento\/cursos\/cursos-anteriores\/cursos-realizados-em-2021\/introducao-a-filosofia-de-immanuel-kant\/\">Introdu\u00e7\u00e3o \u00e0 Filosofia de Immanuel Kant<\/a><\/strong><\/span><\/h4>\n<p><span style=\"color: #ff6600\"><strong><br \/>\nAgosto<\/strong><\/span><\/p>\n<h4><span style=\"color: #000000\"><strong><a style=\"color: #000000\" href=\"https:\/\/homolog.saopaulo.sp.leg.br\/escoladoparlamento\/cursos\/cursos-anteriores\/cursos-realizados-em-2021\/lancamento-do-livro-a-educacao-integral-em-tempos-de-pandemia\/\">Lan\u00e7amento do Livro &#8220;A Educa\u00e7\u00e3o Integral em Tempos de Pandemia&#8221; &#8211; GPEI\/PUCSP<\/a><\/strong><\/span><\/h4>\n<h4><span style=\"color: #000000\"><strong><a style=\"color: #000000\" href=\"https:\/\/homolog.saopaulo.sp.leg.br\/escoladoparlamento\/cursos\/cursos-anteriores\/cursos-realizados-em-2021\/pesquisa-em-educacao-teorias-metodologias-e-abordagens\/\">Pesquisa em Educa\u00e7\u00e3o: Teorias, Metodologias e Abordagens<\/a><\/strong><\/span><\/h4>\n<p><strong><span style=\"color: #000000\"><a style=\"color: #000000\" href=\"https:\/\/homolog.saopaulo.sp.leg.br\/escoladoparlamento\/cursos\/cursos-anteriores\/cursos-realizados-em-2021\/agenda-publica-legislativa-em-cidades-humanas-inteligentes-e-sustentaveis-compromissos-e-acao\/\">Agenda P\u00fablica Legislativa em Cidades Humanas, Inteligentes e Sustent\u00e1veis: Compromissos e A\u00e7\u00e3o<\/a><\/span><\/strong><\/p>\n<p><strong><a style=\"color: #000000\" href=\"https:\/\/homolog.saopaulo.sp.leg.br\/escoladoparlamento\/cursos\/cursos-anteriores\/cursos-realizados-em-2021\/gestao-municipal-colaboracao-intermunicipal-e-politicas-educacionais\/\">Gest\u00e3o Municipal, Colabora\u00e7\u00e3o Intermunicipal e Pol\u00edticas Educacionais<\/a><\/strong><\/p>\n<h4><span style=\"color: #000000\"><strong><a style=\"color: #000000\" href=\"https:\/\/homolog.saopaulo.sp.leg.br\/escoladoparlamento\/cursos\/cursos-anteriores\/cursos-realizados-em-2021\/conceitos-e-metricas-de-democracia-desenvolvimento-e-sustentabilidade\/\">Conceitos e M\u00e9tricas de Democracia, Desenvolvimento e Sustentabilidade<\/a><\/strong><\/span><\/h4>\n<h4><a href=\"https:\/\/homolog.saopaulo.sp.leg.br\/escoladoparlamento\/cursos\/cursos-anteriores\/cursos-realizados-em-2021\/observando-a-camara-e-os-vereadores-lancamento-do-relatorio-de-avaliacao-legislativa-2017-2020\/\"><span style=\"color: #000000\"><strong>Lan\u00e7amento do Relat\u00f3rio de Avalia\u00e7\u00e3o Legislativa 2017-2020 | Observando a C\u00e2mara e os Vereadores<\/strong><\/span><\/a><\/h4>\n<h4><span style=\"color: #000000\"><strong><a style=\"color: #000000\" href=\"https:\/\/homolog.saopaulo.sp.leg.br\/escoladoparlamento\/cursos\/cursos-anteriores\/cursos-realizados-em-2021\/legislar-sobre-o-livro-e-a-leitura-compromissos-fundamentais\/\">Legislar sobre o Livro e a Leitura: Compromissos Fundamentais<\/a><\/strong><\/span><\/h4>\n<h4 class=\"event-name\"><a href=\"https:\/\/homolog.saopaulo.sp.leg.br\/escoladoparlamento\/cursos\/cursos-anteriores\/cursos-realizados-em-2021\/educacao-para-os-objetivos-de-desenvolvimento-sustentavel-compromissos-e-possibilidades\/\"><span style=\"color: #000000\">Educa\u00e7\u00e3o para os objetivos de desenvolvimento sustent\u00e1vel: compromissos e possibilidades<\/span><\/a><\/h4>\n<h4 class=\"event-name\"><a href=\"https:\/\/homolog.saopaulo.sp.leg.br\/escoladoparlamento\/cursos\/cursos-anteriores\/cursos-realizados-em-2021\/comunicacao-publica-e-cidadania\/\"><span style=\"color: #000000\">Comunica\u00e7\u00e3o P\u00fablica e Cidadania<\/span><\/a><\/h4>\n<p><span style=\"color: #ff6600\"><strong><br \/>\nSetembro<\/strong><\/span><\/p>\n<h4 class=\"event-name\"><a href=\"https:\/\/homolog.saopaulo.sp.leg.br\/escoladoparlamento\/cursos\/cursos-anteriores\/cursos-realizados-em-2021\/desigualdades-e-politicas-publicas\/\"><span style=\"color: #000000\">Desigualdades e Pol\u00edticas P\u00fablicas<\/span><\/a><\/h4>\n<p><span style=\"color: #000000\"><strong><a style=\"color: #000000\" href=\"https:\/\/homolog.saopaulo.sp.leg.br\/escoladoparlamento\/cursos\/cursos-anteriores\/cursos-realizados-em-2021\/ciclo-de-escuta-ativa-sme-e-escola-do-parlamento\/\">Ciclo de Escuta Ativa<\/a><\/strong><\/span><\/p>\n<p><span style=\"color: #000000\"><a style=\"color: #000000\" href=\"https:\/\/homolog.saopaulo.sp.leg.br\/escoladoparlamento\/cursos\/cursos-anteriores\/cursos-realizados-em-2021\/paulo-freire-vive\/\"><b>Paulo Freire Vive!<\/b><\/a><\/span><\/p>\n<p><span style=\"color: #000000\"><a style=\"color: #000000\" href=\"https:\/\/homolog.saopaulo.sp.leg.br\/escoladoparlamento\/cursos\/cursos-anteriores\/cursos-realizados-em-2021\/literatura-e-direitos-humanos-politicas-publicas-saberes-e-praticas-nas-salas-e-espacos-de-leitura\/\"><b>Literatura e Direitos Humanos: Pol\u00edticas P\u00fablicas, Saberes e Pr\u00e1ticas nas Salas de Aula e Espa\u00e7os de Leitura<\/b><\/a><\/span><\/p>\n<p><span style=\"color: #ff6600\"><strong>Outubro<\/strong><\/span><\/p>\n<h4 class=\"event-name\"><a href=\"https:\/\/homolog.saopaulo.sp.leg.br\/escoladoparlamento\/cursos\/cursos-anteriores\/cursos-realizados-em-2021\/gestao-na-educacao-infantil-cenarios-do-cotidiano\/\"><span style=\"color: #000000\">Gest\u00e3o na Educa\u00e7\u00e3o Infantil: Cen\u00e1rios do Cotidiano<\/span><\/a><\/h4>\n<p><span style=\"color: #000000\"><a style=\"color: #000000\" href=\"https:\/\/homolog.saopaulo.sp.leg.br\/escoladoparlamento\/cursos\/cursos-anteriores\/cursos-realizados-em-2021\/12o-encontro-de-estudos-das-origens-da-filosofia-contemporanea\/\"><strong>12\u00ba Encontro de Estudos das Origens da Filosofia Contempor\u00e2nea<\/strong><\/a><\/span><\/p>\n<p><span style=\"color: #000000\"><a style=\"color: #000000\" href=\"https:\/\/homolog.saopaulo.sp.leg.br\/escoladoparlamento\/cursos\/cursos-anteriores\/cursos-realizados-em-2021\/semana-municipal-de-ciencia-tecnologia-inovacao-e-desenvolvimento\/\"><strong>Semana Municipal de Ci\u00eancia, Tecnologia, Inova\u00e7\u00e3o e Desenvolvimento<\/strong><\/a><\/span><\/p>\n<p><strong><span style=\"color: #000000\"><a style=\"color: #000000\" href=\"https:\/\/homolog.saopaulo.sp.leg.br\/escoladoparlamento\/cursos\/cursos-anteriores\/cursos-realizados-em-2021\/educacao-das-pessoas-com-deficiencia-na-perspectiva-inclusiva\/\">Educa\u00e7\u00e3o das Pessoas com Defici\u00eancia na perspectiva inclusiva<\/a><\/span><\/strong><\/p>\n<p><span style=\"color: #ff6600\"><strong><br \/>\nNovembro<\/strong><\/span><\/p>\n<p><span style=\"color: #000000\"><a style=\"color: #000000\" href=\"https:\/\/homolog.saopaulo.sp.leg.br\/escoladoparlamento\/cursos\/cursos-anteriores\/cursos-realizados-em-2021\/justica-como-equidade-na-escola\/\"><strong>Justi\u00e7a como Equidade na Escola<\/strong><\/a><\/span><\/p>\n<p class=\"EventListInfostyle__Title-sc-1wzh7l6-2 hEGrdS\"><span style=\"color: #000000\"><strong><a style=\"color: #000000\" href=\"https:\/\/homolog.saopaulo.sp.leg.br\/escoladoparlamento\/cursos\/cursos-anteriores\/cursos-realizados-em-2021\/curso-de-extensao-os-direitos-das-pessoas-com-deficiencia-e-as-politicas-municipais-de-inclusao\/\">Direitos das Pessoas com Defici\u00eancia e as Pol\u00edticas Municipais de Inclus\u00e3o<\/a><\/strong><\/span><\/p>\n<p><span style=\"color: #000000\"><a style=\"color: #000000\" href=\"https:\/\/homolog.saopaulo.sp.leg.br\/escoladoparlamento\/cursos\/cursos-anteriores\/cursos-realizados-em-2021\/paradiplomacia-municipios-entes-subnacionais-e-entes-nao-estatais-nas-relacoes-internacionais\/\"><b>Paradiplomacia: munic\u00edpios, entes subnacionais e entes n\u00e3o-estatais nas Rela\u00e7\u00f5es Internacionais.<\/b><\/a><\/span><\/p>\n<p><span style=\"color: #000000\"><strong><a style=\"color: #000000\" href=\"https:\/\/homolog.saopaulo.sp.leg.br\/escoladoparlamento\/cursos\/cursos-anteriores\/cursos-realizados-em-2021\/ciclo-de-seminarios-caminhos-do-dinheiro-publico\/?preview_id=26823&amp;preview_nonce=541c67c361&amp;preview=true\">Caminhos do Dinheiro P\u00fablico\u00a0<\/a><\/strong><\/span><\/p>\n<p><span style=\"color: #000000\"><strong><a style=\"color: #000000\" href=\"https:\/\/homolog.saopaulo.sp.leg.br\/escoladoparlamento\/cursos\/cursos-anteriores\/cursos-realizados-em-2021\/curso-de-extensao-partidos-politicos-e-sistema-eleitoral-no-brasil\/?preview_id=26820&amp;preview_nonce=3437579c16&amp;preview=true\">Partidos Pol\u00edticos e Sistema Eleitoral no Brasil\u00a0<\/a><\/strong><\/span><\/p>\n<p><span style=\"color: #000000\"><strong><a style=\"color: #000000\" href=\"https:\/\/homolog.saopaulo.sp.leg.br\/escoladoparlamento\/cursos\/cursos-anteriores\/cursos-realizados-em-2021\/introducao-a-filosofia-de-wilhelm-dilthey\/\"><strong>Introdu\u00e7\u00e3o \u00e0 Filosofia de Wilhelm Dilthey<\/strong><\/a><\/strong><\/span><\/p>\n<p><span style=\"color: #000000\"><strong><a style=\"color: #000000\" href=\"https:\/\/homolog.saopaulo.sp.leg.br\/escoladoparlamento\/cursos\/cursos-anteriores\/cursos-realizados-em-2021\/lancamento-do-manual-dos-direitos-da-pessoa-com-autismo\/\"><strong>Lan\u00e7amento do Manual dos Direitos da Pessoa com Autismo<\/strong><\/a><\/strong><\/span><\/p>\n<p><span style=\"color: #000000\"><strong><a style=\"color: #000000\" href=\"https:\/\/homolog.saopaulo.sp.leg.br\/escoladoparlamento\/cursos\/cursos-anteriores\/cursos-realizados-em-2021\/curso-de-extensao-educacao-para-as-midias-e-qualidade-da-democracia-no-brasil\/\"><strong>Curso de Extens\u00e3o | Educa\u00e7\u00e3o para as M\u00eddias e Qualidade da Democracia no Brasil<\/strong><\/a><\/strong><\/span><\/p>\n<p><span style=\"color: #000000\"><strong><a style=\"color: #000000\" href=\"https:\/\/homolog.saopaulo.sp.leg.br\/escoladoparlamento\/cursos\/cursos-anteriores\/cursos-realizados-em-2021\/politicas-publicas-para-a-juventude\/\"><strong>Pol\u00edticas P\u00fablicas para a Juventude<\/strong><\/a><\/strong><\/span><\/p>\n<p><span style=\"color: #000000\"><strong><a style=\"color: #000000\" href=\"https:\/\/homolog.saopaulo.sp.leg.br\/escoladoparlamento\/cursos\/cursos-anteriores\/cursos-realizados-em-2021\/dialogos-sul-norte-em-democracia-desenvolvimento-e-sustentabilidade\/\"><strong>Di\u00e1logos Sul-Norte em Democracia, Desenvolvimento e Sustentabilidade<\/strong><\/a><\/strong><\/span><\/p>\n<p><strong><span style=\"color: #ff6600\">Dezembro<\/span><\/strong><\/p>\n<p><span style=\"color: #000000\"><strong><a style=\"color: #000000\" href=\"https:\/\/homolog.saopaulo.sp.leg.br\/escoladoparlamento\/cursos\/cursos-anteriores\/cursos-realizados-em-2021\/cpi-em-acao-a-experiencia-da-camara-municipal-de-sao-paulo\/\"><strong>CPI em a\u00e7\u00e3o: a experi\u00eancia da C\u00e2mara Municipal de S\u00e3o Paulo<\/strong><\/a><\/p>\n","protected":false},"excerpt":{"rendered":"<p>Janeiro SP467: Di\u00e1logos sobre a cidade que sonhamos Fevereiro Desafios da Radicaliza\u00e7\u00e3o da Democracia no Estado Brasileiro Mar\u00e7o Presen\u00e7a e atua\u00e7\u00e3o das mulheres na pol\u00edtica paulistana Direitos de Cidadania da Pessoa com Defici\u00eancia Tempo Escolar e Pandemia de Covid-19 na Am\u00e9rica Latina Pol\u00edticas P\u00fablicas de Cultura Poder Legislativo e Pol\u00edticas P\u00fablicas: Da agenda \u00e0 avalia\u00e7\u00e3o [&hellip;]<\/p>\n","protected":false},"author":695,"featured_media":0,"parent":169,"menu_order":151,"comment_status":"closed","ping_status":"closed","template":"","meta":{"_acf_changed":false,"footnotes":""},"class_list":["post-25320","page","type-page","status-publish","hentry"],"acf":[],"_links":{"self":[{"href":"https:\/\/homolog.saopaulo.sp.leg.br\/escoladoparlamento\/wp-json\/wp\/v2\/pages\/25320","targetHints":{"allow":["GET"]}}],"collection":[{"href":"https:\/\/homolog.saopaulo.sp.leg.br\/escoladoparlamento\/wp-json\/wp\/v2\/pages"}],"about":[{"href":"https:\/\/homolog.saopaulo.sp.leg.br\/escoladoparlamento\/wp-json\/wp\/v2\/types\/page"}],"author":[{"embeddable":true,"href":"https:\/\/homolog.saopaulo.sp.leg.br\/escoladoparlamento\/wp-json\/wp\/v2\/users\/695"}],"replies":[{"embeddable":true,"href":"https:\/\/homolog.saopaulo.sp.leg.br\/escoladoparlamento\/wp-json\/wp\/v2\/comments?post=25320"}],"version-history":[{"count":5,"href":"https:\/\/homolog.saopaulo.sp.leg.br\/escoladoparlamento\/wp-json\/wp\/v2\/pages\/25320\/revisions"}],"predecessor-version":[{"id":27801,"href":"https:\/\/homolog.saopaulo.sp.leg.br\/escoladoparlamento\/wp-json\/wp\/v2\/pages\/25320\/revisions\/27801"}],"up":[{"embeddable":true,"href":"https:\/\/homolog.saopaulo.sp.leg.br\/escoladoparlamento\/wp-json\/wp\/v2\/pages\/169"}],"wp:attachment":[{"href":"https:\/\/homolog.saopaulo.sp.leg.br\/escoladoparlamento\/wp-json\/wp\/v2\/media?parent=25320"}],"curies":[{"name":"wp","href":"https:\/\/api.w.org\/{rel}","templated":true}]}}