{"id":25346,"date":"2021-03-02T19:45:34","date_gmt":"2021-03-02T22:45:34","guid":{"rendered":"https:\/\/homolog.saopaulo.sp.leg.br\/escoladoparlamento\/?page_id=25346"},"modified":"2021-06-10T15:50:00","modified_gmt":"2021-06-10T18:50:00","slug":"politicas-publicas-de-cultura","status":"publish","type":"page","link":"https:\/\/homolog.saopaulo.sp.leg.br\/escoladoparlamento\/cursos\/cursos-anteriores\/cursos-realizados-em-2021\/politicas-publicas-de-cultura\/","title":{"rendered":"Pol\u00edticas P\u00fablicas de Cultura"},"content":{"rendered":"<h3><strong>Curso de extens\u00e3o Universit\u00e1ria (20h)<\/strong><\/h3>\n<p>&nbsp;<\/p>\n<p><b>Professora respons\u00e1vel: <\/b>Corina Moreira<br \/>\n<em>Doutora (2019) e Mestre (2008) em Ci\u00eancias Sociais pela PUC Minas, onde tamb\u00e9m cursou a especializa\u00e7\u00e3o em Hist\u00f3ria do Brasil (1994). Graduada em Hist\u00f3ria pela UFMG (1992). Desde 2006 \u00e9 Cientista Social do Instituto do Patrim\u00f4nio Hist\u00f3rico e Art\u00edstico Nacional\/Iphan, atuando nas pol\u00edticas de salvaguarda do patrim\u00f4nio cultural imaterial. Desenvolve pesquisas especialmente em pol\u00edticas p\u00fablicas, democracia participativa, participa\u00e7\u00e3o social, pol\u00edticas de cultura e de patrim\u00f4nio cultural.<\/em><\/p>\n<p style=\"text-align: center\">***<\/p>\n<p>Como resultado de uma luta hist\u00f3rica da sociedade civil durante o per\u00edodo da redemocratiza\u00e7\u00e3o, a Constitui\u00e7\u00e3o Federal de 1988 explicitou, em seu artigo 215, o dever do Estado brasileiro de garantir o pleno exerc\u00edcio dos direitos culturais. Tal reconhecimento sinaliza um importante avan\u00e7o ao reconhecer os direitos culturais como elemento insubstitu\u00edvel e componente obrigat\u00f3rio do pacto de cidadania proposto naquela Carta.<\/p>\n<p>Dezessete anos depois, mais um avan\u00e7o importante foi conquistado: a Emenda Constitucional 48\/2005 acrescentou a esse artigo a obrigatoriedade da constru\u00e7\u00e3o e implementa\u00e7\u00e3o de um Plano Nacional de Cultura; instrumento articulador e orientador dos esfor\u00e7os da federa\u00e7\u00e3o brasileira nesta \u00e1rea.<\/p>\n<p>Mas mesmo considerando esses avan\u00e7os no campo normativo, as pol\u00edticas p\u00fablicas de cultura, no Brasil, ainda apresentam lacunas severas e s\u00e3o atravessadas por fragilidades m\u00faltiplas que impedem uma a\u00e7\u00e3o efetivamente consistente, sustent\u00e1vel e abrangente do Estado brasileiro. Um amplo conjunto de quest\u00f5es complexas explicam essa realidade, dentre as quais poder\u00edamos destacar, a t\u00edtulo de exemplo, a dificuldade de institucionalizar \u00f3rg\u00e3os gestores para as pol\u00edticas culturais nos munic\u00edpios e nos estados, a subalterniza\u00e7\u00e3o das a\u00e7\u00f5es de cultura na disputa or\u00e7ament\u00e1ria e a insufici\u00eancia do sistema de forma\u00e7\u00e3o e qualifica\u00e7\u00e3o de profissionais da cultura.<\/p>\n<p>Tendo em vista esse cen\u00e1rio e a responsabilidade compartilhada pelo poder legislativo e pelo poder executivo, nos diferentes n\u00edveis da federa\u00e7\u00e3o, com a melhoria sist\u00eamica das pol\u00edticas culturais, a Escola do Parlamento prop\u00f5e este curso de extens\u00e3o universit\u00e1ria.<\/p>\n<p><strong>Objetivos:<\/strong><\/p>\n<p>Apresentar, discutir e problematizar a constru\u00e7\u00e3o hist\u00f3rica da no\u00e7\u00e3o de direitos culturais como parte dos direitos humanos bem como a hist\u00f3ria e a atualidade das pol\u00edticas p\u00fablicas de cultura, abordando, entre outras coisas, as din\u00e2micas pr\u00f3prias do pacto federativo brasileiro, a organiza\u00e7\u00e3o do sistema nacional de cultura, as rela\u00e7\u00f5es intergovernamentais, os mecanismos de articula\u00e7\u00e3o p\u00fablico\/privado, o lugar do terceiro setor e as din\u00e2micas &#8211; participa\u00e7\u00e3o social e popular.<\/p>\n<p><strong>P\u00fablico alvo: <\/strong><\/p>\n<p>Servidores p\u00fablicos, estudantes, profissionais, pesquisadores e ativistas envolvidos na elabora\u00e7\u00e3o, implementa\u00e7\u00e3o, avalia\u00e7\u00e3o, controle externo e controle social das pol\u00edticas culturais, cidad\u00e3os em geral interessados na \u00e1rea de cultura.<\/p>\n<p><strong>Metodologia:<\/strong><\/p>\n<p>Aulas expositivas, exposi\u00e7\u00e3o dialogada, leituras orientadas, exerc\u00edcios de reflex\u00e3o te\u00f3rica e estudos de caso; documentos, textos legais ou mobiliza\u00e7\u00e3o de outros materiais did\u00e1ticos, a crit\u00e9rio da professora.<br \/>\n<span style=\"color: #ff0000\">Destaca-se que os encontros acontecem pela plataforma do ZOOM em link a ser divulgado aos inscritos.<\/span><\/p>\n<p><strong>Vagas<\/strong><strong>: <\/strong>200<\/p>\n<p><strong>Carga hor\u00e1ria total<\/strong>:\u00a020h, distribu\u00eddas em 7 encontros semanais de 2h totalizando 14h de aulas e 6h para atividades complementares<\/p>\n<p><strong>Avalia\u00e7\u00e3o:\u00a0<\/strong>Atividade de avalia\u00e7\u00e3o com 10 (dez) quest\u00f5es de m\u00faltipla escolha a ser aplicada e respondida em at\u00e9 72 horas ap\u00f3s o t\u00e9rmino da s\u00e9tima e \u00faltima aula do curso.<\/p>\n<p><strong>Presen\u00e7a e Certifica\u00e7\u00e3o:<\/strong>\u00a0Confira a \u201cPol\u00edtica de controle de inscri\u00e7\u00e3o, frequ\u00eancia e certifica\u00e7\u00e3o para cursos livres da Escola do Parlamento na modalidade n\u00e3o presencial\u201d,\u00a0<a href=\"https:\/\/homolog.saopaulo.sp.leg.br\/escoladoparlamento\/wp-content\/uploads\/sites\/5\/2021\/01\/POLITICA-DE-INSCRICAO-E-CERTIFICACAO_21jan21.pdf\">clicando aqui<\/a><\/p>\n<p><strong>Data e Hor\u00e1rio:<\/strong> de 18\/03 a 29\/04, das 19h \u00e0s 21h<\/p>\n<h2>Inscri\u00e7\u00f5es: <span style=\"color: #ff0000\">encerradas<\/span><\/h2>\n<p><strong><span style=\"color: #ff0000\">Programa\u00e7\u00e3o:<\/span><br \/>\n<\/strong><strong>18\/3 &#8211; 19h<br \/>\nAULA 1 &#8211; Direitos Humanos e Direitos Culturais <\/strong>(<a href=\"https:\/\/youtu.be\/iD76abSVxHY\">clique aqui<\/a> para assistir novamente)<strong><br \/>\n<\/strong><\/p>\n<ul>\n<li>Contextualiza\u00e7\u00e3o hist\u00f3rica: a Declara\u00e7\u00e3o Universal dos Direitos Humanos e os direitos culturais<\/li>\n<li>Universalismo e diversidade: os tratados internacionais para garantia e promo\u00e7\u00e3o dos direitos culturais; a cultura em sua dimens\u00e3o antropol\u00f3gica; o \u201cgiro decolonial\u201d<\/li>\n<li>Direitos culturais: o direito \u00e0 express\u00e3o, \u00e0 produ\u00e7\u00e3o, ao acesso, \u00e0 frui\u00e7\u00e3o cultural; o direito \u00e0\/s mem\u00f3ria\/s, \u00e0\/s identidade\/s, \u00e0 diversidade<\/li>\n<\/ul>\n<p><strong>25\/3 &#8211; 19h<br \/>\nAULA 2 &#8211; A defini\u00e7\u00e3o de cultura enquanto foco das pol\u00edticas p\u00fablicas <\/strong>(<a href=\"https:\/\/youtu.be\/O8ga5ZGPOxc\">clique aqui<\/a> para assistir novamente)<\/p>\n<ul>\n<li>Pol\u00edticas p\u00fablicas: alguns conceitos preliminares<\/li>\n<li>A \u201cinven\u00e7\u00e3o contempor\u00e2nea das pol\u00edticas culturais\u201d: cultura e na\u00e7\u00e3o; preserva\u00e7\u00e3o, difus\u00e3o e acesso \u00e0 cultura; diversidade e descentraliza\u00e7\u00e3o; cultura, desenvolvimento e mercado<\/li>\n<li>Pol\u00edticas p\u00fablicas de cultura: a cultura como um problema p\u00fablico; par\u00e2metros conceituais e normativos; princ\u00edpios e diretrizes<\/li>\n<\/ul>\n<p><strong>8\/4 &#8211; 19h<br \/>\nAULA 3 &#8211; Estudos comparados em pol\u00edticas p\u00fablicas de cultura: visadas da experi\u00eancia internacional <\/strong>(<a href=\"https:\/\/youtu.be\/ki0RVBdH3Dw\">clique aqui<\/a> para assistir novamente)<strong><br \/>\n<\/strong><\/p>\n<ul>\n<li>Alguns eixos de an\u00e1lise em pol\u00edticas culturais comparadas: modelos de gest\u00e3o, estruturas institucionais, financiamento, participa\u00e7\u00e3o social<\/li>\n<li>Estudo de caso: pol\u00edticas culturais em pa\u00edses latino-americanos<\/li>\n<li>Estudo de caso: pol\u00edticas culturais em pa\u00edses europeus<\/li>\n<\/ul>\n<p><strong>15\/4 &#8211; 19h<br \/>\n<\/strong><strong>AULA 4 &#8211; Aspectos da Hist\u00f3ria das Pol\u00edticas Culturais no Brasil <\/strong>(<a href=\"https:\/\/youtu.be\/x-YdoIDgzEg\">clique aqui<\/a> para assistir novamente)<\/p>\n<ul>\n<li>Linha do tempo: pol\u00edticas culturais no Brasil<\/li>\n<li>Pol\u00edticas culturais setoriais: livro e leitura, museus e patrim\u00f4nio cultural, cinema, teatro, m\u00fasica, dan\u00e7a, cultura popular<\/li>\n<li>Pol\u00edticas culturais no Brasil: quest\u00f5es atuais<\/li>\n<\/ul>\n<p><strong>22\/4 &#8211; 19h<br \/>\nAULA 5 &#8211; O Sistema Nacional de Cultura e o Plano Nacional de Cultura <\/strong>(<a href=\"https:\/\/youtu.be\/7ZQ8K7-qLpY\">clique aqui<\/a> para assistir novamente)<strong><br \/>\n<\/strong><\/p>\n<ul>\n<li>Contextualiza\u00e7\u00e3o hist\u00f3rica: o Programa Cultura Viva, o Conselho Nacional de Pol\u00edtica Cultural, as oficinas do PNC e as Confer\u00eancias de Cultura<\/li>\n<li>O PNC e o SNC: descentraliza\u00e7\u00e3o, participa\u00e7\u00e3o social e gest\u00e3o compartilhada<\/li>\n<li>As pol\u00edticas estaduais e municipais de cultura<\/li>\n<\/ul>\n<p><strong>29\/4 &#8211; 19h<br \/>\nAULA 6 &#8211; Pol\u00edticas P\u00fablicas e produ\u00e7\u00e3o legislativa de Cultura na Cidade de S\u00e3o Paulo <\/strong>(<a href=\"https:\/\/www.youtube.com\/watch?v=EKDxE6retfM&amp;t=10s\">clique aqui<\/a> para assistir novamente)<\/p>\n<ul>\n<li>Breves apontamentos hist\u00f3ricos: do Departamento de Cultura \u00e0 Secretaria Municipal de Cultura<\/li>\n<li>Territ\u00f3rio, cidadania e cultura na cidade de S\u00e3o Paulo: pol\u00edtica cultural na cidade polic\u00eantrica<\/li>\n<li>O Sistema e o Plano Municipal de Cultura da Cidade de S\u00e3o Paulo: participa\u00e7\u00e3o social, infraestrutura, informa\u00e7\u00e3o, mem\u00f3ria, diversidade e sustentabilidade<\/li>\n<\/ul>\n<p><strong>6\/5 &#8211; 19h<br \/>\nAULA 7 &#8211; Instrumentos de Regula\u00e7\u00e3o e Controle Social das Pol\u00edticas P\u00fablicas de Cultura<\/strong>(<a href=\"https:\/\/www.youtube.com\/watch?v=F0A0jc0_Y-w\">clique aqui<\/a> para assistir novamente)<\/p>\n<ul>\n<li>Participa\u00e7\u00e3o social: conselhos e confer\u00eancias de cultura<\/li>\n<li>Conhecer para avaliar: sistemas de informa\u00e7\u00f5es e indicadores culturais<\/li>\n<li>Acesso \u00e0 informa\u00e7\u00e3o: lei de acesso \u00e0 informa\u00e7\u00e3o, ouvidorias e portais da transpar\u00eancia<\/li>\n<\/ul>\n<hr \/>\n<p><strong>Bibliografia:<\/strong><\/p>\n<p>BARBALHO, Alexandre <em>et al<\/em>. (org.). <strong>Cultura e desenvolvimento<\/strong>: perspectivas pol\u00edticas e econ\u00f4micas. Salvador: EDUFBA, 2011. Dispon\u00edvel em: <a href=\"https:\/\/repositorio.ufba.br\/ri\/bitstream\/ri\/2261\/1\/Cultura%20e%20Desenvolvimento_cult10_RI.pdf\">https:\/\/repositorio.ufba.br\/ri\/bitstream\/ri\/2261\/1\/Cultura%20e%20Desenvolvimento_cult10_RI.pdf<\/a>. Acesso em: 04 mar. 2021.<\/p>\n<p>BARBOSA, Frederico; CALABRE, Lia (org.). <strong>Pontos de cultura<\/strong>: olhares sobre o Programa Cultura Viva. Bras\u00edlia: Ipea, 2011. Dispon\u00edvel em: <a href=\"https:\/\/www.ipea.gov.br\/portal\/images\/stories\/PDFs\/livros\/livros\/livro_pontosdecultura.pdf\">https:\/\/www.ipea.gov.br\/portal\/images\/stories\/PDFs\/livros\/livros\/livro_pontosdecultura.pdf<\/a>. Acesso em: 04 mar. 2021.<\/p>\n<p>BARROS, Jos\u00e9 M\u00e1rcio; ZIVIANI, Paula. Equipamentos, meios e atividades culturais nos munic\u00edpios brasileiros: indicadores de diferen\u00e7as, desigualdades e diversidade cultural. <em>In<\/em>: CALABRE, Lia (org.). <strong>Pol\u00edticas culturais<\/strong>: reflex\u00f5es e a\u00e7\u00f5es. S\u00e3o Paulo: Ita\u00fa Cultural; Rio de Janeiro: Funda\u00e7\u00e3o Casa de Rui Barbosa, 2009. p. 106-130. Dispon\u00edvel em: <a href=\"http:\/\/d3nv1jy4u7zmsc.cloudfront.net\/wp-content\/uploads\/itau_pdf\/001513.pdf\">http:\/\/d3nv1jy4u7zmsc.cloudfront.net\/wp-content\/uploads\/itau_pdf\/001513.pdf<\/a>. Acesso em 04 mar. 2021.<\/p>\n<p>CALABRE, Lia. <strong>Pol\u00edticas culturais no Brasil<\/strong>. Dos anos 1930 ao s\u00e9culo XXI. Rio de Janeiro: Editora FGV, 2009.<\/p>\n<p>CALABRE, Lia (org.). <strong>Pol\u00edticas culturais<\/strong>: reflex\u00f5es e a\u00e7\u00f5es. S\u00e3o Paulo: Ita\u00fa Cultural; Rio de Janeiro: Funda\u00e7\u00e3o Casa de Rui Barbosa, 2009. Dispon\u00edvel em: <a href=\"http:\/\/d3nv1jy4u7zmsc.cloudfront.net\/wp-content\/uploads\/itau_pdf\/001513.pdf\">http:\/\/d3nv1jy4u7zmsc.cloudfront.net\/wp-content\/uploads\/itau_pdf\/001513.pdf<\/a>. Acesso em 04 mar. 2021.<\/p>\n<p>CALABRE, Lia. Gest\u00e3o cultural municipal na contemporaneidade. <em>In<\/em>: CALABRE, Lia (org.). <strong>Pol\u00edticas culturais<\/strong>: reflex\u00f5es e a\u00e7\u00f5es. S\u00e3o Paulo: Ita\u00fa Cultural; Rio de Janeiro: Funda\u00e7\u00e3o Casa de Rui Barbosa, 2009. p. 81-91. Dispon\u00edvel em: <a href=\"http:\/\/d3nv1jy4u7zmsc.cloudfront.net\/wp-content\/uploads\/itau_pdf\/001513.pdf\">http:\/\/d3nv1jy4u7zmsc.cloudfront.net\/wp-content\/uploads\/itau_pdf\/001513.pdf<\/a>. Acesso em 04 mar. 2021.<\/p>\n<p>CALABRE, Lia (org.). <strong>Pol\u00edticas culturais<\/strong>: teoria e pr\u00e1xis. S\u00e3o Paulo: Ita\u00fa Cultural; Rio de Janeiro: Funda\u00e7\u00e3o Casa de Rui Barbosa, 2011. Dispon\u00edvel em: <a href=\"http:\/\/d3nv1jy4u7zmsc.cloudfront.net\/wp-content\/uploads\/2013\/04\/Politica-Culturais-Teoria-e-Praxis.pdf\">http:\/\/d3nv1jy4u7zmsc.cloudfront.net\/wp-content\/uploads\/2013\/04\/Politica-Culturais-Teoria-e-Praxis.pdf<\/a>. Acesso em: 04 mar. 2021.<\/p>\n<p>CALABRE, Lia (org.). <strong>Pol\u00edticas culturais<\/strong>: olhares e contextos. Rio de Janeiro: Funda\u00e7\u00e3o Casa de Rui Barbosa; S\u00e3o Paulo: Ita\u00fa Cultural, 2015. Dispon\u00edvel em: <a href=\"http:\/\/d3nv1jy4u7zmsc.cloudfront.net\/wp-content\/uploads\/2015\/05\/PoliticasCulturais02_v07.pdf\">http:\/\/d3nv1jy4u7zmsc.cloudfront.net\/wp-content\/uploads\/2015\/05\/PoliticasCulturais02_v07.pdf<\/a>. Acesso em: 04 mar. 2021.<\/p>\n<p>CHAU\u00cd, Marilena. <strong>Cidadania cultural<\/strong>. O direito \u00e0 cultura. S\u00e3o Paulo: Editora Funda\u00e7\u00e3o Perseu Abramo, 2006.<\/p>\n<p>COELHO, Teixeira. <strong>Dicion\u00e1rio cr\u00edtico de pol\u00edtica cultural<\/strong>. S\u00e3o Paulo: Iluminuras: Fapesp, 1997. Dispon\u00edvel em: <a href=\"https:\/\/hugoribeiro.com.br\/biblioteca-digital\/Coelho-Dicionario_critico_de_politica_cultural.pdf\">https:\/\/hugoribeiro.com.br\/biblioteca-digital\/Coelho-Dicionario_critico_de_politica_cultural.pdf<\/a>. Acesso em: 04 mar. 2021.<\/p>\n<p>CUNHA FILHO, Francisco Humberto; BOTELHO, Isaura; SEVERINO, Jose Roberto (org.). <strong>Direitos culturais<\/strong>. Salvador: EDUFBA, 2018. Dispon\u00edvel em: <a href=\"https:\/\/repositorio.ufba.br\/ri\/bitstream\/ri\/26054\/1\/DireitosCulturais_CulturaPensamento-EDUFBA-2018.pdf\">https:\/\/repositorio.ufba.br\/ri\/bitstream\/ri\/26054\/1\/DireitosCulturais_CulturaPensamento-EDUFBA-2018.pdf<\/a>. Acesso em: 04 mar. 2021.<\/p>\n<p>DURAND, Jos\u00e9 Carlos. Cultura como objeto de Pol\u00edtica P\u00fablica.<strong> S\u00e3o Paulo em Perspectiva<\/strong>, S\u00e3o Paulo, v. 15, n. 2, p. 66-72, 2001. Dispon\u00edvel em: <a href=\"https:\/\/www.scielo.br\/pdf\/spp\/v15n2\/8579.pdf\">https:\/\/www.scielo.br\/pdf\/spp\/v15n2\/8579.pdf<\/a>. Acesso em: 04 mar. 2021.<\/p>\n<p>FERREIRA, Luzia Aparecida. <strong>Pol\u00edticas p\u00fablicas para a cultura na cidade de S\u00e3o Paulo<\/strong>: a Secretaria Municipal de Cultura \u2013 teoria e pr\u00e1tica. 2006. Tese (Doutorado em Ci\u00eancias da Comunica\u00e7\u00e3o) &#8211; Escola de Comunica\u00e7\u00f5es e Artes, Universidade de S\u00e3o Paulo, S\u00e3o Paulo, 2006. Dispon\u00edvel em: <a href=\"https:\/\/teses.usp.br\/teses\/disponiveis\/27\/27134\/tde-28112006-193714\/publico\/tese_lia_completa.pdf\">https:\/\/teses.usp.br\/teses\/disponiveis\/27\/27134\/tde-28112006-193714\/publico\/tese_lia_completa.pdf<\/a>. Acesso em: 04 mar. 2021.<\/p>\n<p>GOHN, Maria da Gl\u00f3ria. Cidadania e direitos culturais. <strong>Kat\u00e1lysis<\/strong>, Florian\u00f3polis, v. 8, n. 1, p. 15-23, jan.\/jun. 2005. Dispon\u00edvel em: <a href=\"https:\/\/periodicos.ufsc.br\/index.php\/katalysis\/article\/view\/6931\/6392\">https:\/\/periodicos.ufsc.br\/index.php\/katalysis\/article\/view\/6931\/6392<\/a>. Acesso em: 04 mar. 2021.<\/p>\n<p>LIMA, Luciana Piazzon Barbosa; ORTELLADO, Pablo; SOUZA, Valmir de. O que s\u00e3o as pol\u00edticas culturais? Uma revis\u00e3o cr\u00edtica das modalidades de atua\u00e7\u00e3o do Estado no campo da cultura. In: SEMIN\u00c1RIO INTERNACIONAL POL\u00cdTICAS CULTURAIS, 4, Rio de Janeiro, 2013. p. 1-17. Dispon\u00edvel em: <a href=\"https:\/\/paineira.usp.br\/celacc\/sites\/default\/files\/o-que-sao-as-politicas-culturais.pdf\">https:\/\/paineira.usp.br\/celacc\/sites\/default\/files\/o-que-sao-as-politicas-culturais.pdf<\/a>. Dispon\u00edvel em: 04 mar. 2021.<\/p>\n<p>MAKIUCHI, Maria de F\u00e1tima Rodrigues (org.). <strong>Pol\u00edticas culturais, desenvolvimento e constru\u00e7\u00e3o democr\u00e1tica<\/strong>. Bras\u00edlia: UnB, 2016. Dispon\u00edvel em: <a href=\"https:\/\/www.academia.edu\/29894309\/Pol%C3%ADticas_culturais_desenvolvimento_e_constru%C3%A7%C3%A3o_democr%C3%A1tica\">https:\/\/www.academia.edu\/29894309\/Pol%C3%ADticas_culturais_desenvolvimento_e_constru%C3%A7%C3%A3o_democr%C3%A1tica<\/a>. Acesso em: 04 mar. 2021.<\/p>\n<p>NUSSBAUMER, Gisele Marchiori (org.). <strong>Teorias e pol\u00edticas da cultura<\/strong>: vis\u00f5es multidisciplinares. Salvador: EDUFBA, 2007. Dispon\u00edvel em: <a href=\"https:\/\/repositorio.ufba.br\/ri\/bitstream\/ufba\/139\/4\/Teorias%20e%20politicas%20da%20cultura.pdf\">https:\/\/repositorio.ufba.br\/ri\/bitstream\/ufba\/139\/4\/Teorias%20e%20politicas%20da%20cultura.pdf<\/a>. Acesso em: 04 mar. 2021.<\/p>\n<p>PITOMBO, Mariella. Espa\u00e7os e atores da diversidade cultural. <em>In<\/em>: CALABRE, Lia (org.). <strong>Pol\u00edticas culturais<\/strong>: reflex\u00f5es e a\u00e7\u00f5es. S\u00e3o Paulo: Ita\u00fa Cultural; Rio de Janeiro: Funda\u00e7\u00e3o Casa de Rui Barbosa, 2009. p. 35-59. Dispon\u00edvel em: <a href=\"http:\/\/d3nv1jy4u7zmsc.cloudfront.net\/wp-content\/uploads\/itau_pdf\/001513.pdf\">http:\/\/d3nv1jy4u7zmsc.cloudfront.net\/wp-content\/uploads\/itau_pdf\/001513.pdf<\/a>. Acesso em 04 mar. 2021.<\/p>\n<p>POL\u00cdTICAS culturais para o desenvolvimento: uma base de dados para a cultura. Bras\u00edlia: UNESCO Brasil, 2003. Dispon\u00edvel em: <a href=\"https:\/\/unesdoc.unesco.org\/ark:\/48223\/pf0000131873\">https:\/\/unesdoc.unesco.org\/ark:\/48223\/pf0000131873<\/a>. Acesso em: 04 mar. 2021.<\/p>\n<p>RE|PENSAR as pol\u00edticas culturais: criatividade para o desenvolvimento 2018; relat\u00f3rio global da Conven\u00e7\u00e3o de 2005. Bras\u00edlia: UNESCO, 2018. Dispon\u00edvel em: <a href=\"https:\/\/unesdoc.unesco.org\/ark:\/48223\/pf0000266025\">https:\/\/unesdoc.unesco.org\/ark:\/48223\/pf0000266025<\/a>. Acesso em: 04 mar. 2021.<\/p>\n<p>REVISTA OBSERVAT\u00d3RIO ITA\u00da CULTURAL\/OIC. Direitos Culturais. S\u00e3o Paulo, SP: Ita\u00fa Cultural, n. 11, jan.\/abr. 2011. Dispon\u00edvel em: https:\/\/www.itaucultural.org.br\/revista-observatorio-ic-n-11-2. Acesso em: 04 mar. 2021.<\/p>\n<p>RUBIM, Antonio Albino Canelas (org.). <strong>Pol\u00edticas culturais no Brasil<\/strong>. Salvador: EDUFBA, 2007. Dispon\u00edvel em: <a href=\"https:\/\/repositorio.ufba.br\/ri\/bitstream\/ufba\/138\/4\/Politicas%20culturais%20no%20Brasil.pdf\">https:\/\/repositorio.ufba.br\/ri\/bitstream\/ufba\/138\/4\/Politicas%20culturais%20no%20Brasil.pdf<\/a>. Acesso em: 04 mar. 2021.<\/p>\n<p>RUBIM, Antonio Albino Canelas; BAYARDO, Rubens (org.). <strong>Pol\u00edticas culturais na Ibero-Am\u00e9rica<\/strong>. Salvador: EDUFBA, 2008. Dispon\u00edvel em: <a href=\"https:\/\/repositorio.ufba.br\/ri\/bitstream\/ufba\/157\/4\/Pol%c3%adticas%20culturais%20na%20Ibero%20-%20Am%c3%a9rica.pdf\">https:\/\/repositorio.ufba.br\/ri\/bitstream\/ufba\/157\/4\/Pol%c3%adticas%20culturais%20na%20Ibero%20-%20Am%c3%a9rica.pdf<\/a>. Acesso em: 04 mar. 2021.<\/p>\n<p>RUBIM, Antonio Albino Canelas; FERNANDES, Taiane; RUBIM, Iuri (org.). <strong>Pol\u00edticas culturais, democracia e conselhos de cultura<\/strong>. Salvador: EDUFBA, 2010. Dispon\u00edvel em: <a href=\"https:\/\/repositorio.ufba.br\/ri\/bitstream\/ri\/2802\/1\/colecao%20cult_8_RI.pdf\">https:\/\/repositorio.ufba.br\/ri\/bitstream\/ri\/2802\/1\/colecao%20cult_8_RI.pdf<\/a>. Acesso em: 04 mar. 2021.<\/p>\n<p>RUBIM, Antonio Albino Canelas; ROCHA, Renata (org.). <strong>Pol\u00edticas culturais<\/strong>. Salvador: EDUFBA, 2012. (Cole\u00e7\u00e3o Sala de Aula). Dispon\u00edvel em: <a href=\"https:\/\/www.academia.edu\/26921429\/Pol%C3%ADticas_Culturais\">https:\/\/www.academia.edu\/26921429\/Pol%C3%ADticas_Culturais<\/a>. Acesso em: 04 mar. 2021.<\/p>\n<p>S\u00c3O PAULO (Munic\u00edpio). Decreto n\u00ba 57.484, de 29 de novembro de 2016. Institui o Sistema Municipal de Cultura da Cidade de S\u00e3o Paulo e o Plano Municipal de Cultura de S\u00e3o Paulo, bem como o Sistema Municipal de Financiamento \u00e0 Cultura e o Sistema Municipal de Informa\u00e7\u00f5es e Indicadores Culturais. <a href=\"https:\/\/www.imprensaoficial.com.br\/DO\/BuscaDO2001Documento_11_4.aspx?link=\/2016\/diario%2520oficial%2520cidade%2520de%2520sao%2520paulo\/novembro\/30\/pag_0001_0PRG9373NJO7UeBV69CPBF79209.pdf&amp;pagina=1&amp;data=30\/11\/2016&amp;caderno=Di%C3%A1rio%20Oficial%20Cidade%20de%20S%C3%A3o%20Paulo&amp;paginaordenacao=100001\"><strong>Di\u00e1rio Oficial da Cidade<\/strong>: S\u00e3o Paulo, SP, ano 61, N. 223, p. 1, 30 nov. 2016<\/a>. Dispon\u00edvel em: http:\/\/legislacao.prefeitura.sp.gov.br\/leis\/decreto-57484-de-29-de-novembro-de-2016. Acesso em: 04 mar. 2021.<\/p>\n<p>VAL, Ana Paula do; LIMA, Luciana Piazzon Barbosa; OLIVEIRA, Maria Carolina de Vasconcelos e; PINTO, Viviane Cristina. Participa\u00e7\u00e3o, cidadania e diversidade cultural: a experi\u00eancia da III Confer\u00eancia Municipal de Cultura de S\u00e3o Paulo. <em>In<\/em>: CALABRE, Lia; LIMA, Deborah Rebello (org.). <strong>Pol\u00edticas culturais<\/strong>: conjunturas e territorialidades. Rio de Janeiro:<\/p>\n<p>Funda\u00e7\u00e3o Casa de Rui Barbosa; S\u00e3o Paulo: Ita\u00fa Cultural, 2017. p. 149-161. Dispon\u00edvel em: <a href=\"http:\/\/d3nv1jy4u7zmsc.cloudfront.net\/wp-content\/uploads\/2017\/05\/IC-POLCULTURAIS_vol3_ONLINE_AF-2.pdf\">http:\/\/d3nv1jy4u7zmsc.cloudfront.net\/wp-content\/uploads\/2017\/05\/IC-POLCULTURAIS_vol3_ONLINE_AF-2.pdf<\/a>. Acesso em: 04 mar. 2021.<\/p>\n","protected":false},"excerpt":{"rendered":"<p>Curso de extens\u00e3o Universit\u00e1ria (20h) &nbsp; Professora respons\u00e1vel: Corina Moreira Doutora (2019) e Mestre (2008) em Ci\u00eancias Sociais pela PUC Minas, onde tamb\u00e9m cursou a especializa\u00e7\u00e3o em Hist\u00f3ria do Brasil (1994). Graduada em Hist\u00f3ria pela UFMG (1992). Desde 2006 \u00e9 Cientista Social do Instituto do Patrim\u00f4nio Hist\u00f3rico e Art\u00edstico Nacional\/Iphan, atuando nas pol\u00edticas de salvaguarda [&hellip;]<\/p>\n","protected":false},"author":522,"featured_media":0,"parent":25320,"menu_order":149,"comment_status":"closed","ping_status":"closed","template":"","meta":{"_acf_changed":false,"footnotes":""},"class_list":["post-25346","page","type-page","status-publish","hentry"],"acf":[],"_links":{"self":[{"href":"https:\/\/homolog.saopaulo.sp.leg.br\/escoladoparlamento\/wp-json\/wp\/v2\/pages\/25346","targetHints":{"allow":["GET"]}}],"collection":[{"href":"https:\/\/homolog.saopaulo.sp.leg.br\/escoladoparlamento\/wp-json\/wp\/v2\/pages"}],"about":[{"href":"https:\/\/homolog.saopaulo.sp.leg.br\/escoladoparlamento\/wp-json\/wp\/v2\/types\/page"}],"author":[{"embeddable":true,"href":"https:\/\/homolog.saopaulo.sp.leg.br\/escoladoparlamento\/wp-json\/wp\/v2\/users\/522"}],"replies":[{"embeddable":true,"href":"https:\/\/homolog.saopaulo.sp.leg.br\/escoladoparlamento\/wp-json\/wp\/v2\/comments?post=25346"}],"version-history":[{"count":5,"href":"https:\/\/homolog.saopaulo.sp.leg.br\/escoladoparlamento\/wp-json\/wp\/v2\/pages\/25346\/revisions"}],"predecessor-version":[{"id":26016,"href":"https:\/\/homolog.saopaulo.sp.leg.br\/escoladoparlamento\/wp-json\/wp\/v2\/pages\/25346\/revisions\/26016"}],"up":[{"embeddable":true,"href":"https:\/\/homolog.saopaulo.sp.leg.br\/escoladoparlamento\/wp-json\/wp\/v2\/pages\/25320"}],"wp:attachment":[{"href":"https:\/\/homolog.saopaulo.sp.leg.br\/escoladoparlamento\/wp-json\/wp\/v2\/media?parent=25346"}],"curies":[{"name":"wp","href":"https:\/\/api.w.org\/{rel}","templated":true}]}}